{"id":8821,"date":"2022-10-02T17:51:51","date_gmt":"2022-10-02T15:51:51","guid":{"rendered":"https:\/\/irrecams.de\/?post_type=product&#038;p=8821"},"modified":"2026-02-01T00:36:11","modified_gmt":"2026-01-31T23:36:11","slug":"whitecard-pour-la-balance-des-blancs-ir","status":"publish","type":"product","link":"https:\/\/irrecams.de\/fr\/boutique\/whitecard-pour-la-balance-des-blancs-ir\/","title":{"rendered":"WhiteCard pour la balance des blancs IR"},"content":{"rendered":"<p>Une bonne balance des blancs est le premier pas vers une bonne photo infrarouge, non seulement pour les photos couleur-infrarouge, mais aussi pour les photos noir et blanc. Un objet de r\u00e9f\u00e9rence neutre vaut son pesant d'or pour pouvoir ajuster la balance des blancs avec pr\u00e9cision. Malheureusement, on n'a pas toujours la chance d'en trouver un sur la photo. Il n'est g\u00e9n\u00e9ralement pas pratique d'emporter une grande carte de gris ou un nuancier de r\u00e9f\u00e9rence co\u00fbteux.<\/p>\n<p>La WhiteCard au format d'une carte bancaire est facile \u00e0 emporter partout (plus d'excuses). Elle est petite et se glisse dans un portefeuille, un sac \u00e0 dos photo ou une poche de pantalon. Le trou int\u00e9gr\u00e9 permet d'attacher un porte-cl\u00e9s ou un cordon - ainsi, elle ne peut pas \u00eatre perdue.<\/p>\n<p>La petite carte en PVC est recouverte d'une couche mate et aide ainsi \u00e0 trouver une bonne balance des blancs dans chaque situation d'\u00e9clairage. La WhiteCard est r\u00e9sistante \u00e0 l'eau et lavable. Gr\u00e2ce \u00e0 la souplesse du PVC, elle est \u00e0 la fois tr\u00e8s flexible et pratiquement incassable.<\/p>","protected":false},"excerpt":{"rendered":"<p>Carte \u00e0 rev\u00eatement mat en PVC - une carte de balance des blancs souple et r\u00e9sistante \u00e0 l'eau au format carte bancaire<\/p>","protected":false},"featured_media":8825,"template":"","meta":[],"product_brand":[],"product_cat":[264,1234],"product_tag":[],"class_list":{"0":"post-8821","1":"product","2":"type-product","3":"status-publish","4":"has-post-thumbnail","6":"product_cat-infrarot-schraub-filter","7":"product_cat-zubehoer","8":"product_shipping_class-postkarten","10":"first","11":"instock","12":"taxable","13":"shipping-taxable","14":"purchasable","15":"product-type-simple"},"_links":{"self":[{"href":"https:\/\/irrecams.de\/fr\/wp-json\/wp\/v2\/product\/8821","targetHints":{"allow":["GET"]}}],"collection":[{"href":"https:\/\/irrecams.de\/fr\/wp-json\/wp\/v2\/product"}],"about":[{"href":"https:\/\/irrecams.de\/fr\/wp-json\/wp\/v2\/types\/product"}],"wp:featuredmedia":[{"embeddable":true,"href":"https:\/\/irrecams.de\/fr\/wp-json\/wp\/v2\/media\/8825"}],"wp:attachment":[{"href":"https:\/\/irrecams.de\/fr\/wp-json\/wp\/v2\/media?parent=8821"}],"wp:term":[{"taxonomy":"product_brand","embeddable":true,"href":"https:\/\/irrecams.de\/fr\/wp-json\/wp\/v2\/product_brand?post=8821"},{"taxonomy":"product_cat","embeddable":true,"href":"https:\/\/irrecams.de\/fr\/wp-json\/wp\/v2\/product_cat?post=8821"},{"taxonomy":"product_tag","embeddable":true,"href":"https:\/\/irrecams.de\/fr\/wp-json\/wp\/v2\/product_tag?post=8821"}],"curies":[{"name":"wp","href":"https:\/\/api.w.org\/{rel}","templated":true}]}}