{"id":100,"date":"2015-01-07T18:04:53","date_gmt":"2015-01-07T17:04:53","guid":{"rendered":"http:\/\/wp10590344.server-he.de\/irrecams2\/?page_id=100"},"modified":"2025-03-02T00:02:53","modified_gmt":"2025-03-01T23:02:53","slug":"politica-di-cancellazione","status":"publish","type":"page","link":"https:\/\/irrecams.de\/it\/politica-di-cancellazione\/","title":{"rendered":"Politica di cancellazione"},"content":{"rendered":"<p>\u00c8 possibile scaricare la politica di cancellazione <a href=\"https:\/\/irrecams.de\/wp-content\/uploads\/2024\/07\/Widerrufsbelehrung_EN_2.pdf\" target=\"_blank\" data-type=\"attachment\" data-id=\"12251\" rel=\"noreferrer noopener\">scarica qui in formato PDF<\/a>.<\/p>\n\n\n\n<h3 class=\"wp-block-heading\">I. Politica di cancellazione delle merci<\/h3>\n\n\n\n<p>I consumatori hanno un diritto di cancellazione di quattordici giorni.<\/p>\n\n\n\n<p><strong>Diritto di cancellazione<\/strong><br>Il cliente ha il diritto di recedere dal contratto entro quattordici giorni senza fornire alcuna motivazione. Il termine di recesso \u00e8 di quattordici giorni dal giorno in cui voi o un terzo da voi nominato, che non sia il vettore, avete preso possesso della merce.<\/p>\n\n\n\n<p>Per esercitare il diritto di recesso, \u00e8 necessario informare Sven Lamprecht (Sven Lamprecht, Moorberg 8c, 18573 Dreschvitz, Deutschland, info@IRreCams.de, Telefono: (+49) 038306 639 817, Cellulare: (+49) 0151 5 48 48 914) della propria decisione di recedere dal presente contratto tramite una dichiarazione chiara (ad esempio una lettera inviata per posta o un'e-mail). \u00c8 possibile utilizzare il modulo di recesso allegato, ma non \u00e8 obbligatorio.<\/p>\n\n\n\n<p>Per rispettare il termine di cancellazione, \u00e8 sufficiente che il cliente invii la notifica di esercizio del diritto di cancellazione prima della scadenza del periodo di cancellazione.<\/p>\n\n\n\n<p><strong>Conseguenze della cancellazione<\/strong><\/p>\n\n\n\n<p>Se Lei recede dal presente contratto, Le rimborseremo tutti i pagamenti da Lei ricevuti, compresi i costi di consegna (ad eccezione dei costi supplementari derivanti dalla Sua scelta di un tipo di consegna diverso dal tipo meno costoso di consegna standard da noi offerto), senza indebito ritardo e in ogni caso non oltre 14 giorni dal giorno in cui siamo informati della Sua decisione di recedere dal presente contratto. Per questo rimborso, utilizzeremo lo stesso mezzo di pagamento che avete utilizzato per la transazione originale, a meno che non sia stato espressamente concordato diversamente con voi; in nessun caso vi sar\u00e0 addebitato alcun costo per questo rimborso. Potremo trattenere il rimborso finch\u00e9 non avremo ricevuto la merce o finch\u00e9 il cliente non avr\u00e0 fornito la prova di averla restituita, a seconda di quale delle due condizioni si verifichi per prima.<\/p>\n\n\n\n<p>Dovete restituirci o consegnarci la merce immediatamente e comunque entro e non oltre quattordici giorni dal giorno in cui ci avete informato della cancellazione del presente contratto. Il termine \u00e8 rispettato se la merce viene spedita prima della scadenza del periodo di quattordici giorni. Le spese di restituzione della merce sono a nostro carico. Il cliente \u00e8 tenuto a pagare l'eventuale perdita di valore della merce solo se tale perdita di valore \u00e8 dovuta a una manipolazione della merce non necessaria per verificarne lo stato, le propriet\u00e0 e la funzionalit\u00e0.<\/p>\n\n\n\n<figure class=\"wp-block-table\"><table><tbody><tr><td><strong>Esempio di modulo di cancellazione<\/strong><br><br><em>(Se si desidera annullare il contratto, si prega di compilare e restituire il presente modulo).<\/em><br><br> - A Sven Lamprecht, Moorberg 8c, 18573 Dreschvitz, Germania, info@IRreCams.de<br><br> - Con la presente io\/noi (*) revochiamo il contratto stipulato da me\/noi (*) per l'acquisto dei seguenti beni (*)\/la fornitura del seguente servizio (*)<br><br> - Ordinato il (*)\/ricevuto il (*)<br><br> - Nome del\/i consumatore\/i<br><br> - Indirizzo del\/i consumatore\/i<br><br><br> - Firma del\/i consumatore\/i (solo per la notifica su carta)<br><br> - data<br><br><em>(*) Cancellare la dicitura appropriata.<\/em><\/td><\/tr><\/tbody><\/table><\/figure>\n\n\n\n<p>Fatti salvi i vostri diritti legali, vi forniremo etichette di restituzione gratuite per i vostri resi. L'etichetta di reso vi sar\u00e0 inviata per e-mail. Potete consegnare la spedizione di ritorno presso un negozio di pacchi del rispettivo fornitore nel vostro paese.<\/p>\n\n\n\n<h3 class=\"wp-block-heading\">II. Politica di cancellazione dei servizi<\/h3>\n\n\n\n<p><strong>Diritto di cancellazione<\/strong><br>Il cliente ha il diritto di annullare il presente contratto entro quattordici giorni senza fornire alcuna motivazione. Il periodo di cancellazione \u00e8 di quattordici giorni dalla data di conclusione del contratto.<\/p>\n\n\n\n<p>Per esercitare il diritto di recesso, \u00e8 necessario informare Sven Lamprecht (Sven Lamprecht, Moorberg 8c, 18573 Dreschvitz, Deutschland, info@IRreCams.de, Telefono: (+49) 038306 639 817, Cellulare: (+49) 0151 5 48 48 914) della propria decisione di recedere dal presente contratto mediante una dichiarazione chiara (ad esempio, una lettera inviata per posta, fax o e-mail). \u00c8 possibile utilizzare il modulo di recesso allegato, ma non \u00e8 obbligatorio.<\/p>\n\n\n\n<p>Per rispettare il termine di cancellazione, \u00e8 sufficiente che il cliente invii la notifica di esercizio del diritto di cancellazione prima della scadenza del periodo di cancellazione.<\/p>\n\n\n\n<p><strong>Conseguenze della cancellazione<\/strong><\/p>\n\n\n\n<p>Se Lei recede dal presente contratto, Le rimborseremo tutti i pagamenti da Lei ricevuti, compresi i costi di consegna (ad eccezione dei costi supplementari derivanti dalla Sua scelta di un tipo di consegna diverso dal tipo meno costoso di consegna standard da noi offerto), senza indebito ritardo e in ogni caso non oltre 14 giorni dal giorno in cui siamo informati della Sua decisione di recedere dal presente contratto. Per il rimborso utilizzeremo lo stesso mezzo di pagamento utilizzato per la transazione originaria, a meno che non sia stato espressamente concordato diversamente con voi; in nessun caso vi saranno addebitate spese per il rimborso.<\/p>\n\n\n\n<p>Se avete richiesto l'inizio dei servizi durante il periodo di cancellazione, dovrete corrisponderci un importo ragionevole corrispondente alla proporzione dei servizi gi\u00e0 forniti fino al momento in cui ci informate dell'esercizio del diritto di cancellazione in relazione al presente contratto rispetto alla portata totale dei servizi previsti dal contratto.<\/p>\n\n\n\n<figure class=\"wp-block-table\"><table><tbody><tr><td><strong>Esempio di modulo di cancellazione<\/strong><br><br><em>(Se si desidera annullare il contratto, si prega di compilare e restituire il presente modulo).<\/em><br><br> - A Sven Lamprecht, Moorberg 8c, 18573 Dreschvitz, Germania, info@IRreCams.de<br><br> - Con la presente io\/noi (*) revochiamo il contratto stipulato da me\/noi (*) per l'acquisto dei seguenti beni (*)\/la fornitura del seguente servizio (*)<br><br> - Ordinato il (*)\/ricevuto il (*)<br><br> - Nome del\/i consumatore\/i<br><br> - Indirizzo del\/i consumatore\/i<br><br><br> - Firma del\/i consumatore\/i (solo per la notifica su carta)<br><br> - data<br><br><em>(*) Cancellare la dicitura appropriata.<\/em><\/td><\/tr><\/tbody><\/table><\/figure>","protected":false},"excerpt":{"rendered":"<p>Sie k\u00f6nnen die Widerrufsbelehrung hier als PDF herunterladen. I. Widerrufsbelehrung Waren Verbraucher haben ein vierzehnt\u00e4giges Widerrufsrecht. WiderrufsrechtSie haben das Recht, binnen vierzehn Tagen ohne Angabe von Gr\u00fcnden diesen Vertrag zu widerrufen. Die Widerrufsfrist betr\u00e4gt vierzehn Tage ab dem Tag , an dem Sie oder ein von Ihnen benannter Dritter, der nicht der Bef\u00f6rderer ist, die [&hellip;]<\/p>\n","protected":false},"author":1,"featured_media":0,"parent":0,"menu_order":93,"comment_status":"closed","ping_status":"closed","template":"","meta":{"footnotes":""},"class_list":["post-100","page","type-page","status-publish","hentry"],"_links":{"self":[{"href":"https:\/\/irrecams.de\/it\/wp-json\/wp\/v2\/pages\/100","targetHints":{"allow":["GET"]}}],"collection":[{"href":"https:\/\/irrecams.de\/it\/wp-json\/wp\/v2\/pages"}],"about":[{"href":"https:\/\/irrecams.de\/it\/wp-json\/wp\/v2\/types\/page"}],"author":[{"embeddable":true,"href":"https:\/\/irrecams.de\/it\/wp-json\/wp\/v2\/users\/1"}],"replies":[{"embeddable":true,"href":"https:\/\/irrecams.de\/it\/wp-json\/wp\/v2\/comments?post=100"}],"version-history":[{"count":8,"href":"https:\/\/irrecams.de\/it\/wp-json\/wp\/v2\/pages\/100\/revisions"}],"predecessor-version":[{"id":12254,"href":"https:\/\/irrecams.de\/it\/wp-json\/wp\/v2\/pages\/100\/revisions\/12254"}],"wp:attachment":[{"href":"https:\/\/irrecams.de\/it\/wp-json\/wp\/v2\/media?parent=100"}],"curies":[{"name":"wp","href":"https:\/\/api.w.org\/{rel}","templated":true}]}}