{"id":14276,"date":"2025-03-02T13:32:16","date_gmt":"2025-03-02T12:32:16","guid":{"rendered":"https:\/\/irrecams.de\/?page_id=14276"},"modified":"2025-09-03T15:11:41","modified_gmt":"2025-09-03T13:11:41","slug":"quali-filtri-sono-adatti-per-una-conversione-h-alpha-astro","status":"publish","type":"page","link":"https:\/\/irrecams.de\/it\/quali-filtri-sono-adatti-per-una-conversione-h-alpha-astro\/","title":{"rendered":"Quali filtri sono adatti per una conversione astro H-alfa?"},"content":{"rendered":"<details class=\"wp-block-details has-background has-medium-font-size is-layout-flow wp-block-details-is-layout-flow\" style=\"background-color:#dfdfdf\" open><summary>Indice dei contenuti<\/summary>\n<blockquote class=\"wp-block-quote is-layout-flow wp-block-quote-is-layout-flow\">\n<ul class=\"wp-block-list\">\n<li><a href=\"https:\/\/irrecams.de\/it\/blog\/2021\/fotografare-le-stelle-con-una-fotocamera-astromodificata\/\" data-type=\"post\" data-id=\"7019\">Vantaggi della conversione Astro<\/a><\/li>\n\n\n\n<li><strong>Quale astrofiltro<\/strong><\/li>\n\n\n\n<li><a href=\"https:\/\/irrecams.de\/it\/come-si-puo-utilizzare-una-fotocamera-astro-per-la-normale-fotografia-diurna\/\" data-type=\"page\" data-id=\"14282\">Astrocamera di giorno<\/a><\/li>\n\n\n\n<li><a href=\"https:\/\/irrecams.de\/it\/filtri-aggiuntivi-per-lastrofotografia\/\" data-type=\"page\" data-id=\"14298\">Filtri aggiuntivi<\/a><\/li>\n<\/ul>\n<\/blockquote>\n<\/details>\n\n\n\n<p>Per l'astrofotografia, una fotocamera IR pura con un filtro infrarosso da 630 nm, ad esempio, non \u00e8 la scelta migliore. Naturalmente, dopo la conversione, le fotocamere sono abbastanza sensibili da catturare le stelle di notte e vedono anche le regioni H-alfa dello spettro. Tuttavia, come descritto all'inizio, l'astrofotografia \u00e8 tipicamente interessata a ritrarre le condizioni naturali. Se avete voglia di andare a caccia di stelle con una fotocamera a infrarossi, non vogliamo fermarvi a questo punto.<\/p>\n\n\n\n<figure class=\"wp-block-image size-large\"><a href=\"https:\/\/irrecams.de\/wp-content\/uploads\/2024\/03\/T3IR2850-T3IR2879.jpg\"><img loading=\"lazy\" decoding=\"async\" width=\"1024\" height=\"1024\" src=\"https:\/\/irrecams.de\/wp-content\/uploads\/2024\/03\/T3IR2850-T3IR2879-1024x1024.jpg\" alt=\"Via Lattea a infrarossi (630 nm)\" class=\"wp-image-11605\" srcset=\"https:\/\/irrecams.de\/wp-content\/uploads\/2024\/03\/T3IR2850-T3IR2879-1024x1024.jpg 1024w, https:\/\/irrecams.de\/wp-content\/uploads\/2024\/03\/T3IR2850-T3IR2879-300x300.jpg 300w, https:\/\/irrecams.de\/wp-content\/uploads\/2024\/03\/T3IR2850-T3IR2879-150x150.jpg 150w, https:\/\/irrecams.de\/wp-content\/uploads\/2024\/03\/T3IR2850-T3IR2879-768x768.jpg 768w, https:\/\/irrecams.de\/wp-content\/uploads\/2024\/03\/T3IR2850-T3IR2879-1536x1536.jpg 1536w, https:\/\/irrecams.de\/wp-content\/uploads\/2024\/03\/T3IR2850-T3IR2879-12x12.jpg 12w, https:\/\/irrecams.de\/wp-content\/uploads\/2024\/03\/T3IR2850-T3IR2879-450x450.jpg 450w, https:\/\/irrecams.de\/wp-content\/uploads\/2024\/03\/T3IR2850-T3IR2879-600x600.jpg 600w, https:\/\/irrecams.de\/wp-content\/uploads\/2024\/03\/T3IR2850-T3IR2879-100x100.jpg 100w, https:\/\/irrecams.de\/wp-content\/uploads\/2024\/03\/T3IR2850-T3IR2879.jpg 1920w\" sizes=\"auto, (max-width: 1024px) 100vw, 1024px\" \/><\/a><figcaption class=\"wp-element-caption\">Via Lattea a infrarossi (630 nm)<\/figcaption><\/figure>\n\n\n\n<p><\/p>\n\n\n\n<p>Per l'astrofotografia \u00e8 possibile scegliere tra un filtro a spettro completo e un cosiddetto filtro astro. Entrambi i filtri presentano vantaggi e svantaggi, ma prima di entrare nel dettaglio, ecco una breve panoramica:<\/p>\n\n\n\n<figure class=\"wp-block-table is-style-stripes\"><table class=\"has-fixed-layout\"><thead><tr><th><\/th><th class=\"has-text-align-center\" data-align=\"center\">Spettro completo<\/th><th class=\"has-text-align-center\" data-align=\"center\">Astrofiltro<\/th><\/tr><\/thead><tbody><tr><td>Correzione del colore<\/td><td class=\"has-text-align-center\" data-align=\"center\">Parzialmente complesso<\/td><td class=\"has-text-align-center\" data-align=\"center\">Il bilanciamento del bianco \u00e8 sufficiente<\/td><\/tr><tr><td>Fotografia di giorno<\/td><td class=\"has-text-align-center\" data-align=\"center\">Deviazioni di colore estreme<\/td><td class=\"has-text-align-center\" data-align=\"center\">Piccole deviazioni di colore<\/td><\/tr><tr><td>Filtri aggiuntivi per l'astrofotografia<\/td><td class=\"has-text-align-center\" data-align=\"center\">Si consiglia di utilizzare filtri di luminanza o UHC<\/td><td class=\"has-text-align-center\" data-align=\"center\">Non \u00e8 necessario, ma i filtri contro l'inquinamento luminoso sono utili.<\/td><\/tr><tr><td>Immagini multispettrali (ad es. Venere in UV)<\/td><td class=\"has-text-align-center\" data-align=\"center\">possibile per il deep-sky<\/td><td class=\"has-text-align-center\" data-align=\"center\">non possibile<\/td><\/tr><tr><td>Aloni intorno a stelle luminose<\/td><td class=\"has-text-align-center\" data-align=\"center\">Si verifica con immagini deep-sky<\/td><td class=\"has-text-align-center\" data-align=\"center\">Nessun alone grazie all'efficace rivestimento del vetro<\/td><\/tr><tr><td>Consigliato per<\/td><td class=\"has-text-align-center\" data-align=\"center\">Applicazione deep-sky se sono gi\u00e0 disponibili filtri aggiuntivi<\/td><td class=\"has-text-align-center\" data-align=\"center\">Paesaggi notturni e cielo profondo senza filtri aggiuntivi<\/td><\/tr><tr><td>Non consigliato per<\/td><td class=\"has-text-align-center\" data-align=\"center\">Paesaggi notturni<\/td><td class=\"has-text-align-center\" data-align=\"center\">Immagini multispettrali e scientifiche nell'intervallo IR o UV<\/td><\/tr><\/tbody><\/table><\/figure>\n\n\n\n<figure class=\"wp-block-image size-large\"><a href=\"https:\/\/irrecams.de\/wp-content\/uploads\/2021\/04\/astro_transmission_de.png\"><img loading=\"lazy\" decoding=\"async\" width=\"1024\" height=\"580\" src=\"https:\/\/irrecams.de\/wp-content\/uploads\/2021\/04\/astro_transmission_de-1024x580.png\" alt=\"Curva di trasmissione di un filtro astro - l&#039;H-alfa pu\u00f2 passare senza ostacoli\" class=\"wp-image-6829\" srcset=\"https:\/\/irrecams.de\/wp-content\/uploads\/2021\/04\/astro_transmission_de-1024x580.png 1024w, https:\/\/irrecams.de\/wp-content\/uploads\/2021\/04\/astro_transmission_de-600x340.png 600w, https:\/\/irrecams.de\/wp-content\/uploads\/2021\/04\/astro_transmission_de-300x170.png 300w, https:\/\/irrecams.de\/wp-content\/uploads\/2021\/04\/astro_transmission_de-768x435.png 768w, https:\/\/irrecams.de\/wp-content\/uploads\/2021\/04\/astro_transmission_de-1536x870.png 1536w, https:\/\/irrecams.de\/wp-content\/uploads\/2021\/04\/astro_transmission_de-16x9.png 16w, https:\/\/irrecams.de\/wp-content\/uploads\/2021\/04\/astro_transmission_de-350x198.png 350w, https:\/\/irrecams.de\/wp-content\/uploads\/2021\/04\/astro_transmission_de.png 2000w\" sizes=\"auto, (max-width: 1024px) 100vw, 1024px\" \/><\/a><figcaption class=\"wp-element-caption\">Curva di trasmissione di un filtro astro - l'H-alfa pu\u00f2 passare senza ostacoli<\/figcaption><\/figure>\n\n\n\n<p><\/p>\n\n\n\n<h2 class=\"wp-block-heading\">Conversione dello spettro completo per l'astrofotografia<\/h2>\n\n\n\n<p>A <a class=\"rank-math-link\" href=\"https:\/\/irrecams.de\/it\/la-tecnologia-di-conversione-a-infrarossi-spiegata\/\">Conversione a spettro completo<\/a> con filtro passa-lungo da 280 nm apre la telecamera all'intero spettro dall'UV all'IR, includendo quindi la gamma H-alfa. Una telecamera di questo tipo pu\u00f2 essere utilizzata senza filtri aggiuntivi con un effettivo guadagno in termini di sensibilit\u00e0. D'altra parte, \u00e8 molto flessibile e pu\u00f2 utilizzare filtri a vite sull'obiettivo o sul telescopio per restringere lo spettro. Sono possibili immagini multispettrali con filtri passa-banda stretti e analisi pi\u00f9 scientifiche: con una fotocamera di questo tipo si ha davvero la massima libert\u00e0.<\/p>\n\n\n\n<p>Tuttavia, i colori prodotti da una fotocamera a spettro completo sono chiaramente \"spenti\" a causa della miscela di varie lunghezze d'onda e richiedono un'ampia post-elaborazione se non si utilizzano filtri aggiuntivi. Con lunghezze focali e telescopi lunghi, questo problema pu\u00f2 essere corretto con relativa facilit\u00e0 utilizzando il bilanciamento del bianco. Oltre ai colori sfalsati, si evidenziano anche altri punti deboli dell'obiettivo. La luce UV e IR, che colpisce il sensore in determinate proporzioni, viene diffratta in misura diversa. In linea di principio, \u00e8 prevedibile un aumento delle aberrazioni cromatiche e delle frange di colore, motivo per cui la fotografia \"nuda\" senza filtri aggiuntivi \u00e8 problematica.<\/p>\n\n\n\n<figure class=\"wp-block-gallery has-nested-images columns-2 is-cropped wp-block-gallery-1 is-layout-flex wp-block-gallery-is-layout-flex\">\n<figure class=\"wp-block-image size-large\"><a href=\"https:\/\/irrecams.de\/wp-content\/uploads\/2025\/03\/XT4A8882_stack.jpg\"><img loading=\"lazy\" decoding=\"async\" width=\"683\" height=\"1024\" data-id=\"14306\" src=\"https:\/\/irrecams.de\/wp-content\/uploads\/2025\/03\/XT4A8882_stack-683x1024.jpg\" alt=\"Paesaggio notturno con fotocamera non modificata\" class=\"wp-image-14306\" srcset=\"https:\/\/irrecams.de\/wp-content\/uploads\/2025\/03\/XT4A8882_stack-683x1024.jpg 683w, https:\/\/irrecams.de\/wp-content\/uploads\/2025\/03\/XT4A8882_stack-200x300.jpg 200w, https:\/\/irrecams.de\/wp-content\/uploads\/2025\/03\/XT4A8882_stack-768x1152.jpg 768w, https:\/\/irrecams.de\/wp-content\/uploads\/2025\/03\/XT4A8882_stack-1024x1536.jpg 1024w, https:\/\/irrecams.de\/wp-content\/uploads\/2025\/03\/XT4A8882_stack-8x12.jpg 8w, https:\/\/irrecams.de\/wp-content\/uploads\/2025\/03\/XT4A8882_stack-600x900.jpg 600w, https:\/\/irrecams.de\/wp-content\/uploads\/2025\/03\/XT4A8882_stack.jpg 1280w\" sizes=\"auto, (max-width: 683px) 100vw, 683px\" \/><\/a><figcaption class=\"wp-element-caption\">Paesaggio notturno con fotocamera non modificata<\/figcaption><\/figure>\n\n\n\n<figure class=\"wp-block-image size-large\"><a href=\"https:\/\/irrecams.de\/wp-content\/uploads\/2025\/03\/IRH28996_stack.jpg\"><img loading=\"lazy\" decoding=\"async\" width=\"683\" height=\"1024\" data-id=\"14303\" src=\"https:\/\/irrecams.de\/wp-content\/uploads\/2025\/03\/IRH28996_stack-683x1024.jpg\" alt=\"Paesaggio notturno con astrocamera a spettro completo\" class=\"wp-image-14303\" srcset=\"https:\/\/irrecams.de\/wp-content\/uploads\/2025\/03\/IRH28996_stack-683x1024.jpg 683w, https:\/\/irrecams.de\/wp-content\/uploads\/2025\/03\/IRH28996_stack-200x300.jpg 200w, https:\/\/irrecams.de\/wp-content\/uploads\/2025\/03\/IRH28996_stack-768x1152.jpg 768w, https:\/\/irrecams.de\/wp-content\/uploads\/2025\/03\/IRH28996_stack-1024x1536.jpg 1024w, https:\/\/irrecams.de\/wp-content\/uploads\/2025\/03\/IRH28996_stack-8x12.jpg 8w, https:\/\/irrecams.de\/wp-content\/uploads\/2025\/03\/IRH28996_stack-600x900.jpg 600w, https:\/\/irrecams.de\/wp-content\/uploads\/2025\/03\/IRH28996_stack.jpg 1280w\" sizes=\"auto, (max-width: 683px) 100vw, 683px\" \/><\/a><figcaption class=\"wp-element-caption\">Paesaggio notturno con astrocamera a spettro completo<\/figcaption><\/figure>\n\n\n\n<figure class=\"wp-block-image size-large\"><a href=\"https:\/\/irrecams.de\/wp-content\/uploads\/2022\/02\/Orion_VS.jpg\"><img loading=\"lazy\" decoding=\"async\" width=\"1024\" height=\"508\" data-id=\"7766\" src=\"https:\/\/irrecams.de\/wp-content\/uploads\/2022\/02\/Orion_VS-1024x508.jpg\" alt=\"A sinistra: Telecamera normale | Destra: Telecamera a spettro completo\" class=\"wp-image-7766\" srcset=\"https:\/\/irrecams.de\/wp-content\/uploads\/2022\/02\/Orion_VS-1024x508.jpg 1024w, https:\/\/irrecams.de\/wp-content\/uploads\/2022\/02\/Orion_VS-600x298.jpg 600w, https:\/\/irrecams.de\/wp-content\/uploads\/2022\/02\/Orion_VS-300x149.jpg 300w, https:\/\/irrecams.de\/wp-content\/uploads\/2022\/02\/Orion_VS-768x381.jpg 768w, https:\/\/irrecams.de\/wp-content\/uploads\/2022\/02\/Orion_VS-1536x762.jpg 1536w, https:\/\/irrecams.de\/wp-content\/uploads\/2022\/02\/Orion_VS-18x9.jpg 18w, https:\/\/irrecams.de\/wp-content\/uploads\/2022\/02\/Orion_VS-350x174.jpg 350w, https:\/\/irrecams.de\/wp-content\/uploads\/2022\/02\/Orion_VS.jpg 1920w\" sizes=\"auto, (max-width: 1024px) 100vw, 1024px\" \/><\/a><figcaption class=\"wp-element-caption\">A sinistra: Telecamera normale | Destra: Telecamera a spettro completo<\/figcaption><\/figure>\n<\/figure>\n\n\n\n<p>Tuttavia, non appena si scattano fotografie con obiettivi grandangolari, sorgono ulteriori problemi, soprattutto a causa dell'onnipresente inquinamento luminoso. Con una fotocamera a pieno spettro, questo assume un colore verdastro invece della solita tonalit\u00e0 giallo-arancio. Inoltre, a seconda dell'inquinamento luminoso nelle immediate vicinanze, si pu\u00f2 verificare una chiara colorazione viola della vegetazione.<\/p>\n\n\n\n<p>Non possiamo consigliare una conversione a tutto spettro per i paesaggi notturni con obiettivi grandangolari, perch\u00e9 le componenti infrarosse dell'inquinamento luminoso influiscono negativamente sull'immagine. Tuttavia, l'utilizzo su un telescopio pu\u00f2 essere utile, soprattutto con filtri aggiuntivi.<\/p>\n\n\n\n<p><\/p>\n\n\n\n<h2 class=\"wp-block-heading\">Costruzione di una fotocamera con un \"vero\" filtro astro <\/h2>\n\n\n\n<p>Un \"vero\" filtro astro, chiamato in particolare filtro di luminanza (spesso chiamato anche filtro H-alfa), \u00e8 un filtro di blocco UV\/IR che lascia passare solo la gamma spettrale visibile, proprio come il filtro di blocco originale. Tuttavia, il filtro astro \u00e8 aperto un po' pi\u00f9 a lungo nella gamma del vicino infrarosso, consentendo alla gamma spettrale H-alfa di raggiungere il sensore senza ostacoli. La qualit\u00e0 \u00e8 naturalmente la priorit\u00e0 assoluta anche in questo caso: utilizziamo il filtro <a href=\"https:\/\/optolong.com\/index.php\/cms\/document\/detail\/id\/146.html\" target=\"_blank\" rel=\"noreferrer noopener\">Astrofiltri di Optolong<\/a> per le nostre astromodifiche.<\/p>\n\n\n\n<p>Un filtro astro \"corretto\" non presenta praticamente alcun problema di aberrazioni cromatiche, poich\u00e9 nel percorso della luce non entrano aree UV o infrarosse. Inoltre, non vi \u00e8 alcuna colorazione atipica del cielo o della vegetazione dovuta all'inquinamento luminoso; il paesaggio nell'immagine appare naturale ed equilibrato. Naturalmente, c'\u00e8 uno spostamento del colore verso il rosso, ma pu\u00f2 essere corretto rapidamente e facilmente con un semplice bilanciamento del bianco, anche con gli obiettivi grandangolari. <\/p>\n\n\n\n<figure class=\"wp-block-gallery has-nested-images columns-2 is-cropped wp-block-gallery-2 is-layout-flex wp-block-gallery-is-layout-flex\">\n<figure class=\"wp-block-image size-large\"><a href=\"https:\/\/irrecams.de\/wp-content\/uploads\/2025\/03\/XT4A8882_stack.jpg\"><img loading=\"lazy\" decoding=\"async\" width=\"683\" height=\"1024\" data-id=\"14306\" src=\"https:\/\/irrecams.de\/wp-content\/uploads\/2025\/03\/XT4A8882_stack-683x1024.jpg\" alt=\"Paesaggio notturno con fotocamera non modificata\" class=\"wp-image-14306\" srcset=\"https:\/\/irrecams.de\/wp-content\/uploads\/2025\/03\/XT4A8882_stack-683x1024.jpg 683w, https:\/\/irrecams.de\/wp-content\/uploads\/2025\/03\/XT4A8882_stack-200x300.jpg 200w, https:\/\/irrecams.de\/wp-content\/uploads\/2025\/03\/XT4A8882_stack-768x1152.jpg 768w, https:\/\/irrecams.de\/wp-content\/uploads\/2025\/03\/XT4A8882_stack-1024x1536.jpg 1024w, https:\/\/irrecams.de\/wp-content\/uploads\/2025\/03\/XT4A8882_stack-8x12.jpg 8w, https:\/\/irrecams.de\/wp-content\/uploads\/2025\/03\/XT4A8882_stack-600x900.jpg 600w, https:\/\/irrecams.de\/wp-content\/uploads\/2025\/03\/XT4A8882_stack.jpg 1280w\" sizes=\"auto, (max-width: 683px) 100vw, 683px\" \/><\/a><figcaption class=\"wp-element-caption\">Paesaggio notturno con fotocamera non modificata<\/figcaption><\/figure>\n\n\n\n<figure class=\"wp-block-image size-large\"><a href=\"https:\/\/irrecams.de\/wp-content\/uploads\/2025\/03\/XT4A8875_stack.jpg\"><img loading=\"lazy\" decoding=\"async\" width=\"683\" height=\"1024\" data-id=\"14305\" src=\"https:\/\/irrecams.de\/wp-content\/uploads\/2025\/03\/XT4A8875_stack-683x1024.jpg\" alt=\"Paesaggio notturno con fotocamera astromodificata\" class=\"wp-image-14305\" srcset=\"https:\/\/irrecams.de\/wp-content\/uploads\/2025\/03\/XT4A8875_stack-683x1024.jpg 683w, https:\/\/irrecams.de\/wp-content\/uploads\/2025\/03\/XT4A8875_stack-200x300.jpg 200w, https:\/\/irrecams.de\/wp-content\/uploads\/2025\/03\/XT4A8875_stack-768x1152.jpg 768w, https:\/\/irrecams.de\/wp-content\/uploads\/2025\/03\/XT4A8875_stack-1024x1536.jpg 1024w, https:\/\/irrecams.de\/wp-content\/uploads\/2025\/03\/XT4A8875_stack-8x12.jpg 8w, https:\/\/irrecams.de\/wp-content\/uploads\/2025\/03\/XT4A8875_stack-600x900.jpg 600w, https:\/\/irrecams.de\/wp-content\/uploads\/2025\/03\/XT4A8875_stack.jpg 1280w\" sizes=\"auto, (max-width: 683px) 100vw, 683px\" \/><\/a><figcaption class=\"wp-element-caption\">Paesaggio notturno con fotocamera astromodificata<\/figcaption><\/figure>\n\n\n\n<figure class=\"wp-block-image size-large\"><a href=\"https:\/\/irrecams.de\/wp-content\/uploads\/2022\/02\/Orion_Astro.jpg\"><img loading=\"lazy\" decoding=\"async\" width=\"1024\" height=\"508\" data-id=\"7765\" src=\"https:\/\/irrecams.de\/wp-content\/uploads\/2022\/02\/Orion_Astro-1024x508.jpg\" alt=\"A sinistra: Fotocamera normale | Destra: Fotocamera convertita con filtro astro\" class=\"wp-image-7765\" srcset=\"https:\/\/irrecams.de\/wp-content\/uploads\/2022\/02\/Orion_Astro-1024x508.jpg 1024w, https:\/\/irrecams.de\/wp-content\/uploads\/2022\/02\/Orion_Astro-600x298.jpg 600w, https:\/\/irrecams.de\/wp-content\/uploads\/2022\/02\/Orion_Astro-300x149.jpg 300w, https:\/\/irrecams.de\/wp-content\/uploads\/2022\/02\/Orion_Astro-768x381.jpg 768w, https:\/\/irrecams.de\/wp-content\/uploads\/2022\/02\/Orion_Astro-1536x762.jpg 1536w, https:\/\/irrecams.de\/wp-content\/uploads\/2022\/02\/Orion_Astro-18x9.jpg 18w, https:\/\/irrecams.de\/wp-content\/uploads\/2022\/02\/Orion_Astro-350x174.jpg 350w, https:\/\/irrecams.de\/wp-content\/uploads\/2022\/02\/Orion_Astro.jpg 1920w\" sizes=\"auto, (max-width: 1024px) 100vw, 1024px\" \/><\/a><figcaption class=\"wp-element-caption\">A sinistra: Fotocamera normale | Destra: Fotocamera convertita con filtro astro<\/figcaption><\/figure>\n<\/figure>\n\n\n\n<p>Nel complesso, il filtro astro ha praticamente eliminato tutti gli svantaggi di una conversione a spettro completo (anche se non si pu\u00f2 osservare un aumento della sensibilit\u00e0 di base). Tuttavia, rimane un importante svantaggio: questi filtri sono relativamente costosi e comportano un costo aggiuntivo significativo rispetto a una fotocamera a spettro completo. Se si prevede di acquistare comunque filtri aggiuntivi (passabanda), una conversione a spettro completo sarebbe pi\u00f9 vantaggiosa, almeno per il lavoro al telescopio.<\/p>\n\n\n\n<p><\/p>\n\n\n\n<h2 class=\"wp-block-heading\">Conversione dello spettro completo semplicemente abbinata a un astrofiltro<\/h2>\n\n\n\n<p>La grande attrattiva di una fotocamera a spettro completo \u00e8 che, in linea di principio, si pu\u00f2 semplicemente avvitare qualsiasi filtro davanti all'obiettivo e iniziare a fotografare. Allora perch\u00e9 non offriamo filtri astro a vite?<\/p>\n\n\n\n<p>Purtroppo, gli astrofiltri funzionano secondo un principio diverso da quello dei filtri a infrarossi (interferenza anzich\u00e9 assorbimento), il che comporta uno svantaggio decisivo: la dipendenza dall'angolo dell'effetto del filtro. Finch\u00e9 la luce colpisce la superficie del filtro verticalmente o quasi, gli astrofiltri sono ottimi e forniscono risultati molto buoni e definiti con precisione - con obiettivi normali, teleobiettivi e telescopi a partire da 50 mm, non ci sono restrizioni all'uso dei filtri a vite.<\/p>\n\n\n\n<p>Purtroppo, i filtri astro non sono adatti come filtri a vite sugli obiettivi grandangolari. Con gli obiettivi grandangolari, la luce colpisce il filtro ai margini dell'immagine con un angolo relativamente acuto, con il risultato di un diverso effetto del filtro. Si pu\u00f2 osservare uno spostamento del colore dal centro dell'immagine verso i bordi: un effetto molto fastidioso che purtroppo non pu\u00f2 essere facilmente corretto in seguito.<\/p>\n\n\n\n<p>Una fotocamera a spettro completo non pu\u00f2 quindi essere utilizzata per la fotografia notturna con un filtro astro senza ulteriori accorgimenti, almeno non con obiettivi grandangolari. Per le immagini grandangolari consigliamo vivamente di utilizzare una fotocamera con un filtro astro installato in modo permanente, per garantire la migliore qualit\u00e0 d'immagine possibile.<\/p>\n\n\n\n<hr class=\"wp-block-separator has-alpha-channel-opacity\"\/>\n\n\n\n<div class=\"wp-block-buttons is-horizontal is-content-justification-center is-layout-flex wp-container-core-buttons-is-layout-03627597 wp-block-buttons-is-layout-flex\">\n<div class=\"wp-block-button\"><a class=\"wp-block-button__link wp-element-button\" href=\"https:\/\/irrecams.de\/it\/filtri-astro-per-fotografare-le-stelle-di-notte-con-fotocamere-modificate\/\" style=\"border-radius:5px\">Conversione Advantage Astro<\/a><\/div>\n\n\n\n<div class=\"wp-block-button\"><a class=\"wp-block-button__link wp-element-button\" href=\"https:\/\/irrecams.de\/it\/come-si-puo-utilizzare-una-fotocamera-astro-per-la-normale-fotografia-diurna\/\" style=\"border-radius:5px\">Astrocamera di giorno<\/a><\/div>\n\n\n\n<div class=\"wp-block-button\"><a class=\"wp-block-button__link wp-element-button\" href=\"https:\/\/irrecams.de\/it\/filtri-aggiuntivi-per-lastrofotografia\/\" style=\"border-radius:5px\">Filtri aggiuntivi<\/a><\/div>\n\n\n\n<div class=\"wp-block-button\"><a class=\"wp-block-button__link wp-element-button\" href=\"https:\/\/irrecams.de\/it\/categoria-prodotto\/servizio-di-conversione-astrocamera\/\" style=\"border-radius:5px\">Ordina la conversione Astro<\/a><\/div>\n\n\n\n<div class=\"wp-block-button\"><a class=\"wp-block-button__link wp-element-button\" href=\"https:\/\/irrecams.de\/it\/galleria-a-infrarossi\/scattata-con-astrofiltro\/\" style=\"border-radius:5px\">Altre astrofoto<\/a><\/div>\n\n\n\n<div class=\"wp-block-button\"><a class=\"wp-block-button__link wp-element-button\" href=\"https:\/\/irrecams.de\/it\/fotografia-a-infrarossi\/\" style=\"border-radius:5px\">Ulteriori informazioni sulla fotografia a infrarossi<\/a><\/div>\n<\/div>\n\n\n\n<hr class=\"wp-block-separator has-alpha-channel-opacity\"\/>\n\n\n\n<figure class=\"wp-block-image size-large\"><a href=\"https:\/\/irrecams.de\/wp-content\/uploads\/2021\/10\/Stack_Muehle_Shrink.jpg\"><img loading=\"lazy\" decoding=\"async\" width=\"644\" height=\"1024\" src=\"https:\/\/irrecams.de\/wp-content\/uploads\/2021\/10\/Stack_Muehle_Shrink-644x1024.jpg\" alt=\"Via Lattea e mulino con astrocamera\" class=\"wp-image-7451\" srcset=\"https:\/\/irrecams.de\/wp-content\/uploads\/2021\/10\/Stack_Muehle_Shrink-644x1024.jpg 644w, https:\/\/irrecams.de\/wp-content\/uploads\/2021\/10\/Stack_Muehle_Shrink-600x954.jpg 600w, https:\/\/irrecams.de\/wp-content\/uploads\/2021\/10\/Stack_Muehle_Shrink-189x300.jpg 189w, https:\/\/irrecams.de\/wp-content\/uploads\/2021\/10\/Stack_Muehle_Shrink-768x1222.jpg 768w, https:\/\/irrecams.de\/wp-content\/uploads\/2021\/10\/Stack_Muehle_Shrink-966x1536.jpg 966w, https:\/\/irrecams.de\/wp-content\/uploads\/2021\/10\/Stack_Muehle_Shrink-8x12.jpg 8w, https:\/\/irrecams.de\/wp-content\/uploads\/2021\/10\/Stack_Muehle_Shrink-350x557.jpg 350w, https:\/\/irrecams.de\/wp-content\/uploads\/2021\/10\/Stack_Muehle_Shrink.jpg 1207w\" sizes=\"auto, (max-width: 644px) 100vw, 644px\" \/><\/a><figcaption class=\"wp-element-caption\">Via Lattea e mulino con astrocamera<\/figcaption><\/figure>","protected":false},"excerpt":{"rendered":"<p>F\u00fcr die Astrofotografie ist eine reine IR Kamera mit z.B. 630 nm Infrarot Filter nicht die beste Wahl. Nat\u00fcrlich sind die Kameras nach dem Umbau ausreichend sensitiv, um auch nachts die Sterne erfassen zu k\u00f6nnen und au\u00dferdem sehen sie auch die H-Alpha Bereiche des Spektrums. Wie eingangs beschrieben ist die Astrofotografie aber typischerweise daran interessiert [&hellip;]<\/p>\n","protected":false},"author":1,"featured_media":0,"parent":0,"menu_order":21,"comment_status":"closed","ping_status":"closed","template":"","meta":{"footnotes":""},"class_list":["post-14276","page","type-page","status-publish","hentry"],"_links":{"self":[{"href":"https:\/\/irrecams.de\/it\/wp-json\/wp\/v2\/pages\/14276","targetHints":{"allow":["GET"]}}],"collection":[{"href":"https:\/\/irrecams.de\/it\/wp-json\/wp\/v2\/pages"}],"about":[{"href":"https:\/\/irrecams.de\/it\/wp-json\/wp\/v2\/types\/page"}],"author":[{"embeddable":true,"href":"https:\/\/irrecams.de\/it\/wp-json\/wp\/v2\/users\/1"}],"replies":[{"embeddable":true,"href":"https:\/\/irrecams.de\/it\/wp-json\/wp\/v2\/comments?post=14276"}],"version-history":[{"count":15,"href":"https:\/\/irrecams.de\/it\/wp-json\/wp\/v2\/pages\/14276\/revisions"}],"predecessor-version":[{"id":15474,"href":"https:\/\/irrecams.de\/it\/wp-json\/wp\/v2\/pages\/14276\/revisions\/15474"}],"wp:attachment":[{"href":"https:\/\/irrecams.de\/it\/wp-json\/wp\/v2\/media?parent=14276"}],"curies":[{"name":"wp","href":"https:\/\/api.w.org\/{rel}","templated":true}]}}