{"id":14282,"date":"2025-03-02T13:31:51","date_gmt":"2025-03-02T12:31:51","guid":{"rendered":"https:\/\/irrecams.de\/?page_id=14282"},"modified":"2025-03-02T14:31:56","modified_gmt":"2025-03-02T13:31:56","slug":"come-si-puo-utilizzare-una-fotocamera-astro-per-la-normale-fotografia-diurna","status":"publish","type":"page","link":"https:\/\/irrecams.de\/it\/come-si-puo-utilizzare-una-fotocamera-astro-per-la-normale-fotografia-diurna\/","title":{"rendered":"Come si pu\u00f2 utilizzare una astrocamera per la normale fotografia diurna"},"content":{"rendered":"<details class=\"wp-block-details has-background has-medium-font-size is-layout-flow wp-block-details-is-layout-flow\" style=\"background-color:#dfdfdf\" open><summary>Indice dei contenuti<\/summary>\n<blockquote class=\"wp-block-quote is-layout-flow wp-block-quote-is-layout-flow\">\n<ul class=\"wp-block-list\">\n<li><a href=\"https:\/\/irrecams.de\/it\/blog\/2021\/fotografare-le-stelle-con-una-fotocamera-astromodificata\/\" data-type=\"post\" data-id=\"7019\">Vantaggi della conversione Astro<\/a><\/li>\n\n\n\n<li><a href=\"https:\/\/irrecams.de\/it\/quali-filtri-sono-adatti-per-una-conversione-h-alpha-astro\/\" data-type=\"page\" data-id=\"14276\">Quale astrofiltro<\/a><\/li>\n\n\n\n<li><strong>Astrocamera di giorno<\/strong><\/li>\n\n\n\n<li><a href=\"https:\/\/irrecams.de\/it\/filtri-aggiuntivi-per-lastrofotografia\/\" data-type=\"page\" data-id=\"14298\">Filtri aggiuntivi<\/a><\/li>\n<\/ul>\n<\/blockquote>\n<\/details>\n\n\n\n<p>Spesso si legge che una fotocamera modificata per l'astrofotografia non pu\u00f2 essere utilizzata per la normale fotografia diurna. Un'affermazione cos\u00ec generica \u00e8 troppo indifferenziata e quasi sbagliata: l'idoneit\u00e0 diurna dipende dal tipo di modifica e pu\u00f2 essere notevolmente migliorata con un filtro aggiuntivo, a seconda del tipo di fotocamera.<\/p>\n\n\n\n<figure class=\"wp-block-image size-large\"><a href=\"https:\/\/irrecams.de\/wp-content\/uploads\/2024\/11\/T3_Optolong_ashin_star_3.jpg\"><img loading=\"lazy\" decoding=\"async\" width=\"1024\" height=\"685\" src=\"https:\/\/irrecams.de\/wp-content\/uploads\/2024\/11\/T3_Optolong_ashin_star_3-1024x685.jpg\" alt=\"Il Loop di Barnard con l&#039;astrocamera\" class=\"wp-image-13816\" srcset=\"https:\/\/irrecams.de\/wp-content\/uploads\/2024\/11\/T3_Optolong_ashin_star_3-1024x685.jpg 1024w, https:\/\/irrecams.de\/wp-content\/uploads\/2024\/11\/T3_Optolong_ashin_star_3-300x201.jpg 300w, https:\/\/irrecams.de\/wp-content\/uploads\/2024\/11\/T3_Optolong_ashin_star_3-768x514.jpg 768w, https:\/\/irrecams.de\/wp-content\/uploads\/2024\/11\/T3_Optolong_ashin_star_3-1536x1027.jpg 1536w, https:\/\/irrecams.de\/wp-content\/uploads\/2024\/11\/T3_Optolong_ashin_star_3-18x12.jpg 18w, https:\/\/irrecams.de\/wp-content\/uploads\/2024\/11\/T3_Optolong_ashin_star_3-600x401.jpg 600w, https:\/\/irrecams.de\/wp-content\/uploads\/2024\/11\/T3_Optolong_ashin_star_3.jpg 1920w\" sizes=\"auto, (max-width: 1024px) 100vw, 1024px\" \/><\/a><figcaption class=\"wp-element-caption\">Loop di Barnard con astrocamera<\/figcaption><\/figure>\n\n\n\n<p>In pratica, la sensibilit\u00e0 al rosso o, a seconda della modifica, agli infrarossi della fotocamera \u00e8 stata notevolmente aumentata. Di conseguenza, una fotocamera modificata produce un'immagine chiaramente colorata di rosso sotto la luce del sole, che all'inizio non ha un bell'aspetto. Come per le fotocamere a infrarossi, il bilanciamento automatico del bianco della fotocamera non \u00e8 in grado di gestire questo effetto cromatico e produrr\u00e0 sempre un effetto rosso. Tuttavia, con un bilanciamento del bianco manuale su un cartoncino grigio o un foglio di carta bianca, \u00e8 possibile contrastare efficacemente il colore rosso e creare un'immagine con un'atmosfera cromatica equilibrata. Tuttavia, \u00e8 importante notare che il bilanciamento del bianco \u00e8 fisso e deve essere regolato in base alla situazione di illuminazione rimisurando un cartoncino grigio o un foglio di carta bianca. In alternativa, il bilanciamento del bianco pu\u00f2 naturalmente essere regolato con precisione anche successivamente da un file RAW.<\/p>\n\n\n\n<figure class=\"wp-block-image size-large\"><a href=\"https:\/\/irrecams.de\/wp-content\/uploads\/2021\/04\/astro_transmission_de.png\"><img loading=\"lazy\" decoding=\"async\" width=\"1024\" height=\"580\" src=\"https:\/\/irrecams.de\/wp-content\/uploads\/2021\/04\/astro_transmission_de-1024x580.png\" alt=\"Curva di trasmissione di un filtro astro - l&#039;H-alfa pu\u00f2 passare senza ostacoli\" class=\"wp-image-6829\" srcset=\"https:\/\/irrecams.de\/wp-content\/uploads\/2021\/04\/astro_transmission_de-1024x580.png 1024w, https:\/\/irrecams.de\/wp-content\/uploads\/2021\/04\/astro_transmission_de-600x340.png 600w, https:\/\/irrecams.de\/wp-content\/uploads\/2021\/04\/astro_transmission_de-300x170.png 300w, https:\/\/irrecams.de\/wp-content\/uploads\/2021\/04\/astro_transmission_de-768x435.png 768w, https:\/\/irrecams.de\/wp-content\/uploads\/2021\/04\/astro_transmission_de-1536x870.png 1536w, https:\/\/irrecams.de\/wp-content\/uploads\/2021\/04\/astro_transmission_de-16x9.png 16w, https:\/\/irrecams.de\/wp-content\/uploads\/2021\/04\/astro_transmission_de-350x198.png 350w, https:\/\/irrecams.de\/wp-content\/uploads\/2021\/04\/astro_transmission_de.png 2000w\" sizes=\"auto, (max-width: 1024px) 100vw, 1024px\" \/><\/a><figcaption class=\"wp-element-caption\">Curva di trasmissione di un filtro astro - l'H-alfa pu\u00f2 passare senza ostacoli<\/figcaption><\/figure>\n\n\n\n<h2 class=\"wp-block-heading\">Utilizzo di una telecamera a spettro completo durante il giorno<\/h2>\n\n\n\n<p>Con una fotocamera a spettro completo, la luce UV e soprattutto quella infrarossa colpiscono il sensore oltre alla luce visibile, determinando una forte colorazione rossa. Come gi\u00e0 descritto, un bilanciamento manuale del bianco pu\u00f2 eliminare questo colore rosso e fornire un'immagine neutra. Tuttavia, ci\u00f2 non significa che i colori risultanti siano anche \"accurati\" e fedeli alla realt\u00e0. Una fotocamera a spettro completo mostra sempre un'estrema distorsione del colore sotto la luce del sole, che riguarda soprattutto il fogliame delle piante e i materiali sintetici scuri.<\/p>\n\n\n\n<figure class=\"wp-block-gallery has-nested-images columns-default is-cropped wp-block-gallery-1 is-layout-flex wp-block-gallery-is-layout-flex\">\n<figure class=\"wp-block-image size-full\"><a href=\"https:\/\/irrecams.de\/wp-content\/uploads\/2025\/03\/fs.jpg\"><img loading=\"lazy\" decoding=\"async\" width=\"999\" height=\"666\" data-id=\"14289\" src=\"https:\/\/irrecams.de\/wp-content\/uploads\/2025\/03\/fs.jpg\" alt=\"\" class=\"wp-image-14289\" srcset=\"https:\/\/irrecams.de\/wp-content\/uploads\/2025\/03\/fs.jpg 999w, https:\/\/irrecams.de\/wp-content\/uploads\/2025\/03\/fs-300x200.jpg 300w, https:\/\/irrecams.de\/wp-content\/uploads\/2025\/03\/fs-768x512.jpg 768w, https:\/\/irrecams.de\/wp-content\/uploads\/2025\/03\/fs-18x12.jpg 18w, https:\/\/irrecams.de\/wp-content\/uploads\/2025\/03\/fs-600x400.jpg 600w\" sizes=\"auto, (max-width: 999px) 100vw, 999px\" \/><\/a><figcaption class=\"wp-element-caption\">Spettro completo<\/figcaption><\/figure>\n\n\n\n<figure class=\"wp-block-image size-full\"><a href=\"https:\/\/irrecams.de\/wp-content\/uploads\/2025\/03\/stock.jpg\"><img loading=\"lazy\" decoding=\"async\" width=\"999\" height=\"666\" data-id=\"14290\" src=\"https:\/\/irrecams.de\/wp-content\/uploads\/2025\/03\/stock.jpg\" alt=\"\" class=\"wp-image-14290\" srcset=\"https:\/\/irrecams.de\/wp-content\/uploads\/2025\/03\/stock.jpg 999w, https:\/\/irrecams.de\/wp-content\/uploads\/2025\/03\/stock-300x200.jpg 300w, https:\/\/irrecams.de\/wp-content\/uploads\/2025\/03\/stock-768x512.jpg 768w, https:\/\/irrecams.de\/wp-content\/uploads\/2025\/03\/stock-18x12.jpg 18w, https:\/\/irrecams.de\/wp-content\/uploads\/2025\/03\/stock-600x400.jpg 600w\" sizes=\"auto, (max-width: 999px) 100vw, 999px\" \/><\/a><figcaption class=\"wp-element-caption\">Originale<\/figcaption><\/figure>\n<\/figure>\n\n\n\n<p>La qualit\u00e0 del colore pu\u00f2 essere drasticamente migliorata con una fotocamera a spettro completo se si utilizza un filtro aggiuntivo. Il nostro <a href=\"https:\/\/irrecams.de\/it\/negozio\/filtro-normale-filtro-di-blocco-uv-ir\/\" data-type=\"product\" data-id=\"5625\">Filtro a vite Normal Plus<\/a> sono collegati direttamente all'obiettivo e migliorano la riproduzione del colore fino a renderla quasi indistinguibile dall'originale. Un ulteriore vantaggio \u00e8 la possibilit\u00e0 di utilizzare nuovamente il bilanciamento automatico del bianco della fotocamera.<\/p>\n\n\n\n<figure class=\"wp-block-gallery has-nested-images columns-default is-cropped wp-block-gallery-2 is-layout-flex wp-block-gallery-is-layout-flex\">\n<figure class=\"wp-block-image size-full\"><a href=\"https:\/\/irrecams.de\/wp-content\/uploads\/2025\/03\/fs_normal.jpg\"><img loading=\"lazy\" decoding=\"async\" width=\"999\" height=\"666\" data-id=\"14291\" src=\"https:\/\/irrecams.de\/wp-content\/uploads\/2025\/03\/fs_normal.jpg\" alt=\"\" class=\"wp-image-14291\" srcset=\"https:\/\/irrecams.de\/wp-content\/uploads\/2025\/03\/fs_normal.jpg 999w, https:\/\/irrecams.de\/wp-content\/uploads\/2025\/03\/fs_normal-300x200.jpg 300w, https:\/\/irrecams.de\/wp-content\/uploads\/2025\/03\/fs_normal-768x512.jpg 768w, https:\/\/irrecams.de\/wp-content\/uploads\/2025\/03\/fs_normal-18x12.jpg 18w, https:\/\/irrecams.de\/wp-content\/uploads\/2025\/03\/fs_normal-600x400.jpg 600w\" sizes=\"auto, (max-width: 999px) 100vw, 999px\" \/><\/a><figcaption class=\"wp-element-caption\">Spettro completo + normale<\/figcaption><\/figure>\n\n\n\n<figure class=\"wp-block-image size-full\"><a href=\"https:\/\/irrecams.de\/wp-content\/uploads\/2025\/03\/stock.jpg\"><img loading=\"lazy\" decoding=\"async\" width=\"999\" height=\"666\" data-id=\"14290\" src=\"https:\/\/irrecams.de\/wp-content\/uploads\/2025\/03\/stock.jpg\" alt=\"\" class=\"wp-image-14290\" srcset=\"https:\/\/irrecams.de\/wp-content\/uploads\/2025\/03\/stock.jpg 999w, https:\/\/irrecams.de\/wp-content\/uploads\/2025\/03\/stock-300x200.jpg 300w, https:\/\/irrecams.de\/wp-content\/uploads\/2025\/03\/stock-768x512.jpg 768w, https:\/\/irrecams.de\/wp-content\/uploads\/2025\/03\/stock-18x12.jpg 18w, https:\/\/irrecams.de\/wp-content\/uploads\/2025\/03\/stock-600x400.jpg 600w\" sizes=\"auto, (max-width: 999px) 100vw, 999px\" \/><\/a><figcaption class=\"wp-element-caption\">Originale<\/figcaption><\/figure>\n<\/figure>\n\n\n\n<p>Tuttavia, non si possono escludere completamente piccole differenze di colore nell'immagine finale tra una fotocamera non modificata e una fotocamera a pieno spettro con un filtro Normal Plus. Le differenze sono in genere molto piccole e sottili e, senza un occhio esperto, sono difficilmente percepibili. Tuttavia, ci sono tre situazioni in particolare in cui le differenze sono pi\u00f9 evidenti:<\/p>\n\n\n\n<ol class=\"wp-block-list\">\n<li>Gli oggetti con un'elevata riflettanza IR possono presentare uno spostamento di colore maggiore del solito. Si tratta, ad esempio, del fogliame e degli indumenti sintetici neri.<\/li>\n\n\n\n<li>Se vi trovate in una foresta, noterete un colore fangoso sotto gli alberi a causa dell'elevato contenuto di IR.<\/li>\n\n\n\n<li>In situazioni di controluce, si noteranno pi\u00f9 problemi e riflessi di luce.<\/li>\n<\/ol>\n\n\n\n<p><strong>Nota importante per le reflex digitali:<\/strong> Un filtro Normal Plus viene avvitato sull'obiettivo, il che significa che si vedr\u00e0 un'immagine di colore ciano quando si guarda attraverso il mirino ottico di una fotocamera SLR. L'esperienza ha dimostrato che la messa a fuoco automatica e la misurazione dell'esposizione funzionano molto bene, ma l'occhio pu\u00f2 essere infastidito dal colore proiettato e lavorare con un filtro avvitato \u00e8 quindi un po' pi\u00f9 scomodo.<\/p>\n\n\n\n<p><\/p>\n\n\n\n<h2 class=\"wp-block-heading\">Utilizzo di un'astrocamera durante il giorno<\/h2>\n\n\n\n<p>In una fotocamera con un \"vero\" filtro astro, la sensibilit\u00e0 al rosso \u00e8 notevolmente aumentata, ma sia la luce UV che quella infrarossa sono in gran parte bloccate. Le immagini ottenute da una fotocamera di questo tipo mostrano un leggero colore rosso sotto la luce del sole, ma non \u00e8 cos\u00ec estremo come in una fotocamera a spettro completo. Anche in questo caso, \u00e8 necessario un bilanciamento manuale del bianco come descritto in precedenza per compensare il colore rosso. A prima vista, il risultato \u00e8 un'immagine naturale con colori relativamente buoni. Tuttavia, questo filtro presenta alcuni punti deboli, soprattutto sotto la luce diretta del sole: gli oggetti con un'elevata riflettanza IR (in particolare il fogliame delle piante e i materiali sintetici scuri) possono presentare una leggera deviazione dei colori.<\/p>\n\n\n\n<figure class=\"wp-block-gallery has-nested-images columns-default is-cropped wp-block-gallery-3 is-layout-flex wp-block-gallery-is-layout-flex\">\n<figure class=\"wp-block-image size-full is-style-default\"><a href=\"https:\/\/irrecams.de\/wp-content\/uploads\/2025\/03\/astro.jpg\"><img loading=\"lazy\" decoding=\"async\" width=\"999\" height=\"666\" data-id=\"14292\" src=\"https:\/\/irrecams.de\/wp-content\/uploads\/2025\/03\/astro.jpg\" alt=\"\" class=\"wp-image-14292\" srcset=\"https:\/\/irrecams.de\/wp-content\/uploads\/2025\/03\/astro.jpg 999w, https:\/\/irrecams.de\/wp-content\/uploads\/2025\/03\/astro-300x200.jpg 300w, https:\/\/irrecams.de\/wp-content\/uploads\/2025\/03\/astro-768x512.jpg 768w, https:\/\/irrecams.de\/wp-content\/uploads\/2025\/03\/astro-18x12.jpg 18w, https:\/\/irrecams.de\/wp-content\/uploads\/2025\/03\/astro-600x400.jpg 600w\" sizes=\"auto, (max-width: 999px) 100vw, 999px\" \/><\/a><figcaption class=\"wp-element-caption\">Astrofiltro<\/figcaption><\/figure>\n\n\n\n<figure class=\"wp-block-image size-large\"><a href=\"https:\/\/irrecams.de\/wp-content\/uploads\/2025\/03\/stock.jpg\"><img decoding=\"async\" data-id=\"14285\" src=\"https:\/\/irrecams.de\/wp-content\/uploads\/2025\/03\/stock.jpg\" alt=\"\" class=\"wp-image-14285\"\/><\/a><figcaption class=\"wp-element-caption\">Originale<\/figcaption><\/figure>\n<\/figure>\n\n\n\n<p>Come per il filtro a spettro completo, la qualit\u00e0 del colore pu\u00f2 essere migliorata utilizzando un filtro aggiuntivo. Il nostro <a href=\"https:\/\/irrecams.de\/it\/negozio\/filtro-normale-filtro-di-blocco-uv-ir\/\">Filtro a vite Normal Plus<\/a> sono collegati direttamente all'obiettivo e migliorano la riproduzione del colore fino a renderla di fatto indistinguibile dall'originale. Anche se la differenza non \u00e8 pi\u00f9 cos\u00ec estrema come con una fotocamera a pieno spettro, il risultato \u00e8 perfetto: con fogliame verde, materiali sintetici e nella foresta, una deviazione di colore \u00e8 solo misurabile e non ha alcuna influenza sull'immagine. E, naturalmente, con il filtro aggiuntivo \u00e8 possibile utilizzare nuovamente il bilanciamento automatico del bianco della fotocamera.<\/p>\n\n\n\n<figure class=\"wp-block-gallery has-nested-images columns-default is-cropped wp-block-gallery-4 is-layout-flex wp-block-gallery-is-layout-flex\">\n<figure class=\"wp-block-image size-full\"><a href=\"https:\/\/irrecams.de\/wp-content\/uploads\/2025\/03\/astro_normal.jpg\"><img loading=\"lazy\" decoding=\"async\" width=\"999\" height=\"666\" data-id=\"14294\" src=\"https:\/\/irrecams.de\/wp-content\/uploads\/2025\/03\/astro_normal.jpg\" alt=\"\" class=\"wp-image-14294\" srcset=\"https:\/\/irrecams.de\/wp-content\/uploads\/2025\/03\/astro_normal.jpg 999w, https:\/\/irrecams.de\/wp-content\/uploads\/2025\/03\/astro_normal-300x200.jpg 300w, https:\/\/irrecams.de\/wp-content\/uploads\/2025\/03\/astro_normal-768x512.jpg 768w, https:\/\/irrecams.de\/wp-content\/uploads\/2025\/03\/astro_normal-18x12.jpg 18w, https:\/\/irrecams.de\/wp-content\/uploads\/2025\/03\/astro_normal-600x400.jpg 600w\" sizes=\"auto, (max-width: 999px) 100vw, 999px\" \/><\/a><figcaption class=\"wp-element-caption\">Astrofiltro + Normale <\/figcaption><\/figure>\n\n\n\n<figure class=\"wp-block-image size-large\"><a href=\"https:\/\/irrecams.de\/wp-content\/uploads\/2025\/03\/stock.jpg\"><img decoding=\"async\" data-id=\"14285\" src=\"https:\/\/irrecams.de\/wp-content\/uploads\/2025\/03\/stock.jpg\" alt=\"\" class=\"wp-image-14285\"\/><\/a><figcaption class=\"wp-element-caption\">Originale<\/figcaption><\/figure>\n<\/figure>\n\n\n\n<p><strong>Nota importante per le reflex digitali:<\/strong> Un filtro Normal Plus viene avvitato sull'obiettivo, il che significa che si vedr\u00e0 un'immagine di colore ciano quando si guarda attraverso il mirino ottico di una fotocamera SLR. L'esperienza ha dimostrato che la messa a fuoco automatica e la misurazione dell'esposizione funzionano molto bene, ma l'occhio pu\u00f2 essere infastidito dal colore proiettato e lavorare con un filtro avvitato \u00e8 quindi un po' pi\u00f9 scomodo.<\/p>\n\n\n\n<hr class=\"wp-block-separator has-alpha-channel-opacity\"\/>\n\n\n\n<div class=\"wp-block-buttons is-horizontal is-content-justification-center is-layout-flex wp-container-core-buttons-is-layout-03627597 wp-block-buttons-is-layout-flex\">\n<div class=\"wp-block-button\"><a class=\"wp-block-button__link wp-element-button\" href=\"https:\/\/irrecams.de\/it\/filtri-astro-per-fotografare-le-stelle-di-notte-con-fotocamere-modificate\/\" style=\"border-radius:5px\">Conversione Advantage Astro<\/a><\/div>\n\n\n\n<div class=\"wp-block-button\"><a class=\"wp-block-button__link wp-element-button\" href=\"https:\/\/irrecams.de\/it\/quali-filtri-sono-adatti-per-una-conversione-h-alpha-astro\/\" style=\"border-radius:5px\">Quale astrofiltro<\/a><\/div>\n\n\n\n<div class=\"wp-block-button\"><a class=\"wp-block-button__link wp-element-button\" href=\"https:\/\/irrecams.de\/it\/filtri-aggiuntivi-per-lastrofotografia\/\" style=\"border-radius:5px\">Filtri aggiuntivi<\/a><\/div>\n\n\n\n<div class=\"wp-block-button\"><a class=\"wp-block-button__link wp-element-button\" href=\"https:\/\/irrecams.de\/it\/categoria-prodotto\/servizio-di-conversione-astrocamera\/\" style=\"border-radius:5px\">Ordina la conversione Astro<\/a><\/div>\n\n\n\n<div class=\"wp-block-button\"><a class=\"wp-block-button__link wp-element-button\" href=\"https:\/\/irrecams.de\/it\/galleria-a-infrarossi\/scattata-con-astrofiltro\/\" style=\"border-radius:5px\">Altre astrofoto<\/a><\/div>\n\n\n\n<div class=\"wp-block-button\"><a class=\"wp-block-button__link wp-element-button\" href=\"https:\/\/irrecams.de\/it\/fotografia-a-infrarossi\/\" style=\"border-radius:5px\">Ulteriori informazioni sulla fotografia a infrarossi<\/a><\/div>\n\n\n<\/div>","protected":false},"excerpt":{"rendered":"<p>Oft liest man, dass eine Kamera welche f\u00fcr Astrofotografie modifiziert wurde, nicht f\u00fcr die normale Fotografie am Tage zu gebrauchen ist. Solch eine pauschale Aussage ist zu undifferenziert und fast falsch &#8211; die Tagestauglichkeit ist von der Art des Umbaues abh\u00e4ngig und kann je nach Kameratyp mit einem zus\u00e4tzlichen Filter dramatisch verbessert werden. Grunds\u00e4tzlich wurde [&hellip;]<\/p>\n","protected":false},"author":1,"featured_media":0,"parent":0,"menu_order":22,"comment_status":"closed","ping_status":"closed","template":"","meta":{"footnotes":""},"class_list":["post-14282","page","type-page","status-publish","hentry"],"_links":{"self":[{"href":"https:\/\/irrecams.de\/it\/wp-json\/wp\/v2\/pages\/14282","targetHints":{"allow":["GET"]}}],"collection":[{"href":"https:\/\/irrecams.de\/it\/wp-json\/wp\/v2\/pages"}],"about":[{"href":"https:\/\/irrecams.de\/it\/wp-json\/wp\/v2\/types\/page"}],"author":[{"embeddable":true,"href":"https:\/\/irrecams.de\/it\/wp-json\/wp\/v2\/users\/1"}],"replies":[{"embeddable":true,"href":"https:\/\/irrecams.de\/it\/wp-json\/wp\/v2\/comments?post=14282"}],"version-history":[{"count":10,"href":"https:\/\/irrecams.de\/it\/wp-json\/wp\/v2\/pages\/14282\/revisions"}],"predecessor-version":[{"id":14352,"href":"https:\/\/irrecams.de\/it\/wp-json\/wp\/v2\/pages\/14282\/revisions\/14352"}],"wp:attachment":[{"href":"https:\/\/irrecams.de\/it\/wp-json\/wp\/v2\/media?parent=14282"}],"curies":[{"name":"wp","href":"https:\/\/api.w.org\/{rel}","templated":true}]}}