{"id":14298,"date":"2025-03-02T13:31:44","date_gmt":"2025-03-02T12:31:44","guid":{"rendered":"https:\/\/irrecams.de\/?page_id=14298"},"modified":"2025-03-02T14:34:02","modified_gmt":"2025-03-02T13:34:02","slug":"filtri-aggiuntivi-per-lastrofotografia","status":"publish","type":"page","link":"https:\/\/irrecams.de\/it\/filtri-aggiuntivi-per-lastrofotografia\/","title":{"rendered":"Filtri aggiuntivi per l'astrofotografia"},"content":{"rendered":"<details class=\"wp-block-details has-background has-medium-font-size is-layout-flow wp-block-details-is-layout-flow\" style=\"background-color:#dfdfdf\" open><summary>Indice dei contenuti<\/summary>\n<blockquote class=\"wp-block-quote is-layout-flow wp-block-quote-is-layout-flow\">\n<ul class=\"wp-block-list\">\n<li><a href=\"https:\/\/irrecams.de\/it\/blog\/2021\/fotografare-le-stelle-con-una-fotocamera-astromodificata\/\" data-type=\"post\" data-id=\"7019\">Vantaggi della conversione Astro<\/a><\/li>\n\n\n\n<li><a href=\"https:\/\/irrecams.de\/it\/quali-filtri-sono-adatti-per-una-conversione-h-alpha-astro\/\" data-type=\"page\" data-id=\"14276\">Quale astrofiltro<\/a><\/li>\n\n\n\n<li><a href=\"https:\/\/irrecams.de\/it\/come-si-puo-utilizzare-una-fotocamera-astro-per-la-normale-fotografia-diurna\/\" data-type=\"page\" data-id=\"14282\">Astrocamera di giorno<\/a><\/li>\n\n\n\n<li><strong>Filtri aggiuntivi<\/strong><\/li>\n<\/ul>\n<\/blockquote>\n<\/details>\n\n\n\n<p>I filtri di vario tipo hanno una lunga tradizione nell'astrofotografia. In particolare, i filtri UHC o passa-banda stretti sono in circolazione da decenni e hanno un posto fisso in ogni scatola di filtri. Di solito questi filtri possono essere combinati senza problemi con le fotocamere convertite. Spesso non importa se la fotocamera \u00e8 stata convertita a pieno spettro o se \u00e8 stato installato un \"vero\" filtro astro: solo con gli obiettivi grandangolari non tutti i filtri sono compatibili o utili.  <\/p>\n\n\n\n<figure class=\"wp-block-image size-large\"><a href=\"https:\/\/irrecams.de\/wp-content\/uploads\/2025\/03\/XT4A8867_stack.jpg\"><img loading=\"lazy\" decoding=\"async\" width=\"683\" height=\"1024\" src=\"https:\/\/irrecams.de\/wp-content\/uploads\/2025\/03\/XT4A8867_stack-683x1024.jpg\" alt=\"La Via Lattea sul prato (Astrofilter)\" class=\"wp-image-14304\" srcset=\"https:\/\/irrecams.de\/wp-content\/uploads\/2025\/03\/XT4A8867_stack-683x1024.jpg 683w, https:\/\/irrecams.de\/wp-content\/uploads\/2025\/03\/XT4A8867_stack-200x300.jpg 200w, https:\/\/irrecams.de\/wp-content\/uploads\/2025\/03\/XT4A8867_stack-768x1152.jpg 768w, https:\/\/irrecams.de\/wp-content\/uploads\/2025\/03\/XT4A8867_stack-1024x1536.jpg 1024w, https:\/\/irrecams.de\/wp-content\/uploads\/2025\/03\/XT4A8867_stack-8x12.jpg 8w, https:\/\/irrecams.de\/wp-content\/uploads\/2025\/03\/XT4A8867_stack-600x900.jpg 600w, https:\/\/irrecams.de\/wp-content\/uploads\/2025\/03\/XT4A8867_stack.jpg 1280w\" sizes=\"auto, (max-width: 683px) 100vw, 683px\" \/><\/a><figcaption class=\"wp-element-caption\">La Via Lattea sul prato (Astrofilter)<\/figcaption><\/figure>\n\n\n\n<p>Molti di questi filtri sono stati progettati per ridurre l'inquinamento luminoso del nostro mondo industriale. Per influenzare il meno possibile l'immagine e i colori, alcuni intervalli spettrali di sorgenti luminose note (ad esempio le lampade a vapori di mercurio e di sodio) vengono attenuati in modo specifico. Tuttavia, poich\u00e9 la nostra illuminazione (stradale) continua a passare a LED con uno spettro continuo, questi filtri diventeranno sempre meno efficaci nel tempo.<\/p>\n\n\n\n<p><\/p>\n\n\n\n<h2 class=\"wp-block-heading\">Filtri UHC e H-alfa<\/h2>\n\n\n\n<p>L'onnipresente inquinamento luminoso non pu\u00f2 essere ignorato e non \u00e8 un problema solo per una fotocamera convertita. Sono stati introdotti sul mercato molti filtri per sopprimere le linee spettrali di disturbo. Con l'aiuto di questi filtri si possono ottenere risultati affascinanti: ad esempio, un filtro H-alfa a banda stretta pu\u00f2 produrre risultati utili anche in una notte di luna piena. Quando si tengono in mano filtri di questo tipo, non sembrano di vetro, ma hanno un carattere metallico: una superficie riflettente metallica, a volte con una colata di colore, \u00e8 caratteristica.<\/p>\n\n\n\n<p>Anche se questi filtri sono stati progettati e destinati a fotocamere non modificate, di solito possono essere utilizzati senza problemi per una fotocamera a spettro completo o per un astrocamera. L'unica limitazione \u00e8 la dipendenza dall'angolo dei filtri, che causa problemi anche con le fotocamere non modificate (per maggiori informazioni sulla dipendenza dall'angolo, consultare la sezione \"Selezione dei filtri\"). In genere, questi filtri vengono utilizzati nei telescopi o nei teleobiettivi, dove l'applicazione non presenta problemi. Come gi\u00e0 detto, l'applicazione pu\u00f2 avere senso anche con una fotocamera modificata, a seconda dello scenario di ripresa. Questi filtri sono incompatibili solo con gli obiettivi grandangolari.<\/p>\n\n\n\n<figure class=\"wp-block-image size-large\"><a href=\"https:\/\/irrecams.de\/wp-content\/uploads\/2024\/01\/0228_Horsehead_X-T3_starnet.jpg\"><img loading=\"lazy\" decoding=\"async\" width=\"1024\" height=\"694\" src=\"https:\/\/irrecams.de\/wp-content\/uploads\/2024\/01\/0228_Horsehead_X-T3_starnet-1024x694.jpg\" alt=\"Nebulosa Testa di Cavallo nella Cintura di Orione - fotografata con filtro astronomico\" class=\"wp-image-11273\" srcset=\"https:\/\/irrecams.de\/wp-content\/uploads\/2024\/01\/0228_Horsehead_X-T3_starnet-1024x694.jpg 1024w, https:\/\/irrecams.de\/wp-content\/uploads\/2024\/01\/0228_Horsehead_X-T3_starnet-300x203.jpg 300w, https:\/\/irrecams.de\/wp-content\/uploads\/2024\/01\/0228_Horsehead_X-T3_starnet-768x521.jpg 768w, https:\/\/irrecams.de\/wp-content\/uploads\/2024\/01\/0228_Horsehead_X-T3_starnet-1536x1042.jpg 1536w, https:\/\/irrecams.de\/wp-content\/uploads\/2024\/01\/0228_Horsehead_X-T3_starnet-18x12.jpg 18w, https:\/\/irrecams.de\/wp-content\/uploads\/2024\/01\/0228_Horsehead_X-T3_starnet-600x407.jpg 600w, https:\/\/irrecams.de\/wp-content\/uploads\/2024\/01\/0228_Horsehead_X-T3_starnet.jpg 1920w\" sizes=\"auto, (max-width: 1024px) 100vw, 1024px\" \/><\/a><figcaption class=\"wp-element-caption\">Nebulosa Testa di Cavallo nella Cintura di Orione - fotografata con filtro astronomico<\/figcaption><\/figure>\n\n\n\n<h2 class=\"wp-block-heading\">Filtri contro l'inquinamento luminoso<\/h2>\n\n\n\n<p>Esiste un altro tipo di filtro sul mercato che mira a ridurre l'inquinamento luminoso. I cosiddetti filtri anti-inquinamento luminoso funzionano in base all'assorbimento; quando li si tiene in mano, il vetro appare trasparente e presenta una colorazione blu o viola. L'effetto del filtro \u00e8 generalmente pi\u00f9 blando rispetto ai filtri UHC: l'inquinamento luminoso non viene completamente bloccato ma \"solo\" attenuato. A differenza dei filtri UHC, ad esempio, questi filtri non dipendono dall'angolo e possono quindi essere utilizzati senza problemi anche su obiettivi grandangolari.<\/p>\n\n\n\n<p>Questi filtri sono progettati per sopprimere le gamme spettrali visibili dell'inquinamento luminoso. Tuttavia, praticamente tutte le sorgenti luminose hanno anche una buona percentuale di luce infrarossa, che emettono nel cielo notturno. Queste componenti IR non vengono soppresse dai filtri anti-inquinamento luminoso e possono raggiungere il sensore senza ostacoli. Ci\u00f2 significa che un filtro di questo tipo non \u00e8 una soluzione per una fotocamera a spettro completo, che con un filtro di questo tipo continuerebbe a mostrare l'inquinamento luminoso verdastro nel cielo e il fogliame color magenta in primo piano.<\/p>\n\n\n\n<p>Se la fotocamera \u00e8 stata convertita con un filtro astro \"corretto\", questo sopprime efficacemente le componenti infrarosse. Un filtro aggiuntivo per l'inquinamento luminoso pu\u00f2 contribuire a ridurre sensibilmente l'inquinamento luminoso e quindi ad aumentare il contrasto tra lo sfondo del cielo e la Via Lattea, ad esempio. Naturalmente tutto questo ha dei limiti e non ci si pu\u00f2 aspettare miracoli. Non c'\u00e8 misura pi\u00f9 importante che trovare il luogo pi\u00f9 buio possibile per scattare le foto, ma questi filtri aiutano un po'. Quasi tutte le immagini di paesaggi scattate in<a href=\"https:\/\/irrecams.de\/it\/galleria-a-infrarossi\/scattata-con-astrofiltro\/\" data-type=\"page\" data-id=\"6992\"> Galleria Astro<\/a> sono stati registrati con tale filtro aggiuntivo.<\/p>\n\n\n\n<figure class=\"wp-block-image size-large\"><a href=\"https:\/\/irrecams.de\/wp-content\/uploads\/2024\/03\/Vilm_MS_stacked.jpg\"><img loading=\"lazy\" decoding=\"async\" width=\"1024\" height=\"683\" src=\"https:\/\/irrecams.de\/wp-content\/uploads\/2024\/03\/Vilm_MS_stacked-1024x683.jpg\" alt=\"Via Lattea sopra l&#039;isola di Vilm (Optolong Astrofilter)\" class=\"wp-image-11606\" srcset=\"https:\/\/irrecams.de\/wp-content\/uploads\/2024\/03\/Vilm_MS_stacked-1024x683.jpg 1024w, https:\/\/irrecams.de\/wp-content\/uploads\/2024\/03\/Vilm_MS_stacked-300x200.jpg 300w, https:\/\/irrecams.de\/wp-content\/uploads\/2024\/03\/Vilm_MS_stacked-768x512.jpg 768w, https:\/\/irrecams.de\/wp-content\/uploads\/2024\/03\/Vilm_MS_stacked-1536x1024.jpg 1536w, https:\/\/irrecams.de\/wp-content\/uploads\/2024\/03\/Vilm_MS_stacked-18x12.jpg 18w, https:\/\/irrecams.de\/wp-content\/uploads\/2024\/03\/Vilm_MS_stacked-600x400.jpg 600w, https:\/\/irrecams.de\/wp-content\/uploads\/2024\/03\/Vilm_MS_stacked.jpg 1920w\" sizes=\"auto, (max-width: 1024px) 100vw, 1024px\" \/><\/a><figcaption class=\"wp-element-caption\">La Via Lattea sopra l'isola di Vilm (Astrofilter)<\/figcaption><\/figure>\n\n\n\n<h2 class=\"wp-block-heading\">Filtro a clip<\/h2>\n\n\n\n<p>I filtri clip-in sono il termine generico per le piccole lenti filtranti che si trovano in un attacco speciale e vengono installate direttamente tra il sensore e l'obiettivo, cio\u00e8 nella baionetta della fotocamera. Possono essere sostituiti dall'utente e sono quindi molto diffusi. Tuttavia, un vantaggio molto pi\u00f9 grande di questi filtri \u00e8 che i raggi di luce tra l'obiettivo e il sensore avvengono con un angolo molto limitato e la dipendenza dall'angolo dell'effetto di molti filtri non \u00e8 un problema. In breve: qui si possono usare filtri astro o filtri UHC senza rischiare un cambiamento di colore ai bordi dell'immagine.<\/p>\n\n\n\n<p>Purtroppo, nella pratica, un filtro clip-in \u00e8 costituito da un unico pezzo di vetro e quindi modifica sempre il percorso ottico. Lo spessore del filtro tra il sensore e la lente posteriore di un obiettivo \u00e8 importante ed \u00e8 incluso nella progettazione ottica dell'obiettivo. Con le lunghezze focali normali e i teleobiettivi, una piccola deviazione spesso non \u00e8 critica, ma con i grandangoli questo porter\u00e0 inevitabilmente a bordi sfocati e stelle deformate. \u00c8 possibile migliorare questi errori d'immagine abbassando la focale, ma questa \u00e8 ovviamente un'opzione solo per le riprese diurne.<\/p>\n\n\n\n<p>Per questo motivo sconsigliamo i filtri clip-in, sia per le fotocamere modificate che per quelle non modificate, e consigliamo invece di effettuare una conversione astro dedicata con un filtro astro adatto. Questo \u00e8 l'unico modo per garantire la migliore qualit\u00e0 dell'immagine, soprattutto con gli obiettivi grandangolari veloci.<\/p>\n\n\n\n<hr class=\"wp-block-separator has-alpha-channel-opacity\"\/>\n\n\n\n<div class=\"wp-block-buttons is-horizontal is-content-justification-center is-layout-flex wp-container-core-buttons-is-layout-03627597 wp-block-buttons-is-layout-flex\">\n<div class=\"wp-block-button\"><a class=\"wp-block-button__link wp-element-button\" href=\"https:\/\/irrecams.de\/it\/filtri-astro-per-fotografare-le-stelle-di-notte-con-fotocamere-modificate\/\" style=\"border-radius:5px\">Conversione Advantage Astro<\/a><\/div>\n\n\n\n<div class=\"wp-block-button\"><a class=\"wp-block-button__link wp-element-button\" href=\"https:\/\/irrecams.de\/it\/quali-filtri-sono-adatti-per-una-conversione-h-alpha-astro\/\" style=\"border-radius:5px\">Quale astrofiltro<\/a><\/div>\n\n\n\n<div class=\"wp-block-button\"><a class=\"wp-block-button__link wp-element-button\" href=\"https:\/\/irrecams.de\/it\/come-si-puo-utilizzare-una-fotocamera-astro-per-la-normale-fotografia-diurna\/\" style=\"border-radius:5px\">Astrocamera di giorno<\/a><\/div>\n\n\n\n<div class=\"wp-block-button\"><a class=\"wp-block-button__link wp-element-button\" href=\"https:\/\/irrecams.de\/it\/categoria-prodotto\/servizio-di-conversione-astrocamera\/\" style=\"border-radius:5px\">Ordina la conversione Astro<\/a><\/div>\n\n\n\n<div class=\"wp-block-button\"><a class=\"wp-block-button__link wp-element-button\" href=\"https:\/\/irrecams.de\/it\/galleria-a-infrarossi\/scattata-con-astrofiltro\/\" style=\"border-radius:5px\">Altre astrofoto<\/a><\/div>\n\n\n\n<div class=\"wp-block-button\"><a class=\"wp-block-button__link wp-element-button\" href=\"https:\/\/irrecams.de\/it\/fotografia-a-infrarossi\/\" style=\"border-radius:5px\">Ulteriori informazioni sulla fotografia a infrarossi<\/a><\/div>\n<\/div>\n\n\n\n<hr class=\"wp-block-separator has-alpha-channel-opacity\"\/>\n\n\n\n<figure class=\"wp-block-image size-large\"><a href=\"https:\/\/irrecams.de\/wp-content\/uploads\/2023\/01\/Kaliforniennebel_Siril_20221214.jpg\"><img loading=\"lazy\" decoding=\"async\" width=\"1024\" height=\"683\" src=\"https:\/\/irrecams.de\/wp-content\/uploads\/2023\/01\/Kaliforniennebel_Siril_20221214-1024x683.jpg\" alt=\"Nebulosa della California (conversione Astro)\" class=\"wp-image-9210\" srcset=\"https:\/\/irrecams.de\/wp-content\/uploads\/2023\/01\/Kaliforniennebel_Siril_20221214-1024x683.jpg 1024w, https:\/\/irrecams.de\/wp-content\/uploads\/2023\/01\/Kaliforniennebel_Siril_20221214-600x400.jpg 600w, https:\/\/irrecams.de\/wp-content\/uploads\/2023\/01\/Kaliforniennebel_Siril_20221214-300x200.jpg 300w, https:\/\/irrecams.de\/wp-content\/uploads\/2023\/01\/Kaliforniennebel_Siril_20221214-768x512.jpg 768w, https:\/\/irrecams.de\/wp-content\/uploads\/2023\/01\/Kaliforniennebel_Siril_20221214-1536x1024.jpg 1536w, https:\/\/irrecams.de\/wp-content\/uploads\/2023\/01\/Kaliforniennebel_Siril_20221214-18x12.jpg 18w, https:\/\/irrecams.de\/wp-content\/uploads\/2023\/01\/Kaliforniennebel_Siril_20221214.jpg 1920w\" sizes=\"auto, (max-width: 1024px) 100vw, 1024px\" \/><\/a><figcaption class=\"wp-element-caption\">Nebulosa della California (conversione Astro)<\/figcaption><\/figure>","protected":false},"excerpt":{"rendered":"<p>In der Astrofotografie haben verschiedene Filter eine lange Tradition. Insbesondere UHC oder Schmalbandpass Filter gibt es schon seit Jahrzehnten und sie haben einen festen Platz in jedem Filterkasten. Diese Filter k\u00f6nnen in der Regel problemlos mit umgebauten Kameras kombiniert werden. Dabei ist es oft egal ob die Kamera auf Vollspektrum umgebaut wurde oder ob ein [&hellip;]<\/p>\n","protected":false},"author":1,"featured_media":0,"parent":0,"menu_order":23,"comment_status":"closed","ping_status":"closed","template":"","meta":{"footnotes":""},"class_list":["post-14298","page","type-page","status-publish","hentry"],"_links":{"self":[{"href":"https:\/\/irrecams.de\/it\/wp-json\/wp\/v2\/pages\/14298","targetHints":{"allow":["GET"]}}],"collection":[{"href":"https:\/\/irrecams.de\/it\/wp-json\/wp\/v2\/pages"}],"about":[{"href":"https:\/\/irrecams.de\/it\/wp-json\/wp\/v2\/types\/page"}],"author":[{"embeddable":true,"href":"https:\/\/irrecams.de\/it\/wp-json\/wp\/v2\/users\/1"}],"replies":[{"embeddable":true,"href":"https:\/\/irrecams.de\/it\/wp-json\/wp\/v2\/comments?post=14298"}],"version-history":[{"count":15,"href":"https:\/\/irrecams.de\/it\/wp-json\/wp\/v2\/pages\/14298\/revisions"}],"predecessor-version":[{"id":14351,"href":"https:\/\/irrecams.de\/it\/wp-json\/wp\/v2\/pages\/14298\/revisions\/14351"}],"wp:attachment":[{"href":"https:\/\/irrecams.de\/it\/wp-json\/wp\/v2\/media?parent=14298"}],"curies":[{"name":"wp","href":"https:\/\/api.w.org\/{rel}","templated":true}]}}