{"id":28,"date":"2015-01-06T11:46:45","date_gmt":"2015-01-06T10:46:45","guid":{"rendered":"http:\/\/wp10590344.server-he.de\/irrecams2\/?page_id=28"},"modified":"2024-09-16T13:39:10","modified_gmt":"2024-09-16T11:39:10","slug":"fotografia-a-infrarossi","status":"publish","type":"page","link":"https:\/\/irrecams.de\/it\/fotografia-a-infrarossi\/","title":{"rendered":"Fotografia a infrarossi"},"content":{"rendered":"<p>\"Fotografia a infrarossi? Non ne ho mai sentito parlare\". Ma quasi sicuramente l'avete gi\u00e0 vista senza rendervi conto che si tratta di fotografia a infrarossi. La fotografia nella gamma degli infrarossi produce un \"look\" caratteristico. Il fogliame verde diventa intensamente luminoso, il cielo blu \u00e8 rappresentato in modo molto pi\u00f9 scuro e il tono della pelle delle persone ritratte si trasforma in colori pastello blu. Nella fotografia di paesaggio all'infrarosso, i motivi acquistano contrasto e brillantezza, anche perch\u00e9 le immagini all'infrarosso hanno spesso un effetto mistico e misterioso. Ma cosa significa fotografare l'invisibile?<\/p>\n\n\n\n<figure class=\"wp-block-image size-large\"><a href=\"https:\/\/irrecams.de\/wp-content\/uploads\/2021\/01\/SAM_6868.jpg\"><img loading=\"lazy\" decoding=\"async\" width=\"1024\" height=\"683\" src=\"https:\/\/irrecams.de\/wp-content\/uploads\/2021\/01\/SAM_6868-1024x683.jpg\" alt=\"630 nm\" class=\"wp-image-5877\" title=\"Fotografia a infrarossi\" srcset=\"https:\/\/irrecams.de\/wp-content\/uploads\/2021\/01\/SAM_6868-1024x683.jpg 1024w, https:\/\/irrecams.de\/wp-content\/uploads\/2021\/01\/SAM_6868-600x400.jpg 600w, https:\/\/irrecams.de\/wp-content\/uploads\/2021\/01\/SAM_6868-300x200.jpg 300w, https:\/\/irrecams.de\/wp-content\/uploads\/2021\/01\/SAM_6868-768x513.jpg 768w, https:\/\/irrecams.de\/wp-content\/uploads\/2021\/01\/SAM_6868-350x234.jpg 350w, https:\/\/irrecams.de\/wp-content\/uploads\/2021\/01\/SAM_6868.jpg 1500w\" sizes=\"auto, (max-width: 1024px) 100vw, 1024px\" \/><\/a><\/figure>\n\n\n\n<h2 class=\"wp-block-heading\">Lo spettro e i nostri occhi<\/h2>\n\n\n\n<p>La parte dello spettro elettromagnetico che possiamo vedere con i nostri occhi \u00e8 molto limitata. La nostra percezione avviene tra circa 400 nm (viola) e circa 700 nm (rosso) di lunghezza d'onda, il resto purtroppo rimane nascosto. Direttamente adiacente alla gamma visibile (nota anche come gamma VIS) c'\u00e8 la gamma del vicino ultravioletto e dell'infrarosso.<\/p>\n\n\n\n<figure class=\"wp-block-image size-large\"><a href=\"https:\/\/irrecams.de\/wp-content\/uploads\/2015\/01\/spektrum.jpg\"><img loading=\"lazy\" decoding=\"async\" width=\"1024\" height=\"301\" src=\"https:\/\/irrecams.de\/wp-content\/uploads\/2015\/01\/spektrum-1024x301.jpg\" alt=\"\" class=\"wp-image-199\" srcset=\"https:\/\/irrecams.de\/wp-content\/uploads\/2015\/01\/spektrum-1024x301.jpg 1024w, https:\/\/irrecams.de\/wp-content\/uploads\/2015\/01\/spektrum-600x176.jpg 600w, https:\/\/irrecams.de\/wp-content\/uploads\/2015\/01\/spektrum-300x88.jpg 300w, https:\/\/irrecams.de\/wp-content\/uploads\/2015\/01\/spektrum.jpg 1362w\" sizes=\"auto, (max-width: 1024px) 100vw, 1024px\" \/><\/a><\/figure>\n\n\n\n<p>Sebbene non ci si possa aspettare alcuna differenza a causa della vicinanza alla gamma del visibile (VIS), i risultati delle immagini dimostrano il contrario. Le piante riflettono quasi completamente la luce in questi intervalli spettrali per evitare il surriscaldamento e i danni ai tessuti causati dalla radiazione solare. Il risultato \u00e8 che la vegetazione vegetale nelle immagini IR appare molto luminosa o bianca. Questo effetto non pu\u00f2 essere calcolato utilizzando un filtro in post-elaborazione, poich\u00e9 un ponticello verde distorcerebbe semplicemente il bianco.<\/p>\n\n\n\n<p>Per rendere visibili ai nostri occhi questi intervalli spettrali, abbiamo bisogno di uno strumento. I sensori di immagine di tutte le fotocamere digitali disponibili in commercio sono fondamentalmente adatti a catturare il vicino infrarosso o l'UV. \u00c8 solo la condizione di fabbrica in cui viene acquistata una fotocamera che rende estremamente difficile o addirittura impossibile fotografare l'infrarosso. Per sapere quali sono le opzioni disponibili per la fotografia digitale a infrarossi, consultare la sezione <a class=\"rank-math-link\" href=\"https:\/\/irrecams.de\/it\/la-tecnologia-di-conversione-a-infrarossi-spiegata\/\">Sezione tecnologia<\/a>.<\/p>\n\n\n\n<h2 class=\"wp-block-heading\">Effetto immagine delle immagini a infrarossi<\/h2>\n\n\n\n<p>Catturare l'invisibile ha certamente il suo fascino. Osservate oggettivamente, le immagini IR mostrano a volte texture superficiali completamente diverse e le immagini spesso guadagnano in brillantezza e contrasto. Probabilmente la caratteristica pi\u00f9 evidente della fotografia a infrarossi \u00e8 il fogliame chiaro. Oltre al cosiddetto effetto legno, si nota che il cielo e l'acqua sono molto pi\u00f9 scuri. Spesso, soprattutto in combinazione con nuvole vellutate, \u00e8 possibile ottenere un contrasto molto piacevole nel cielo.<\/p>\n\n\n\n<figure class=\"wp-block-image size-large\"><a href=\"https:\/\/irrecams.de\/wp-content\/uploads\/2021\/01\/SAM_7784.jpg\"><img loading=\"lazy\" decoding=\"async\" width=\"1024\" height=\"684\" src=\"https:\/\/irrecams.de\/wp-content\/uploads\/2021\/01\/SAM_7784-1024x684.jpg\" alt=\"630 nm\" class=\"wp-image-5886\" srcset=\"https:\/\/irrecams.de\/wp-content\/uploads\/2021\/01\/SAM_7784-1024x684.jpg 1024w, https:\/\/irrecams.de\/wp-content\/uploads\/2021\/01\/SAM_7784-600x401.jpg 600w, https:\/\/irrecams.de\/wp-content\/uploads\/2021\/01\/SAM_7784-300x200.jpg 300w, https:\/\/irrecams.de\/wp-content\/uploads\/2021\/01\/SAM_7784-768x513.jpg 768w, https:\/\/irrecams.de\/wp-content\/uploads\/2021\/01\/SAM_7784-1536x1026.jpg 1536w, https:\/\/irrecams.de\/wp-content\/uploads\/2021\/01\/SAM_7784-350x234.jpg 350w, https:\/\/irrecams.de\/wp-content\/uploads\/2021\/01\/SAM_7784.jpg 2000w\" sizes=\"auto, (max-width: 1024px) 100vw, 1024px\" \/><\/a><\/figure>\n\n\n\n<p>Le immagini IR appaiono spesso ricche di contrasto, non da ultimo perch\u00e9 molte sono state scattate con una forte luce di mezzogiorno. Tuttavia, le ombre e le luci sono ben definite. Il fogliame di un paesaggio agisce come un grande riflettore e garantisce una luce sufficiente anche all'ombra degli alberi. Con la fotografia a infrarossi \u00e8 facile creare atmosfere inconfondibili. Un paesaggio familiare risplende in una luce completamente nuova. <\/p>\n\n\n\n<p>La maggior parte dei fotografi all'infrarosso si occupa di fotografia di paesaggio, ma naturalmente l'applicazione non si limita a questo. Chiunque si cimenti nella fotografia di ritratto a infrarossi si rende subito conto che la pelle umana assume un colorito chiaro e morbido. Si tratta di un effetto molto apprezzato, non solo dai fotografi di matrimonio.<\/p>\n\n\n\n<figure class=\"wp-block-image size-large\"><a href=\"https:\/\/irrecams.de\/wp-content\/uploads\/2021\/01\/IMGP9855.jpg\"><img loading=\"lazy\" decoding=\"async\" width=\"1024\" height=\"679\" src=\"https:\/\/irrecams.de\/wp-content\/uploads\/2021\/01\/IMGP9855-1024x679.jpg\" alt=\"\" class=\"wp-image-6015\" srcset=\"https:\/\/irrecams.de\/wp-content\/uploads\/2021\/01\/IMGP9855-1024x679.jpg 1024w, https:\/\/irrecams.de\/wp-content\/uploads\/2021\/01\/IMGP9855-600x398.jpg 600w, https:\/\/irrecams.de\/wp-content\/uploads\/2021\/01\/IMGP9855-300x199.jpg 300w, https:\/\/irrecams.de\/wp-content\/uploads\/2021\/01\/IMGP9855-768x509.jpg 768w, https:\/\/irrecams.de\/wp-content\/uploads\/2021\/01\/IMGP9855-350x232.jpg 350w, https:\/\/irrecams.de\/wp-content\/uploads\/2021\/01\/IMGP9855.jpg 1500w\" sizes=\"auto, (max-width: 1024px) 100vw, 1024px\" \/><\/a><\/figure>\n\n\n\n<h2 class=\"wp-block-heading\">Immagini all'infrarosso a colori<\/h2>\n\n\n\n<p>Fotografare all'infrarosso non significa sempre fotografare in bianco e nero. A seconda del filtro utilizzato, \u00e8 possibile creare immagini a colori all'infrarosso con colori (falsi) molto vari e suggestivi. Non appena la luce infrarossa pura sopra gli 830 nm colpisce il sensore della fotocamera, ma anche una miscela di lunghezze d'onda della gamma spettrale visibile, nell'immagine digitale vengono create informazioni sui colori. Naturalmente si tratta di 100 % artificiali e non hanno nulla a che fare con la natura reale della luce infrarossa. Tuttavia, questo tipo di \"artefatto\" pu\u00f2 essere utilizzato per catturare atmosfere mozzafiato.<\/p>\n\n\n\n<figure class=\"wp-block-image size-large\"><a href=\"https:\/\/irrecams.de\/wp-content\/uploads\/2021\/01\/DSCF9277.jpg\"><img loading=\"lazy\" decoding=\"async\" width=\"681\" height=\"1024\" src=\"https:\/\/irrecams.de\/wp-content\/uploads\/2021\/01\/DSCF9277-681x1024.jpg\" alt=\"630 nm\" class=\"wp-image-5932\" srcset=\"https:\/\/irrecams.de\/wp-content\/uploads\/2021\/01\/DSCF9277-681x1024.jpg 681w, https:\/\/irrecams.de\/wp-content\/uploads\/2021\/01\/DSCF9277-600x902.jpg 600w, https:\/\/irrecams.de\/wp-content\/uploads\/2021\/01\/DSCF9277-200x300.jpg 200w, https:\/\/irrecams.de\/wp-content\/uploads\/2021\/01\/DSCF9277-768x1154.jpg 768w, https:\/\/irrecams.de\/wp-content\/uploads\/2021\/01\/DSCF9277-350x526.jpg 350w, https:\/\/irrecams.de\/wp-content\/uploads\/2021\/01\/DSCF9277.jpg 998w\" sizes=\"auto, (max-width: 681px) 100vw, 681px\" \/><\/a><\/figure>\n\n\n\n<p>Tuttavia, questi colori con fogliame giallo o addirittura rosso non escono direttamente dalla fotocamera; di solito \u00e8 necessaria una post-elaborazione. Maggiori informazioni sulle fasi di elaborazione sono disponibili sul sito <a class=\"rank-math-link\" href=\"https:\/\/irrecams.de\/it\/post-elaborazione-a-infrarossi\/\">nell'ultima pagina di questa guida<\/a> riassunto. Con una post-elaborazione significativamente inferiore, il <a class=\"rank-math-link\" href=\"https:\/\/irrecams.de\/it\/filtro-effetto-infrarosso-a-confronto\/#infrablue\">InfraBlu<\/a> Filtro alla destinazione.<\/p>\n\n\n\n<div class=\"wp-block-buttons is-content-justification-center is-layout-flex wp-container-core-buttons-is-layout-a89b3969 wp-block-buttons-is-layout-flex\">\n<div class=\"wp-block-button\"><a class=\"wp-block-button__link wp-element-button\" href=\"https:\/\/irrecams.de\/it\/galleria-a-infrarossi\/\" style=\"border-radius:5px\">Altri suggerimenti per le immagini<\/a><\/div>\n\n\n\n<div class=\"wp-block-button\"><a class=\"wp-block-button__link wp-element-button\" href=\"https:\/\/irrecams.de\/it\/filtro-effetto-infrarosso-a-confronto\/\" style=\"border-radius:5px\">Ulteriori informazioni sui filtri<\/a><\/div>\n\n\n\n<div class=\"wp-block-button\"><a class=\"wp-block-button__link wp-element-button\" href=\"https:\/\/irrecams.de\/it\/la-tecnologia-di-conversione-a-infrarossi-spiegata\/\" style=\"border-radius:5px\">Ulteriori informazioni sull'installazione delle telecamere<\/a><\/div>\n<\/div>\n\n\n\n<p><\/p>","protected":false},"excerpt":{"rendered":"<p>&#8220;Infrarot Fotografie? Das habe ich noch nie geh\u00f6rt.&#8221; Aber mit gro\u00dfer Sicherheit schon einmal gesehen, ohne zu wissen, dass es Infrarotfotografie ist. Das Fotografieren im Infrarotbereich produziert einen unverkennbaren &#8220;Look&#8221;. Gr\u00fcnes Laub wird intensiv hell, ein blauer Himmel wird viel dunkler abgebildet und der Hautton von portr\u00e4tierten Personen geht in bla\u00dfe Pastelfarben \u00fcber. In der [&hellip;]<\/p>\n","protected":false},"author":1,"featured_media":0,"parent":0,"menu_order":1,"comment_status":"closed","ping_status":"closed","template":"","meta":{"footnotes":""},"class_list":["post-28","page","type-page","status-publish","hentry"],"_links":{"self":[{"href":"https:\/\/irrecams.de\/it\/wp-json\/wp\/v2\/pages\/28","targetHints":{"allow":["GET"]}}],"collection":[{"href":"https:\/\/irrecams.de\/it\/wp-json\/wp\/v2\/pages"}],"about":[{"href":"https:\/\/irrecams.de\/it\/wp-json\/wp\/v2\/types\/page"}],"author":[{"embeddable":true,"href":"https:\/\/irrecams.de\/it\/wp-json\/wp\/v2\/users\/1"}],"replies":[{"embeddable":true,"href":"https:\/\/irrecams.de\/it\/wp-json\/wp\/v2\/comments?post=28"}],"version-history":[{"count":3,"href":"https:\/\/irrecams.de\/it\/wp-json\/wp\/v2\/pages\/28\/revisions"}],"predecessor-version":[{"id":13395,"href":"https:\/\/irrecams.de\/it\/wp-json\/wp\/v2\/pages\/28\/revisions\/13395"}],"wp:attachment":[{"href":"https:\/\/irrecams.de\/it\/wp-json\/wp\/v2\/media?parent=28"}],"curies":[{"name":"wp","href":"https:\/\/api.w.org\/{rel}","templated":true}]}}