{"id":36,"date":"2015-01-06T11:51:11","date_gmt":"2015-01-06T10:51:11","guid":{"rendered":"http:\/\/wp10590344.server-he.de\/irrecams2\/?page_id=36"},"modified":"2024-09-17T11:51:10","modified_gmt":"2024-09-17T09:51:10","slug":"hotspot-a-infrarossi-e-altri-errori-di-immagine","status":"publish","type":"page","link":"https:\/\/irrecams.de\/it\/hotspot-a-infrarossi-e-altri-errori-di-immagine\/","title":{"rendered":"Hotspot a infrarossi e altri errori di immagine"},"content":{"rendered":"<p>Tutti gli obiettivi che utilizziamo per la fotografia (con alcune eccezioni esotiche e molto costose) sono progettati e ottimizzati per la gamma visibile. Questo vale per la nitidezza, la messa a fuoco e il rivestimento per la protezione dalle immagini fantasma in controluce - il problema pi\u00f9 noto \u00e8 probabilmente il punto caldo dell'infrarosso. Ciononostante, \u00e8 possibile ottenere risultati eccellenti con la maggior parte degli obiettivi nella gamma IR. Sfortunatamente, pochi di questi difetti possono essere individuati in un obiettivo prima che sia stato testato. Tuttavia, alcuni problemi sono comuni a molti obiettivi, quindi vediamo come aggirarli.<\/p>\n\n\n\n<h2 class=\"wp-block-heading\">Perdita di nitidezza e di dettagli<\/h2>\n\n\n\n<p>Il design ottico dei nostri obiettivi \u00e8 calcolato per la gamma visibile. In linea di principio, \u00e8 possibile misurare una certa perdita di nitidezza in ogni obiettivo quando viene utilizzato per la fotografia a infrarossi. Con la maggior parte degli obiettivi, questa perdita \u00e8 cos\u00ec piccola che non \u00e8 quasi necessario parlarne. Molto peggiore \u00e8 spesso la perdita di nitidezza verso il bordo dell'immagine, che si verifica soprattutto con gli obiettivi grandangolari e ultragrandangolari. Per migliorare la nitidezza in generale, \u00e8 utile chiudere l'apertura, come nella fotografia \"normale\". Tuttavia, questo comporta altri problemi. Da un lato, la riduzione del diaframma pu\u00f2 causare un punto caldo e, dall'altro, la luce infrarossa a onde lunghe \u00e8 molto pi\u00f9 soggetta a sfocature da diffrazione rispetto alla gamma visibile. In generale, l'apertura del diaframma dovrebbe essere chiusa solo fino allo stretto necessario per le immagini IR.<\/p>\n\n\n\n<h2 class=\"wp-block-heading\">Messa a fuoco automatica nella fotografia a infrarossi<\/h2>\n\n\n\n<p> Il corretto funzionamento dell'autofocus pu\u00f2 essere pi\u00f9 critico della nitidezza dell'immagine. Con le moderne fotocamere mirrorless, di solito non ci sono problemi o sorprese. Ma con le fotocamere reflex digitali \u00e8 necessario prestare attenzione ad alcuni aspetti.<\/p>\n\n\n\n<p>Per scattare una foto nella gamma degli infrarossi, \u00e8 necessario mettere a fuoco \"un po' pi\u00f9 vicino\" rispetto allo spettro visibile. I vecchi obiettivi manuali avevano spesso un contrassegno IR rosso sulla ghiera di messa a fuoco a questo scopo. Nell'era dell'AF, la messa a fuoco non \u00e8 pi\u00f9 compito del fotografo ma della fotocamera, e questo dovrebbe valere anche per la fotografia digitale all'infrarosso. In una conversione professionale all'infrarosso, l'autofocus della fotocamera SLR viene regolato una volta, in modo che il sistema AF della fotocamera possa ora mettere a fuoco correttamente tutti gli obiettivi per la gamma IR. Una conversione completa all'infrarosso \u00e8 l'unico modo per poter utilizzare l'autofocus su una DSLR e quindi per poter mettere a fuoco in modo rapido e affidabile.<\/p>\n\n\n\n<figure class=\"wp-block-image size-large\"><a href=\"https:\/\/irrecams.de\/wp-content\/uploads\/2021\/01\/IMGP8689.jpg\"><img loading=\"lazy\" decoding=\"async\" width=\"1024\" height=\"681\" src=\"https:\/\/irrecams.de\/wp-content\/uploads\/2021\/01\/IMGP8689-1024x681.jpg\" alt=\"700 nm\" class=\"wp-image-5833\" title=\"La messa a fuoco a infrarossi garantisce immagini nitide\" srcset=\"https:\/\/irrecams.de\/wp-content\/uploads\/2021\/01\/IMGP8689-1024x681.jpg 1024w, https:\/\/irrecams.de\/wp-content\/uploads\/2021\/01\/IMGP8689-600x399.jpg 600w, https:\/\/irrecams.de\/wp-content\/uploads\/2021\/01\/IMGP8689-300x199.jpg 300w, https:\/\/irrecams.de\/wp-content\/uploads\/2021\/01\/IMGP8689-768x510.jpg 768w, https:\/\/irrecams.de\/wp-content\/uploads\/2021\/01\/IMGP8689-350x233.jpg 350w, https:\/\/irrecams.de\/wp-content\/uploads\/2021\/01\/IMGP8689.jpg 1500w\" sizes=\"auto, (max-width: 1024px) 100vw, 1024px\" \/><\/a><\/figure>\n\n\n\n<p>Una peculiarit\u00e0 degli obiettivi pi\u00f9 vecchi \u00e8 spesso il problema del back focus quando si utilizza una DSLR. La differenza tra luce visibile e IR, che viene compensata sulla fotocamera dalla regolazione della messa a fuoco, non \u00e8 costante per tutti gli obiettivi. Dipende dalla costruzione ottica del rispettivo obiettivo (principalmente dalla qualit\u00e0 della correzione asferica) e possibilmente dalla lunghezza focale impostata (per gli obiettivi zoom). Con la maggior parte dei moderni obiettivi autofocus, non dovrebbero esserci problemi con la messa a fuoco automatica. Pi\u00f9 un obiettivo \u00e8 vecchio, pi\u00f9 \u00e8 probabile che si tratti di un progetto con correzione asferica scarsa o nulla. Tuttavia, non esiste una regola; purtroppo, solo la prova e l'errore possono essere d'aiuto.<\/p>\n\n\n\n<p>Purtroppo, non posso promettere una messa a fuoco perfetta per ogni obiettivo quando si utilizza una DSLR. Per ottenere risultati sempre perfetti anche con \"obiettivi problematici\", la cosa pi\u00f9 sensata \u00e8 utilizzare una fotocamera (DSLR) con autofocus a contrasto tramite il sensore. La differenza di messa a fuoco non \u00e8 un problema con l'autofocus a contrasto tramite il sensore, poich\u00e9 vede gi\u00e0 la luce IR e mette a fuoco con precisione. Con le fotocamere di sistema mirrorless, la posizione di messa a fuoco non \u00e8 in genere problematica, poich\u00e9 queste fotocamere lavorano costantemente in \"modalit\u00e0 LiveView\" grazie alla loro struttura.<\/p>\n\n\n\n<h2 class=\"wp-block-heading\">Hotspot a infrarossi e contromisure<\/h2>\n\n\n\n<p>Un difetto dell'immagine molto sgradevole \u00e8 il punto caldo. Un hotspot \u00e8 un'area circolare al centro dell'immagine che \u00e8 pi\u00f9 luminosa e quindi risalta in modo evidente. Il canale blu dell'immagine \u00e8 spesso pi\u00f9 colpito da questo fenomeno, per cui un hotspot appare come un blob di colore che peggiora la situazione.<\/p>\n\n\n\n<p>L'hotspot \u00e8 dovuto al rivestimento inadeguato delle lenti nella gamma IR, il che significa che non \u00e8 facile evitarlo. Se un obiettivo ne \u00e8 affetto, pu\u00f2 essere utile sperimentare diverse aperture. L'intensit\u00e0 dell'hotspot aumenta con l'abbassamento della luminosit\u00e0, e questo \u00e8 un altro motivo per non abbassare troppo gli obiettivi. Inoltre, le situazioni di controluce possono intensificare l'hotspot: l'uso di un paraluce dovrebbe quindi essere obbligatorio almeno per gli obiettivi interessati.<\/p>\n\n\n\n<figure class=\"wp-block-image size-large\"><a href=\"https:\/\/irrecams.de\/wp-content\/uploads\/2015\/01\/hotspot.jpg\"><img loading=\"lazy\" decoding=\"async\" width=\"1024\" height=\"760\" src=\"https:\/\/irrecams.de\/wp-content\/uploads\/2015\/01\/hotspot-1024x760.jpg\" alt=\"\" class=\"wp-image-539\" title=\"Hotspot a infrarossi e come evitarlo\" srcset=\"https:\/\/irrecams.de\/wp-content\/uploads\/2015\/01\/hotspot-1024x760.jpg 1024w, https:\/\/irrecams.de\/wp-content\/uploads\/2015\/01\/hotspot-600x445.jpg 600w, https:\/\/irrecams.de\/wp-content\/uploads\/2015\/01\/hotspot-300x223.jpg 300w, https:\/\/irrecams.de\/wp-content\/uploads\/2015\/01\/hotspot.jpg 1388w\" sizes=\"auto, (max-width: 1024px) 100vw, 1024px\" \/><\/a><\/figure>\n\n\n\n<p>Una volta che un punto caldo \u00e8 presente nell'immagine, si pu\u00f2 provare a ritoccarlo sul PC. Anche se sembra possibile, si tratta spesso di un lavoro noioso e lungo. Una tecnica molto rapida ed efficace \u00e8 quella di convertire l'immagine in bianco e nero. L'hotspot si verifica principalmente nelle IR a colori, mentre in un'immagine monocromatica \u00e8 solo molto debole o non \u00e8 visibile affatto.<\/p>\n\n\n\n<h2 class=\"wp-block-heading\">Flares dell'obiettivo e retroilluminazione<\/h2>\n\n\n\n<p>Il contrasto globale di un'immagine IR diminuisce molto rapidamente in controluce. Le zone d'ombra diventano opache e confuse e persino i punti caldi possono essere enfatizzati. Oltre alla semplice regola di non fotografare in controluce, la prima cosa da fare \u00e8 ombreggiare accuratamente l'obiettivo anteriore. Questo pu\u00f2 essere fatto con una mano o applicando un parasole.<\/p>\n\n\n\n<figure class=\"wp-block-image size-large\"><a href=\"https:\/\/irrecams.de\/wp-content\/uploads\/2021\/01\/IR202372.jpg\"><img loading=\"lazy\" decoding=\"async\" width=\"681\" height=\"1024\" src=\"https:\/\/irrecams.de\/wp-content\/uploads\/2021\/01\/IR202372-681x1024.jpg\" alt=\"630 nm\" class=\"wp-image-5976\" title=\"I bagliori delle lenti a infrarossi e come evitarli\" srcset=\"https:\/\/irrecams.de\/wp-content\/uploads\/2021\/01\/IR202372-681x1024.jpg 681w, https:\/\/irrecams.de\/wp-content\/uploads\/2021\/01\/IR202372-600x902.jpg 600w, https:\/\/irrecams.de\/wp-content\/uploads\/2021\/01\/IR202372-200x300.jpg 200w, https:\/\/irrecams.de\/wp-content\/uploads\/2021\/01\/IR202372-768x1154.jpg 768w, https:\/\/irrecams.de\/wp-content\/uploads\/2021\/01\/IR202372-350x526.jpg 350w, https:\/\/irrecams.de\/wp-content\/uploads\/2021\/01\/IR202372.jpg 998w\" sizes=\"auto, (max-width: 681px) 100vw, 681px\" \/><\/a><\/figure>\n\n\n\n<p>Infine, a causa del rivestimento inefficace della maggior parte degli obiettivi nella gamma IR, i bagliori delle lenti si verificano molto rapidamente in situazioni di controluce. Questo fenomeno pu\u00f2 essere evitato o almeno ridotto al minimo evitando le situazioni di controluce, utilizzando un paraluce e possibilmente riducendo l'ingrandimento. Un'altra possibilit\u00e0 \u00e8 quella di incorporare in modo creativo i lens flares nella composizione dell'immagine! In molti programmi di editing grafico esistono filtri aggiuntivi che creano artificialmente questo effetto. Noi li abbiamo integrati subito.<\/p>\n\n\n\n<h2 class=\"wp-block-heading\">Previsione degli errori di immagine<\/h2>\n\n\n\n<p>Purtroppo non \u00e8 possibile sapere in anticipo se un obiettivo produrr\u00e0 errori di immagine e, in tal caso, quali. Potete provarlo voi stessi (ricordate il diritto di permuta di 14 giorni quando acquistate un obiettivo, di solito gli obiettivi usati possono essere rivenduti senza alcuna perdita di valore), oppure ricercare le esperienze di altri fotografi con l'obiettivo prima di acquistarlo. Su Internet sono disponibili anche alcuni database che riassumono le esperienze di molti utenti: in questo modo avrete almeno un'indicazione di quali obiettivi potrebbero essere adatti prima di acquistarli.<\/p>","protected":false},"excerpt":{"rendered":"<p>Alle Objektive, die wir f\u00fcr die Fotografie benutzen (bis auf ein paar wenige exotische und sehr teure Ausnahmen) sind f\u00fcr den sichtbaren Bereich konstruiert und optimiert. Das betrifft Sch\u00e4rfe, Fokus und die Verg\u00fctung zum Schutz vor Geisterbildern bei Gegenlicht &#8211; am bekanntesten ist wohl das Problem des Infrarot Hotspot. Dennoch lassen sich mit den meisten [&hellip;]<\/p>\n","protected":false},"author":1,"featured_media":0,"parent":0,"menu_order":4,"comment_status":"closed","ping_status":"closed","template":"","meta":{"footnotes":""},"class_list":["post-36","page","type-page","status-publish","hentry"],"_links":{"self":[{"href":"https:\/\/irrecams.de\/it\/wp-json\/wp\/v2\/pages\/36","targetHints":{"allow":["GET"]}}],"collection":[{"href":"https:\/\/irrecams.de\/it\/wp-json\/wp\/v2\/pages"}],"about":[{"href":"https:\/\/irrecams.de\/it\/wp-json\/wp\/v2\/types\/page"}],"author":[{"embeddable":true,"href":"https:\/\/irrecams.de\/it\/wp-json\/wp\/v2\/users\/1"}],"replies":[{"embeddable":true,"href":"https:\/\/irrecams.de\/it\/wp-json\/wp\/v2\/comments?post=36"}],"version-history":[{"count":3,"href":"https:\/\/irrecams.de\/it\/wp-json\/wp\/v2\/pages\/36\/revisions"}],"predecessor-version":[{"id":13404,"href":"https:\/\/irrecams.de\/it\/wp-json\/wp\/v2\/pages\/36\/revisions\/13404"}],"wp:attachment":[{"href":"https:\/\/irrecams.de\/it\/wp-json\/wp\/v2\/media?parent=36"}],"curies":[{"name":"wp","href":"https:\/\/api.w.org\/{rel}","templated":true}]}}