{"id":38,"date":"2015-01-06T11:51:40","date_gmt":"2015-01-06T10:51:40","guid":{"rendered":"http:\/\/wp10590344.server-he.de\/irrecams2\/?page_id=38"},"modified":"2024-09-17T12:00:34","modified_gmt":"2024-09-17T10:00:34","slug":"post-elaborazione-a-infrarossi","status":"publish","type":"page","link":"https:\/\/irrecams.de\/it\/post-elaborazione-a-infrarossi\/","title":{"rendered":"Post-elaborazione a infrarossi"},"content":{"rendered":"<p>Per i principianti, le fasi di elaborazione della fotografia digitale a infrarossi sono inizialmente sconosciute e strane. Senza una guida, \u00e8 molto difficile ottenere il risultato desiderato. Tuttavia, la post-elaborazione all'infrarosso non \u00e8 una scienza missilistica e se si interiorizzano i passaggi passo dopo passo, \u00e8 facile e veloce da eseguire.<\/p>\n\n\n\n<h2 class=\"wp-block-heading\">Senza alcuna post-elaborazione a infrarossi?<\/h2>\n\n\n\n<p>Prima di addentrarci nella sostituzione dei canali, nel bilanciamento del bianco e nelle regolazioni del contrasto, \u00e8 necessario fare una premessa: La fotografia all'infrarosso richiede un'elaborazione intensiva, soprattutto se si vuole ottenere un infrarosso a colori o ColorKey. Per l'elaborazione dell'infrarosso in bianco e nero puro, \u00e8 necessaria solo un'elaborazione minima o addirittura nulla se non si desidera questo risultato. Se si imposta un bilanciamento del bianco approssimativo nella fotocamera e si cambia il profilo dell'immagine in monocromatico, ci si pu\u00f2 accontentare dei file JPEG direttamente dalla fotocamera. E non c'\u00e8 niente di male in questo, dopo tutto si tratta di godersi la fotografia e ogni fotografo ha preferenze e approcci diversi.<\/p>\n\n\n\n<figure class=\"wp-block-image size-large\"><a href=\"https:\/\/irrecams.de\/wp-content\/uploads\/2021\/01\/DSCF9162.jpg\"><img loading=\"lazy\" decoding=\"async\" width=\"1024\" height=\"684\" src=\"https:\/\/irrecams.de\/wp-content\/uploads\/2021\/01\/DSCF9162-1024x684.jpg\" alt=\"630 nm\" class=\"wp-image-5915\" srcset=\"https:\/\/irrecams.de\/wp-content\/uploads\/2021\/01\/DSCF9162-1024x684.jpg 1024w, https:\/\/irrecams.de\/wp-content\/uploads\/2021\/01\/DSCF9162-600x401.jpg 600w, https:\/\/irrecams.de\/wp-content\/uploads\/2021\/01\/DSCF9162-300x200.jpg 300w, https:\/\/irrecams.de\/wp-content\/uploads\/2021\/01\/DSCF9162-768x513.jpg 768w, https:\/\/irrecams.de\/wp-content\/uploads\/2021\/01\/DSCF9162-350x234.jpg 350w, https:\/\/irrecams.de\/wp-content\/uploads\/2021\/01\/DSCF9162.jpg 1500w\" sizes=\"auto, (max-width: 1024px) 100vw, 1024px\" \/><\/a><\/figure>\n\n\n\n<p>Per tutti coloro che desiderano approfondire la fotografia IR (a colori), consiglio di continuare a leggere.<\/p>\n\n\n\n<h2 class=\"wp-block-heading\">Bilanciamento del bianco nella fotografia all'infrarosso<\/h2>\n\n\n\n<p>Anche se tecnicamente si potrebbe continuare a lavorare con i file JPEG di una fotocamera convertita, questo non \u00e8 consigliabile, soprattutto per le immagini a colori all'infrarosso. Consiglio sempre di scattare in formato RAW, in modo da poter regolare con precisione l'esposizione e, soprattutto, il bilanciamento del bianco al computer. Un'immagine digitale all'infrarosso richiede un bilanciamento del bianco piuttosto estremo, in cui il canale rosso viene attenuato e i canali blu e verde devono essere intensamente potenziati. Questo \u00e8 spesso possibile da un file RAW, ma non da un file JPEG a 8 bit. Anche se il bilanciamento del bianco \u00e8 gi\u00e0 stato impostato correttamente nella fotocamera, possono verificarsi distorsioni dei valori tonali.<\/p>\n\n\n\n<p>Spesso si legge che il bilanciamento del bianco deve essere calibrato su un pezzo d'erba o un albero. Questa \u00e8 una soluzione pratica, soprattutto per i filtri infrarossi pi\u00f9 forti (700 nm o 830 nm). Tuttavia, per impostare un bilanciamento del bianco veramente neutro, che \u00e8 tanto pi\u00f9 evidente con i filtri infrarossi con una saturazione iniziale del colore pi\u00f9 elevata, \u00e8 consigliabile utilizzare un componente dell'immagine neutro successivo. Nel caso pi\u00f9 semplice, si tratta di una nuvola, che dovrebbe essere bianca anche nell'immagine successiva. Ma anche un muro di casa bianco \u00e8 adatto, o un marciapiede di cemento grigio.<\/p>\n\n\n\n<figure class=\"wp-block-image size-large\"><a href=\"https:\/\/irrecams.de\/wp-content\/uploads\/2020\/07\/Motiv1_Layout-scaled.jpg\"><img loading=\"lazy\" decoding=\"async\" width=\"1024\" height=\"965\" src=\"https:\/\/irrecams.de\/wp-content\/uploads\/2020\/07\/Motiv1_Layout-1024x965.jpg\" alt=\"Filtri effetto infrarosso a confronto - Motif 1\" class=\"wp-image-5159\" srcset=\"https:\/\/irrecams.de\/wp-content\/uploads\/2020\/07\/Motiv1_Layout-1024x965.jpg 1024w, https:\/\/irrecams.de\/wp-content\/uploads\/2020\/07\/Motiv1_Layout-scaled-600x565.jpg 600w, https:\/\/irrecams.de\/wp-content\/uploads\/2020\/07\/Motiv1_Layout-300x283.jpg 300w, https:\/\/irrecams.de\/wp-content\/uploads\/2020\/07\/Motiv1_Layout-768x724.jpg 768w, https:\/\/irrecams.de\/wp-content\/uploads\/2020\/07\/Motiv1_Layout-1536x1447.jpg 1536w, https:\/\/irrecams.de\/wp-content\/uploads\/2020\/07\/Motiv1_Layout-2048x1930.jpg 2048w, https:\/\/irrecams.de\/wp-content\/uploads\/2020\/07\/Motiv1_Layout-350x330.jpg 350w\" sizes=\"auto, (max-width: 1024px) 100vw, 1024px\" \/><\/a><figcaption class=\"wp-element-caption\">Una panoramica delle varie fasi di elaborazione e dell'influenza del bilanciamento del bianco e dello scambio di canali.<\/figcaption><\/figure>\n\n\n\n<h2 class=\"wp-block-heading\">Scambio di canali con il mixer di canali<\/h2>\n\n\n\n<p>Una volta impostato correttamente il bilanciamento del bianco dell'immagine, si noter\u00e0 che il cielo appare marroncino e il fogliame bluastro (a seconda del filtro). Questo pu\u00f2 sicuramente essere intenzionale e dare buoni risultati, ma la maggior parte dei fotografi all'infrarosso cerca di mescolare le cose. Per ottenere un cielo blu e un fogliame giallo, \u00e8 necessario scambiare i canali rosso e blu. Questo scambio di canali \u00e8 possibile con qualsiasi software che abbia un mixer di canali integrato, uno strumento abbastanza comune. \u00c8 necessario effettuare le seguenti impostazioni:<\/p>\n\n\n\n<div class=\"wp-block-media-text alignwide has-media-on-the-right is-stacked-on-mobile\"><div class=\"wp-block-media-text__content\">\n<ol class=\"wp-block-list\">\n<li>Rosso Selezionare il canale<\/li>\n\n\n\n<li>Impostare i componenti rossi a 0 e i componenti blu a 100.<\/li>\n\n\n\n<li>Selezionare il canale blu<\/li>\n\n\n\n<li>Impostare i componenti rossi a 100 e i componenti blu a 0.<\/li>\n<\/ol>\n<\/div><figure class=\"wp-block-media-text__media\"><img loading=\"lazy\" decoding=\"async\" width=\"364\" height=\"236\" src=\"https:\/\/irrecams.de\/wp-content\/uploads\/2015\/01\/kanal.jpg\" alt=\"\" class=\"wp-image-437 size-full\" srcset=\"https:\/\/irrecams.de\/wp-content\/uploads\/2015\/01\/kanal.jpg 364w, https:\/\/irrecams.de\/wp-content\/uploads\/2015\/01\/kanal-350x227.jpg 350w, https:\/\/irrecams.de\/wp-content\/uploads\/2015\/01\/kanal-300x195.jpg 300w\" sizes=\"auto, (max-width: 364px) 100vw, 364px\" \/><\/figure><\/div>\n\n\n\n<h2 class=\"wp-block-heading\">Contrasto e dinamica<\/h2>\n\n\n\n<p>Spesso un'immagine all'infrarosso non sfrutta appieno la gamma dinamica del sensore; \u00e8 persino tecnicamente necessario non portare l'esposizione dell'istogramma sul bordo destro. \u00c8 quindi spesso necessario aumentare l'esposizione e il contrasto fino a quando la vegetazione \u00e8 sufficientemente bianca, ma non eccessivamente luminosa. Si tratta di un'operazione di bilanciamento per la quale \u00e8 consigliabile tenere sotto controllo l'istogramma. Se si lavora con un file RAW, la vita \u00e8 molto pi\u00f9 semplice.<\/p>\n\n\n\n<h2 class=\"wp-block-heading\">Elaborazione avanzata degli infrarossi in bianco e nero<\/h2>\n\n\n\n<p>Il bilanciamento del bianco pu\u00f2 essere ampiamente ignorato se si vuole ottenere un'immagine monocromatica. Tuttavia, un bilanciamento del bianco approssimativamente corretto \u00e8 necessario per ottenere immagini in bianco e nero ad alto contrasto e ben definite. Per la conversione in bianco e nero, di solito \u00e8 sufficiente impostare la saturazione su 0 con qualsiasi strumento.<\/p>\n\n\n\n<p>Tuttavia, gli utenti avanzati possono anche utilizzare il mixer dei canali per eseguire la conversione in B&amp;N. Se il bilanciamento del bianco \u00e8 impostato correttamente, si ha un maggiore controllo sulla luminosit\u00e0 del cielo e della vegetazione. Nella mia esperienza, tuttavia, \u00e8 sufficiente eseguire una semplice desaturazione, le differenze sono marginali. Tra l'altro, una successiva tonalit\u00e0 di colore (ad esempio, seppia) pu\u00f2 aggiungere la ciliegina sulla torta.<\/p>\n\n\n\n<h2 class=\"wp-block-heading\">Post-elaborazione ColourKey in IR<\/h2>\n\n\n\n<p>Infine, \u00e8 molto diffusa anche la chiave di colore, cio\u00e8 una combinazione di colori e bianco e nero. Alcuni programmi di modifica delle immagini dispongono gi\u00e0 di una funzione integrata che consente di ottenere un risultato pi\u00f9 o meno buono con un solo clic. In alternativa, per mantenere un maggiore controllo, \u00e8 sufficiente copiare il livello nel programma di modifica delle immagini e desaturare solo il livello superiore (o viceversa, a seconda dei gusti). Applicare ora una maschera di livello al livello superiore e \"ritrarre\" tutte le aree che dovrebbero essere colorate con il nero, cio\u00e8 renderle trasparenti. La versione colorata del livello inferiore \u00e8 ora visibile in queste aree. \u00c8 ancora pi\u00f9 facile con il programma darktable e le sue ampie funzioni di maschera (vedi sotto).<\/p>\n\n\n\n<figure class=\"wp-block-image size-large\"><a href=\"https:\/\/irrecams.de\/wp-content\/uploads\/2021\/01\/IR201741.jpg\"><img loading=\"lazy\" decoding=\"async\" width=\"1024\" height=\"683\" src=\"https:\/\/irrecams.de\/wp-content\/uploads\/2021\/01\/IR201741-1024x683.jpg\" alt=\"630 nm\" class=\"wp-image-5973\" srcset=\"https:\/\/irrecams.de\/wp-content\/uploads\/2021\/01\/IR201741-1024x683.jpg 1024w, https:\/\/irrecams.de\/wp-content\/uploads\/2021\/01\/IR201741-600x400.jpg 600w, https:\/\/irrecams.de\/wp-content\/uploads\/2021\/01\/IR201741-300x200.jpg 300w, https:\/\/irrecams.de\/wp-content\/uploads\/2021\/01\/IR201741-768x512.jpg 768w, https:\/\/irrecams.de\/wp-content\/uploads\/2021\/01\/IR201741-350x233.jpg 350w, https:\/\/irrecams.de\/wp-content\/uploads\/2021\/01\/IR201741.jpg 1500w\" sizes=\"auto, (max-width: 1024px) 100vw, 1024px\" \/><\/a><\/figure>\n\n\n\n<h2 class=\"wp-block-heading\">darktable per la post-elaborazione a infrarossi<\/h2>\n\n\n\n<p>Il mio consiglio per la post-elaborazione a infrarossi \u00e8 il programma open source darktable. Questo programma gratuito per lo sviluppo, la modifica e l'ordinamento dei file RAW \u00e8 disponibile per tutte le piattaforme e offre pi\u00f9 di tutti gli strumenti necessari per la post-elaborazione a infrarossi. \u00c8 possibile approfondire darktable perch\u00e9 dispone di un'ampia gamma di funzioni. Naturalmente \u00e8 necessario prendersi il tempo necessario per familiarizzare con esso, ma ne vale la pena.<\/p>\n\n\n\n<p>darktable non \u00e8 solo ideale per la fotografia IR, ma tutti gli strumenti necessari sono disponibili anche per la fotografia \"normale\". Non \u00e8 necessario utilizzare altri programmi e non \u00e8 necessario salvare l'immagine per elaborarla ulteriormente con un altro programma. Un grande punto di forza di darktable \u00e8 la gamma di funzioni combinate con varie maschere disegnate e parametriche (note anche come maschere di luminanza e crominanza), che consentono un editing molto controllato delle aree dell'immagine.<\/p>\n\n\n\n<p>Ho gi\u00e0 realizzato molti video di editing per darktable e sono sempre alla ricerca di nuove \"donazioni di immagini\" per ulteriori episodi. I video sono tutti nella cartella <a class=\"rank-math-link\" href=\"https:\/\/irrecams.de\/it\/blog\/video-2\/\">blog di IRreCams<\/a> per trovare.<\/p>\n\n\n\n<figure class=\"wp-block-image size-large\"><a href=\"https:\/\/irrecams.de\/wp-content\/uploads\/2021\/01\/IMGP9798_01.jpg\"><img loading=\"lazy\" decoding=\"async\" width=\"1024\" height=\"342\" src=\"https:\/\/irrecams.de\/wp-content\/uploads\/2021\/01\/IMGP9798_01-1024x342.jpg\" alt=\"700 nm\" class=\"wp-image-5851\" srcset=\"https:\/\/irrecams.de\/wp-content\/uploads\/2021\/01\/IMGP9798_01-1024x342.jpg 1024w, https:\/\/irrecams.de\/wp-content\/uploads\/2021\/01\/IMGP9798_01-600x200.jpg 600w, https:\/\/irrecams.de\/wp-content\/uploads\/2021\/01\/IMGP9798_01-300x100.jpg 300w, https:\/\/irrecams.de\/wp-content\/uploads\/2021\/01\/IMGP9798_01-768x256.jpg 768w, https:\/\/irrecams.de\/wp-content\/uploads\/2021\/01\/IMGP9798_01-1536x512.jpg 1536w, https:\/\/irrecams.de\/wp-content\/uploads\/2021\/01\/IMGP9798_01-350x117.jpg 350w, https:\/\/irrecams.de\/wp-content\/uploads\/2021\/01\/IMGP9798_01.jpg 2000w\" sizes=\"auto, (max-width: 1024px) 100vw, 1024px\" \/><\/a><\/figure>","protected":false},"excerpt":{"rendered":"<p>F\u00fcr Einsteiger sind die Bearbeitungsschritte in der digitalen Infrarot Fotografie zun\u00e4chst ungewohnt und fremd. Ohne einen Leitfaden ist es sehr schwer zum gew\u00fcnschten Ergebnis zu kommen. Dennoch ist die Infrarot Nachbearbeitung kein Hexenwerk und wenn man sich die Schritte St\u00fcck f\u00fcr St\u00fcck verinnerlicht, hat schnell und einfach durchzuf\u00fchren. Ganz ohne Infrarot Nachbearbeitung? Bevor wir nun [&hellip;]<\/p>\n","protected":false},"author":1,"featured_media":0,"parent":0,"menu_order":5,"comment_status":"closed","ping_status":"closed","template":"","meta":{"footnotes":""},"class_list":["post-38","page","type-page","status-publish","hentry"],"_links":{"self":[{"href":"https:\/\/irrecams.de\/it\/wp-json\/wp\/v2\/pages\/38","targetHints":{"allow":["GET"]}}],"collection":[{"href":"https:\/\/irrecams.de\/it\/wp-json\/wp\/v2\/pages"}],"about":[{"href":"https:\/\/irrecams.de\/it\/wp-json\/wp\/v2\/types\/page"}],"author":[{"embeddable":true,"href":"https:\/\/irrecams.de\/it\/wp-json\/wp\/v2\/users\/1"}],"replies":[{"embeddable":true,"href":"https:\/\/irrecams.de\/it\/wp-json\/wp\/v2\/comments?post=38"}],"version-history":[{"count":3,"href":"https:\/\/irrecams.de\/it\/wp-json\/wp\/v2\/pages\/38\/revisions"}],"predecessor-version":[{"id":13406,"href":"https:\/\/irrecams.de\/it\/wp-json\/wp\/v2\/pages\/38\/revisions\/13406"}],"wp:attachment":[{"href":"https:\/\/irrecams.de\/it\/wp-json\/wp\/v2\/media?parent=38"}],"curies":[{"name":"wp","href":"https:\/\/api.w.org\/{rel}","templated":true}]}}