{"id":48,"date":"2015-01-06T12:04:04","date_gmt":"2015-01-06T12:04:04","guid":{"rendered":"http:\/\/wp10590344.server-he.de\/irrecams2\/?page_id=48"},"modified":"2025-09-07T22:06:15","modified_gmt":"2025-09-07T20:06:15","slug":"faq-2","status":"publish","type":"page","link":"https:\/\/irrecams.de\/it\/servizio-di-conversione-a-infrarossi\/faq-2\/","title":{"rendered":"FAQ sul servizio di conversione a infrarossi"},"content":{"rendered":"<h4 class=\"wp-block-heading\">\u00c8 possibile convertire la fotocamera XY con il filtro Z?<\/h4>\n\n\n\n<p>S\u00ec, con piacere. Date un'occhiata al <a class=\"rank-math-link\" href=\"https:\/\/irrecams.de\/it\/umbauservice\/fotocamera-e-listino-prezzi\/\">Elenco delle telecamere<\/a>se abbiamo gi\u00e0 convertito la vostra fotocamera. Inviateci semplicemente un'e-mail a <a href=\"mailto:%69%6E%66%6F%40%69%72%72%65%63%61%6D%73%2E%64%65\">info@IRreCams.de<\/a> o utilizzare la funzione <a class=\"rank-math-link\" href=\"https:\/\/irrecams.de\/it\/umbauservice\/richiesta-di-informazioni\/\">Modulo di richiesta<\/a>per ottenere un rapido preventivo da parte nostra. Abbiamo a disposizione filtri a infrarossi di tutte le dimensioni adatte.<\/p>\n\n\n\n<h4 class=\"wp-block-heading\">Vorrei una telecamera a spettro completo, offrite qualcosa del genere?<\/h4>\n\n\n\n<p>S\u00ec, certo, il filtro da 280 nm \u00e8 perfetto per una conversione non definita. Dopo questa conversione, \u00e8 possibile utilizzare vari filtri IR a vite, fotografare nell'UV o utilizzare di nuovo la fotocamera \"normalmente\" con un filtro di blocco UV\/IR. L'aumento della sensibilit\u00e0 \u00e8 interessante anche per l'astrofotografia. Tuttavia, consigliamo questa conversione solo per le fotocamere mirrorless! Con una DSLR \u00e8 necessario lavorare sempre in modalit\u00e0 LiveView.<\/p>\n\n\n\n<h4 class=\"wp-block-heading\">Avete esperienza con le astromodifiche?<\/h4>\n\n\n\n<p>Da diversi anni offriamo con successo modifiche astro. La conversione astro \u00e8 possibile per quasi tutti i modelli di fotocamera, inserendo nella fotocamera il filtro astro Optolong. Questo filtro lascia passare solo la luce visibile, proprio come il filtro standard, ma mostra la massima trasmissione nella gamma spettrale del rosso. Ci\u00f2 consente al sensore di vedere anche la gamma spettrale H-alfa. In questo intervallo viene emessa molta luce dalle stelle e da alcune nebulose galattiche. \u00c8 possibile ordinare direttamente l'astroconversione <a href=\"https:\/\/irrecams.de\/it\/categoria-prodotto\/servizio-di-conversione-astrocamera\/\" data-type=\"link\" data-id=\"https:\/\/irrecams.de\/produkt-kategorie\/astro-kamera-umbau-service\/\">nel nostro negozio<\/a> per la fotocamera.<\/p>\n\n\n\n<h4 class=\"wp-block-heading\">La fotocamera XY non \u00e8 presente nell'elenco.<\/h4>\n\n\n\n<p>Nessun problema! Sono sempre felice di personalizzare nuovi modelli. Scrivetemi e vi far\u00f2 un'offerta in modo semplice e veloce!<\/p>\n\n\n\n<h4 class=\"wp-block-heading\">Quanto tempo richiede la conversione?<\/h4>\n\n\n\n<p>Una volta ricevuta la fotocamera, questa verr\u00e0 solitamente convertita entro 14 giorni. Nei periodi di punta, tuttavia, il tempo di elaborazione pu\u00f2 essere prolungato in casi eccezionali. \u00c8 possibile un'elaborazione pi\u00f9 breve e garantita entro un massimo di 7 o 3 giorni dall'arrivo della fotocamera, con un costo aggiuntivo.<\/p>\n\n\n\n<h4 class=\"wp-block-heading\">Cosa devo inviare con tutto ci\u00f2?<\/h4>\n\n\n\n<p>Si prega di inviare solo il corpo macchina senza accessori. Assicurarsi di rimuovere la batteria prima della spedizione. Non sono inoltre richiesti la scheda di memoria, gli obiettivi o altri accessori come cinghie e piastre a sgancio rapido.<\/p>\n\n\n\n<h4 class=\"wp-block-heading\">Effettuate spedizioni anche al di fuori della Germania?<\/h4>\n\n\n\n<p>La spedizione in tutti i paesi dell'UE \u00e8 possibile senza problemi. Addebitiamo un costo di spedizione forfettario aggiuntivo di 10 euro.<\/p>\n\n\n\n<h4 class=\"wp-block-heading\">Vi prego di inviarmi le vostre coordinate bancarie in modo che io possa gi\u00e0 pagare!<\/h4>\n\n\n\n<p>Il pagamento avviene comodamente tramite fattura dopo aver ricevuto la fotocamera. Le coordinate bancarie o l'indirizzo PayPal saranno inviati con la fattura.<\/p>\n\n\n\n<h4 class=\"wp-block-heading\">\u00c8 possibile vedere tutto di notte con una telecamera a infrarossi?<\/h4>\n\n\n\n<p>S\u00ec e no. Di notte non c'\u00e8 luce, nemmeno quella a infrarossi. Se si esce di notte con una fotocamera IR, non si vedr\u00e0 molto. Come per la fotografia visiva, \u00e8 necessaria una fonte di luce (IR). Solo cos\u00ec sar\u00e0 possibile vedere qualcosa di notte con la telecamera a infrarossi.<\/p>\n\n\n\n<h4 class=\"wp-block-heading\">\u00c8 possibile vedere i ponti termici negli edifici con una termocamera a infrarossi?<\/h4>\n\n\n\n<p>Purtroppo no. Quando parliamo di infrarossi, ci riferiamo allo spettro del vicino infrarosso (700 - 1.200 nm). Non percepiamo ancora questi intervalli spettrali come calore. La vera radiazione termica (IR medio) va da 3.000 a 50.000 nm. I normali sensori CCD e CMOS delle fotocamere non sono pi\u00f9 in grado di \"vedere\" queste lunghezze d'onda. Per queste applicazioni sono necessarie fotocamere veramente specializzate.<\/p>","protected":false},"excerpt":{"rendered":"<p>K\u00f6nnen Sie die Kamera XY auch mit dem Filter Z umbauen? Ja sehr gerne. Schauen Sie auf die Kameraliste, ob wir Ihre Kamera bereits umgebaut haben. Schreiben Sie uns einfach eine eMail an info@IRreCams.de oder nutzen Sie das Anfrageformular, um schnell ein Angebot von uns zu erhalten. Wir haben die Infrarot Filter in allen passenden [&hellip;]<\/p>\n","protected":false},"author":1,"featured_media":0,"parent":40,"menu_order":0,"comment_status":"closed","ping_status":"open","template":"","meta":{"footnotes":""},"class_list":["post-48","page","type-page","status-publish","hentry"],"_links":{"self":[{"href":"https:\/\/irrecams.de\/it\/wp-json\/wp\/v2\/pages\/48","targetHints":{"allow":["GET"]}}],"collection":[{"href":"https:\/\/irrecams.de\/it\/wp-json\/wp\/v2\/pages"}],"about":[{"href":"https:\/\/irrecams.de\/it\/wp-json\/wp\/v2\/types\/page"}],"author":[{"embeddable":true,"href":"https:\/\/irrecams.de\/it\/wp-json\/wp\/v2\/users\/1"}],"replies":[{"embeddable":true,"href":"https:\/\/irrecams.de\/it\/wp-json\/wp\/v2\/comments?post=48"}],"version-history":[{"count":5,"href":"https:\/\/irrecams.de\/it\/wp-json\/wp\/v2\/pages\/48\/revisions"}],"predecessor-version":[{"id":15523,"href":"https:\/\/irrecams.de\/it\/wp-json\/wp\/v2\/pages\/48\/revisions\/15523"}],"up":[{"embeddable":true,"href":"https:\/\/irrecams.de\/it\/wp-json\/wp\/v2\/pages\/40"}],"wp:attachment":[{"href":"https:\/\/irrecams.de\/it\/wp-json\/wp\/v2\/media?parent=48"}],"curies":[{"name":"wp","href":"https:\/\/api.w.org\/{rel}","templated":true}]}}