{"id":58,"date":"2015-01-06T12:10:11","date_gmt":"2015-01-06T11:10:11","guid":{"rendered":"http:\/\/wp10590344.server-he.de\/irrecams2\/?page_id=58"},"modified":"2025-03-02T00:03:40","modified_gmt":"2025-03-01T23:03:40","slug":"galleria-a-infrarossi","status":"publish","type":"page","link":"https:\/\/irrecams.de\/it\/galleria-a-infrarossi\/","title":{"rendered":"Galleria a infrarossi"},"content":{"rendered":"<div class='photonic-wp-stream photonic-stream ' id='photonic-wp-stream-1'>\n\n\t<div id='photonic-wp-stream-1-container' class='title-display-hover-slideup-show photonic-level-1-container sizes-present photonic-masonry-layout photonic-thumbnail-effect-none' data-photonic-platform=\"wp\" data-photonic-gallery-columns=\"auto\" data-photonic-query=\"order=ASC&amp;orderby=post__in&amp;id=58&amp;itemtag=figure&amp;icontag=div&amp;captiontag=figcaption&amp;size=thumbnail&amp;include=16810,16614,16438,16272,16202,15799,15670,15505,15358,15110,14842,14673,14557,14556,14305,14304,14269,14123,14122,13933&amp;exclude=&amp;link=&amp;offset=0&amp;layout=masonry&amp;custom_classes=&amp;alignment=&amp;caption=desc&amp;page=1&amp;count=-1&amp;thumb_size=thumbnail&amp;slide_size=large&amp;type=default&amp;style=masonry&amp;display=local&amp;ids=16810,16614,16438,16272,16202,15799,15670,15505,15358,15110,14842,14673,14557,14556,14305,14304,14269,14123,14122,13933&amp;main_size=full&amp;tile_size=large&amp;columns=auto\">\n\t\t<figure class='photonic-level-1 photonic-thumb'>\n\t\t\t<a href='https:\/\/irrecams.de\/wp-content\/uploads\/2026\/04\/IRH26531-IRH26535.jpg' title='M\u00fchle - InfraBlue' rel='lightbox-photonic-wp-stream-1' class='photonic-lb photonic-lightgallery lightgallery' data-photonic-media-type=\"image\" data-sub-html=\"M\u00fchle - InfraBlue\" data-photonic-thumb=\"https:\/\/irrecams.de\/wp-content\/uploads\/2026\/04\/IRH26531-IRH26535-1024x819.jpg\" data-photonic-deep=\"gallery[photonic-wp-stream-1]\/16810\/\" data-title=\"M\u00fchle - InfraBlue\">\n\t\t\t\t<img alt='M\u00fchle - InfraBlue' class='masonry' data-src='https:\/\/irrecams.de\/wp-content\/uploads\/2026\/04\/IRH26531-IRH26535-1024x819.jpg' loading='lazy' width='1024' height='819' \/>\n\t\t\t\t<figcaption class=\"photonic-title-info\"><div class=\"photonic-photo-title photonic-title\">M\u00fchle - InfraBlue<\/div><\/figcaption>\n\t\t\t<\/a>\n\t\t<\/figure>\n\t\t<figure class='photonic-level-1 photonic-thumb'>\n\t\t\t<a href='https:\/\/irrecams.de\/wp-content\/uploads\/2026\/02\/260111_Kreidebruch-Klein-Stubben_Orion.jpg' title='Orion auf Eis - Astrofilter' rel='lightbox-photonic-wp-stream-1' class='photonic-lb photonic-lightgallery lightgallery' data-photonic-media-type=\"image\" data-sub-html=\"Orion auf Eis - Astrofilter\" data-photonic-thumb=\"https:\/\/irrecams.de\/wp-content\/uploads\/2026\/02\/260111_Kreidebruch-Klein-Stubben_Orion-819x1024.jpg\" data-photonic-deep=\"gallery[photonic-wp-stream-1]\/16614\/\" data-title=\"Orion auf Eis - Astrofilter\">\n\t\t\t\t<img alt='Orion auf Eis - Astrofilter' class='masonry' data-src='https:\/\/irrecams.de\/wp-content\/uploads\/2026\/02\/260111_Kreidebruch-Klein-Stubben_Orion-819x1024.jpg' loading='lazy' width='819' height='1024' \/>\n\t\t\t\t<figcaption class=\"photonic-title-info\"><div class=\"photonic-photo-title photonic-title\">Orion auf Eis - Astrofilter<\/div><\/figcaption>\n\t\t\t<\/a>\n\t\t<\/figure>\n\t\t<figure class='photonic-level-1 photonic-thumb'>\n\t\t\t<a href='https:\/\/irrecams.de\/wp-content\/uploads\/2026\/01\/IRH25814.jpg' title='Eis (550 nm)' rel='lightbox-photonic-wp-stream-1' class='photonic-lb photonic-lightgallery lightgallery' data-photonic-media-type=\"image\" data-sub-html=\"Eis (550 nm)\" data-photonic-thumb=\"https:\/\/irrecams.de\/wp-content\/uploads\/2026\/01\/IRH25814-1024x819.jpg\" data-photonic-deep=\"gallery[photonic-wp-stream-1]\/16438\/\" data-title=\"Eis (550 nm)\">\n\t\t\t\t<img alt='Eis (550 nm)' class='masonry' data-src='https:\/\/irrecams.de\/wp-content\/uploads\/2026\/01\/IRH25814-1024x819.jpg' loading='lazy' width='1024' height='819' \/>\n\t\t\t\t<figcaption class=\"photonic-title-info\"><div class=\"photonic-photo-title photonic-title\">Eis (550 nm)<\/div><\/figcaption>\n\t\t\t<\/a>\n\t\t<\/figure>\n\t\t<figure class='photonic-level-1 photonic-thumb'>\n\t\t\t<a href='https:\/\/irrecams.de\/wp-content\/uploads\/2026\/01\/IRH25760_6min.jpg' title='Langzeit Infrarot (700 nm)' rel='lightbox-photonic-wp-stream-1' class='photonic-lb photonic-lightgallery lightgallery' data-photonic-media-type=\"image\" data-sub-html=\"Langzeit Infrarot (700 nm)\" data-photonic-thumb=\"https:\/\/irrecams.de\/wp-content\/uploads\/2026\/01\/IRH25760_6min-1024x576.jpg\" data-photonic-deep=\"gallery[photonic-wp-stream-1]\/16272\/\" data-title=\"Langzeit Infrarot (700 nm)\">\n\t\t\t\t<img alt='Langzeit Infrarot (700 nm)' class='masonry' data-src='https:\/\/irrecams.de\/wp-content\/uploads\/2026\/01\/IRH25760_6min-1024x576.jpg' loading='lazy' width='1024' height='576' \/>\n\t\t\t\t<figcaption class=\"photonic-title-info\"><div class=\"photonic-photo-title photonic-title\">Langzeit Infrarot (700 nm)<\/div><\/figcaption>\n\t\t\t<\/a>\n\t\t<\/figure>\n\t\t<figure class='photonic-level-1 photonic-thumb'>\n\t\t\t<a href='https:\/\/irrecams.de\/wp-content\/uploads\/2025\/12\/251019_C_2025_A6_Lemmon.jpg' title='Komet C\/2025 A6 (Lemmon)' rel='lightbox-photonic-wp-stream-1' class='photonic-lb photonic-lightgallery lightgallery' data-photonic-media-type=\"image\" data-sub-html=\"Komet C\/2025 A6 (Lemmon)\" data-photonic-thumb=\"https:\/\/irrecams.de\/wp-content\/uploads\/2025\/12\/251019_C_2025_A6_Lemmon-1024x1024.jpg\" data-photonic-deep=\"gallery[photonic-wp-stream-1]\/16202\/\" data-title=\"Komet C\/2025 A6 (Lemmon)\">\n\t\t\t\t<img alt='Komet C\/2025 A6 (Lemmon)' class='masonry' data-src='https:\/\/irrecams.de\/wp-content\/uploads\/2025\/12\/251019_C_2025_A6_Lemmon-1024x1024.jpg' loading='lazy' width='1024' height='1024' \/>\n\t\t\t\t<figcaption class=\"photonic-title-info\"><div class=\"photonic-photo-title photonic-title\">Komet C\/2025 A6 (Lemmon)<\/div><\/figcaption>\n\t\t\t<\/a>\n\t\t<\/figure>\n\t\t<figure class='photonic-level-1 photonic-thumb'>\n\t\t\t<a href='https:\/\/irrecams.de\/wp-content\/uploads\/2025\/11\/IRH25224_Stack.jpg' title='Hexenwald im Herbst (700 nm)' rel='lightbox-photonic-wp-stream-1' class='photonic-lb photonic-lightgallery lightgallery' data-photonic-media-type=\"image\" data-sub-html=\"Hexenwald im Herbst (700 nm)\" data-photonic-thumb=\"https:\/\/irrecams.de\/wp-content\/uploads\/2025\/11\/IRH25224_Stack-1024x683.jpg\" data-photonic-deep=\"gallery[photonic-wp-stream-1]\/15799\/\" data-title=\"Hexenwald im Herbst (700 nm)\">\n\t\t\t\t<img alt='Hexenwald im Herbst (700 nm)' class='masonry' data-src='https:\/\/irrecams.de\/wp-content\/uploads\/2025\/11\/IRH25224_Stack-1024x683.jpg' loading='lazy' width='1024' height='683' \/>\n\t\t\t\t<figcaption class=\"photonic-title-info\"><div class=\"photonic-photo-title photonic-title\">Hexenwald im Herbst (700 nm)<\/div><\/figcaption>\n\t\t\t<\/a>\n\t\t<\/figure>\n\t\t<figure class='photonic-level-1 photonic-thumb'>\n\t\t\t<a href='https:\/\/irrecams.de\/wp-content\/uploads\/2025\/10\/IRH24788_DFF.jpg' title='Helmling im Moos (550 nm Infrarot)' rel='lightbox-photonic-wp-stream-1' class='photonic-lb photonic-lightgallery lightgallery' data-photonic-media-type=\"image\" data-sub-html=\"Helmling im Moos (550 nm Infrarot)\" data-photonic-thumb=\"https:\/\/irrecams.de\/wp-content\/uploads\/2025\/10\/IRH24788_DFF-819x1024.jpg\" data-photonic-deep=\"gallery[photonic-wp-stream-1]\/15670\/\" data-title=\"Helmling im Moos (550 nm Infrarot)\">\n\t\t\t\t<img alt='Helmling im Moos (550 nm Infrarot)' class='masonry' data-src='https:\/\/irrecams.de\/wp-content\/uploads\/2025\/10\/IRH24788_DFF-819x1024.jpg' loading='lazy' width='819' height='1024' \/>\n\t\t\t\t<figcaption class=\"photonic-title-info\"><div class=\"photonic-photo-title photonic-title\">Helmling im Moos (550 nm Infrarot)<\/div><\/figcaption>\n\t\t\t<\/a>\n\t\t<\/figure>\n\t\t<figure class='photonic-level-1 photonic-thumb'>\n\t\t\t<a href='https:\/\/irrecams.de\/wp-content\/uploads\/2025\/09\/T3IR5327.jpg' title='Mausoleum in Infrarot (630 nm)' rel='lightbox-photonic-wp-stream-1' class='photonic-lb photonic-lightgallery lightgallery' data-photonic-media-type=\"image\" data-sub-html=\"Mausoleum in Infrarot (630 nm)\" data-photonic-thumb=\"https:\/\/irrecams.de\/wp-content\/uploads\/2025\/09\/T3IR5327-819x1024.jpg\" data-photonic-deep=\"gallery[photonic-wp-stream-1]\/15505\/\" data-title=\"Mausoleum in Infrarot (630 nm)\">\n\t\t\t\t<img alt='Mausoleum in Infrarot (630 nm)' class='masonry' data-src='https:\/\/irrecams.de\/wp-content\/uploads\/2025\/09\/T3IR5327-819x1024.jpg' loading='lazy' width='819' height='1024' \/>\n\t\t\t\t<figcaption class=\"photonic-title-info\"><div class=\"photonic-photo-title photonic-title\">Mausoleum in Infrarot (630 nm)<\/div><\/figcaption>\n\t\t\t<\/a>\n\t\t<\/figure>\n\t\t<figure class='photonic-level-1 photonic-thumb'>\n\t\t\t<a href='https:\/\/irrecams.de\/wp-content\/uploads\/2025\/08\/XT4A0810.jpg' title='Milchstra\u00dfe \u00fcber der D\u00fcne (Astrofilter)' rel='lightbox-photonic-wp-stream-1' class='photonic-lb photonic-lightgallery lightgallery' data-photonic-media-type=\"image\" data-sub-html=\"Milchstra\u00dfe \u00fcber der D\u00fcne (Astrofilter)\" data-photonic-thumb=\"https:\/\/irrecams.de\/wp-content\/uploads\/2025\/08\/XT4A0810-1024x819.jpg\" data-photonic-deep=\"gallery[photonic-wp-stream-1]\/15358\/\" data-title=\"Milchstra\u00dfe \u00fcber der D\u00fcne (Astrofilter)\">\n\t\t\t\t<img alt='Milchstra\u00dfe \u00fcber der D\u00fcne (Astrofilter)' class='masonry' data-src='https:\/\/irrecams.de\/wp-content\/uploads\/2025\/08\/XT4A0810-1024x819.jpg' loading='lazy' width='1024' height='819' \/>\n\t\t\t\t<figcaption class=\"photonic-title-info\"><div class=\"photonic-photo-title photonic-title\">Milchstra\u00dfe \u00fcber der D\u00fcne (Astrofilter)<\/div><\/figcaption>\n\t\t\t<\/a>\n\t\t<\/figure>\n\t\t<figure class='photonic-level-1 photonic-thumb'>\n\t\t\t<a href='https:\/\/irrecams.de\/wp-content\/uploads\/2025\/07\/IRH24345.jpg' title='Oldtimer in Infrarot (550 nm)' rel='lightbox-photonic-wp-stream-1' class='photonic-lb photonic-lightgallery lightgallery' data-photonic-media-type=\"image\" data-sub-html=\"Oldtimer in Infrarot (550 nm)\" data-photonic-thumb=\"https:\/\/irrecams.de\/wp-content\/uploads\/2025\/07\/IRH24345-819x1024.jpg\" data-photonic-deep=\"gallery[photonic-wp-stream-1]\/15110\/\" data-title=\"Oldtimer in Infrarot (550 nm)\">\n\t\t\t\t<img alt='Oldtimer in Infrarot (550 nm)' class='masonry' data-src='https:\/\/irrecams.de\/wp-content\/uploads\/2025\/07\/IRH24345-819x1024.jpg' loading='lazy' width='819' height='1024' \/>\n\t\t\t\t<figcaption class=\"photonic-title-info\"><div class=\"photonic-photo-title photonic-title\">Oldtimer in Infrarot (550 nm)<\/div><\/figcaption>\n\t\t\t<\/a>\n\t\t<\/figure>\n\t\t<figure class='photonic-level-1 photonic-thumb'>\n\t\t\t<a href='https:\/\/irrecams.de\/wp-content\/uploads\/2025\/05\/IRH24067.jpg' title='Regenwolken am Ufer in Infrarot (830 nm)' rel='lightbox-photonic-wp-stream-1' class='photonic-lb photonic-lightgallery lightgallery' data-photonic-media-type=\"image\" data-sub-html=\"Regenwolken am Ufer in Infrarot (830 nm)\" data-photonic-thumb=\"https:\/\/irrecams.de\/wp-content\/uploads\/2025\/05\/IRH24067-819x1024.jpg\" data-photonic-deep=\"gallery[photonic-wp-stream-1]\/14842\/\" data-title=\"Regenwolken am Ufer in Infrarot (830 nm)\">\n\t\t\t\t<img alt='Regenwolken am Ufer in Infrarot (830 nm)' class='masonry' data-src='https:\/\/irrecams.de\/wp-content\/uploads\/2025\/05\/IRH24067-819x1024.jpg' loading='lazy' width='819' height='1024' \/>\n\t\t\t\t<figcaption class=\"photonic-title-info\"><div class=\"photonic-photo-title photonic-title\">Regenwolken am Ufer in Infrarot (830 nm)<\/div><\/figcaption>\n\t\t\t<\/a>\n\t\t<\/figure>\n\t\t<figure class='photonic-level-1 photonic-thumb'>\n\t\t\t<a href='https:\/\/irrecams.de\/wp-content\/uploads\/2025\/05\/T3IR5480.jpg' title='Spiegelung in Infrarot (630 nm)' rel='lightbox-photonic-wp-stream-1' class='photonic-lb photonic-lightgallery lightgallery' data-photonic-media-type=\"image\" data-sub-html=\"Spiegelung in Infrarot (630 nm)\" data-photonic-thumb=\"https:\/\/irrecams.de\/wp-content\/uploads\/2025\/05\/T3IR5480-1024x683.jpg\" data-photonic-deep=\"gallery[photonic-wp-stream-1]\/14673\/\" data-title=\"Spiegelung in Infrarot (630 nm)\">\n\t\t\t\t<img alt='Spiegelung in Infrarot (630 nm)' class='masonry' data-src='https:\/\/irrecams.de\/wp-content\/uploads\/2025\/05\/T3IR5480-1024x683.jpg' loading='lazy' width='1024' height='683' \/>\n\t\t\t\t<figcaption class=\"photonic-title-info\"><div class=\"photonic-photo-title photonic-title\">Spiegelung in Infrarot (630 nm)<\/div><\/figcaption>\n\t\t\t<\/a>\n\t\t<\/figure>\n\t\t<figure class='photonic-level-1 photonic-thumb'>\n\t\t\t<a href='https:\/\/irrecams.de\/wp-content\/uploads\/2025\/04\/2025-04-05-14.04.22-ZS-retouched_01.jpg' title='Buschwindr\u00f6schen in Infrarot (550 nm)' rel='lightbox-photonic-wp-stream-1' class='photonic-lb photonic-lightgallery lightgallery' data-photonic-media-type=\"image\" data-sub-html=\"Buschwindr\u00f6schen in Infrarot (550 nm)\" data-photonic-thumb=\"https:\/\/irrecams.de\/wp-content\/uploads\/2025\/04\/2025-04-05-14.04.22-ZS-retouched_01-683x1024.jpg\" data-photonic-deep=\"gallery[photonic-wp-stream-1]\/14557\/\" data-title=\"Buschwindr\u00f6schen in Infrarot (550 nm)\">\n\t\t\t\t<img alt='Buschwindr\u00f6schen in Infrarot (550 nm)' class='masonry' data-src='https:\/\/irrecams.de\/wp-content\/uploads\/2025\/04\/2025-04-05-14.04.22-ZS-retouched_01-683x1024.jpg' loading='lazy' width='683' height='1024' \/>\n\t\t\t\t<figcaption class=\"photonic-title-info\"><div class=\"photonic-photo-title photonic-title\">Buschwindr\u00f6schen in Infrarot (550 nm)<\/div><\/figcaption>\n\t\t\t<\/a>\n\t\t<\/figure>\n\t\t<figure class='photonic-level-1 photonic-thumb'>\n\t\t\t<a href='https:\/\/irrecams.de\/wp-content\/uploads\/2025\/04\/IRH23831.jpg' title='Buschwindr\u00f6schen Bl\u00fcte in Infrarot (550 nm)' rel='lightbox-photonic-wp-stream-1' class='photonic-lb photonic-lightgallery lightgallery' data-photonic-media-type=\"image\" data-sub-html=\"Buschwindr\u00f6schen Bl\u00fcte in Infrarot (550 nm)\" data-photonic-thumb=\"https:\/\/irrecams.de\/wp-content\/uploads\/2025\/04\/IRH23831-1024x683.jpg\" data-photonic-deep=\"gallery[photonic-wp-stream-1]\/14556\/\" data-title=\"Buschwindr\u00f6schen Bl\u00fcte in Infrarot (550 nm)\">\n\t\t\t\t<img alt='Buschwindr\u00f6schen Bl\u00fcte in Infrarot (550 nm)' class='masonry' data-src='https:\/\/irrecams.de\/wp-content\/uploads\/2025\/04\/IRH23831-1024x683.jpg' loading='lazy' width='1024' height='683' \/>\n\t\t\t\t<figcaption class=\"photonic-title-info\"><div class=\"photonic-photo-title photonic-title\">Buschwindr\u00f6schen Bl\u00fcte in Infrarot (550 nm)<\/div><\/figcaption>\n\t\t\t<\/a>\n\t\t<\/figure>\n\t\t<figure class='photonic-level-1 photonic-thumb'>\n\t\t\t<a href='https:\/\/irrecams.de\/wp-content\/uploads\/2025\/03\/XT4A8875_stack.jpg' title='Nachtlandschaft mit astromodifizierter Kamera' rel='lightbox-photonic-wp-stream-1' class='photonic-lb photonic-lightgallery lightgallery' data-photonic-media-type=\"image\" data-sub-html=\"Nachtlandschaft mit astromodifizierter Kamera\" data-photonic-thumb=\"https:\/\/irrecams.de\/wp-content\/uploads\/2025\/03\/XT4A8875_stack-683x1024.jpg\" data-photonic-deep=\"gallery[photonic-wp-stream-1]\/14305\/\" data-title=\"Nachtlandschaft mit astromodifizierter Kamera\">\n\t\t\t\t<img alt='Nachtlandschaft mit astromodifizierter Kamera' class='masonry' data-src='https:\/\/irrecams.de\/wp-content\/uploads\/2025\/03\/XT4A8875_stack-683x1024.jpg' loading='lazy' width='683' height='1024' \/>\n\t\t\t\t<figcaption class=\"photonic-title-info\"><div class=\"photonic-photo-title photonic-title\">Nachtlandschaft mit astromodifizierter Kamera<\/div><\/figcaption>\n\t\t\t<\/a>\n\t\t<\/figure>\n\t\t<figure class='photonic-level-1 photonic-thumb'>\n\t\t\t<a href='https:\/\/irrecams.de\/wp-content\/uploads\/2025\/03\/XT4A8867_stack.jpg' title='Milchstra\u00dfe \u00fcber der Wiese (Astrofilter)' rel='lightbox-photonic-wp-stream-1' class='photonic-lb photonic-lightgallery lightgallery' data-photonic-media-type=\"image\" data-sub-html=\"Milchstra\u00dfe \u00fcber der Wiese (Astrofilter)\" data-photonic-thumb=\"https:\/\/irrecams.de\/wp-content\/uploads\/2025\/03\/XT4A8867_stack-683x1024.jpg\" data-photonic-deep=\"gallery[photonic-wp-stream-1]\/14304\/\" data-title=\"Milchstra\u00dfe \u00fcber der Wiese (Astrofilter)\">\n\t\t\t\t<img alt='Milchstra\u00dfe \u00fcber der Wiese (Astrofilter)' class='masonry' data-src='https:\/\/irrecams.de\/wp-content\/uploads\/2025\/03\/XT4A8867_stack-683x1024.jpg' loading='lazy' width='683' height='1024' \/>\n\t\t\t\t<figcaption class=\"photonic-title-info\"><div class=\"photonic-photo-title photonic-title\">Milchstra\u00dfe \u00fcber der Wiese (Astrofilter)<\/div><\/figcaption>\n\t\t\t<\/a>\n\t\t<\/figure>\n\t\t<figure class='photonic-level-1 photonic-thumb'>\n\t\t\t<a href='https:\/\/irrecams.de\/wp-content\/uploads\/2025\/03\/IRH20471_stack-IRH20555_stack_3.jpg' title='Polarlichter in Infrarot (630 nm)' rel='lightbox-photonic-wp-stream-1' class='photonic-lb photonic-lightgallery lightgallery' data-photonic-media-type=\"image\" data-sub-html=\"Polarlichter in Infrarot (630 nm)\" data-photonic-thumb=\"https:\/\/irrecams.de\/wp-content\/uploads\/2025\/03\/IRH20471_stack-IRH20555_stack_3-1024x819.jpg\" data-photonic-deep=\"gallery[photonic-wp-stream-1]\/14269\/\" data-title=\"Polarlichter in Infrarot (630 nm)\">\n\t\t\t\t<img alt='Polarlichter in Infrarot (630 nm)' class='masonry' data-src='https:\/\/irrecams.de\/wp-content\/uploads\/2025\/03\/IRH20471_stack-IRH20555_stack_3-1024x819.jpg' loading='lazy' width='1024' height='819' \/>\n\t\t\t\t<figcaption class=\"photonic-title-info\"><div class=\"photonic-photo-title photonic-title\">Polarlichter in Infrarot (630 nm)<\/div><\/figcaption>\n\t\t\t<\/a>\n\t\t<\/figure>\n\t\t<figure class='photonic-level-1 photonic-thumb'>\n\t\t\t<a href='https:\/\/irrecams.de\/wp-content\/uploads\/2025\/02\/IRH23463-IRH23467.jpg' title='Kiefernwald (630 nm)' rel='lightbox-photonic-wp-stream-1' class='photonic-lb photonic-lightgallery lightgallery' data-photonic-media-type=\"image\" data-sub-html=\"Kiefernwald (630 nm)\" data-photonic-thumb=\"https:\/\/irrecams.de\/wp-content\/uploads\/2025\/02\/IRH23463-IRH23467-819x1024.jpg\" data-photonic-deep=\"gallery[photonic-wp-stream-1]\/14123\/\" data-title=\"Kiefernwald (630 nm)\">\n\t\t\t\t<img alt='Kiefernwald (630 nm)' class='masonry' data-src='https:\/\/irrecams.de\/wp-content\/uploads\/2025\/02\/IRH23463-IRH23467-819x1024.jpg' loading='lazy' width='819' height='1024' \/>\n\t\t\t\t<figcaption class=\"photonic-title-info\"><div class=\"photonic-photo-title photonic-title\">Kiefernwald (630 nm)<\/div><\/figcaption>\n\t\t\t<\/a>\n\t\t<\/figure>\n\t\t<figure class='photonic-level-1 photonic-thumb'>\n\t\t\t<a href='https:\/\/irrecams.de\/wp-content\/uploads\/2025\/02\/IRH23441-IRH23449.jpg' title='Kiefernwald (550 nm)' rel='lightbox-photonic-wp-stream-1' class='photonic-lb photonic-lightgallery lightgallery' data-photonic-media-type=\"image\" data-sub-html=\"Kiefernwald (550 nm)\" data-photonic-thumb=\"https:\/\/irrecams.de\/wp-content\/uploads\/2025\/02\/IRH23441-IRH23449-1024x576.jpg\" data-photonic-deep=\"gallery[photonic-wp-stream-1]\/14122\/\" data-title=\"Kiefernwald (550 nm)\">\n\t\t\t\t<img alt='Palmer Ort' class='masonry' data-src='https:\/\/irrecams.de\/wp-content\/uploads\/2025\/02\/IRH23441-IRH23449-1024x576.jpg' loading='lazy' width='1024' height='576' \/>\n\t\t\t\t<figcaption class=\"photonic-title-info\"><div class=\"photonic-photo-title photonic-title\">Kiefernwald (550 nm)<\/div><\/figcaption>\n\t\t\t<\/a>\n\t\t<\/figure>\n\t\t<figure class='photonic-level-1 photonic-thumb'>\n\t\t\t<a href='https:\/\/irrecams.de\/wp-content\/uploads\/2025\/01\/T3IR4376_01.jpg' title='Schmiedegrundsee - 630 nm Infrarot' rel='lightbox-photonic-wp-stream-1' class='photonic-lb photonic-lightgallery lightgallery' data-photonic-media-type=\"image\" data-sub-html=\"Schmiedegrundsee - 630 nm Infrarot\" data-photonic-thumb=\"https:\/\/irrecams.de\/wp-content\/uploads\/2025\/01\/T3IR4376_01-683x1024.jpg\" data-photonic-deep=\"gallery[photonic-wp-stream-1]\/13933\/\" data-title=\"Schmiedegrundsee - 630 nm Infrarot\">\n\t\t\t\t<img alt='Schmiedegrundsee - 630 nm Infrarot' class='masonry' data-src='https:\/\/irrecams.de\/wp-content\/uploads\/2025\/01\/T3IR4376_01-683x1024.jpg' loading='lazy' width='683' height='1024' \/>\n\t\t\t\t<figcaption class=\"photonic-title-info\"><div class=\"photonic-photo-title photonic-title\">Schmiedegrundsee - 630 nm Infrarot<\/div><\/figcaption>\n\t\t\t<\/a>\n\t\t<\/figure>\n\n\t<\/div> <!-- .\/photonic-level-1-container -->\n\t<span id='photonic-wp-stream-1-container-end'><\/span>\n<\/div><!-- .photonic-stream or .photonic-panel -->\n\n\n\n<span class=\"page-numbers current\">1<\/span>\n<a class=\"page-numbers\" href=\"https:\/\/irrecams.de\/it\/wp-json\/wp\/v2\/pages\/58?woocommerce-login-nonce=&_wpnonce=&woocommerce-reset-password-nonce=&mla_paginate_current=2\">2<\/a>\n<a class=\"page-numbers\" href=\"https:\/\/irrecams.de\/it\/wp-json\/wp\/v2\/pages\/58?woocommerce-login-nonce=&_wpnonce=&woocommerce-reset-password-nonce=&mla_paginate_current=3\">3<\/a>\n<span class=\"page-numbers dots\">&hellip;<\/span>\n<a class=\"page-numbers\" href=\"https:\/\/irrecams.de\/it\/wp-json\/wp\/v2\/pages\/58?woocommerce-login-nonce=&_wpnonce=&woocommerce-reset-password-nonce=&mla_paginate_current=13\">13<\/a>\n","protected":false},"excerpt":{"rendered":"","protected":false},"author":1,"featured_media":0,"parent":0,"menu_order":40,"comment_status":"closed","ping_status":"closed","template":"","meta":{"footnotes":""},"class_list":["post-58","page","type-page","status-publish","hentry"],"_links":{"self":[{"href":"https:\/\/irrecams.de\/it\/wp-json\/wp\/v2\/pages\/58","targetHints":{"allow":["GET"]}}],"collection":[{"href":"https:\/\/irrecams.de\/it\/wp-json\/wp\/v2\/pages"}],"about":[{"href":"https:\/\/irrecams.de\/it\/wp-json\/wp\/v2\/types\/page"}],"author":[{"embeddable":true,"href":"https:\/\/irrecams.de\/it\/wp-json\/wp\/v2\/users\/1"}],"replies":[{"embeddable":true,"href":"https:\/\/irrecams.de\/it\/wp-json\/wp\/v2\/comments?post=58"}],"version-history":[{"count":2,"href":"https:\/\/irrecams.de\/it\/wp-json\/wp\/v2\/pages\/58\/revisions"}],"predecessor-version":[{"id":6239,"href":"https:\/\/irrecams.de\/it\/wp-json\/wp\/v2\/pages\/58\/revisions\/6239"}],"wp:attachment":[{"href":"https:\/\/irrecams.de\/it\/wp-json\/wp\/v2\/media?parent=58"}],"curies":[{"name":"wp","href":"https:\/\/api.w.org\/{rel}","templated":true}]}}