{"id":6096,"date":"2021-01-12T10:21:01","date_gmt":"2021-01-12T09:21:01","guid":{"rendered":"https:\/\/irrecams.de\/?page_id=6096"},"modified":"2025-07-23T08:58:30","modified_gmt":"2025-07-23T06:58:30","slug":"condizioni-generali-di-contratto","status":"publish","type":"page","link":"https:\/\/irrecams.de\/it\/condizioni-generali-di-contratto\/","title":{"rendered":"Termini e condizioni generali"},"content":{"rendered":"<p>\u00c8 possibile scaricare le CGC <a href=\"https:\/\/irrecams.de\/wp-content\/uploads\/2025\/07\/AGB_3_combo.pdf\" data-type=\"link\" data-id=\"https:\/\/irrecams.de\/wp-content\/uploads\/2025\/02\/AGB_2.pdf\">scarica qui in formato PDF<\/a>.<\/p>\n\n\n\n<h2 class=\"wp-block-heading\">1. AMBITO DI APPLICAZIONE<\/h2>\n\n\n\n<p>I seguenti termini e condizioni si applicano a tutti gli ordini effettuati tramite il nostro negozio online da consumatori e imprenditori.<\/p>\n\n\n\n<p>Un consumatore \u00e8 una persona fisica che conclude un negozio giuridico per scopi prevalentemente estranei alla propria attivit\u00e0 commerciale, imprenditoriale o professionale. Un imprenditore \u00e8 una persona fisica o giuridica o una societ\u00e0 di persone con capacit\u00e0 giuridica che, nel concludere un negozio giuridico, agisce nell'esercizio della propria attivit\u00e0 commerciale o professionale.<\/p>\n\n\n\n<p>Per gli imprenditori vale quanto segue: se l'imprenditore utilizza condizioni generali di contratto contrastanti o aggiuntive, la loro validit\u00e0 \u00e8 respinta; esse diventano parte integrante del contratto solo se noi le abbiamo espressamente accettate.<\/p>\n\n\n\n<h2 class=\"wp-block-heading\">2. PARTNER CONTRATTUALI, STIPULA DEL CONTRATTO, OPZIONI DI CORREZIONE<\/h2>\n\n\n\n<p>Il contratto di acquisto \u00e8 stato stipulato con IRreCams Lamprecht.<\/p>\n\n\n\n<p>La presentazione dei prodotti nel negozio online non costituisce un'offerta giuridicamente vincolante, bens\u00ec un catalogo online non vincolante. Inizialmente potete inserire senza impegno i nostri prodotti nel carrello e correggere i dati in qualsiasi momento prima di inviare l'ordine vincolante, utilizzando gli ausili di correzione messi a disposizione e spiegati a questo scopo nel processo di ordinazione. Facendo clic sul pulsante d'ordine, inviate un'offerta vincolante per la merce contenuta nel carrello. La conferma della ricezione dell'ordine verr\u00e0 inviata per e-mail subito dopo l'invio dell'ordine.<\/p>\n\n\n\n<p>Accetteremo la vostra offerta entro due giorni da<\/p>\n\n\n\n<ul class=\"wp-block-list\">\n<li>rilasciamo una dichiarazione di accettazione in un messaggio di posta elettronica separato o<\/li>\n\n\n\n<li>se applicabile, la transazione di pagamento viene eseguita dal nostro fornitore di servizi o dal fornitore di servizi di pagamento selezionato. Il tempo di esecuzione della transazione di pagamento dipende dalla modalit\u00e0 di pagamento selezionata (si veda la sezione \"Pagamento\").<\/li>\n<\/ul>\n\n\n\n<p>L'alternativa pertinente per voi dipende da quale degli eventi elencati si verifica per primo.<\/p>\n\n\n\n<h2 class=\"wp-block-heading\">3. LINGUA DEL CONTRATTO, MEMORIZZAZIONE DEL TESTO DEL CONTRATTO<\/h2>\n\n\n\n<p>Lingua\/e disponibile\/i per la stipula del contratto: Tedesco, Inglese<\/p>\n\n\n\n<p>Salviamo il testo del contratto e vi inviamo i dati dell'ordine e le nostre CGC in forma di testo. Il testo del contratto pu\u00f2 essere visualizzato nel nostro login clienti.<\/p>\n\n\n\n<h2 class=\"wp-block-heading\">4. TERMINI DI CONSEGNA<\/h2>\n\n\n\n<p>Le spese di spedizione possono essere aggiunte ai prezzi dei prodotti indicati. Per maggiori informazioni sulle spese di spedizione, consultare le offerte.<\/p>\n\n\n\n<p>Consegniamo solo tramite spedizione. Purtroppo non \u00e8 possibile ritirare la merce personalmente.<\/p>\n\n\n\n<h2 class=\"wp-block-heading\">5. PAGAMENTO<\/h2>\n\n\n\n<p>Il rispettivo prezzo di acquisto deve essere pagato prima della consegna del prodotto (pagamento anticipato), a meno che non offriamo espressamente l'acquisto in conto. Le modalit\u00e0 di pagamento a disposizione dell'utente sono indicate nel negozio online o nella rispettiva offerta con un apposito pulsante. Se non diversamente indicato per le singole modalit\u00e0 di pagamento, le richieste di pagamento sono immediatamente esigibili.<\/p>\n\n\n\n<p>L'acquisto su conto corrente \u00e8 possibile solo se si seleziona un servizio di conversione e si invia la fotocamera. In questo caso, l'importo della fattura \u00e8 dovuto 14 giorni dopo il ricevimento della fattura e della merce tramite bonifico bancario sul conto corrente indicato in fattura. Ci riserviamo il diritto di offrire l'acquisto su conto corrente solo dopo una verifica del credito con esito positivo.<\/p>\n\n\n\n<h2 class=\"wp-block-heading\">6. DIRITTO DI RECESSO<\/h2>\n\n\n\n<p>Il cliente ha diritto al diritto di recesso previsto dalla legge, come descritto nella politica di cancellazione.<\/p>\n\n\n\n<h2 class=\"wp-block-heading\">7. RISERVA DI PROPRIET\u00c0<\/h2>\n\n\n\n<p>La merce rimane di nostra propriet\u00e0 fino al completo pagamento.<br>Per gli imprenditori vale anche quanto segue: ci riserviamo la propriet\u00e0 della merce fino alla completa liquidazione di tutti i crediti derivanti da un rapporto commerciale in corso. Potete rivendere la merce soggetta a riserva di propriet\u00e0 nell'ambito della normale attivit\u00e0 commerciale; ci cedete anticipatamente tutti i crediti derivanti da tale rivendita - indipendentemente da qualsiasi combinazione o commistione della merce soggetta a riserva di propriet\u00e0 con un nuovo articolo - per l'importo della fattura e noi accettiamo tale cessione. Il cliente rimane autorizzato a riscuotere i crediti, ma possiamo anche riscuotere noi stessi i crediti se il cliente non rispetta i suoi obblighi di pagamento. Su vostra richiesta, svincoleremo le garanzie a cui abbiamo diritto nella misura in cui il valore di realizzo delle garanzie supera il valore dei crediti in sospeso di oltre 10 %.<\/p>\n\n\n\n<h2 class=\"wp-block-heading\">8. DANNI DA TRASPORTO<\/h2>\n\n\n\n<p>Per i consumatori vale quanto segue: se la merce viene consegnata con evidenti danni dovuti al trasporto, si prega di reclamare tali difetti al pi\u00f9 presto al corriere e di contattarci immediatamente. La mancata presentazione di un reclamo o il mancato contatto con noi non ha alcuna conseguenza sui vostri diritti legali e sulla loro applicazione, in particolare sui vostri diritti di garanzia. Tuttavia, ci aiuterete a far valere i nostri diritti nei confronti del trasportatore o della compagnia di assicurazione del trasporto.<\/p>\n\n\n\n<p>Agli imprenditori si applica quanto segue: il rischio di perdita accidentale e di deterioramento accidentale passa a voi non appena abbiamo consegnato la merce allo spedizioniere, al vettore o ad altra persona o istituzione designata per effettuare la spedizione.<\/p>\n\n\n\n<h2 class=\"wp-block-heading\">9. GARANZIA E GARANZIE<\/h2>\n\n\n\n<h3 class=\"wp-block-heading\">9.1 RESPONSABILIT\u00c0 PER DIFETTI<\/h3>\n\n\n\n<p>Se non espressamente concordato diversamente di seguito, si applica la responsabilit\u00e0 legale per i difetti.<\/p>\n\n\n\n<p>Le seguenti limitazioni e abbreviazioni dei termini non si applicano alle richieste di risarcimento basate su danni causati da noi, dai nostri rappresentanti legali o da agenti ausiliari<\/p>\n\n\n\n<ul class=\"wp-block-list\">\n<li>in caso di lesioni alla vita, all'incolumit\u00e0 fisica o alla salute<\/li>\n\n\n\n<li>in caso di violazione dolosa o gravemente colposa dell'obbligo e di intento fraudolento<\/li>\n\n\n\n<li>in caso di violazione di obblighi contrattuali essenziali, il cui adempimento \u00e8 fondamentale per la corretta esecuzione del contratto e sulla cui osservanza il partner contrattuale pu\u00f2 regolarmente fare affidamento (obblighi cardinali)<\/li>\n\n\n\n<li>nell'ambito di una promessa di garanzia, se concordata, oppure<\/li>\n\n\n\n<li>nella misura in cui si apre il campo di applicazione della legge sulla responsabilit\u00e0 per danno da prodotti.<\/li>\n<\/ul>\n\n\n\n<p><strong>Restrizioni nei confronti degli imprenditori<\/strong><\/p>\n\n\n\n<p>Per quanto riguarda gli imprenditori, solo le nostre informazioni e le descrizioni dei prodotti del produttore incluse nel contratto sono considerate un accordo sulla qualit\u00e0 della merce; non ci assumiamo alcuna responsabilit\u00e0 per le dichiarazioni pubbliche del produttore o altre dichiarazioni pubblicitarie. Per gli imprenditori, il termine di prescrizione per i reclami relativi ai difetti dei beni di nuova produzione \u00e8 di un anno dal trasferimento del rischio. La vendita di beni usati \u00e8 soggetta all'esclusione di qualsiasi garanzia.<\/p>\n\n\n\n<p>I termini di prescrizione previsti dalla legge per il diritto di ricorso ai sensi del \u00a7 445a BGB rimangono inalterati.<\/p>\n\n\n\n<p><strong>Regolamenti per i commercianti<\/strong><\/p>\n\n\n\n<p>L'obbligo di ispezione e di notifica dei difetti di cui al \u00a7 377 HGB si applica ai commercianti. Se il cliente non ci informa come previsto, la merce si considera approvata, a meno che il difetto non sia stato riconoscibile durante l'ispezione. Ci\u00f2 non si applica se abbiamo occultato fraudolentemente un difetto.<\/p>\n\n\n\n<h3 class=\"wp-block-heading\">9.2 GARANZIE E SERVIZIO CLIENTI<\/h3>\n\n\n\n<p>Le informazioni su eventuali garanzie aggiuntive e sulle loro condizioni esatte sono disponibili con il prodotto e nelle pagine informative speciali del negozio online.<\/p>\n\n\n\n<h2 class=\"wp-block-heading\">10. RESPONSABILIT\u00c0<\/h2>\n\n\n\n<p>Siamo sempre responsabili senza limitazioni per le richieste di risarcimento basate su danni causati da noi, dai nostri rappresentanti legali o da agenti ausiliari.<\/p>\n\n\n\n<ul class=\"wp-block-list\">\n<li>in caso di lesioni alla vita, agli arti o alla salute,<\/li>\n\n\n\n<li>in caso di violazione dolosa o gravemente colposa del dovere,<\/li>\n\n\n\n<li>per le promesse di garanzia, se concordate, o<\/li>\n\n\n\n<li>nella misura in cui si apre il campo di applicazione della legge sulla responsabilit\u00e0 per danno da prodotti.<\/li>\n<\/ul>\n\n\n\n<p>In caso di violazione di obblighi contrattuali essenziali, il cui adempimento \u00e8 indispensabile per la corretta esecuzione del contratto e sulla cui osservanza il partner contrattuale pu\u00f2 regolarmente fare affidamento (obblighi cardinali) a causa di una lieve negligenza da parte nostra, dei nostri rappresentanti legali o dei nostri ausiliari, l'importo della responsabilit\u00e0 sar\u00e0 limitato al danno prevedibile al momento della stipula del contratto, il cui verificarsi deve essere tipicamente previsto.<br>In caso contrario, le richieste di risarcimento danni sono escluse.<\/p>\n\n\n\n<h2 class=\"wp-block-heading\">11. ACCORDO SULL'UTILIZZO DI NEGOZI DI FIDUCIA PER LA PROTEZIONE DEGLI ACQUIRENTI<\/h2>\n\n\n\n<p>\u00c8 possibile proteggere gratuitamente gli ordini effettuati presso di noi fino a un valore dell'ordine di 100 euro tramite la protezione acquirenti di Trusted Shops AG. Inoltre, Trusted Shops, insieme a un garante, offre una protezione a pagamento. Si applicano le condizioni di protezione dell'acquirente di Trusted Shops, che \u00e8 possibile leggere <a href=\"https:\/\/www.trustedshops.com\/tsdocument\/BUYER_AUTO_PROTECTION_TERMS_de.pdf\" rel=\"noopener\">qui<\/a> trovare. La protezione dell'acquirente si conclude facendo clic sul pulsante corrispondente della cosiddetta Trustcard, che appare come pop-up nella pagina di ringraziamento dell'ordine dopo aver completato l'ordine. Se siete gi\u00e0 registrati per la protezione dell'acquirente, il vostro ordine sar\u00e0 protetto automaticamente (protezione automatica dell'acquirente) senza che dobbiate cliccare sul pulsante. Per potervi offrire la protezione acquirenti (automatica), Trustcard deve accedere ai dati dell'ordine memorizzati nella cache del vostro browser. A tal fine, viene trasmesso a Trusted Shops un valore hash del vostro indirizzo e-mail, nonch\u00e9 il numero e il totale dell'ordine. Se siete gi\u00e0 registrati per la protezione acquirenti, il vostro ordine sar\u00e0 automaticamente protetto. Se non siete ancora registrati per la protezione degli acquirenti, potete registrarvi tramite la Trustcard come descritto sopra. Le informazioni sulla protezione dei dati presso Trusted Shops sono disponibili nella sezione <a href=\"https:\/\/www.trustedshops.de\/impressum\/#datenschutz\" target=\"_blank\" rel=\"noreferrer noopener\">condizioni di protezione dell'acquirente collegate<\/a>.<\/p>\n\n\n\n<h2 class=\"wp-block-heading\">12. DISPOSIZIONI FINALI<\/h2>\n\n\n\n<p>Se siete un imprenditore, si applica il diritto tedesco con l'esclusione della Convenzione delle Nazioni Unite sui contratti di vendita internazionale di beni.<\/p>","protected":false},"excerpt":{"rendered":"<p>Sie k\u00f6nnen die AGBs hier als PDF herunterladen. 1. GELTUNGSBEREICH F\u00fcr alle Bestellungen \u00fcber unseren Online-Shop durch Verbraucher und Unternehmer gelten die nachfolgenden AGB. Verbraucher ist jede nat\u00fcrliche Person, die ein Rechtsgesch\u00e4ft zu Zwecken abschlie\u00dft, die \u00fcberwiegend weder ihrer gewerblichen noch ihrer selbst\u00e4ndigen beruflichen T\u00e4tigkeit zugerechnet werden k\u00f6nnen. Unternehmer ist eine nat\u00fcrliche oder juristische Person [&hellip;]<\/p>\n","protected":false},"author":1,"featured_media":0,"parent":0,"menu_order":94,"comment_status":"closed","ping_status":"closed","template":"","meta":{"footnotes":""},"class_list":["post-6096","page","type-page","status-publish","hentry"],"_links":{"self":[{"href":"https:\/\/irrecams.de\/it\/wp-json\/wp\/v2\/pages\/6096","targetHints":{"allow":["GET"]}}],"collection":[{"href":"https:\/\/irrecams.de\/it\/wp-json\/wp\/v2\/pages"}],"about":[{"href":"https:\/\/irrecams.de\/it\/wp-json\/wp\/v2\/types\/page"}],"author":[{"embeddable":true,"href":"https:\/\/irrecams.de\/it\/wp-json\/wp\/v2\/users\/1"}],"replies":[{"embeddable":true,"href":"https:\/\/irrecams.de\/it\/wp-json\/wp\/v2\/comments?post=6096"}],"version-history":[{"count":9,"href":"https:\/\/irrecams.de\/it\/wp-json\/wp\/v2\/pages\/6096\/revisions"}],"predecessor-version":[{"id":15229,"href":"https:\/\/irrecams.de\/it\/wp-json\/wp\/v2\/pages\/6096\/revisions\/15229"}],"wp:attachment":[{"href":"https:\/\/irrecams.de\/it\/wp-json\/wp\/v2\/media?parent=6096"}],"curies":[{"name":"wp","href":"https:\/\/api.w.org\/{rel}","templated":true}]}}