{"id":6412,"date":"2021-01-24T11:45:29","date_gmt":"2021-01-24T10:45:29","guid":{"rendered":"https:\/\/irrecams.de\/?page_id=6412"},"modified":"2025-03-02T00:02:02","modified_gmt":"2025-03-01T23:02:02","slug":"cancellazione-della-newsletter-a-infrarossi","status":"publish","type":"page","link":"https:\/\/irrecams.de\/it\/cancellazione-della-newsletter-a-infrarossi\/","title":{"rendered":"Cancellazione della newsletter a infrarossi"},"content":{"rendered":"<p class=\"has-medium-font-size\">Ora non sei pi\u00f9 iscritto alla newsletter di infrarossi e non riceverai pi\u00f9 alcuna email, che peccato! <\/p>\n\n\n\n<p>Volete ancora saperne di pi\u00f9 sulla fotografia IR? Qui ci sono molte cose interessanti da scoprire:<\/p>\n\n\n\n<div class=\"wp-block-buttons is-content-justification-center is-layout-flex wp-container-core-buttons-is-layout-a89b3969 wp-block-buttons-is-layout-flex\">\n<div class=\"wp-block-button\"><a class=\"wp-block-button__link has-white-color has-text-color has-background wp-element-button\" href=\"https:\/\/irrecams.de\/it\/fotografia-a-infrarossi\/\" style=\"border-radius:5px;background-color:#a52a2a\">Guida a infrarossi<\/a><\/div>\n\n\n\n<div class=\"wp-block-button\"><a class=\"wp-block-button__link has-base-color has-text-color has-background has-link-color wp-element-button\" href=\"https:\/\/irrecams.de\/it\/post-elaborazione-a-infrarossi\/\" style=\"border-radius:5px;background-color:#a52a2a\">Post-elaborazione<\/a><\/div>\n\n\n\n<div class=\"wp-block-button\"><a class=\"wp-block-button__link has-base-color has-text-color has-background has-link-color wp-element-button\" href=\"https:\/\/irrecams.de\/it\/blog\/\" style=\"border-radius:5px;background-color:#a52a2a\">Leggi nel blog<\/a><\/div>\n\n\n\n<div class=\"wp-block-button\"><a class=\"wp-block-button__link has-base-color has-text-color has-background has-link-color wp-element-button\" href=\"https:\/\/irrecams.de\/it\/negozio\/\" style=\"border-radius:5px;background-color:#a52a2a\">Negozio online<\/a><\/div>\n<\/div>\n\n\n\n<figure class=\"wp-block-image size-large\"><a href=\"https:\/\/irrecams.de\/wp-content\/uploads\/2021\/01\/IR205557-IR205563.jpg\"><img loading=\"lazy\" decoding=\"async\" width=\"1024\" height=\"342\" src=\"https:\/\/irrecams.de\/wp-content\/uploads\/2021\/01\/IR205557-IR205563-1024x342.jpg\" alt=\"630 nm\" class=\"wp-image-5981\" srcset=\"https:\/\/irrecams.de\/wp-content\/uploads\/2021\/01\/IR205557-IR205563-1024x342.jpg 1024w, https:\/\/irrecams.de\/wp-content\/uploads\/2021\/01\/IR205557-IR205563-600x200.jpg 600w, https:\/\/irrecams.de\/wp-content\/uploads\/2021\/01\/IR205557-IR205563-300x100.jpg 300w, https:\/\/irrecams.de\/wp-content\/uploads\/2021\/01\/IR205557-IR205563-768x256.jpg 768w, https:\/\/irrecams.de\/wp-content\/uploads\/2021\/01\/IR205557-IR205563-1536x512.jpg 1536w, https:\/\/irrecams.de\/wp-content\/uploads\/2021\/01\/IR205557-IR205563-350x117.jpg 350w, https:\/\/irrecams.de\/wp-content\/uploads\/2021\/01\/IR205557-IR205563.jpg 2000w\" sizes=\"auto, (max-width: 1024px) 100vw, 1024px\" \/><\/a><\/figure>\n\n\n\n<p><\/p>","protected":false},"excerpt":{"rendered":"<p>Ora non siete pi\u00f9 iscritti alla newsletter sull'infrarosso e non riceverete pi\u00f9 alcuna e-mail, che peccato! Volete comunque saperne di pi\u00f9 sulla fotografia IR? Ci sono molte cose interessanti da scoprire qui:<\/p>","protected":false},"author":1,"featured_media":0,"parent":0,"menu_order":61,"comment_status":"closed","ping_status":"closed","template":"","meta":{"footnotes":""},"class_list":["post-6412","page","type-page","status-publish","hentry"],"_links":{"self":[{"href":"https:\/\/irrecams.de\/it\/wp-json\/wp\/v2\/pages\/6412","targetHints":{"allow":["GET"]}}],"collection":[{"href":"https:\/\/irrecams.de\/it\/wp-json\/wp\/v2\/pages"}],"about":[{"href":"https:\/\/irrecams.de\/it\/wp-json\/wp\/v2\/types\/page"}],"author":[{"embeddable":true,"href":"https:\/\/irrecams.de\/it\/wp-json\/wp\/v2\/users\/1"}],"replies":[{"embeddable":true,"href":"https:\/\/irrecams.de\/it\/wp-json\/wp\/v2\/comments?post=6412"}],"version-history":[{"count":2,"href":"https:\/\/irrecams.de\/it\/wp-json\/wp\/v2\/pages\/6412\/revisions"}],"predecessor-version":[{"id":13737,"href":"https:\/\/irrecams.de\/it\/wp-json\/wp\/v2\/pages\/6412\/revisions\/13737"}],"wp:attachment":[{"href":"https:\/\/irrecams.de\/it\/wp-json\/wp\/v2\/media?parent=6412"}],"curies":[{"name":"wp","href":"https:\/\/api.w.org\/{rel}","templated":true}]}}