{"id":6729,"date":"2021-04-25T14:33:43","date_gmt":"2021-04-25T12:33:43","guid":{"rendered":"https:\/\/irrecams.de\/?page_id=6729"},"modified":"2025-03-02T14:27:24","modified_gmt":"2025-03-02T13:27:24","slug":"filtri-astro-per-fotografare-le-stelle-di-notte-con-fotocamere-modificate","status":"publish","type":"page","link":"https:\/\/irrecams.de\/it\/filtri-astro-per-fotografare-le-stelle-di-notte-con-fotocamere-modificate\/","title":{"rendered":"Filtri astro: fotografare le stelle di notte con fotocamere modificate"},"content":{"rendered":"<details class=\"wp-block-details has-background has-medium-font-size is-layout-flow wp-block-details-is-layout-flow\" style=\"background-color:#dfdfdf\" open><summary>Indice dei contenuti<\/summary>\n<blockquote class=\"wp-block-quote is-layout-flow wp-block-quote-is-layout-flow\">\n<ul class=\"wp-block-list\">\n<li><strong>Vantaggi della conversione Astro<\/strong><\/li>\n\n\n\n<li><a href=\"https:\/\/irrecams.de\/it\/quali-filtri-sono-adatti-per-una-conversione-h-alpha-astro\/\" data-type=\"page\" data-id=\"14276\">Quale astrofiltro<\/a><\/li>\n\n\n\n<li><a href=\"https:\/\/irrecams.de\/it\/come-si-puo-utilizzare-una-fotocamera-astro-per-la-normale-fotografia-diurna\/\" data-type=\"page\" data-id=\"14282\">Astrocamera di giorno<\/a><\/li>\n\n\n\n<li><a href=\"https:\/\/irrecams.de\/it\/filtri-aggiuntivi-per-lastrofotografia\/\" data-type=\"page\" data-id=\"14298\">Filtri aggiuntivi<\/a><\/li>\n<\/ul>\n<\/blockquote>\n<\/details>\n\n\n\n<p>La fotografia all'infrarosso \u00e8 nota per mostrare paesaggi familiari sotto una luce astratta, artistica e nuova. Nell'astrofotografia o fotografia stellare, invece, si tratta di ritrarre gli oggetti nel modo pi\u00f9 \"naturale\" possibile, proprio come li vediamo. Questo \u00e8 particolarmente importante per i paesaggi notturni, dove \u00e8 necessario fotografare anche un primo piano emozionante. <\/p>\n\n\n\n<figure class=\"wp-block-image size-large\"><a href=\"https:\/\/irrecams.de\/wp-content\/uploads\/2021\/04\/DSCF0210-DSCF0268-VG_shrink_wasser.jpg\"><img loading=\"lazy\" decoding=\"async\" width=\"1024\" height=\"683\" src=\"https:\/\/irrecams.de\/wp-content\/uploads\/2021\/04\/DSCF0210-DSCF0268-VG_shrink_wasser-1024x683.jpg\" alt=\"\" class=\"wp-image-6776\" srcset=\"https:\/\/irrecams.de\/wp-content\/uploads\/2021\/04\/DSCF0210-DSCF0268-VG_shrink_wasser-1024x683.jpg 1024w, https:\/\/irrecams.de\/wp-content\/uploads\/2021\/04\/DSCF0210-DSCF0268-VG_shrink_wasser-600x400.jpg 600w, https:\/\/irrecams.de\/wp-content\/uploads\/2021\/04\/DSCF0210-DSCF0268-VG_shrink_wasser-300x200.jpg 300w, https:\/\/irrecams.de\/wp-content\/uploads\/2021\/04\/DSCF0210-DSCF0268-VG_shrink_wasser-768x512.jpg 768w, https:\/\/irrecams.de\/wp-content\/uploads\/2021\/04\/DSCF0210-DSCF0268-VG_shrink_wasser-1536x1024.jpg 1536w, https:\/\/irrecams.de\/wp-content\/uploads\/2021\/04\/DSCF0210-DSCF0268-VG_shrink_wasser-16x12.jpg 16w, https:\/\/irrecams.de\/wp-content\/uploads\/2021\/04\/DSCF0210-DSCF0268-VG_shrink_wasser-350x233.jpg 350w, https:\/\/irrecams.de\/wp-content\/uploads\/2021\/04\/DSCF0210-DSCF0268-VG_shrink_wasser.jpg 1920w\" sizes=\"auto, (max-width: 1024px) 100vw, 1024px\" \/><\/a><figcaption class=\"wp-element-caption\">Fotografia notturna con una fotocamera astromodificata<\/figcaption><\/figure>\n\n\n\n<h2 class=\"wp-block-heading\">Vantaggi di una fotocamera astromodificata<\/h2>\n\n\n\n<p>Le moderne fotocamere digitali hanno un'eccellente sensibilit\u00e0 combinata con un buon comportamento al rumore e un'elevata gamma dinamica. \u00c8 persino possibile catturare il cielo stellato con una qualit\u00e0 accettabile con uno smartphone. Quindi cosa c'\u00e8 da migliorare in questo tipo di fotografia? Per rispondere a queste domande, dobbiamo parlare delle aree dello spettro che non possiamo pi\u00f9 vedere con una normale fotocamera.<\/p>\n\n\n\n<h2 class=\"wp-block-heading\">Che cos'\u00e8 la radiazione H-alfa?<\/h2>\n\n\n\n<p>Un oggetto luminoso emette luce. Pu\u00f2 essere una candela, una lampada a LED o una stella. Tuttavia, la luce non \u00e8 la stessa: a seconda della sorgente luminosa, si differenzia per il suo spettro - in parole povere, per la distribuzione dei colori. Quella che percepiamo come luce bianca \u00e8 in realt\u00e0 una miscela di tutti i colori dello spettro. L'aspetto dello spettro, cio\u00e8 i colori che contiene, dipende tra l'altro dalla composizione della sorgente luminosa a livello di particelle. L'atomo di gran lunga pi\u00f9 comune nell'universo \u00e8 l'idrogeno (simbolo H) e ora le cose si fanno di nuovo interessanti.<\/p>\n\n\n\n<p>Quando l'idrogeno viene eccitato (ad esempio dal calore o dalle radiazioni), emette luce. Ma non si tratta di luce bianca, bens\u00ec di lunghezze d'onda molto discrete (cio\u00e8 di colori). La lunghezza d'onda pi\u00f9 forte \u00e8 la cosiddetta radiazione H-alfa, con una lunghezza d'onda di 656,28 nanometri (nm). Questa lunghezza d'onda corrisponde a un colore rosso intenso nello spettro che possiamo vedere. Mentre con gli occhi riusciamo quasi a vedere questa lunghezza d'onda, per la maggior parte delle fotocamere digitali \u00e8 purtroppo difficile.<\/p>\n\n\n\n<figure class=\"wp-block-image size-large\"><a href=\"https:\/\/irrecams.de\/wp-content\/uploads\/2021\/04\/astro_transmission_de.png\"><img loading=\"lazy\" decoding=\"async\" width=\"1024\" height=\"580\" src=\"https:\/\/irrecams.de\/wp-content\/uploads\/2021\/04\/astro_transmission_de-1024x580.png\" alt=\"Curva di trasmissione di un filtro astro - l&#039;H-alfa pu\u00f2 passare senza ostacoli\" class=\"wp-image-6829\" srcset=\"https:\/\/irrecams.de\/wp-content\/uploads\/2021\/04\/astro_transmission_de-1024x580.png 1024w, https:\/\/irrecams.de\/wp-content\/uploads\/2021\/04\/astro_transmission_de-600x340.png 600w, https:\/\/irrecams.de\/wp-content\/uploads\/2021\/04\/astro_transmission_de-300x170.png 300w, https:\/\/irrecams.de\/wp-content\/uploads\/2021\/04\/astro_transmission_de-768x435.png 768w, https:\/\/irrecams.de\/wp-content\/uploads\/2021\/04\/astro_transmission_de-1536x870.png 1536w, https:\/\/irrecams.de\/wp-content\/uploads\/2021\/04\/astro_transmission_de-16x9.png 16w, https:\/\/irrecams.de\/wp-content\/uploads\/2021\/04\/astro_transmission_de-350x198.png 350w, https:\/\/irrecams.de\/wp-content\/uploads\/2021\/04\/astro_transmission_de.png 2000w\" sizes=\"auto, (max-width: 1024px) 100vw, 1024px\" \/><\/a><figcaption class=\"wp-element-caption\">Curva di trasmissione di un filtro astro - l'H-alfa pu\u00f2 passare senza ostacoli<\/figcaption><\/figure>\n\n\n\n<h2 class=\"wp-block-heading\">Astrofotografia con una normale fotocamera<\/h2>\n\n\n\n<p>A seconda del produttore e del modello, la sensibilit\u00e0 H-alfa di una fotocamera digitale \u00e8 solo tra 10 e 30 %, in genere circa 15 %. Ci\u00f2 rende questi intervalli spettrali praticamente invisibili nella notte gi\u00e0 molto buia. Ci\u00f2 \u00e8 dovuto al filtro di blocco UV\/IR (noto anche come hotmirror), che i produttori installano direttamente davanti al sensore. Questo filtro \u00e8 necessario per garantire una buona riproduzione dei colori durante il giorno, ma \u00e8 una spina nel fianco per gli astrofotografi e per i fotografi. <a class=\"rank-math-link\" href=\"https:\/\/irrecams.de\/it\/fotografia-a-infrarossi\/\">Fotografi a infrarossi<\/a>. Per questo motivo, il filtro bloccante viene rimosso durante l'astromodifica e sostituito da un filtro che lascia passare la radiazione H-alfa.<\/p>\n\n\n\n<h2 class=\"wp-block-heading\">Fotocamera astro-modificata vs. fotocamera normale<\/h2>\n\n\n\n<p>Anche se la percentuale di idrogeno nell'universo \u00e8 molto elevata, la distribuzione non \u00e8 uniforme. Ci sono oggetti nel cielo notturno che emettono una percentuale molto bassa di radiazione H-alfa e ci sono oggetti che emettono quasi esclusivamente in questa gamma (ad esempio alcune nebulose). Una maggiore sensibilit\u00e0 all'H-alfa rende visibili queste aree nelle immagini, rendendo l'immagine molto pi\u00f9 interessante e \"colorata\". Ci\u00f2 che non viene migliorato in modo significativo da una conversione, tuttavia, \u00e8 la sensibilit\u00e0 di base della fotocamera. Anche se teoricamente il sensore riceve pi\u00f9 luce, il guadagno effettivo in termini di luminosit\u00e0 \u00e8 inferiore a 1\/3 EV.<\/p>\n\n\n\n<figure class=\"wp-block-image aligncenter size-large\"><a href=\"https:\/\/irrecams.de\/wp-content\/uploads\/2021\/04\/Normal_Astro.jpg\"><img loading=\"lazy\" decoding=\"async\" width=\"1024\" height=\"607\" src=\"https:\/\/irrecams.de\/wp-content\/uploads\/2021\/04\/Normal_Astro-1024x607.jpg\" alt=\"Fotocamera normale vs. fotocamera astromodificata\" class=\"wp-image-6759\" srcset=\"https:\/\/irrecams.de\/wp-content\/uploads\/2021\/04\/Normal_Astro-1024x607.jpg 1024w, https:\/\/irrecams.de\/wp-content\/uploads\/2021\/04\/Normal_Astro-600x356.jpg 600w, https:\/\/irrecams.de\/wp-content\/uploads\/2021\/04\/Normal_Astro-300x178.jpg 300w, https:\/\/irrecams.de\/wp-content\/uploads\/2021\/04\/Normal_Astro-768x455.jpg 768w, https:\/\/irrecams.de\/wp-content\/uploads\/2021\/04\/Normal_Astro-1536x910.jpg 1536w, https:\/\/irrecams.de\/wp-content\/uploads\/2021\/04\/Normal_Astro-16x9.jpg 16w, https:\/\/irrecams.de\/wp-content\/uploads\/2021\/04\/Normal_Astro-350x207.jpg 350w, https:\/\/irrecams.de\/wp-content\/uploads\/2021\/04\/Normal_Astro.jpg 1920w\" sizes=\"auto, (max-width: 1024px) 100vw, 1024px\" \/><\/a><figcaption class=\"wp-element-caption\">A sinistra: Telecamera normale | Destra: Telecamera astromodificata<\/figcaption><\/figure>\n\n\n\n<figure class=\"wp-block-gallery has-nested-images columns-default is-cropped wp-block-gallery-1 is-layout-flex wp-block-gallery-is-layout-flex\">\n<figure class=\"wp-block-image size-large\"><a href=\"https:\/\/irrecams.de\/wp-content\/uploads\/2022\/02\/Orion_Stock_siril.jpg\"><img loading=\"lazy\" decoding=\"async\" width=\"1024\" height=\"1024\" data-id=\"7761\" src=\"https:\/\/irrecams.de\/wp-content\/uploads\/2022\/02\/Orion_Stock_siril-1024x1024.jpg\" alt=\"Nebulosa di Orione con fotocamera non modificata\" class=\"wp-image-7761\" srcset=\"https:\/\/irrecams.de\/wp-content\/uploads\/2022\/02\/Orion_Stock_siril-1024x1024.jpg 1024w, https:\/\/irrecams.de\/wp-content\/uploads\/2022\/02\/Orion_Stock_siril-450x450.jpg 450w, https:\/\/irrecams.de\/wp-content\/uploads\/2022\/02\/Orion_Stock_siril-100x100.jpg 100w, https:\/\/irrecams.de\/wp-content\/uploads\/2022\/02\/Orion_Stock_siril-600x600.jpg 600w, https:\/\/irrecams.de\/wp-content\/uploads\/2022\/02\/Orion_Stock_siril-300x300.jpg 300w, https:\/\/irrecams.de\/wp-content\/uploads\/2022\/02\/Orion_Stock_siril-150x150.jpg 150w, https:\/\/irrecams.de\/wp-content\/uploads\/2022\/02\/Orion_Stock_siril-768x768.jpg 768w, https:\/\/irrecams.de\/wp-content\/uploads\/2022\/02\/Orion_Stock_siril-1536x1536.jpg 1536w, https:\/\/irrecams.de\/wp-content\/uploads\/2022\/02\/Orion_Stock_siril-12x12.jpg 12w, https:\/\/irrecams.de\/wp-content\/uploads\/2022\/02\/Orion_Stock_siril-250x250.jpg 250w, https:\/\/irrecams.de\/wp-content\/uploads\/2022\/02\/Orion_Stock_siril-350x350.jpg 350w, https:\/\/irrecams.de\/wp-content\/uploads\/2022\/02\/Orion_Stock_siril.jpg 1920w\" sizes=\"auto, (max-width: 1024px) 100vw, 1024px\" \/><\/a><figcaption class=\"wp-element-caption\">Telecamera non modificata<\/figcaption><\/figure>\n\n\n\n<figure class=\"wp-block-image size-large\"><a href=\"https:\/\/irrecams.de\/wp-content\/uploads\/2022\/02\/Orion_Astro_siril.jpg\"><img loading=\"lazy\" decoding=\"async\" width=\"1024\" height=\"1024\" data-id=\"7760\" src=\"https:\/\/irrecams.de\/wp-content\/uploads\/2022\/02\/Orion_Astro_siril-1024x1024.jpg\" alt=\"Nebulosa di Orione con fotocamera modificata: filtro Astronomik L2\" class=\"wp-image-7760\" srcset=\"https:\/\/irrecams.de\/wp-content\/uploads\/2022\/02\/Orion_Astro_siril-1024x1024.jpg 1024w, https:\/\/irrecams.de\/wp-content\/uploads\/2022\/02\/Orion_Astro_siril-450x450.jpg 450w, https:\/\/irrecams.de\/wp-content\/uploads\/2022\/02\/Orion_Astro_siril-100x100.jpg 100w, https:\/\/irrecams.de\/wp-content\/uploads\/2022\/02\/Orion_Astro_siril-600x600.jpg 600w, https:\/\/irrecams.de\/wp-content\/uploads\/2022\/02\/Orion_Astro_siril-300x300.jpg 300w, https:\/\/irrecams.de\/wp-content\/uploads\/2022\/02\/Orion_Astro_siril-150x150.jpg 150w, https:\/\/irrecams.de\/wp-content\/uploads\/2022\/02\/Orion_Astro_siril-768x768.jpg 768w, https:\/\/irrecams.de\/wp-content\/uploads\/2022\/02\/Orion_Astro_siril-1536x1536.jpg 1536w, https:\/\/irrecams.de\/wp-content\/uploads\/2022\/02\/Orion_Astro_siril-12x12.jpg 12w, https:\/\/irrecams.de\/wp-content\/uploads\/2022\/02\/Orion_Astro_siril-250x250.jpg 250w, https:\/\/irrecams.de\/wp-content\/uploads\/2022\/02\/Orion_Astro_siril-350x350.jpg 350w, https:\/\/irrecams.de\/wp-content\/uploads\/2022\/02\/Orion_Astro_siril.jpg 1920w\" sizes=\"auto, (max-width: 1024px) 100vw, 1024px\" \/><\/a><figcaption class=\"wp-element-caption\">Conversione della fotocamera con filtro astro<\/figcaption><\/figure>\n\n\n\n<figure class=\"wp-block-image size-large\"><a href=\"https:\/\/irrecams.de\/wp-content\/uploads\/2022\/02\/Orion_VS_siril.jpg\"><img loading=\"lazy\" decoding=\"async\" width=\"1024\" height=\"1024\" data-id=\"7762\" src=\"https:\/\/irrecams.de\/wp-content\/uploads\/2022\/02\/Orion_VS_siril-1024x1024.jpg\" alt=\"Nebulosa di Orione con fotocamera modificata: filtro a spettro completo\" class=\"wp-image-7762\" srcset=\"https:\/\/irrecams.de\/wp-content\/uploads\/2022\/02\/Orion_VS_siril-1024x1024.jpg 1024w, https:\/\/irrecams.de\/wp-content\/uploads\/2022\/02\/Orion_VS_siril-450x450.jpg 450w, https:\/\/irrecams.de\/wp-content\/uploads\/2022\/02\/Orion_VS_siril-100x100.jpg 100w, https:\/\/irrecams.de\/wp-content\/uploads\/2022\/02\/Orion_VS_siril-600x600.jpg 600w, https:\/\/irrecams.de\/wp-content\/uploads\/2022\/02\/Orion_VS_siril-300x300.jpg 300w, https:\/\/irrecams.de\/wp-content\/uploads\/2022\/02\/Orion_VS_siril-150x150.jpg 150w, https:\/\/irrecams.de\/wp-content\/uploads\/2022\/02\/Orion_VS_siril-768x768.jpg 768w, https:\/\/irrecams.de\/wp-content\/uploads\/2022\/02\/Orion_VS_siril-1536x1536.jpg 1536w, https:\/\/irrecams.de\/wp-content\/uploads\/2022\/02\/Orion_VS_siril-12x12.jpg 12w, https:\/\/irrecams.de\/wp-content\/uploads\/2022\/02\/Orion_VS_siril-250x250.jpg 250w, https:\/\/irrecams.de\/wp-content\/uploads\/2022\/02\/Orion_VS_siril-350x350.jpg 350w, https:\/\/irrecams.de\/wp-content\/uploads\/2022\/02\/Orion_VS_siril.jpg 1920w\" sizes=\"auto, (max-width: 1024px) 100vw, 1024px\" \/><\/a><figcaption class=\"wp-element-caption\">Installazione della telecamera con filtro a spettro completo<\/figcaption><\/figure>\n<figcaption class=\"blocks-gallery-caption wp-element-caption\">La Nebulosa di Orione, fotografata con diverse fotocamere<\/figcaption><\/figure>\n\n\n\n<p><\/p>\n\n\n\n<h2 class=\"wp-block-heading\">Qual \u00e8 la fotocamera pi\u00f9 adatta per una conversione astrofotografica?<\/h2>\n\n\n\n<p>Come per la conversione a infrarossi, anche per la conversione astro vale quanto segue: i sensori di tutti i produttori sono praticamente identici in termini di sensibilit\u00e0 nella gamma spettrale H-alfa. Molto pi\u00f9 interessante e importante \u00e8 il comportamento del rumore e la gamma dinamica del sensore - dopo tutto, stiamo fotografando in condizioni di illuminazione molto scura con valori ISO elevati. Questa non \u00e8 una grande sfida per tutte le fotocamere arrivate sul mercato dalla met\u00e0 del 2010. Purtroppo, anche le fotocamere pi\u00f9 vecchie hanno difficolt\u00e0 in questa disciplina. In breve: qualsiasi fotocamera ragionevolmente moderna \u00e8 adatta per una conversione astro.<\/p>\n\n\n\n<p>Tuttavia, c'\u00e8 una limitazione tecnica, per cui non tutte le fotocamere del <a class=\"rank-math-link\" href=\"https:\/\/irrecams.de\/it\/servizio-di-conversione-a-infrarossi\/fotocamera-e-listino-prezzi\/\">Listino prezzi<\/a> anche nel <a class=\"rank-math-link\" href=\"https:\/\/irrecams.de\/it\/categoria-prodotto\/servizio-di-conversione-astrocamera\/\">Acquista la conversione di Astro<\/a> sono disponibili. Alcune fotocamere sono dotate di un LED a infrarossi interno, che spesso fa parte del meccanismo dell'otturatore. La luce diffusa di questi LED disturba l'immagine durante una ripresa notturna e, nel peggiore dei casi, la rende inutilizzabile. Questo problema riguarda, ad esempio, tutte le fotocamere Sony Alpha 7 di seconda generazione, motivo per cui non possono essere scelte per una conversione astro.<\/p>\n\n\n\n<hr class=\"wp-block-separator has-alpha-channel-opacity is-style-default\"\/>\n\n\n\n<div class=\"wp-block-buttons is-horizontal is-content-justification-center is-layout-flex wp-container-core-buttons-is-layout-03627597 wp-block-buttons-is-layout-flex\">\n<div class=\"wp-block-button\"><a class=\"wp-block-button__link wp-element-button\" href=\"https:\/\/irrecams.de\/it\/quali-filtri-sono-adatti-per-una-conversione-h-alpha-astro\/\" style=\"border-radius:5px\">Quale astrofiltro<\/a><\/div>\n\n\n\n<div class=\"wp-block-button\"><a class=\"wp-block-button__link wp-element-button\" href=\"https:\/\/irrecams.de\/it\/come-si-puo-utilizzare-una-fotocamera-astro-per-la-normale-fotografia-diurna\/\" style=\"border-radius:5px\">Astrocamera di giorno<\/a><\/div>\n\n\n\n<div class=\"wp-block-button\"><a class=\"wp-block-button__link wp-element-button\" href=\"https:\/\/irrecams.de\/it\/filtri-aggiuntivi-per-lastrofotografia\/\" style=\"border-radius:5px\">Filtri aggiuntivi<\/a><\/div>\n\n\n\n<div class=\"wp-block-button\"><a class=\"wp-block-button__link wp-element-button\" href=\"https:\/\/irrecams.de\/it\/categoria-prodotto\/servizio-di-conversione-astrocamera\/\" style=\"border-radius:5px\">Ordina la conversione Astro<\/a><\/div>\n\n\n\n<div class=\"wp-block-button\"><a class=\"wp-block-button__link wp-element-button\" href=\"https:\/\/irrecams.de\/it\/galleria-a-infrarossi\/scattata-con-astrofiltro\/\" style=\"border-radius:5px\">Altre astrofoto<\/a><\/div>\n\n\n\n<div class=\"wp-block-button\"><a class=\"wp-block-button__link wp-element-button\" href=\"https:\/\/irrecams.de\/it\/fotografia-a-infrarossi\/\" style=\"border-radius:5px\">Ulteriori informazioni sulla fotografia a infrarossi<\/a><\/div>\n<\/div>\n\n\n\n<hr class=\"wp-block-separator has-alpha-channel-opacity\"\/>\n\n\n\n<figure class=\"wp-block-image aligncenter size-large\"><a href=\"https:\/\/irrecams.de\/wp-content\/uploads\/2021\/04\/IR205664_Pano.jpg\"><img loading=\"lazy\" decoding=\"async\" width=\"1024\" height=\"512\" src=\"https:\/\/irrecams.de\/wp-content\/uploads\/2021\/04\/IR205664_Pano-1024x512.jpg\" alt=\"Panorama della Via Lattea - ripreso con l&#039;astrofiltro\" class=\"wp-image-6833\" srcset=\"https:\/\/irrecams.de\/wp-content\/uploads\/2021\/04\/IR205664_Pano-1024x512.jpg 1024w, https:\/\/irrecams.de\/wp-content\/uploads\/2021\/04\/IR205664_Pano-600x300.jpg 600w, https:\/\/irrecams.de\/wp-content\/uploads\/2021\/04\/IR205664_Pano-300x150.jpg 300w, https:\/\/irrecams.de\/wp-content\/uploads\/2021\/04\/IR205664_Pano-768x384.jpg 768w, https:\/\/irrecams.de\/wp-content\/uploads\/2021\/04\/IR205664_Pano-1536x768.jpg 1536w, https:\/\/irrecams.de\/wp-content\/uploads\/2021\/04\/IR205664_Pano-16x8.jpg 16w, https:\/\/irrecams.de\/wp-content\/uploads\/2021\/04\/IR205664_Pano-350x175.jpg 350w, https:\/\/irrecams.de\/wp-content\/uploads\/2021\/04\/IR205664_Pano.jpg 2000w\" sizes=\"auto, (max-width: 1024px) 100vw, 1024px\" \/><\/a><figcaption class=\"wp-element-caption\">Panorama della Via Lattea - ripreso con l'astrofiltro<\/figcaption><\/figure>\n\n\n\n<p><\/p>","protected":false},"excerpt":{"rendered":"<p>Die Infrarot Fotografie zeigt bekanntlich vertraute Landschaften in einem abstrakten, k\u00fcnstlerischen und neuen Licht. Bei der Astro- oder Sternfotografie geht es aber eher darum, die Objekte m\u00f6glichst &#8220;nat\u00fcrlich&#8221; abzubilden, so wie wir sie auch sehen. Das ist vor allem f\u00fcr Nachtlandschaften wichtig, bei denen auch noch ein spannender Vordergrund zu fotografieren ist. Vorteile einer Astromodifizierten [&hellip;]<\/p>\n","protected":false},"author":1,"featured_media":0,"parent":0,"menu_order":20,"comment_status":"closed","ping_status":"closed","template":"","meta":{"footnotes":""},"class_list":["post-6729","page","type-page","status-publish","hentry"],"_links":{"self":[{"href":"https:\/\/irrecams.de\/it\/wp-json\/wp\/v2\/pages\/6729","targetHints":{"allow":["GET"]}}],"collection":[{"href":"https:\/\/irrecams.de\/it\/wp-json\/wp\/v2\/pages"}],"about":[{"href":"https:\/\/irrecams.de\/it\/wp-json\/wp\/v2\/types\/page"}],"author":[{"embeddable":true,"href":"https:\/\/irrecams.de\/it\/wp-json\/wp\/v2\/users\/1"}],"replies":[{"embeddable":true,"href":"https:\/\/irrecams.de\/it\/wp-json\/wp\/v2\/comments?post=6729"}],"version-history":[{"count":10,"href":"https:\/\/irrecams.de\/it\/wp-json\/wp\/v2\/pages\/6729\/revisions"}],"predecessor-version":[{"id":14354,"href":"https:\/\/irrecams.de\/it\/wp-json\/wp\/v2\/pages\/6729\/revisions\/14354"}],"wp:attachment":[{"href":"https:\/\/irrecams.de\/it\/wp-json\/wp\/v2\/media?parent=6729"}],"curies":[{"name":"wp","href":"https:\/\/api.w.org\/{rel}","templated":true}]}}