{"id":81,"date":"2015-01-07T16:00:36","date_gmt":"2015-01-07T15:00:36","guid":{"rendered":"http:\/\/wp10590344.server-he.de\/irrecams2\/?page_id=81"},"modified":"2026-01-13T23:33:30","modified_gmt":"2026-01-13T22:33:30","slug":"laboratori-a-infrarossi","status":"publish","type":"page","link":"https:\/\/irrecams.de\/it\/laboratori-a-infrarossi\/","title":{"rendered":"Workshop di fotografia all'infrarosso"},"content":{"rendered":"<p>I workshop di fotografia all'infrarosso sono progettati per impartire conoscenze teoriche e pratiche e sono rivolti sia ai principianti che ai fotografi all'infrarosso esperti. Nei seminari teorici vengono insegnate le basi e viene dimostrata la post-elaborazione. Sul posto, poi, si scoprono motivi molto particolari nei luoghi pi\u00f9 belli della Germania. Inoltre, \u00e8 possibile prendere in prestito la propria macchina fotografica a infrarossi preferita per un piccolo costo, se non si possiede ancora una macchina fotografica o se si desidera provarne una diversa.<\/p>\n\n\n\n<hr class=\"wp-block-separator has-css-opacity is-style-wide\"\/>\n\n\n\n<h2 class=\"wp-block-heading\">Workshop all'infrarosso in Svevia settentrionale: 26-28 giugno 2026<\/h2>\n\n\n\n<p>La Germania meridionale \u00e8 una destinazione particolarmente gratificante per la fotografia all'infrarosso in estate. Il verde lussureggiante delle piante, gli antichi castelli e l'architettura medievale formano una gamma variegata di motivi diversi in una piccola area.<\/p>\n\n\n\n<p>Il workshop \u00e8 stato progettato per impartire conoscenze teoriche e pratiche ed \u00e8 rivolto sia ai principianti che ai fotografi avanzati dell'infrarosso. I seminari teorici forniranno le basi e mostreranno la post-elaborazione. Sul posto scopriremo poi motivi interessanti nei luoghi pi\u00f9 belli della Germania. <\/p>\n\n\n\n<div class=\"wp-block-buttons has-base-background-color has-background is-content-justification-center is-layout-flex wp-container-core-buttons-is-layout-a89b3969 wp-block-buttons-is-layout-flex\">\n<div class=\"wp-block-button\"><a class=\"wp-block-button__link has-custom-infra-rot-background-color has-background wp-element-button\" href=\"https:\/\/www.irrecams.de\/IR-Workshop_261.pdf\" target=\"_blank\" rel=\"noreferrer noopener\">PDF con tutti i dettagli<\/a><\/div>\n\n\n\n<div class=\"wp-block-button\"><a class=\"wp-block-button__link has-custom-infra-rot-background-color has-background wp-element-button\" href=\"https:\/\/irrecams.de\/it\/negozio\/ir-workshop-svezia-settentrionale-26-28-giugno-2026\/\">Alla prenotazione<\/a><\/div>\n<\/div>\n\n\n\n<div style=\"height:30px\" aria-hidden=\"true\" class=\"wp-block-spacer\"><\/div>\n\n\n\n<figure class=\"wp-block-image aligncenter size-full\"><img loading=\"lazy\" decoding=\"async\" width=\"1500\" height=\"844\" src=\"https:\/\/irrecams.de\/wp-content\/uploads\/2026\/01\/IR-Workshop_261.jpg\" alt=\"Officina a infrarossi North Swabia 2026\" class=\"wp-image-16367\" srcset=\"https:\/\/irrecams.de\/wp-content\/uploads\/2026\/01\/IR-Workshop_261.jpg 1500w, https:\/\/irrecams.de\/wp-content\/uploads\/2026\/01\/IR-Workshop_261-300x169.jpg 300w, https:\/\/irrecams.de\/wp-content\/uploads\/2026\/01\/IR-Workshop_261-1024x576.jpg 1024w, https:\/\/irrecams.de\/wp-content\/uploads\/2026\/01\/IR-Workshop_261-768x432.jpg 768w, https:\/\/irrecams.de\/wp-content\/uploads\/2026\/01\/IR-Workshop_261-18x10.jpg 18w, https:\/\/irrecams.de\/wp-content\/uploads\/2026\/01\/IR-Workshop_261-600x338.jpg 600w\" sizes=\"auto, (max-width: 1500px) 100vw, 1500px\" \/><figcaption class=\"wp-element-caption\">Officina a infrarossi North Swabia 2026<\/figcaption><\/figure>\n\n\n\n<hr class=\"wp-block-separator has-css-opacity is-style-wide\"\/>\n\n\n\n<h2 class=\"wp-block-heading\"><s>Workshop all'infrarosso sull'isola di R\u00fcgen: 23-25 maggio 2025<\/s><\/h2>\n\n\n\n<p>Il prossimo workshop sull'isola di R\u00fcgen dovrebbe essere <strong>Fine maggio 2027<\/strong> avr\u00e0 luogo. Non appena la data sar\u00e0 fissata, sar\u00e0 annunciata nella nostra newsletter, alla quale potete iscrivervi in fondo a questa pagina.<\/p>\n\n\n\n<div style=\"height:30px\" aria-hidden=\"true\" class=\"wp-block-spacer\"><\/div>\n\n\n\n<figure class=\"wp-block-image aligncenter size-full\"><img loading=\"lazy\" decoding=\"async\" width=\"1920\" height=\"1080\" src=\"https:\/\/irrecams.de\/wp-content\/uploads\/2024\/11\/IR-Workshop_251-1.jpg\" alt=\"\" class=\"wp-image-13753\" srcset=\"https:\/\/irrecams.de\/wp-content\/uploads\/2024\/11\/IR-Workshop_251-1.jpg 1920w, https:\/\/irrecams.de\/wp-content\/uploads\/2024\/11\/IR-Workshop_251-1-300x169.jpg 300w, https:\/\/irrecams.de\/wp-content\/uploads\/2024\/11\/IR-Workshop_251-1-1024x576.jpg 1024w, https:\/\/irrecams.de\/wp-content\/uploads\/2024\/11\/IR-Workshop_251-1-768x432.jpg 768w, https:\/\/irrecams.de\/wp-content\/uploads\/2024\/11\/IR-Workshop_251-1-1536x864.jpg 1536w, https:\/\/irrecams.de\/wp-content\/uploads\/2024\/11\/IR-Workshop_251-1-18x10.jpg 18w, https:\/\/irrecams.de\/wp-content\/uploads\/2024\/11\/IR-Workshop_251-1-600x338.jpg 600w\" sizes=\"auto, (max-width: 1920px) 100vw, 1920px\" \/><figcaption class=\"wp-element-caption\">Workshop all'infrarosso Isola di R\u00fcgen 2025<\/figcaption><\/figure>\n\n\n\n<hr class=\"wp-block-separator has-css-opacity is-style-wide\"\/>\n\n\n\n<h2 class=\"wp-block-heading\">Tutorial gratuito per principianti sugli infrarossi<\/h2>\n\n\n\n<figure class=\"wp-block-image aligncenter size-large\"><a href=\"https:\/\/irrecams.de\/it\/blog\/2021\/tutorial-gratuito-per-principianti-sugli-infrarossi-2021\/\" target=\"_blank\" rel=\"noopener\"><img loading=\"lazy\" decoding=\"async\" width=\"1024\" height=\"576\" src=\"https:\/\/irrecams.de\/wp-content\/uploads\/2021\/07\/213de-1024x576.jpg\" alt=\"Webinar sulla fotografia all&#039;infrarosso Fuji-Store.de\" class=\"wp-image-7247\" srcset=\"https:\/\/irrecams.de\/wp-content\/uploads\/2021\/07\/213de-1024x576.jpg 1024w, https:\/\/irrecams.de\/wp-content\/uploads\/2021\/07\/213de-600x338.jpg 600w, https:\/\/irrecams.de\/wp-content\/uploads\/2021\/07\/213de-300x169.jpg 300w, https:\/\/irrecams.de\/wp-content\/uploads\/2021\/07\/213de-768x432.jpg 768w, https:\/\/irrecams.de\/wp-content\/uploads\/2021\/07\/213de-1536x864.jpg 1536w, https:\/\/irrecams.de\/wp-content\/uploads\/2021\/07\/213de-16x9.jpg 16w, https:\/\/irrecams.de\/wp-content\/uploads\/2021\/07\/213de-350x197.jpg 350w, https:\/\/irrecams.de\/wp-content\/uploads\/2021\/07\/213de.jpg 2000w\" sizes=\"auto, (max-width: 1024px) 100vw, 1024px\" \/><\/a><\/figure>\n\n\n\n<p>Chiunque stia prendendo in considerazione <a href=\"https:\/\/irrecams.de\/it\/fotografia-a-infrarossi\/\">Fotografia IR <\/a>Se non sapete come iniziare a fotografare all'infrarosso o se non vi sono chiari alcuni aspetti, potete guardare questo tutorial gratuito qui. Il webinar, della durata di 1,5 ore, vi guida dalla A alla Z attraverso tutti gli aspetti pi\u00f9 importanti della fotografia a infrarossi. A partire dalle opzioni di conversione della fotocamera, alla selezione dei filtri, ai punti caldi dell'infrarosso fino all'elaborazione di base dell'infrarosso.<\/p>\n\n\n\n<p class=\"translation-block\">Il webinar sugli infrarossi organizzato da <a href=\"https:\/\/www.fuji-store.de\/\" target=\"_self\" rel=\"noreferrer noopener\">Fuji-Store<\/a> si \u00e8 svolto il 27.07.2021. Grazie ancora una volta per l'ottima serata e per averci fornito la registrazione!<\/p>\n\n\n\n<div class=\"wp-block-buttons is-horizontal is-content-justification-center is-layout-flex wp-container-core-buttons-is-layout-03627597 wp-block-buttons-is-layout-flex\">\n<div class=\"wp-block-button has-custom-width wp-block-button__width-50\"><a class=\"wp-block-button__link wp-element-button\" href=\"https:\/\/irrecams.de\/it\/blog\/2021\/tutorial-gratuito-per-principianti-sugli-infrarossi-2021\/\" style=\"border-radius:5px\" target=\"_blank\" rel=\"noreferrer noopener\">Direttamente al tutorial<\/a><\/div>\n<\/div>","protected":false},"excerpt":{"rendered":"<p>Die Infrarot Fotografie Workshops sollen theoretisches und praktisches Wissen vermitteln und richten sich sowohl an Einsteiger als auch Fortgeschrittene in der Infrarotfotografie. In theoretischen Seminaren werden Grundlagen geschaffen und die Nachbearbeitung vorgef\u00fchrt. Vor Ort entdecken wir dann ganz besondere Motive an den sch\u00f6nsten Orten Deutschlands. Sie k\u00f6nnen \u00fcbrigens Ihre Wunsch-Infrarotkamera gegen eine kleine Geb\u00fchr ausleihen, [&hellip;]<\/p>\n","protected":false},"author":1,"featured_media":0,"parent":0,"menu_order":4,"comment_status":"closed","ping_status":"closed","template":"","meta":{"footnotes":""},"class_list":["post-81","page","type-page","status-publish","hentry"],"_links":{"self":[{"href":"https:\/\/irrecams.de\/it\/wp-json\/wp\/v2\/pages\/81","targetHints":{"allow":["GET"]}}],"collection":[{"href":"https:\/\/irrecams.de\/it\/wp-json\/wp\/v2\/pages"}],"about":[{"href":"https:\/\/irrecams.de\/it\/wp-json\/wp\/v2\/types\/page"}],"author":[{"embeddable":true,"href":"https:\/\/irrecams.de\/it\/wp-json\/wp\/v2\/users\/1"}],"replies":[{"embeddable":true,"href":"https:\/\/irrecams.de\/it\/wp-json\/wp\/v2\/comments?post=81"}],"version-history":[{"count":16,"href":"https:\/\/irrecams.de\/it\/wp-json\/wp\/v2\/pages\/81\/revisions"}],"predecessor-version":[{"id":16375,"href":"https:\/\/irrecams.de\/it\/wp-json\/wp\/v2\/pages\/81\/revisions\/16375"}],"wp:attachment":[{"href":"https:\/\/irrecams.de\/it\/wp-json\/wp\/v2\/media?parent=81"}],"curies":[{"name":"wp","href":"https:\/\/api.w.org\/{rel}","templated":true}]}}