{"id":94,"date":"2015-01-07T17:27:52","date_gmt":"2015-01-07T16:27:52","guid":{"rendered":"http:\/\/wp10590344.server-he.de\/irrecams2\/?page_id=94"},"modified":"2025-07-23T08:33:22","modified_gmt":"2025-07-23T06:33:22","slug":"impronta","status":"publish","type":"page","link":"https:\/\/irrecams.de\/it\/impronta\/","title":{"rendered":"Impronta"},"content":{"rendered":"<p>Indirizzo Internet: <a href=\"https:\/\/irrecams.de\/it\/\">www.IRreCams.de<\/a><\/p>\n\n\n\n<p>IRreCams Lamprecht<\/p>\n\n\n\n<p>Proprietario: Sven Lamprecht<\/p>\n\n\n\n<p>Moorberg 8c<br>18573 Dreschvitz<br>Germania<\/p>\n\n\n\n<p>Telefono: (+49) 038306 639 817<br>Cellulare: (+49) 0151 5 48 48 914<\/p>\n\n\n\n<p>Posta: <a href=\"mailto:info@irrecams.de\">info@IRreCams.de<\/a><\/p>\n\n\n\n<p>Numero di identificazione dell'imposta sulle vendite: DE275518370<br>LUCID \/ Numero EPR: DE3524348383303<br>Numero EORI: DE792085246882510<br><\/p>\n\n\n\n<p>Responsabile ai sensi del \u00a7 18 MStV:<br>Sven Lamprecht<br>Moorberg 8c<br>18573 Dreschvitz<\/p>\n\n\n\n<p class=\"translation-block\">La Commissione europea mette a disposizione una piattaforma per la risoluzione delle controversie online (OS), che potete trovare qui <a href=\"https:\/\/ec.europa.eu\/consumers\/odr\/\" target=\"_self\" rel=\"noreferrer noopener nofollow\">https:\/\/ec.europa.eu\/consumers\/odr\/<\/a>. Siamo pronti a partecipare a una procedura di arbitrato extragiudiziale davanti a un collegio arbitrale dei consumatori.<\/p>\n\n\n\n<p><a href=\"https:\/\/irrecams.de\/it\/protezione-dei-dati\/\">Leggi l'informativa sulla privacy qui<\/a><\/p>\n\n\n\n<p><a href=\"https:\/\/irrecams.de\/it\/politica-di-cancellazione\/\">Leggi la politica di cancellazione qui<\/a><\/p>\n\n\n\n<p><a href=\"https:\/\/irrecams.de\/it\/condizioni-generali-di-contratto\/\">Leggi qui i termini e le condizioni generali<\/a><\/p>\n\n\n\n<p><\/p>\n\n\n\n<h4 class=\"wp-block-heading\">Esclusione di responsabilit\u00e0:<\/h4>\n\n\n\n<p>Le raccomandazioni e le informazioni contenute in questa pagina sono state compilate e controllate dall'autore con grande cura. Tuttavia, non \u00e8 possibile garantire l'accuratezza delle informazioni. L'autore non si assume alcuna responsabilit\u00e0 per danni o incidenti derivanti dalle raccomandazioni e dalle informazioni contenute in questo sito.<\/p>\n\n\n\n<p>Nonostante un attento esame dei contenuti, il gestore del sito non si assume alcuna responsabilit\u00e0 per il contenuto dei link esterni. I rispettivi gestori sono gli unici responsabili del contenuto delle pagine collegate.<\/p>\n\n\n\n<h4 class=\"wp-block-heading\">Copyright e utilizzo dei contenuti:<\/h4>\n\n\n\n<p>Tutte le immagini, i grafici, i testi e i disegni grafici sono propriet\u00e0 intellettuale del gestore del sito in conformit\u00e0 con la legge tedesca sul copyright.<br>L'operatore di questo sito web si riserva il diritto di rilevare o utilizzare i contenuti di questo sito web nell'ambito del <a href=\"http:\/\/creativecommons.org\/licenses\/by-nc-sa\/3.0\/de\/\" target=\"_blank\" rel=\"noreferrer noopener\">Licenza Creative Commons \"Attribuzione-Non commerciale-Condividi allo stesso modo 3.0 Germania\" (CC by-nc-sa)<\/a> gratuito. Se si desidera utilizzare i contenuti di questo sito senza rispettare le norme \"CC by-nc-sa\", si prega di contattare il gestore del sito.<\/p>\n\n\n\n<p><\/p>\n\n\n\n<h4 class=\"wp-block-heading\">Analisi web con Matomo:<\/h4>\n\n\n\n<p>Questo sito utilizza Matomo, un software open source per l'analisi statistica degli accessi dei visitatori. Ulteriori informazioni sono disponibili nella sezione <a href=\"https:\/\/irrecams.de\/it\/protezione-dei-dati\/\">Informativa sulla privacy<\/a>. Il vostro stato attuale:<\/p>\n\n\n\n<div class=\"wp-block-group has-border-color has-tertiary-border-color has-global-padding is-layout-constrained wp-container-core-group-is-layout-23b1a4dc wp-block-group-is-layout-constrained\" style=\"border-width:1px;border-radius:5px;padding-top:var(--wp--preset--spacing--30);padding-right:var(--wp--preset--spacing--30);padding-bottom:var(--wp--preset--spacing--30);padding-left:var(--wp--preset--spacing--30)\"><p id=\"matomo_opted_out_intro\" style=\"display:none;\">L'opt-out \u00e8 completo; le vostre visite a questo sito web non saranno registrate dallo strumento Web Analytics. Si noti che se si cancellano i cookie, si elimina il cookie di opt-out o si cambia computer o browser Web, sar\u00e0 necessario eseguire nuovamente la procedura di opt-out.<\/p><p id=\"matomo_opted_in_intro\" >Potete scegliere di impedire che questo sito web aggreghi e analizzi le azioni che svolgete qui. Ci\u00f2 protegger\u00e0 la vostra privacy, ma impedir\u00e0 anche al proprietario di imparare dalle vostre azioni e di creare un'esperienza migliore per voi e per gli altri utenti.<\/p><form action=\"\">\n        <input type=\"checkbox\" id=\"matomo_optout_checkbox\" checked=\"checked\"\/>\n        <label for=\"matomo_optout_checkbox\"><strong>\n        <span id=\"matomo_opted_in_label\" >Non siete stati esclusi. Deselezionare questa casella per escludere la partecipazione.<\/span>\n\t\t<span id=\"matomo_opted_out_label\" style=\"display:none;\">Al momento siete esclusi. Selezionate questa casella per accedere.<\/span>\n        <\/strong><\/label><input type=\"hidden\" name=\"trp-form-language\" value=\"it\"\/><\/form><noscript><p><strong style=\"color: #ff0000;\">Questa funzione di opt-out richiede JavaScript.<\/strong><\/p><\/noscript><p id=\"matomo_outout_err_cookies\" style=\"display: none;\"><strong>La funzione di opt-out del tracciamento richiede l'abilitazione dei cookie.<\/strong><\/p>\n<\/div>\n\n\n\n<p>Se non volete che Matomo effettui analisi statistiche, potete anche attivare la funzione \"Do-Not-Track\" nel vostro browser. Noi rispetteremo questa decisione e non raccoglieremo alcun dato per le statistiche dei visitatori. Per sapere come modificare queste impostazioni, utilizzate le funzioni di aiuto del vostro browser Internet.<\/p>","protected":false},"excerpt":{"rendered":"<p>Internetadresse: www.IRreCams.de IRreCams Lamprecht Inhaber: Sven Lamprecht Moorberg 8c18573 DreschvitzDeutschland Telefon: (+49) 038306 639 817Mobil: (+49) 0151 5 48 48 914 Mail: info@IRreCams.de Umsatzsteuer-Identifikationsnummer: DE275518370LUCID \/ EPR Nummer: DE3524348383303EORI Nummer: DE792085246882510 Verantwortlich gem\u00e4\u00df \u00a7 18 MStV:Sven LamprechtMoorberg 8c18573 Dreschvitz Die Europ\u00e4ische Kommission stellt eine Plattform zur Online-Streitbeilegung (OS) bereit, die Sie hier finden https:\/\/ec.europa.eu\/consumers\/odr\/. Wir [&hellip;]<\/p>\n","protected":false},"author":1,"featured_media":0,"parent":0,"menu_order":90,"comment_status":"closed","ping_status":"closed","template":"","meta":{"footnotes":""},"class_list":["post-94","page","type-page","status-publish","hentry"],"_links":{"self":[{"href":"https:\/\/irrecams.de\/it\/wp-json\/wp\/v2\/pages\/94","targetHints":{"allow":["GET"]}}],"collection":[{"href":"https:\/\/irrecams.de\/it\/wp-json\/wp\/v2\/pages"}],"about":[{"href":"https:\/\/irrecams.de\/it\/wp-json\/wp\/v2\/types\/page"}],"author":[{"embeddable":true,"href":"https:\/\/irrecams.de\/it\/wp-json\/wp\/v2\/users\/1"}],"replies":[{"embeddable":true,"href":"https:\/\/irrecams.de\/it\/wp-json\/wp\/v2\/comments?post=94"}],"version-history":[{"count":6,"href":"https:\/\/irrecams.de\/it\/wp-json\/wp\/v2\/pages\/94\/revisions"}],"predecessor-version":[{"id":15223,"href":"https:\/\/irrecams.de\/it\/wp-json\/wp\/v2\/pages\/94\/revisions\/15223"}],"wp:attachment":[{"href":"https:\/\/irrecams.de\/it\/wp-json\/wp\/v2\/media?parent=94"}],"curies":[{"name":"wp","href":"https:\/\/api.w.org\/{rel}","templated":true}]}}