{"id":12104,"date":"2024-06-20T13:59:48","date_gmt":"2024-06-20T11:59:48","guid":{"rendered":"https:\/\/irrecams.de\/?post_type=product&#038;p=12104"},"modified":"2025-05-17T00:00:53","modified_gmt":"2025-05-16T22:00:53","slug":"fujifilm-x-t5-convertito-nuovo","status":"publish","type":"product","link":"https:\/\/irrecams.de\/it\/negozio\/fujifilm-x-t5-convertito-nuovo\/","title":{"rendered":"Fujifilm X-T5 ricostruito *NEW*"},"content":{"rendered":"<p><strong>Nota:<\/strong> La funzione di pulizia automatica del sensore viene meno con la conversione di questa fotocamera.<\/p>\n<p><strong>Nota Bilanciamento del bianco:<\/strong> Nelle fotocamere Fujifilm con sensore X-Trans, il bilanciamento del bianco non pu\u00f2 essere impostato nella fotocamera con la maggior parte dei filtri IR (questo problema si verifica anche con il filtro InfraBlue). La fotocamera imposta il miglior bilanciamento del bianco possibile, ma di solito rimane un leggero colore magenta e rosso. Quando si fotografa in RAW (consigliato), tuttavia, questo non \u00e8 importante perch\u00e9 il bilanciamento del bianco pu\u00f2 essere impostato correttamente sul PC. \u00c8 possibile anche fotografare JPEG in bianco e nero con la fotocamera senza problemi.<\/p>","protected":false},"excerpt":{"rendered":"<div class=\"woocommerce-product-details__short-description\">\n<p>State acquistando una nuova fotocamera che \u00e8 gi\u00e0 stata convertita per voi con il filtro incorporato selezionato.<\/p>\n<\/div>\n<p>La telecamera non \u00e8 disponibile in magazzino e verr\u00e0 acquistata solo su ordinazione, pertanto i tempi di consegna sono di circa 14 giorni.<\/p>\n<div class=\"woocommerce-product-details__short-description\">\n<p>Non siete sicuri dei dettagli o della scelta del filtro? Scriveteci <a href=\"https:\/\/irrecams.de\/it\/umbauservice\/richiesta-di-informazioni\/\">un messaggio non vincolante<\/a>.<\/p>\n<\/div>","protected":false},"featured_media":12148,"template":"","meta":[],"product_brand":[],"product_cat":[923],"product_tag":[925],"class_list":{"0":"post-12104","1":"product","2":"type-product","3":"status-publish","4":"has-post-thumbnail","6":"product_cat-neue-infrarot-und-astrokameras","7":"product_tag-apsc","8":"product_shipping_class-kamera","10":"first","11":"instock","12":"taxable","13":"shipping-taxable","14":"purchasable","15":"product-type-simple"},"_links":{"self":[{"href":"https:\/\/irrecams.de\/it\/wp-json\/wp\/v2\/product\/12104","targetHints":{"allow":["GET"]}}],"collection":[{"href":"https:\/\/irrecams.de\/it\/wp-json\/wp\/v2\/product"}],"about":[{"href":"https:\/\/irrecams.de\/it\/wp-json\/wp\/v2\/types\/product"}],"wp:featuredmedia":[{"embeddable":true,"href":"https:\/\/irrecams.de\/it\/wp-json\/wp\/v2\/media\/12148"}],"wp:attachment":[{"href":"https:\/\/irrecams.de\/it\/wp-json\/wp\/v2\/media?parent=12104"}],"wp:term":[{"taxonomy":"product_brand","embeddable":true,"href":"https:\/\/irrecams.de\/it\/wp-json\/wp\/v2\/product_brand?post=12104"},{"taxonomy":"product_cat","embeddable":true,"href":"https:\/\/irrecams.de\/it\/wp-json\/wp\/v2\/product_cat?post=12104"},{"taxonomy":"product_tag","embeddable":true,"href":"https:\/\/irrecams.de\/it\/wp-json\/wp\/v2\/product_tag?post=12104"}],"curies":[{"name":"wp","href":"https:\/\/api.w.org\/{rel}","templated":true}]}}