{"id":12110,"date":"2024-07-06T11:58:32","date_gmt":"2024-07-06T09:58:32","guid":{"rendered":"https:\/\/irrecams.de\/?post_type=product&#038;p=12110"},"modified":"2026-04-08T13:03:59","modified_gmt":"2026-04-08T11:03:59","slug":"nikon-z30-ricostruita-nuova","status":"publish","type":"product","link":"https:\/\/irrecams.de\/it\/negozio\/nikon-z30-ricostruita-nuova\/","title":{"rendered":"Nikon Z30 ricostruito *NEW*"},"content":{"rendered":"<p><strong>Nota Bilanciamento del bianco:<\/strong> Il bilanciamento del bianco non pu\u00f2 essere impostato correttamente con questa fotocamera. A seconda della situazione di illuminazione e del filtro, il bilanciamento manuale del bianco nella fotocamera non \u00e8 possibile e restituisce un messaggio di errore (il problema si verifica anche con il filtro InfraBlue). Il bilanciamento del bianco pu\u00f2 essere impostato a 2500K con la correzione del colore, ma di solito nell'immagine rimane un chiaro colore magenta. Quando si fotografa in RAW (consigliato), tuttavia, questo non ha importanza perch\u00e9 il bilanciamento del bianco pu\u00f2 essere impostato correttamente sul PC. \u00c8 possibile anche fotografare JPEG in bianco e nero nella fotocamera senza problemi.<\/p>","protected":false},"excerpt":{"rendered":"<div class=\"woocommerce-product-details__short-description\">\n<p>State acquistando una nuova fotocamera che \u00e8 gi\u00e0 stata convertita per voi con il filtro incorporato selezionato.<\/p>\n<\/div>\n<p>La telecamera non \u00e8 disponibile in magazzino e verr\u00e0 acquistata solo su ordinazione, pertanto i tempi di consegna sono di circa 14 giorni.<\/p>\n<div class=\"woocommerce-product-details__short-description\">\n<p>Non siete sicuri dei dettagli o della scelta del filtro? Scriveteci <a href=\"https:\/\/irrecams.de\/it\/umbauservice\/richiesta-di-informazioni\/\">un messaggio non vincolante<\/a>.<\/p>\n<\/div>","protected":false},"featured_media":12141,"template":"","meta":[],"product_brand":[],"product_cat":[923],"product_tag":[925],"class_list":{"0":"post-12110","1":"product","2":"type-product","3":"status-publish","4":"has-post-thumbnail","6":"product_cat-neue-infrarot-und-astrokameras","7":"product_tag-apsc","8":"product_shipping_class-kamera","10":"first","11":"instock","12":"taxable","13":"shipping-taxable","14":"purchasable","15":"product-type-simple"},"_links":{"self":[{"href":"https:\/\/irrecams.de\/it\/wp-json\/wp\/v2\/product\/12110","targetHints":{"allow":["GET"]}}],"collection":[{"href":"https:\/\/irrecams.de\/it\/wp-json\/wp\/v2\/product"}],"about":[{"href":"https:\/\/irrecams.de\/it\/wp-json\/wp\/v2\/types\/product"}],"wp:featuredmedia":[{"embeddable":true,"href":"https:\/\/irrecams.de\/it\/wp-json\/wp\/v2\/media\/12141"}],"wp:attachment":[{"href":"https:\/\/irrecams.de\/it\/wp-json\/wp\/v2\/media?parent=12110"}],"wp:term":[{"taxonomy":"product_brand","embeddable":true,"href":"https:\/\/irrecams.de\/it\/wp-json\/wp\/v2\/product_brand?post=12110"},{"taxonomy":"product_cat","embeddable":true,"href":"https:\/\/irrecams.de\/it\/wp-json\/wp\/v2\/product_cat?post=12110"},{"taxonomy":"product_tag","embeddable":true,"href":"https:\/\/irrecams.de\/it\/wp-json\/wp\/v2\/product_tag?post=12110"}],"curies":[{"name":"wp","href":"https:\/\/api.w.org\/{rel}","templated":true}]}}