{"id":12580,"date":"2024-08-30T21:33:57","date_gmt":"2024-08-30T19:33:57","guid":{"rendered":"https:\/\/irrecams.de\/?post_type=product&#038;p=12580"},"modified":"2026-04-06T14:46:47","modified_gmt":"2026-04-06T12:46:47","slug":"servizio-di-conversione-forense-canon-aps-c","status":"publish","type":"product","link":"https:\/\/irrecams.de\/it\/negozio\/servizio-di-conversione-forense-canon-aps-c\/","title":{"rendered":"Servizio di conversione forense Canon APS-C"},"content":{"rendered":"<p>Durante la conversione, il filtro di blocco UV\/IR (hotmirror) viene rimosso dalla fotocamera e sostituito con un filtro neutro. Questa modifica garantisce la massima sensibilit\u00e0 del sensore della fotocamera per i raggi UV, la luce visibile e i raggi infrarossi. La sensibilit\u00e0 del sensore inizia (a seconda del modello) a circa 300-320 nm e termina a 1.100-1.200 nm.<\/p>\n<p>Dopo la conversione, la fotocamera \u00e8 adatta a tutti gli esami forensi. Ci\u00f2 include esami forensi di edifici, esami medici forensi e tecniche di restauro di opere d'arte. Tuttavia, per un'applicazione sensata sono sempre necessari filtri spettrali adeguati (filtri passa-lungo, passa-corto o passa-banda) e, se necessario, sorgenti luminose speciali. Un set di filtri sofisticato e ben collaudato per la medicina legale degli edifici pu\u00f2 essere ordinato a <a href=\"https:\/\/bau-forensik.eu\/filter\/\" target=\"_blank\" rel=\"noopener\">Prof Andreas O. Rapp<\/a>. Lampade e accessori speciali per l'analisi di strumenti in legno possono essere ordinati a <a href=\"https:\/\/www.shop-schilbach.net\/c\/analyse-und-messwerkzeuge\/lumatec\" target=\"_blank\" rel=\"noopener\">Negozio-Schilbach<\/a> pu\u00f2 essere ottenuto.<\/p>\n<p>&nbsp;<\/p>\n<p><strong>ATTENZIONE: <\/strong>Con una fotocamera SLR convertita, \u00e8 sempre necessario attivare LiveView non appena si utilizza un filtro sulla fotocamera. Senza LiveView, la fotocamera non pu\u00f2 mettere a fuoco correttamente. Le fotocamere mirrorless della serie EOS M e EOS R non hanno questa limitazione e funzionano molto meglio come fotocamere forensi.<\/p>\n<p><strong>ATTENZIONE:<\/strong> Molti obiettivi nativi EOS RF e RF-S possono essere utilizzati solo in misura limitata in situazioni di scarsa illuminazione. All'interno degli obiettivi \u00e8 installato un LED a infrarossi. La luce diffusa pu\u00f2 essere visibile nelle foto con tempi di esposizione lunghi e\/o condizioni di illuminazione scura (anche con esposizioni lunghe con filtri ND). Se gli obiettivi EF vengono utilizzati con un adattatore su una fotocamera EOS R, non c'\u00e8 alcun rischio che ci\u00f2 accada.<\/p>\n<p><strong>Nota:<\/strong> Per le fotocamere con un *, la funzione di pulizia automatica del sensore viene persa durante la conversione. Dopo la conversione, il sensore pu\u00f2 essere pulito a secco (ad esempio, con aria compressa) o a umido (ad esempio, con tamponi) come di consueto. \u00c8 possibile utilizzare tutti i preparati e i metodi disponibili sul mercato per la pulizia del sensore.<\/p>\n<p>&nbsp;<\/p>","protected":false},"excerpt":{"rendered":"<p>Bei dem Umbau wird der UV\/IR Sperrfilter (Hotmirror) aus Ihrer Kamera entfernt und durch einen neutralen Filter ersetzt. Mit dieser Modifikation ist die maximale Empfindlichkeit des Kamerasensors f\u00fcr UV Strahlung, f\u00fcr sichtbares Licht und f\u00fcr Infrarot Strahlung gew\u00e4hrleistet. Die Empfindlichkeit des Sensors beginnt (ja nach Modell) bei ca. 300-320 nm und endet bei 1.100-1.200 nm. [&hellip;]<\/p>\n","protected":false},"featured_media":12407,"template":"","meta":[],"product_brand":[],"product_cat":[653],"product_tag":[],"class_list":{"0":"post-12580","1":"product","2":"type-product","3":"status-publish","4":"has-post-thumbnail","6":"product_cat-forensik","7":"product_shipping_class-umbau","9":"first","10":"instock","11":"taxable","12":"shipping-taxable","13":"purchasable","14":"product-type-variable"},"_links":{"self":[{"href":"https:\/\/irrecams.de\/it\/wp-json\/wp\/v2\/product\/12580","targetHints":{"allow":["GET"]}}],"collection":[{"href":"https:\/\/irrecams.de\/it\/wp-json\/wp\/v2\/product"}],"about":[{"href":"https:\/\/irrecams.de\/it\/wp-json\/wp\/v2\/types\/product"}],"wp:featuredmedia":[{"embeddable":true,"href":"https:\/\/irrecams.de\/it\/wp-json\/wp\/v2\/media\/12407"}],"wp:attachment":[{"href":"https:\/\/irrecams.de\/it\/wp-json\/wp\/v2\/media?parent=12580"}],"wp:term":[{"taxonomy":"product_brand","embeddable":true,"href":"https:\/\/irrecams.de\/it\/wp-json\/wp\/v2\/product_brand?post=12580"},{"taxonomy":"product_cat","embeddable":true,"href":"https:\/\/irrecams.de\/it\/wp-json\/wp\/v2\/product_cat?post=12580"},{"taxonomy":"product_tag","embeddable":true,"href":"https:\/\/irrecams.de\/it\/wp-json\/wp\/v2\/product_tag?post=12580"}],"curies":[{"name":"wp","href":"https:\/\/api.w.org\/{rel}","templated":true}]}}