{"id":12622,"date":"2024-08-30T21:58:01","date_gmt":"2024-08-30T19:58:01","guid":{"rendered":"https:\/\/irrecams.de\/?post_type=product&#038;p=12622"},"modified":"2025-07-29T23:51:19","modified_gmt":"2025-07-29T21:51:19","slug":"servizio-di-conversione-a-infrarossi-fujifilm-aps-c","status":"publish","type":"product","link":"https:\/\/irrecams.de\/it\/negozio\/servizio-di-conversione-a-infrarossi-fujifilm-aps-c\/","title":{"rendered":"Servizio di conversione a infrarossi Fujifilm APS-C"},"content":{"rendered":"<p><strong>Nota Bilanciamento del bianco:<\/strong> Nelle fotocamere Fujiiflm con sensore X-Trans, il bilanciamento del bianco non pu\u00f2 essere impostato nella fotocamera con la maggior parte dei filtri IR (il problema non si verifica con il filtro InfraBlue). La fotocamera imposta il miglior bilanciamento del bianco possibile, ma di solito rimane un leggero colore magenta e rosso. Quando si fotografa in RAW (consigliato), tuttavia, questo non ha importanza perch\u00e9 il bilanciamento del bianco pu\u00f2 essere impostato correttamente sul PC. \u00c8 possibile anche fotografare JPEG in bianco e nero con la fotocamera senza problemi.<\/p>\n<p><strong>Nota:<\/strong> Per le fotocamere con un *, la funzione di pulizia automatica del sensore viene persa durante la conversione. Dopo la conversione, il sensore pu\u00f2 essere pulito a secco (ad esempio, con aria compressa) o a umido (ad esempio, con tamponi) come di consueto. \u00c8 possibile utilizzare tutti i preparati e i metodi disponibili sul mercato per la pulizia del sensore.<\/p>","protected":false},"excerpt":{"rendered":"<p>Servizio di conversione a infrarossi per la vostra fotocamera Fujifilm APS-C.<\/p>\n<p>Non siete sicuri dei dettagli o del vostro <a href=\"https:\/\/irrecams.de\/it\/filtro-effetto-infrarosso-a-confronto\/\">Selezione del filtro<\/a>? Scriveteci <a href=\"https:\/\/irrecams.de\/it\/servizio-di-conversione-a-infrarossi\/richiesta-di-informazioni\/\">un messaggio non vincolante<\/a>.<\/p>","protected":false},"featured_media":12419,"template":"","meta":[],"product_brand":[],"product_cat":[455],"product_tag":[],"class_list":{"0":"post-12622","1":"product","2":"type-product","3":"status-publish","4":"has-post-thumbnail","6":"product_cat-infrarot-kamera-umbau-service","7":"product_shipping_class-umbau","9":"first","10":"instock","11":"taxable","12":"shipping-taxable","13":"purchasable","14":"product-type-variable"},"_links":{"self":[{"href":"https:\/\/irrecams.de\/it\/wp-json\/wp\/v2\/product\/12622","targetHints":{"allow":["GET"]}}],"collection":[{"href":"https:\/\/irrecams.de\/it\/wp-json\/wp\/v2\/product"}],"about":[{"href":"https:\/\/irrecams.de\/it\/wp-json\/wp\/v2\/types\/product"}],"wp:featuredmedia":[{"embeddable":true,"href":"https:\/\/irrecams.de\/it\/wp-json\/wp\/v2\/media\/12419"}],"wp:attachment":[{"href":"https:\/\/irrecams.de\/it\/wp-json\/wp\/v2\/media?parent=12622"}],"wp:term":[{"taxonomy":"product_brand","embeddable":true,"href":"https:\/\/irrecams.de\/it\/wp-json\/wp\/v2\/product_brand?post=12622"},{"taxonomy":"product_cat","embeddable":true,"href":"https:\/\/irrecams.de\/it\/wp-json\/wp\/v2\/product_cat?post=12622"},{"taxonomy":"product_tag","embeddable":true,"href":"https:\/\/irrecams.de\/it\/wp-json\/wp\/v2\/product_tag?post=12622"}],"curies":[{"name":"wp","href":"https:\/\/api.w.org\/{rel}","templated":true}]}}