{"id":12650,"date":"2024-08-30T22:02:00","date_gmt":"2024-08-30T20:02:00","guid":{"rendered":"https:\/\/irrecams.de\/?post_type=product&#038;p=12650"},"modified":"2025-11-08T13:03:03","modified_gmt":"2025-11-08T12:03:03","slug":"servizio-di-conversione-allinfrarosso-fujifilm-medio-formato","status":"publish","type":"product","link":"https:\/\/irrecams.de\/it\/negozio\/servizio-di-conversione-allinfrarosso-fujifilm-medio-formato\/","title":{"rendered":"Servizio di conversione all'infrarosso Fujifilm medio formato"},"content":{"rendered":"<p><strong>Nota Bilanciamento del bianco:<\/strong> Con i sensori delle fotocamere Fujiiflm, non \u00e8 possibile impostare il bilanciamento del bianco nella fotocamera con la maggior parte dei filtri IR (il problema non si verifica con il filtro InfraBlue). La fotocamera imposta il miglior bilanciamento del bianco possibile, ma di solito rimane un leggero colore magenta e rosso. Quando si fotografa in RAW (consigliato), tuttavia, questo non ha importanza perch\u00e9 il bilanciamento del bianco pu\u00f2 essere impostato correttamente sul PC. \u00c8 possibile anche fotografare JPEG in bianco e nero con la fotocamera senza problemi.<\/p>","protected":false},"excerpt":{"rendered":"<p>Servizio di conversione all'infrarosso per la vostra fotocamera di medio formato Fujifilm.<\/p>\n<p>Non siete sicuri dei dettagli o del vostro <a href=\"https:\/\/irrecams.de\/it\/filtro-effetto-infrarosso-a-confronto\/\">Selezione del filtro<\/a>? Scriveteci <a href=\"https:\/\/irrecams.de\/it\/servizio-di-conversione-a-infrarossi\/richiesta-di-informazioni\/\">un messaggio non vincolante<\/a>.<\/p>","protected":false},"featured_media":12421,"template":"","meta":[],"product_brand":[],"product_cat":[455],"product_tag":[],"class_list":{"0":"post-12650","1":"product","2":"type-product","3":"status-publish","4":"has-post-thumbnail","6":"product_cat-infrarot-kamera-umbau-service","7":"product_shipping_class-umbau","9":"first","10":"instock","11":"taxable","12":"shipping-taxable","13":"purchasable","14":"product-type-variable"},"_links":{"self":[{"href":"https:\/\/irrecams.de\/it\/wp-json\/wp\/v2\/product\/12650","targetHints":{"allow":["GET"]}}],"collection":[{"href":"https:\/\/irrecams.de\/it\/wp-json\/wp\/v2\/product"}],"about":[{"href":"https:\/\/irrecams.de\/it\/wp-json\/wp\/v2\/types\/product"}],"wp:featuredmedia":[{"embeddable":true,"href":"https:\/\/irrecams.de\/it\/wp-json\/wp\/v2\/media\/12421"}],"wp:attachment":[{"href":"https:\/\/irrecams.de\/it\/wp-json\/wp\/v2\/media?parent=12650"}],"wp:term":[{"taxonomy":"product_brand","embeddable":true,"href":"https:\/\/irrecams.de\/it\/wp-json\/wp\/v2\/product_brand?post=12650"},{"taxonomy":"product_cat","embeddable":true,"href":"https:\/\/irrecams.de\/it\/wp-json\/wp\/v2\/product_cat?post=12650"},{"taxonomy":"product_tag","embeddable":true,"href":"https:\/\/irrecams.de\/it\/wp-json\/wp\/v2\/product_tag?post=12650"}],"curies":[{"name":"wp","href":"https:\/\/api.w.org\/{rel}","templated":true}]}}