{"id":12719,"date":"2024-08-30T22:31:38","date_gmt":"2024-08-30T20:31:38","guid":{"rendered":"https:\/\/irrecams.de\/?post_type=product&#038;p=12719"},"modified":"2025-11-08T12:52:57","modified_gmt":"2025-11-08T11:52:57","slug":"servizio-di-conversione-a-infrarossi-nikon-a-pieno-formato","status":"publish","type":"product","link":"https:\/\/irrecams.de\/it\/negozio\/servizio-di-conversione-a-infrarossi-nikon-a-pieno-formato\/","title":{"rendered":"Servizio di conversione a infrarossi Nikon a pieno formato"},"content":{"rendered":"<p><strong>ATTENZIONE:<\/strong> Le fotocamere contrassegnate con due ** sono dotate di un LED a infrarossi interno. La luce parassita di questo LED pu\u00f2 essere visibile nell'immagine come un riflesso di luce con tempi di esposizione lunghi e\/o condizioni di illuminazione scura (anche con un filtro ND forte). Con tempi di esposizione normali e in condizioni di luce diurna, la luce diffusa di questo LED non \u00e8 percepibile.<\/p>\n<p><strong>Nota D780:<\/strong> Questo modello \u00e8 dotato di un LED, ma \u00e8 estremamente debole e rilevante solo per la modalit\u00e0 astro. La luce parassita pu\u00f2 essere completamente esclusa attivando la fotocamera in modalit\u00e0 LiveView e attivando l'opzione \"attivazione silenziosa\" nel menu.<\/p>\n<p><strong>Nota:<\/strong> Per le fotocamere con un *, la funzione di pulizia automatica del sensore viene persa durante la conversione. Dopo la conversione, il sensore pu\u00f2 essere pulito a secco (ad esempio, con aria compressa) o a umido (ad esempio, con tamponi) come di consueto. \u00c8 possibile utilizzare tutti i preparati e i metodi disponibili sul mercato per la pulizia del sensore.<\/p>\n<p><strong>Nota Bilanciamento del bianco:<\/strong> Praticamente con tutte le fotocamere Nikon non \u00e8 possibile impostare correttamente il bilanciamento del bianco nella fotocamera. A seconda della situazione di illuminazione e del filtro, il bilanciamento del bianco manuale nella fotocamera non \u00e8 possibile e restituisce un messaggio di errore (il problema si verifica anche con il filtro InfraBlue). Il bilanciamento del bianco pu\u00f2 essere impostato a 2500K con la correzione del colore, ma di solito nell'immagine rimane un chiaro colore magenta. Quando si fotografa in RAW (consigliato), tuttavia, questo non ha importanza perch\u00e9 il bilanciamento del bianco pu\u00f2 essere impostato correttamente sul PC. \u00c8 possibile anche fotografare JPEG in bianco e nero nella fotocamera senza problemi.<\/p>\n<p><strong>Nota Modello di linea:<\/strong> Alcuni utenti della serie Nikon Z segnalano la presenza di linee nelle immagini a infrarossi. Con un'elaborazione delle immagini ad alto contrasto, le linee del sistema AF possono diventare visibili nelle immagini. Il rischio aumenta con i filtri IR pi\u00f9 forti, mentre con i filtri pi\u00f9 deboli l'effetto sembra essere meno pronunciato. Le linee diventano visibili solo con una post-elaborazione molto spinta del contrasto, della chiarezza (contrasto locale) e\/o della rimozione della foschia.<\/p>","protected":false},"excerpt":{"rendered":"<p>Servizio di conversione a infrarossi per la vostra fotocamera full frame Nikon.<\/p>\n<p>Non siete sicuri dei dettagli o del vostro <a href=\"https:\/\/irrecams.de\/it\/filtro-effetto-infrarosso-a-confronto\/\">Selezione del filtro<\/a>? Scriveteci <a href=\"https:\/\/irrecams.de\/it\/servizio-di-conversione-a-infrarossi\/richiesta-di-informazioni\/\">un messaggio non vincolante<\/a>.<\/p>","protected":false},"featured_media":12425,"template":"","meta":[],"product_brand":[],"product_cat":[455],"product_tag":[],"class_list":{"0":"post-12719","1":"product","2":"type-product","3":"status-publish","4":"has-post-thumbnail","6":"product_cat-infrarot-kamera-umbau-service","7":"product_shipping_class-umbau","9":"first","10":"instock","11":"taxable","12":"shipping-taxable","13":"purchasable","14":"product-type-variable"},"_links":{"self":[{"href":"https:\/\/irrecams.de\/it\/wp-json\/wp\/v2\/product\/12719","targetHints":{"allow":["GET"]}}],"collection":[{"href":"https:\/\/irrecams.de\/it\/wp-json\/wp\/v2\/product"}],"about":[{"href":"https:\/\/irrecams.de\/it\/wp-json\/wp\/v2\/types\/product"}],"wp:featuredmedia":[{"embeddable":true,"href":"https:\/\/irrecams.de\/it\/wp-json\/wp\/v2\/media\/12425"}],"wp:attachment":[{"href":"https:\/\/irrecams.de\/it\/wp-json\/wp\/v2\/media?parent=12719"}],"wp:term":[{"taxonomy":"product_brand","embeddable":true,"href":"https:\/\/irrecams.de\/it\/wp-json\/wp\/v2\/product_brand?post=12719"},{"taxonomy":"product_cat","embeddable":true,"href":"https:\/\/irrecams.de\/it\/wp-json\/wp\/v2\/product_cat?post=12719"},{"taxonomy":"product_tag","embeddable":true,"href":"https:\/\/irrecams.de\/it\/wp-json\/wp\/v2\/product_tag?post=12719"}],"curies":[{"name":"wp","href":"https:\/\/api.w.org\/{rel}","templated":true}]}}