{"id":12790,"date":"2024-08-30T23:42:06","date_gmt":"2024-08-30T21:42:06","guid":{"rendered":"https:\/\/irrecams.de\/?post_type=product&#038;p=12790"},"modified":"2025-07-29T23:59:38","modified_gmt":"2025-07-29T21:59:38","slug":"servizio-di-conversione-forense-nikon-aps-c","status":"publish","type":"product","link":"https:\/\/irrecams.de\/it\/negozio\/servizio-di-conversione-forense-nikon-aps-c\/","title":{"rendered":"Servizio di conversione forense Nikon APS-C"},"content":{"rendered":"<p>Durante la conversione, il filtro di blocco UV\/IR (hotmirror) viene rimosso dalla fotocamera e sostituito con un filtro neutro. Questa modifica garantisce la massima sensibilit\u00e0 del sensore della fotocamera per i raggi UV, la luce visibile e i raggi infrarossi. La sensibilit\u00e0 del sensore inizia (a seconda del modello) a circa 300-320 nm e termina a circa 1.100-1.200 nm.<\/p>\n<p>Dopo la conversione, la fotocamera \u00e8 adatta a tutti gli esami forensi. Ci\u00f2 include esami forensi di edifici, esami medici forensi e tecniche di restauro di opere d'arte. Tuttavia, per un'applicazione sensata sono sempre necessari filtri spettrali adeguati (filtri passa-lungo, passa-corto o passa-banda) e, se necessario, sorgenti luminose speciali. Un set di filtri sofisticato e ben collaudato per la medicina legale degli edifici pu\u00f2 essere ordinato a <a href=\"https:\/\/bau-forensik.eu\/filter\/\" target=\"_blank\" rel=\"noopener\">Prof Andreas O. Rapp<\/a>. Lampade e accessori speciali per l'analisi di strumenti in legno possono essere ordinati a <a href=\"https:\/\/www.shop-schilbach.net\/c\/analyse-und-messwerkzeuge\/lumatec\" target=\"_blank\" rel=\"noopener\">Negozio-Schilbach<\/a> pu\u00f2 essere ottenuto.<\/p>\n<p>&nbsp;<\/p>\n<p><strong>Nota:<\/strong> Per le fotocamere con un *, la funzione di pulizia automatica del sensore viene persa durante la conversione. Dopo la conversione, il sensore pu\u00f2 essere pulito a secco (ad esempio, con aria compressa) o a umido (ad esempio, con tamponi) come di consueto. \u00c8 possibile utilizzare tutti i preparati e i metodi disponibili sul mercato per la pulizia del sensore.<\/p>\n<p><strong>Nota Bilanciamento del bianco:<\/strong> Praticamente con tutte le fotocamere Nikon non \u00e8 possibile impostare correttamente il bilanciamento del bianco nella fotocamera. A seconda della situazione di illuminazione e del filtro, il bilanciamento del bianco manuale nella fotocamera non \u00e8 possibile e restituisce un messaggio di errore (il problema si verifica anche con il filtro InfraBlue). Il bilanciamento del bianco pu\u00f2 essere impostato a 2500K con la correzione del colore, ma di solito nell'immagine rimane un chiaro colore magenta. Quando si fotografa in RAW (consigliato), tuttavia, questo non ha importanza perch\u00e9 il bilanciamento del bianco pu\u00f2 essere impostato correttamente sul PC. \u00c8 possibile anche fotografare JPEG in bianco e nero nella fotocamera senza problemi.<\/p>\n<p><strong>Nota Modello di linea:<\/strong> Alcuni utenti della serie Nikon Z segnalano la presenza di linee nelle immagini a infrarossi. Con un'elaborazione delle immagini ad alto contrasto, le linee del sistema AF possono diventare visibili nelle immagini. Il rischio aumenta con i filtri IR pi\u00f9 forti, mentre con i filtri pi\u00f9 deboli l'effetto sembra essere meno pronunciato. Le linee diventano visibili solo con una post-elaborazione molto spinta del contrasto, della chiarezza (contrasto locale) e\/o della rimozione della foschia.<\/p>","protected":false},"excerpt":{"rendered":"<p>Servizio di conversione forense per la vostra fotocamera Nikon APS-C.<\/p>\n<p>Non siete sicuri dei dettagli o del vostro <a href=\"https:\/\/irrecams.de\/it\/filtro-effetto-infrarosso-a-confronto\/\">Selezione del filtro<\/a>? Scriveteci <a href=\"https:\/\/irrecams.de\/it\/servizio-di-conversione-a-infrarossi\/richiesta-di-informazioni\/\">un messaggio non vincolante<\/a>.<\/p>","protected":false},"featured_media":12409,"template":"","meta":[],"product_brand":[],"product_cat":[653],"product_tag":[],"class_list":{"0":"post-12790","1":"product","2":"type-product","3":"status-publish","4":"has-post-thumbnail","6":"product_cat-forensik","7":"product_shipping_class-umbau","9":"first","10":"instock","11":"taxable","12":"shipping-taxable","13":"purchasable","14":"product-type-variable"},"_links":{"self":[{"href":"https:\/\/irrecams.de\/it\/wp-json\/wp\/v2\/product\/12790","targetHints":{"allow":["GET"]}}],"collection":[{"href":"https:\/\/irrecams.de\/it\/wp-json\/wp\/v2\/product"}],"about":[{"href":"https:\/\/irrecams.de\/it\/wp-json\/wp\/v2\/types\/product"}],"wp:featuredmedia":[{"embeddable":true,"href":"https:\/\/irrecams.de\/it\/wp-json\/wp\/v2\/media\/12409"}],"wp:attachment":[{"href":"https:\/\/irrecams.de\/it\/wp-json\/wp\/v2\/media?parent=12790"}],"wp:term":[{"taxonomy":"product_brand","embeddable":true,"href":"https:\/\/irrecams.de\/it\/wp-json\/wp\/v2\/product_brand?post=12790"},{"taxonomy":"product_cat","embeddable":true,"href":"https:\/\/irrecams.de\/it\/wp-json\/wp\/v2\/product_cat?post=12790"},{"taxonomy":"product_tag","embeddable":true,"href":"https:\/\/irrecams.de\/it\/wp-json\/wp\/v2\/product_tag?post=12790"}],"curies":[{"name":"wp","href":"https:\/\/api.w.org\/{rel}","templated":true}]}}