{"id":13685,"date":"2024-11-01T21:15:22","date_gmt":"2024-11-01T20:15:22","guid":{"rendered":"https:\/\/irrecams.de\/?post_type=product&#038;p=13685"},"modified":"2026-01-03T14:15:50","modified_gmt":"2026-01-03T13:15:50","slug":"canon-eos-80d-telecamera-a-infrarossi-700-nm-usata","status":"publish","type":"product","link":"https:\/\/irrecams.de\/it\/negozio\/canon-eos-80d-telecamera-a-infrarossi-700-nm-usata\/","title":{"rendered":"Canon EOS 80D fotocamera a infrarossi (700 nm) *USATO*"},"content":{"rendered":"<p>State acquistando una telecamera IR completamente retrofittata.<\/p>\n<p>La fotocamera \u00e8 un dispositivo usato che \u00e8 stato rimesso a nuovo. Visivamente, la fotocamera \u00e8 come nuova, ci sono solo segni minimi o nulli di utilizzo sull'alloggiamento (vedere le foto del prodotto). Il display non presenta graffi o danni. Con dotazione originale completa, senza obiettivo.<\/p>\n<p>Tecnicamente la fotocamera funziona fino a 100%, con 1 anno di garanzia.<\/p>","protected":false},"excerpt":{"rendered":"<p>Ambito di fornitura:<\/p>\n<p>Fotocamera Canon EOS 80D come da descrizione e foto<br \/>\nBatteria originale<br \/>\nCaricabatterie originale con spina euro<br \/>\nTracolla originale<br \/>\nIstruzioni per l'uso<br \/>\nConfezione originale<\/p>","protected":false},"featured_media":13609,"template":"","meta":[],"product_brand":[],"product_cat":[456],"product_tag":[],"class_list":{"0":"post-13685","1":"product","2":"type-product","3":"status-publish","4":"has-post-thumbnail","6":"product_cat-fertig-umgebaute-infrarot-kameras","7":"product_shipping_class-kamera","9":"first","10":"instock","11":"sale","12":"sold-individually","13":"taxable","14":"shipping-taxable","15":"purchasable","16":"product-type-simple"},"_links":{"self":[{"href":"https:\/\/irrecams.de\/it\/wp-json\/wp\/v2\/product\/13685","targetHints":{"allow":["GET"]}}],"collection":[{"href":"https:\/\/irrecams.de\/it\/wp-json\/wp\/v2\/product"}],"about":[{"href":"https:\/\/irrecams.de\/it\/wp-json\/wp\/v2\/types\/product"}],"wp:featuredmedia":[{"embeddable":true,"href":"https:\/\/irrecams.de\/it\/wp-json\/wp\/v2\/media\/13609"}],"wp:attachment":[{"href":"https:\/\/irrecams.de\/it\/wp-json\/wp\/v2\/media?parent=13685"}],"wp:term":[{"taxonomy":"product_brand","embeddable":true,"href":"https:\/\/irrecams.de\/it\/wp-json\/wp\/v2\/product_brand?post=13685"},{"taxonomy":"product_cat","embeddable":true,"href":"https:\/\/irrecams.de\/it\/wp-json\/wp\/v2\/product_cat?post=13685"},{"taxonomy":"product_tag","embeddable":true,"href":"https:\/\/irrecams.de\/it\/wp-json\/wp\/v2\/product_tag?post=13685"}],"curies":[{"name":"wp","href":"https:\/\/api.w.org\/{rel}","templated":true}]}}