{"id":13697,"date":"2024-11-01T22:45:40","date_gmt":"2024-11-01T21:45:40","guid":{"rendered":"https:\/\/irrecams.de\/?post_type=product&#038;p=13697"},"modified":"2026-01-03T14:15:59","modified_gmt":"2026-01-03T13:15:59","slug":"fujifilm-x-t10-astrocamera-astronomik-l2-usato","status":"publish","type":"product","link":"https:\/\/irrecams.de\/it\/negozio\/fujifilm-x-t10-astrocamera-astronomik-l2-usato\/","title":{"rendered":"Fujifilm X-T10 Astrocamera (Astronomik L2) *USATO*"},"content":{"rendered":"<p>State acquistando un'astrocamera completamente convertita, con la quale potrete fotografare senza problemi la curva caratteristica H-alfa.<\/p>\n<p>La fotocamera \u00e8 un dispositivo usato che \u00e8 stato rimesso a nuovo. Visivamente, la fotocamera \u00e8 in condizioni di usato con alcuni segni di usura, soprattutto sui bordi, sugli angoli e sulla base (vedere le foto del prodotto). Il display presenta alcuni graffi sottili, che tuttavia non compromettono la leggibilit\u00e0. Alcune parti in gomma (conchiglia oculare, coperchio della porta a sinistra) sono leggermente appiccicose a causa dell'et\u00e0 della fotocamera. La fotocamera viene fornita senza obiettivo.<\/p>\n<p>Tecnicamente la fotocamera funziona fino a 100%, con 1 anno di garanzia.<\/p>","protected":false},"excerpt":{"rendered":"<p>Ambito di fornitura:<\/p>\n<p>Fotocamera Fujifilm X-T10 come descritto e illustrato<br \/>\nBatteria originale<\/p>","protected":false},"featured_media":13672,"template":"","meta":[],"product_brand":[],"product_cat":[456],"product_tag":[],"class_list":{"0":"post-13697","1":"product","2":"type-product","3":"status-publish","4":"has-post-thumbnail","6":"product_cat-fertig-umgebaute-infrarot-kameras","7":"product_shipping_class-kamera","9":"first","10":"instock","11":"sale","12":"sold-individually","13":"taxable","14":"shipping-taxable","15":"purchasable","16":"product-type-simple"},"_links":{"self":[{"href":"https:\/\/irrecams.de\/it\/wp-json\/wp\/v2\/product\/13697","targetHints":{"allow":["GET"]}}],"collection":[{"href":"https:\/\/irrecams.de\/it\/wp-json\/wp\/v2\/product"}],"about":[{"href":"https:\/\/irrecams.de\/it\/wp-json\/wp\/v2\/types\/product"}],"wp:featuredmedia":[{"embeddable":true,"href":"https:\/\/irrecams.de\/it\/wp-json\/wp\/v2\/media\/13672"}],"wp:attachment":[{"href":"https:\/\/irrecams.de\/it\/wp-json\/wp\/v2\/media?parent=13697"}],"wp:term":[{"taxonomy":"product_brand","embeddable":true,"href":"https:\/\/irrecams.de\/it\/wp-json\/wp\/v2\/product_brand?post=13697"},{"taxonomy":"product_cat","embeddable":true,"href":"https:\/\/irrecams.de\/it\/wp-json\/wp\/v2\/product_cat?post=13697"},{"taxonomy":"product_tag","embeddable":true,"href":"https:\/\/irrecams.de\/it\/wp-json\/wp\/v2\/product_tag?post=13697"}],"curies":[{"name":"wp","href":"https:\/\/api.w.org\/{rel}","templated":true}]}}