{"id":14685,"date":"2025-05-04T14:32:27","date_gmt":"2025-05-04T12:32:27","guid":{"rendered":"https:\/\/irrecams.de\/?post_type=product&#038;p=14685"},"modified":"2026-02-01T00:33:44","modified_gmt":"2026-01-31T23:33:44","slug":"copertura-del-pattino-caldo-ir","status":"publish","type":"product","link":"https:\/\/irrecams.de\/it\/negozio\/copertura-del-pattino-caldo-ir\/","title":{"rendered":"Coperchio del pattino caldo IR"},"content":{"rendered":"<p>Per la maggior parte dei fotografi all'infrarosso, la termocamera \u00e8 una seconda o terza fotocamera che viene portata con s\u00e9 anche in viaggio. Se \u00e8 necessario cambiare rapidamente la fotocamera, non \u00e8 sempre chiaro a prima vista quale sia quella giusta.<\/p>\n<p>La nostra copertura universale per slitta a contatto caldo IR in rosso brillante rende pi\u00f9 facile raggiungere la borsa della fotocamera. Oltre all'elegante accento cromatico, il coperchio offre anche una serie di vantaggi pratici. La copertura ha un'aderenza salda e si posiziona saldamente su qualsiasi slitta a contatto caldo con una leggera tensione grazie al design a molla. Le coperture per hot shoe perse e i contatti non protetti appartengono quindi al passato.<\/p>\n<p>La copertura \u00e8 realizzata in plastica riciclata 100% con un processo di stampa 3D ottimizzato. La copertura \u00e8 dimensionalmente stabile fino ad almeno 60\u00b0C ed \u00e8 naturalmente resistente ai raggi UV.<\/p>","protected":false},"excerpt":{"rendered":"<p>Copertura universale per slitta a contatto caldo realizzata in plastica riciclata 100%. Il design a molla garantisce una presa sicura su (quasi) tutte le fotocamere.<\/p>","protected":false},"featured_media":14680,"template":"","meta":[],"product_brand":[],"product_cat":[1234],"product_tag":[],"class_list":{"0":"post-14685","1":"product","2":"type-product","3":"status-publish","4":"has-post-thumbnail","6":"product_cat-zubehoer","7":"product_shipping_class-postkarten","9":"first","10":"instock","11":"taxable","12":"shipping-taxable","13":"purchasable","14":"product-type-simple"},"_links":{"self":[{"href":"https:\/\/irrecams.de\/it\/wp-json\/wp\/v2\/product\/14685","targetHints":{"allow":["GET"]}}],"collection":[{"href":"https:\/\/irrecams.de\/it\/wp-json\/wp\/v2\/product"}],"about":[{"href":"https:\/\/irrecams.de\/it\/wp-json\/wp\/v2\/types\/product"}],"wp:featuredmedia":[{"embeddable":true,"href":"https:\/\/irrecams.de\/it\/wp-json\/wp\/v2\/media\/14680"}],"wp:attachment":[{"href":"https:\/\/irrecams.de\/it\/wp-json\/wp\/v2\/media?parent=14685"}],"wp:term":[{"taxonomy":"product_brand","embeddable":true,"href":"https:\/\/irrecams.de\/it\/wp-json\/wp\/v2\/product_brand?post=14685"},{"taxonomy":"product_cat","embeddable":true,"href":"https:\/\/irrecams.de\/it\/wp-json\/wp\/v2\/product_cat?post=14685"},{"taxonomy":"product_tag","embeddable":true,"href":"https:\/\/irrecams.de\/it\/wp-json\/wp\/v2\/product_tag?post=14685"}],"curies":[{"name":"wp","href":"https:\/\/api.w.org\/{rel}","templated":true}]}}