{"id":14849,"date":"2025-05-31T21:56:59","date_gmt":"2025-05-31T19:56:59","guid":{"rendered":"https:\/\/irrecams.de\/?post_type=product&#038;p=14849"},"modified":"2026-04-17T13:59:01","modified_gmt":"2026-04-17T11:59:01","slug":"adattatore-per-base-magnetica-irrecams-per-tutti-gli-obiettivi","status":"publish","type":"product","link":"https:\/\/irrecams.de\/it\/negozio\/adattatore-per-base-magnetica-irrecams-per-tutti-gli-obiettivi\/","title":{"rendered":"IRreCams Magnet Basis Adapter per tutti gli obiettivi"},"content":{"rendered":"<p>I nostri adattatori per filtri magnetici sono costituiti essenzialmente da due anelli:<\/p>\n<p>1. l'anello adattatore della base magnetica viene avvitato una volta sull'obiettivo e pu\u00f2 rimanervi in modo permanente.<\/p>\n<p>2. il <a href=\"https:\/\/irrecams.de\/it\/negozio\/adattatore-per-filtri-magnetici-irrecams-per-tutti-i-filtri-a-vite\/\">Adattatore per filtro magnetico<\/a> L'anello viene avvitato su ciascun filtro e si aggancia agli obiettivi come per magia.<\/p>\n<p>Questo sistema funziona con TUTTI i filtri gi\u00e0 in vostro possesso. In particolare, ovviamente, i filtri IR di nostra produzione o di altri produttori. Ma anche i filtri ND o polarizzanti possono essere utilizzati senza problemi su fotocamere non convertite. A differenza di altri fornitori di questi anelli adattatori magnetici, noi li abbiamo in stock da 49 a 82 mm, ideali per le fotocamere IR compatte sempre accese. Inoltre, non siete obbligati ad acquistare gli anelli come set. Potete ordinare esattamente la quantit\u00e0 di cui avete bisogno: questo riduce gli sprechi e fa risparmiare sui costi.<\/p>\n<p>Questo sistema presenta ovviamente vantaggi e svantaggi, che vorremmo evidenziare brevemente:<\/p>\n<p>+ Compatibile con (quasi) tutti gli obiettivi e i filtri gi\u00e0 in vostro possesso - nessun blocco del produttore<\/p>\n<p>+ disponibile per filettature da 49 a 82 mm<\/p>\n<p>+ Collegamento sicuro e forte grazie ai numerosi magneti presenti in entrambi gli anelli<\/p>\n<p>+ L'esterno del filtro, con le sue nervature, consente di afferrarlo facilmente e in modo sicuro<\/p>\n<p>+ Ogni anello pu\u00f2 essere ordinato singolarmente, solo nella quantit\u00e0 effettivamente necessaria.<\/p>\n<p>+ Gli imballaggi in carta consentono di risparmiare rifiuti e sono facili da riciclare<\/p>\n<p>- non \u00e8 possibile utilizzare pi\u00f9 filtri contemporaneamente (a meno che non siano avvitati tra loro) - l'impilamento di pi\u00f9 filtri non funziona<\/p>\n<p>- gli anelli aggiuntivi possono limitare il campo visivo con gli obiettivi ultragrandangolari - per ridurre al minimo il rischio di vignettatura consigliamo i nostri filtri Plus o i filtri con attacco sottile (per le dimensioni, vedere la scheda \"Dati tecnici\")<\/p>\n<p>- Gli obiettivi con paraluce stretti non possono pi\u00f9 essere montati (per le dimensioni, vedere la scheda \"Dati tecnici\").<\/p>\n<p>- i copriobiettivi esistenti possono essere inseriti nell'adattatore della base magnetica, ma non si mantengono saldamente come in una vera filettatura<\/p>","protected":false},"excerpt":{"rendered":"<p>L'adattatore per base magnetica IRreCams si adatta a tutti gli obiettivi fotografici standard. Selezionare la dimensione appropriata per l'obiettivo.<\/p>\n<p><strong>-&gt; Per ogni filtro \u00e8 necessario anche un <a href=\"https:\/\/irrecams.de\/it\/negozio\/adattatore-per-filtri-magnetici-irrecams-per-tutti-i-filtri-a-vite\/\">Adattatore per filtro magnetico<\/a> nella stessa dimensione.<\/strong><\/p>","protected":false},"featured_media":14910,"template":"","meta":[],"product_brand":[],"product_cat":[264,1234],"product_tag":[],"class_list":{"0":"post-14849","1":"product","2":"type-product","3":"status-publish","4":"has-post-thumbnail","6":"product_cat-infrarot-schraub-filter","7":"product_cat-zubehoer","8":"product_shipping_class-filter","10":"first","11":"instock","12":"taxable","13":"shipping-taxable","14":"purchasable","15":"product-type-variable"},"_links":{"self":[{"href":"https:\/\/irrecams.de\/it\/wp-json\/wp\/v2\/product\/14849","targetHints":{"allow":["GET"]}}],"collection":[{"href":"https:\/\/irrecams.de\/it\/wp-json\/wp\/v2\/product"}],"about":[{"href":"https:\/\/irrecams.de\/it\/wp-json\/wp\/v2\/types\/product"}],"wp:featuredmedia":[{"embeddable":true,"href":"https:\/\/irrecams.de\/it\/wp-json\/wp\/v2\/media\/14910"}],"wp:attachment":[{"href":"https:\/\/irrecams.de\/it\/wp-json\/wp\/v2\/media?parent=14849"}],"wp:term":[{"taxonomy":"product_brand","embeddable":true,"href":"https:\/\/irrecams.de\/it\/wp-json\/wp\/v2\/product_brand?post=14849"},{"taxonomy":"product_cat","embeddable":true,"href":"https:\/\/irrecams.de\/it\/wp-json\/wp\/v2\/product_cat?post=14849"},{"taxonomy":"product_tag","embeddable":true,"href":"https:\/\/irrecams.de\/it\/wp-json\/wp\/v2\/product_tag?post=14849"}],"curies":[{"name":"wp","href":"https:\/\/api.w.org\/{rel}","templated":true}]}}