{"id":15335,"date":"2025-08-01T14:13:31","date_gmt":"2025-08-01T12:13:31","guid":{"rendered":"https:\/\/irrecams.de\/?post_type=product&#038;p=15335"},"modified":"2026-02-01T00:33:52","modified_gmt":"2026-01-31T23:33:52","slug":"coperchio-del-pattino-caldo-luminoso","status":"publish","type":"product","link":"https:\/\/irrecams.de\/it\/negozio\/coperchio-del-pattino-caldo-luminoso\/","title":{"rendered":"Coperchio della slitta del flash Luminoso"},"content":{"rendered":"<p>Per scattare foto astronomiche \u00e8 necessario che sia il pi\u00f9 buio possibile. Se fate qualche passo di notte o vi chinate per prendere la borraccia dallo zaino, potreste non riuscire a vedere la fotocamera e il treppiede. Inciampare accidentalmente \u00e8 un'eventualit\u00e0 tanto remota quanto quella di accendere la lampada frontale e distruggere l'inquadratura.<\/p>\n<p>Il nostro copriscarpa illuminato emette un debole bagliore per lungo tempo, rendendo la fotocamera facilmente riconoscibile. Per attivare (o rinfrescare) il bagliore, \u00e8 sufficiente illuminare brevemente il coperchio con una lampada frontale o una torcia per cellulare. Il bagliore blu del coperchio \u00e8 cos\u00ec debole che la luce blu non sar\u00e0 visibile nell'immagine. Tuttavia, non appena i nostri occhi si abituano all'oscurit\u00e0, il bagliore \u00e8 facilmente riconoscibile. A seconda della durata e dell'intensit\u00e0 della carica, il coperchio della slitta calda continuer\u00e0 a brillare in modo percettibile per almeno 20-30 minuti.<\/p>\n<p>Per garantire che la copertura sia chiaramente visibile da tutti i lati, una parte a forma di stella sporge verso l'alto. La copertura ha un'aderenza perfetta e si posiziona saldamente su ogni slitta a contatto caldo con una leggera tensione grazie al design a molla. Le coperture per hot shoe perse e i contatti non protetti appartengono quindi al passato. La copertura \u00e8 realizzata in plastica riciclata 100% con un processo di stampa 3D ottimizzato. La copertura \u00e8 dimensionalmente stabile fino ad almeno 60\u00b0C ed \u00e8 naturalmente resistente ai raggi UV.<\/p>","protected":false},"excerpt":{"rendered":"<p>Coperchio universale fotoluminescente per slitta a contatto caldo, realizzato in plastica riciclata 100%. Il design a molla garantisce una presa sicura su (quasi) tutte le fotocamere.<\/p>","protected":false},"featured_media":15350,"template":"","meta":[],"product_brand":[],"product_cat":[1234],"product_tag":[],"class_list":{"0":"post-15335","1":"product","2":"type-product","3":"status-publish","4":"has-post-thumbnail","6":"product_cat-zubehoer","7":"product_shipping_class-postkarten","9":"first","10":"instock","11":"taxable","12":"shipping-taxable","13":"purchasable","14":"product-type-simple"},"_links":{"self":[{"href":"https:\/\/irrecams.de\/it\/wp-json\/wp\/v2\/product\/15335","targetHints":{"allow":["GET"]}}],"collection":[{"href":"https:\/\/irrecams.de\/it\/wp-json\/wp\/v2\/product"}],"about":[{"href":"https:\/\/irrecams.de\/it\/wp-json\/wp\/v2\/types\/product"}],"wp:featuredmedia":[{"embeddable":true,"href":"https:\/\/irrecams.de\/it\/wp-json\/wp\/v2\/media\/15350"}],"wp:attachment":[{"href":"https:\/\/irrecams.de\/it\/wp-json\/wp\/v2\/media?parent=15335"}],"wp:term":[{"taxonomy":"product_brand","embeddable":true,"href":"https:\/\/irrecams.de\/it\/wp-json\/wp\/v2\/product_brand?post=15335"},{"taxonomy":"product_cat","embeddable":true,"href":"https:\/\/irrecams.de\/it\/wp-json\/wp\/v2\/product_cat?post=15335"},{"taxonomy":"product_tag","embeddable":true,"href":"https:\/\/irrecams.de\/it\/wp-json\/wp\/v2\/product_tag?post=15335"}],"curies":[{"name":"wp","href":"https:\/\/api.w.org\/{rel}","templated":true}]}}