{"id":15497,"date":"2025-09-04T23:18:43","date_gmt":"2025-09-04T21:18:43","guid":{"rendered":"https:\/\/irrecams.de\/?post_type=product&#038;p=15497"},"modified":"2026-02-28T22:37:32","modified_gmt":"2026-02-28T21:37:32","slug":"adattatore-per-flash-a-infrarossi","status":"publish","type":"product","link":"https:\/\/irrecams.de\/it\/negozio\/adattatore-per-flash-a-infrarossi\/","title":{"rendered":"Adattatore per flash a infrarossi"},"content":{"rendered":"<p>Con l'adattatore per flash a infrarossi \u00e8 possibile convertire il flash esistente in un flash a infrarossi. Per rendere il flash invisibile all'occhio umano (e alla maggior parte degli occhi degli animali), sono adatti filtri IR forti da 830 nm, che bloccano la luce visibile del flash ed emettono solo radiazioni infrarosse. Con una fotocamera sensibile ai raggi IR, il soggetto pu\u00f2 essere illuminato senza disturbare l'ambiente circostante con la luce del flash. Questa illuminazione \u00e8 particolarmente adatta per la fotografia indisturbata di animali timidi e per le fototrappole automatiche. Quando lampeggia, il flash non \u00e8 100% invisibile nonostante il filtro; una frazione di luce rossa pu\u00f2 penetrare il filtro. Se si guarda direttamente nel flash, \u00e8 possibile riconoscere un debole bagliore rosso. Tuttavia, la luce IR emessa nell'ambiente circostante \u00e8 assolutamente visibile.<\/p>\n<p>Offriamo i nostri adattatori in 2 versioni:<\/p>\n<ol>\n<li>Con filettatura per filtri a vite normali con <strong>67 mm<\/strong> Diametro della filettatura: \u00e8 possibile montare qualsiasi filtro IR (o altri filtri) sull'adattatore. I filtri a vite si avvitano in una presa di alluminio da 67 mm. Nessun filtro \u00e8 incluso nella fornitura.<\/li>\n<li>Con filtro infrarosso 850 nm installato in modo permanente: l'ampio spessore del vetro (3 mm), lo spessore del filtro (850 nm) e la forma rettangolare o rotonda, a seconda del tipo, garantiscono una schermatura ottimale della luce visibile e una buona resa luminosa anche con riflettori flash rettangolari di grandi dimensioni. Il vetro del filtro \u00e8 installato in modo permanente e non pu\u00f2 essere sostituito.<\/li>\n<\/ol>\n<p>Il corpo base dell'adattatore \u00e8 realizzato con un processo di stampa 3D con plastica riciclata 100%. La plastica \u00e8 dimensionalmente stabile, impermeabile e resistente ai raggi UV anche a temperature esterne elevate. A seconda del modello di flash, il collegamento al flash avviene con 8 forti magneti al neodimio, che garantiscono una presa sicura, oppure facendolo scorrere con precisione sull'unit\u00e0 flash.<\/p>\n<p>Il nostro adattatore per flash a infrarossi non si adatta a tutte le unit\u00e0 flash, si prega di verificare la compatibilit\u00e0 dell'adattatore in base al nostro elenco. Se non esiste un adattatore compatibile con il vostro flash, potete inviarci il vostro flash e noi progetteremo un adattatore esattamente per il vostro apparecchio. Selezionare \u201cInvio il mio flash\u201d e inviarci il flash. Abbiamo bisogno di circa 14 giorni dall'arrivo del flash per adattarlo alla vostra unit\u00e0 flash.<\/p>","protected":false},"excerpt":{"rendered":"<p>A seconda del modello, \u00e8 installato in modo permanente un filtro IR da 850 nm o \u00e8 necessario un filtro a infrarossi da 67 mm da avvitare per il funzionamento (si consiglia un filtro da 830 nm o superiore). Verificare la compatibilit\u00e0 dell'adattatore in base al nostro elenco. Per qualsiasi domanda <a href=\"https:\/\/irrecams.de\/it\/servizio-di-conversione-a-infrarossi\/richiesta-di-informazioni\/\" target=\"_blank\" rel=\"noopener\">Contattateci<\/a>.<\/p>","protected":false},"featured_media":15493,"template":"","meta":[],"product_brand":[],"product_cat":[264,1234],"product_tag":[],"class_list":{"0":"post-15497","1":"product","2":"type-product","3":"status-publish","4":"has-post-thumbnail","6":"product_cat-infrarot-schraub-filter","7":"product_cat-zubehoer","8":"product_shipping_class-filter","10":"first","11":"instock","12":"taxable","13":"shipping-taxable","14":"purchasable","15":"product-type-variable"},"_links":{"self":[{"href":"https:\/\/irrecams.de\/it\/wp-json\/wp\/v2\/product\/15497","targetHints":{"allow":["GET"]}}],"collection":[{"href":"https:\/\/irrecams.de\/it\/wp-json\/wp\/v2\/product"}],"about":[{"href":"https:\/\/irrecams.de\/it\/wp-json\/wp\/v2\/types\/product"}],"wp:featuredmedia":[{"embeddable":true,"href":"https:\/\/irrecams.de\/it\/wp-json\/wp\/v2\/media\/15493"}],"wp:attachment":[{"href":"https:\/\/irrecams.de\/it\/wp-json\/wp\/v2\/media?parent=15497"}],"wp:term":[{"taxonomy":"product_brand","embeddable":true,"href":"https:\/\/irrecams.de\/it\/wp-json\/wp\/v2\/product_brand?post=15497"},{"taxonomy":"product_cat","embeddable":true,"href":"https:\/\/irrecams.de\/it\/wp-json\/wp\/v2\/product_cat?post=15497"},{"taxonomy":"product_tag","embeddable":true,"href":"https:\/\/irrecams.de\/it\/wp-json\/wp\/v2\/product_tag?post=15497"}],"curies":[{"name":"wp","href":"https:\/\/api.w.org\/{rel}","templated":true}]}}