{"id":15659,"date":"2025-10-02T14:08:28","date_gmt":"2025-10-02T12:08:28","guid":{"rendered":"https:\/\/irrecams.de\/?post_type=product&#038;p=15659"},"modified":"2026-03-27T15:04:13","modified_gmt":"2026-03-27T14:04:13","slug":"fotocamera-forense-canon-eos-r50","status":"publish","type":"product","link":"https:\/\/irrecams.de\/it\/negozio\/fotocamera-forense-canon-eos-r50\/","title":{"rendered":"Fotocamera forense Canon EOS R50"},"content":{"rendered":"<p>Il filtro interno di blocco UV\/IR (hotmirror) \u00e8 stato rimosso dalla fotocamera e sostituito da un filtro neutro. Questa modifica garantisce la massima sensibilit\u00e0 del sensore della fotocamera per i raggi UV, la luce visibile e i raggi infrarossi. La sensibilit\u00e0 del sensore \u00e8 approssimativamente nell'intervallo 330 - 1.200 nm.<\/p>\n<p>Grazie alla conversione, la fotocamera a pieno formato \u00e8 adatta a tutti gli esami forensi. Ci\u00f2 include esami forensi di edifici, esami medici forensi e tecniche di restauro di opere d'arte. Tuttavia, per un'applicazione sensata sono sempre necessari filtri spettrali adeguati (filtri passa-lungo, passa-corto o passa-banda) e sorgenti luminose speciali. Un set di filtri sofisticato e ben collaudato per la medicina legale degli edifici pu\u00f2 essere ordinato a <a href=\"https:\/\/bau-forensik.eu\/filter\/\" target=\"_blank\" rel=\"noopener\">Prof Andreas O. Rapp<\/a>. Lampade e accessori speciali per l'analisi di strumenti in legno possono essere ordinati a <a href=\"https:\/\/www.shop-schilbach.net\/c\/analyse-und-messwerkzeuge\/lumatec\" target=\"_blank\" rel=\"noopener\">Negozio-Schilbach<\/a> pu\u00f2 essere ottenuto.<\/p>\n<p>&nbsp;<\/p>\n<p><strong>ATTENZIONE:<\/strong> Molti obiettivi nativi EOS RF e RF-S possono essere utilizzati solo in misura limitata in situazioni di scarsa illuminazione. All'interno degli obiettivi \u00e8 installato un LED a infrarossi. La luce diffusa pu\u00f2 essere visibile nelle foto con tempi di esposizione lunghi e\/o condizioni di illuminazione scura (anche con esposizioni lunghe con filtri ND). Se gli obiettivi EF vengono utilizzati con un adattatore su una fotocamera EOS R, non c'\u00e8 alcun rischio che ci\u00f2 accada.<\/p>\n<p>&nbsp;<\/p>\n<p>Siete interessati ad acquistare un altro modello di macchina fotografica gi\u00e0 convertito? Scrivetemi <a href=\"https:\/\/irrecams.de\/it\/umbauservice\/richiesta-di-informazioni\/\">un messaggio non vincolante<\/a> per un'offerta personalizzata.<\/p>","protected":false},"excerpt":{"rendered":"<p>Telecamera forense gi\u00e0 convertita. Si tratta di un dispositivo nuovo con 2 anni di garanzia.<\/p>\n<p>La fotocamera APS-C modificata utilizza la massima sensibilit\u00e0 spettrale per le radiazioni UV, VIS e IR. Avete domande o dubbi? Scriveteci <a href=\"https:\/\/irrecams.de\/it\/umbauservice\/richiesta-di-informazioni\/\">un messaggio non vincolante<\/a>.<\/p>\n<p>Viene visualizzato il livello attuale delle scorte. Se non c'\u00e8 nessuna telecamera in magazzino, ne verr\u00e0 ordinata una e convertita per voi (\"consegna successiva\"). I tempi di consegna si allungano di circa 1 - 1,5 settimane.<\/p>","protected":false},"featured_media":12151,"template":"","meta":[],"product_brand":[],"product_cat":[653],"product_tag":[1244],"class_list":{"0":"post-15659","1":"product","2":"type-product","3":"status-publish","4":"has-post-thumbnail","6":"product_cat-forensik","7":"product_tag-kamera","8":"product_shipping_class-kamera","10":"first","11":"onbackorder","12":"taxable","13":"shipping-taxable","14":"purchasable","15":"product-type-simple"},"_links":{"self":[{"href":"https:\/\/irrecams.de\/it\/wp-json\/wp\/v2\/product\/15659","targetHints":{"allow":["GET"]}}],"collection":[{"href":"https:\/\/irrecams.de\/it\/wp-json\/wp\/v2\/product"}],"about":[{"href":"https:\/\/irrecams.de\/it\/wp-json\/wp\/v2\/types\/product"}],"wp:featuredmedia":[{"embeddable":true,"href":"https:\/\/irrecams.de\/it\/wp-json\/wp\/v2\/media\/12151"}],"wp:attachment":[{"href":"https:\/\/irrecams.de\/it\/wp-json\/wp\/v2\/media?parent=15659"}],"wp:term":[{"taxonomy":"product_brand","embeddable":true,"href":"https:\/\/irrecams.de\/it\/wp-json\/wp\/v2\/product_brand?post=15659"},{"taxonomy":"product_cat","embeddable":true,"href":"https:\/\/irrecams.de\/it\/wp-json\/wp\/v2\/product_cat?post=15659"},{"taxonomy":"product_tag","embeddable":true,"href":"https:\/\/irrecams.de\/it\/wp-json\/wp\/v2\/product_tag?post=15659"}],"curies":[{"name":"wp","href":"https:\/\/api.w.org\/{rel}","templated":true}]}}