{"id":15908,"date":"2025-11-20T14:41:40","date_gmt":"2025-11-20T13:41:40","guid":{"rendered":"https:\/\/irrecams.de\/?post_type=product&#038;p=15908"},"modified":"2026-01-16T21:30:41","modified_gmt":"2026-01-16T20:30:41","slug":"fotocamera-a-spettro-completo-nikon-z50-280-nm-usata","status":"publish","type":"product","link":"https:\/\/irrecams.de\/it\/negozio\/fotocamera-a-spettro-completo-nikon-z50-280-nm-usata\/","title":{"rendered":"Fotocamera Nikon Z50 a spettro completo (280 nm) *USATO*"},"content":{"rendered":"<p>State acquistando una telecamera IR completamente retrofittata.<\/p>\n<p>La fotocamera \u00e8 un dispositivo usato che \u00e8 stato rimesso a nuovo. Visivamente, la fotocamera \u00e8 in buone condizioni d'uso con pochi segni di usura (vedere le foto del prodotto). Il display non presenta graffi. La fotocamera viene fornita senza obiettivo.<\/p>\n<p>Tecnicamente la fotocamera funziona fino a 100%, con 1 anno di garanzia.<\/p>","protected":false},"excerpt":{"rendered":"<p>Ambito di fornitura:<\/p>\n<p>Macchina fotografica Nikon Z50 come da descrizione e da foto<br \/>\nBatteria originale<br \/>\nCaricabatterie originale<br \/>\nStaffa a L in ottime condizioni<\/p>","protected":false},"featured_media":15909,"template":"","meta":[],"product_brand":[],"product_cat":[456],"product_tag":[],"class_list":{"0":"post-15908","1":"product","2":"type-product","3":"status-publish","4":"has-post-thumbnail","6":"product_cat-fertig-umgebaute-infrarot-kameras","7":"product_shipping_class-kamera","9":"first","10":"outofstock","11":"sold-individually","12":"taxable","13":"shipping-taxable","14":"purchasable","15":"product-type-simple"},"_links":{"self":[{"href":"https:\/\/irrecams.de\/it\/wp-json\/wp\/v2\/product\/15908","targetHints":{"allow":["GET"]}}],"collection":[{"href":"https:\/\/irrecams.de\/it\/wp-json\/wp\/v2\/product"}],"about":[{"href":"https:\/\/irrecams.de\/it\/wp-json\/wp\/v2\/types\/product"}],"wp:featuredmedia":[{"embeddable":true,"href":"https:\/\/irrecams.de\/it\/wp-json\/wp\/v2\/media\/15909"}],"wp:attachment":[{"href":"https:\/\/irrecams.de\/it\/wp-json\/wp\/v2\/media?parent=15908"}],"wp:term":[{"taxonomy":"product_brand","embeddable":true,"href":"https:\/\/irrecams.de\/it\/wp-json\/wp\/v2\/product_brand?post=15908"},{"taxonomy":"product_cat","embeddable":true,"href":"https:\/\/irrecams.de\/it\/wp-json\/wp\/v2\/product_cat?post=15908"},{"taxonomy":"product_tag","embeddable":true,"href":"https:\/\/irrecams.de\/it\/wp-json\/wp\/v2\/product_tag?post=15908"}],"curies":[{"name":"wp","href":"https:\/\/api.w.org\/{rel}","templated":true}]}}