{"id":15958,"date":"2025-11-20T15:31:38","date_gmt":"2025-11-20T14:31:38","guid":{"rendered":"https:\/\/irrecams.de\/?post_type=product&#038;p=15958"},"modified":"2026-01-03T14:16:37","modified_gmt":"2026-01-03T13:16:37","slug":"fujifilm-x-t3-astrocamera-optolong-usato","status":"publish","type":"product","link":"https:\/\/irrecams.de\/it\/negozio\/fujifilm-x-t3-astrocamera-optolong-usato\/","title":{"rendered":"Fujifilm X-T3 Astrocamera (Optolong) *USATO*"},"content":{"rendered":"<p>State acquistando una fotocamera astro completamente convertita.<\/p>\n<p>La fotocamera \u00e8 un apparecchio usato che \u00e8 stato ricostruito. Nella fotocamera \u00e8 installato un filtro astro Optolong che garantisce la massima sensibilit\u00e0 H-alfa del sensore. Visivamente, la fotocamera \u00e8 in buone condizioni d'uso con pochi segni di usura (vedere le foto del prodotto). Il display non presenta graffi. La fotocamera viene fornita senza obiettivo.<\/p>\n<p>Tecnicamente la fotocamera funziona fino a 100%, con 1 anno di garanzia.<\/p>","protected":false},"excerpt":{"rendered":"<p>Ambito di fornitura:<\/p>\n<p>Fotocamera Fujifilm X-T3 come descritta e illustrata<br \/>\nBatteria originale<br \/>\nCaricabatterie originale<br \/>\nTracolla<br \/>\nFiltro antinquinamento Rollei Astroclear (39 mm)<br \/>\nFiltro antinquinamento Rollei Astroclear (58 mm)<br \/>\nSacchetto filtro Rollei<\/p>\n<p>&nbsp;<\/p>\n<p>La fotocamera \u00e8 soggetta a una tassazione differenziata ai sensi del \u00a7 25a della legge sull'imposta sul valore aggiunto (UStG). L'IVA non \u00e8 indicata separatamente in fattura.<\/p>","protected":false},"featured_media":15959,"template":"","meta":[],"product_brand":[],"product_cat":[456],"product_tag":[],"class_list":{"0":"post-15958","1":"product","2":"type-product","3":"status-publish","4":"has-post-thumbnail","6":"product_cat-fertig-umgebaute-infrarot-kameras","7":"product_shipping_class-kamera","9":"first","10":"instock","11":"sold-individually","12":"purchasable","13":"product-type-simple"},"_links":{"self":[{"href":"https:\/\/irrecams.de\/it\/wp-json\/wp\/v2\/product\/15958","targetHints":{"allow":["GET"]}}],"collection":[{"href":"https:\/\/irrecams.de\/it\/wp-json\/wp\/v2\/product"}],"about":[{"href":"https:\/\/irrecams.de\/it\/wp-json\/wp\/v2\/types\/product"}],"wp:featuredmedia":[{"embeddable":true,"href":"https:\/\/irrecams.de\/it\/wp-json\/wp\/v2\/media\/15959"}],"wp:attachment":[{"href":"https:\/\/irrecams.de\/it\/wp-json\/wp\/v2\/media?parent=15958"}],"wp:term":[{"taxonomy":"product_brand","embeddable":true,"href":"https:\/\/irrecams.de\/it\/wp-json\/wp\/v2\/product_brand?post=15958"},{"taxonomy":"product_cat","embeddable":true,"href":"https:\/\/irrecams.de\/it\/wp-json\/wp\/v2\/product_cat?post=15958"},{"taxonomy":"product_tag","embeddable":true,"href":"https:\/\/irrecams.de\/it\/wp-json\/wp\/v2\/product_tag?post=15958"}],"curies":[{"name":"wp","href":"https:\/\/api.w.org\/{rel}","templated":true}]}}