{"id":16451,"date":"2026-01-31T23:46:31","date_gmt":"2026-01-31T22:46:31","guid":{"rendered":"https:\/\/irrecams.de\/?post_type=product&#038;p=16451"},"modified":"2026-02-01T00:34:29","modified_gmt":"2026-01-31T23:34:29","slug":"copertura-del-pattino-caldo-irrecams","status":"publish","type":"product","link":"https:\/\/irrecams.de\/it\/negozio\/copertura-del-pattino-caldo-irrecams\/","title":{"rendered":"Copertura del pattino caldo IRreCams"},"content":{"rendered":"<p>Per la maggior parte dei fotografi all'infrarosso, la termocamera \u00e8 una seconda o terza fotocamera che viene portata con s\u00e9 anche in viaggio. Se \u00e8 necessario cambiare rapidamente la fotocamera, non \u00e8 sempre chiaro a prima vista quale sia quella giusta.<\/p>\n<p>La nostra copertura universale per slitta a contatto caldo IR in bianco con logo IRreCams rende pi\u00f9 facile raggiungere la borsa della fotocamera. Oltre all'elegante accento cromatico, il coperchio offre anche alcuni vantaggi pratici. La copertura ha un'aderenza salda e si posiziona in modo sicuro su (quasi) tutti i pattini a contatto caldo grazie al design a molla in leggera tensione. Le coperture per la slitta a contatto caldo perse e i contatti non protetti sono quindi un ricordo del passato.<\/p>\n<p>La copertura \u00e8 realizzata in plastica riciclata 100% con un processo di stampa 3D ottimizzato. La copertura \u00e8 dimensionalmente stabile fino ad almeno 60\u00b0C ed \u00e8 naturalmente resistente ai raggi UV.<\/p>","protected":false},"excerpt":{"rendered":"<p>Copertura universale per slitta a contatto caldo realizzata in plastica riciclata 100%. Il design a molla garantisce una presa sicura su (quasi) tutte le fotocamere.<\/p>","protected":false},"featured_media":16455,"template":"","meta":[],"product_brand":[],"product_cat":[1234],"product_tag":[],"class_list":{"0":"post-16451","1":"product","2":"type-product","3":"status-publish","4":"has-post-thumbnail","6":"product_cat-zubehoer","7":"product_shipping_class-postkarten","9":"first","10":"instock","11":"taxable","12":"shipping-taxable","13":"purchasable","14":"product-type-simple"},"_links":{"self":[{"href":"https:\/\/irrecams.de\/it\/wp-json\/wp\/v2\/product\/16451","targetHints":{"allow":["GET"]}}],"collection":[{"href":"https:\/\/irrecams.de\/it\/wp-json\/wp\/v2\/product"}],"about":[{"href":"https:\/\/irrecams.de\/it\/wp-json\/wp\/v2\/types\/product"}],"wp:featuredmedia":[{"embeddable":true,"href":"https:\/\/irrecams.de\/it\/wp-json\/wp\/v2\/media\/16455"}],"wp:attachment":[{"href":"https:\/\/irrecams.de\/it\/wp-json\/wp\/v2\/media?parent=16451"}],"wp:term":[{"taxonomy":"product_brand","embeddable":true,"href":"https:\/\/irrecams.de\/it\/wp-json\/wp\/v2\/product_brand?post=16451"},{"taxonomy":"product_cat","embeddable":true,"href":"https:\/\/irrecams.de\/it\/wp-json\/wp\/v2\/product_cat?post=16451"},{"taxonomy":"product_tag","embeddable":true,"href":"https:\/\/irrecams.de\/it\/wp-json\/wp\/v2\/product_tag?post=16451"}],"curies":[{"name":"wp","href":"https:\/\/api.w.org\/{rel}","templated":true}]}}