{"id":16617,"date":"2026-02-28T22:25:55","date_gmt":"2026-02-28T21:25:55","guid":{"rendered":"https:\/\/irrecams.de\/?post_type=product&#038;p=16617"},"modified":"2026-03-04T08:51:46","modified_gmt":"2026-03-04T07:51:46","slug":"adattatore-laser-per-lallineamento-dei-pali","status":"publish","type":"product","link":"https:\/\/irrecams.de\/it\/negozio\/adattatore-laser-per-lallineamento-dei-pali\/","title":{"rendered":"Adattatore laser per l'allineamento dei pali"},"content":{"rendered":"<p>Con il nostro LaserAdapter \u00e8 possibile allineare il treppiede alla stella polare in modo semplice e veloce. Dopo l'allineamento, \u00e8 sufficiente rimuovere il LaserAdapter e installare il sistema di inseguimento nella base a sgancio rapido del treppiede. In particolare per le riprese di paesaggi con obiettivi grandangolari, questo consente un allineamento sufficientemente preciso del treppiede per tempi di esposizione di diversi minuti.<\/p>\n<p>Se \u00e8 necessario un allineamento ancora pi\u00f9 preciso di una grande montatura, grazie al pre-allineamento si ha un ottimo punto di partenza e si pu\u00f2 effettuare l'allineamento fine con il cercatore polare senza dover cercare a lungo la stella polare.<\/p>\n<p>Il LaserAdapter \u00e8 disponibile per diversi sistemi di aggancio rapido (per Arca-Swiss, Manfrotto o Dovetail\/Vixen) in orientamento 0\u00b0 (parallelo) e 90\u00b0 (perpendicolare). \u00c8 sufficiente selezionare l'adattatore giusto per la propria applicazione. I LaserAdapter sono realizzati in plastica riciclata 100% con un processo di stampa 3D. Sono dimensionalmente stabili fino ad almeno 60\u00b0C e sono naturalmente resistenti ai raggi UV. Ogni adattatore laser ha 2 posizioni:<\/p>\n<ol>\n<li>\u00a0Posizione di sicurezza (su \u201c0\u201d): Il laser pu\u00f2 essere trasportato nello zaino senza accenderlo accidentalmente. Spostando l'interruttore a scorrimento non \u00e8 possibile attivarlo.<\/li>\n<li>\u00a0Posizione attiva (su \u201cI\u201d): Il laser pu\u00f2 essere acceso e spento regolando l'interruttore a scorrimento. In questa posizione, il laser non pu\u00f2 essere estratto dall'adattatore laser.<\/li>\n<\/ol>\n<p>Gli adattatori laser non funzionano con tutti i puntatori laser presenti sul mercato, ma sono stati progettati appositamente per un puntatore laser. Il puntatore laser del marchio Legamaster ha un alloggiamento in metallo robusto e di alta qualit\u00e0 ed \u00e8 alimentato da 2 batterie AAA (incluse). Contiene un laser verde di classe II (secondo la normativa UE con potenza massima di 1 mW), chiaramente visibile di notte.<\/p>\n<p><strong>ATTENZIONE: il laser non \u00e8 un giocattolo e non si deve mai guardare deliberatamente nel laser o puntare il laser verso altre persone. Il contatto prolungato con gli occhi pu\u00f2 causare danni irreversibili agli occhi.<\/strong><\/p>","protected":false},"excerpt":{"rendered":"<p>Adattatore laser per l'allineamento polare per l'inseguimento di immagini astro, realizzato in plastica riciclata 100%. L'adattatore laser \u00e8 disponibile per diversi sistemi di cambio rapido (selezionare).<\/p>","protected":false},"featured_media":16643,"template":"","meta":[],"product_brand":[],"product_cat":[1234],"product_tag":[],"class_list":{"0":"post-16617","1":"product","2":"type-product","3":"status-publish","4":"has-post-thumbnail","6":"product_cat-zubehoer","7":"product_shipping_class-filter","9":"first","10":"instock","11":"taxable","12":"shipping-taxable","13":"purchasable","14":"product-type-variable"},"_links":{"self":[{"href":"https:\/\/irrecams.de\/it\/wp-json\/wp\/v2\/product\/16617","targetHints":{"allow":["GET"]}}],"collection":[{"href":"https:\/\/irrecams.de\/it\/wp-json\/wp\/v2\/product"}],"about":[{"href":"https:\/\/irrecams.de\/it\/wp-json\/wp\/v2\/types\/product"}],"wp:featuredmedia":[{"embeddable":true,"href":"https:\/\/irrecams.de\/it\/wp-json\/wp\/v2\/media\/16643"}],"wp:attachment":[{"href":"https:\/\/irrecams.de\/it\/wp-json\/wp\/v2\/media?parent=16617"}],"wp:term":[{"taxonomy":"product_brand","embeddable":true,"href":"https:\/\/irrecams.de\/it\/wp-json\/wp\/v2\/product_brand?post=16617"},{"taxonomy":"product_cat","embeddable":true,"href":"https:\/\/irrecams.de\/it\/wp-json\/wp\/v2\/product_cat?post=16617"},{"taxonomy":"product_tag","embeddable":true,"href":"https:\/\/irrecams.de\/it\/wp-json\/wp\/v2\/product_tag?post=16617"}],"curies":[{"name":"wp","href":"https:\/\/api.w.org\/{rel}","templated":true}]}}