{"id":4681,"date":"2020-02-10T08:57:26","date_gmt":"2020-02-10T07:57:26","guid":{"rendered":"https:\/\/www.irrecams.de\/?post_type=product&#038;p=4681"},"modified":"2025-11-08T13:06:39","modified_gmt":"2025-11-08T12:06:39","slug":"servizio-di-conversione-a-infrarossi-fujifilm-compact","status":"publish","type":"product","link":"https:\/\/irrecams.de\/it\/negozio\/servizio-di-conversione-a-infrarossi-fujifilm-compact\/","title":{"rendered":"Servizio di conversione a infrarossi Fujifilm Compact"},"content":{"rendered":"<p><strong>Nota Bilanciamento del bianco:<\/strong> Nelle fotocamere Fujiiflm con sensore X-Trans, il bilanciamento del bianco non pu\u00f2 essere impostato nella fotocamera con la maggior parte dei filtri IR (il problema non si verifica con il filtro InfraBlue). La fotocamera imposta il miglior bilanciamento del bianco possibile, ma di solito rimane un leggero colore magenta e rosso. Quando si fotografa in RAW (consigliato), tuttavia, questo non ha importanza perch\u00e9 il bilanciamento del bianco pu\u00f2 essere impostato correttamente sul PC. \u00c8 possibile anche fotografare JPEG in bianco e nero con la fotocamera senza problemi.<\/p>","protected":false},"excerpt":{"rendered":"<p>Servizio di conversione a infrarossi per la vostra fotocamera compatta Fujifilm.<\/p>\n<p>Non siete sicuri dei dettagli o del vostro <a href=\"https:\/\/irrecams.de\/it\/filtro-effetto-infrarosso-a-confronto\/\">Selezione del filtro<\/a>? Scriveteci <a href=\"https:\/\/irrecams.de\/it\/servizio-di-conversione-a-infrarossi\/richiesta-di-informazioni\/\">un messaggio non vincolante<\/a>.<\/p>","protected":false},"featured_media":6307,"template":"","meta":[],"product_brand":[],"product_cat":[455],"product_tag":[],"class_list":{"0":"post-4681","1":"product","2":"type-product","3":"status-publish","4":"has-post-thumbnail","6":"product_cat-infrarot-kamera-umbau-service","7":"product_shipping_class-umbau","9":"first","10":"instock","11":"taxable","12":"shipping-taxable","13":"purchasable","14":"product-type-variable"},"_links":{"self":[{"href":"https:\/\/irrecams.de\/it\/wp-json\/wp\/v2\/product\/4681","targetHints":{"allow":["GET"]}}],"collection":[{"href":"https:\/\/irrecams.de\/it\/wp-json\/wp\/v2\/product"}],"about":[{"href":"https:\/\/irrecams.de\/it\/wp-json\/wp\/v2\/types\/product"}],"wp:featuredmedia":[{"embeddable":true,"href":"https:\/\/irrecams.de\/it\/wp-json\/wp\/v2\/media\/6307"}],"wp:attachment":[{"href":"https:\/\/irrecams.de\/it\/wp-json\/wp\/v2\/media?parent=4681"}],"wp:term":[{"taxonomy":"product_brand","embeddable":true,"href":"https:\/\/irrecams.de\/it\/wp-json\/wp\/v2\/product_brand?post=4681"},{"taxonomy":"product_cat","embeddable":true,"href":"https:\/\/irrecams.de\/it\/wp-json\/wp\/v2\/product_cat?post=4681"},{"taxonomy":"product_tag","embeddable":true,"href":"https:\/\/irrecams.de\/it\/wp-json\/wp\/v2\/product_tag?post=4681"}],"curies":[{"name":"wp","href":"https:\/\/api.w.org\/{rel}","templated":true}]}}