{"id":5563,"date":"2020-12-19T12:51:07","date_gmt":"2020-12-19T11:51:07","guid":{"rendered":"https:\/\/irrecams.de\/?post_type=product&#038;p=5563"},"modified":"2026-04-17T13:57:51","modified_gmt":"2026-04-17T11:57:51","slug":"filtro-a-infrarossi-da-550-nm","status":"publish","type":"product","link":"https:\/\/irrecams.de\/it\/negozio\/filtro-a-infrarossi-da-550-nm\/","title":{"rendered":"Filtro a infrarossi da 550 nm"},"content":{"rendered":"<p><strong>Nota:<\/strong><\/p>\n<p>Questo filtro \u00e8 adatto solo alle fotocamere modificate per gli infrarossi. Gli effetti mostrati non possono essere ottenuti con una normale fotocamera non modificata.<\/p>\n<p>La telecamera deve essere convertita con uno dei seguenti filtri: 280 nm (spettro completo).<\/p>\n<p>&nbsp;<\/p>\n<p>Il filtro infrarosso pi\u00f9 debole \u00e8 un filtro passa-lungo da 550 nm, che lascia passare lo spettro da 550 nm all'IR profondo di 1.200 nm. Questo pezzo di vetro arancione \u00e8 poco interessante per la fotografia a infrarossi in bianco e nero, ma offre la possibilit\u00e0 di generare un'immagine con cielo blu e fogliame rosso. Questo si avvicina molto alla pellicola analogica a infrarossi \"Kodak Aerochrome\" ed \u00e8 un effetto d'immagine a cui molti fotografi a infrarossi aspirano. La post-elaborazione \u00e8 un po' pi\u00f9 complessa perch\u00e9 \u00e8 necessario effettuare un doppio scambio di canali (rosso-blu e verde-blu). Con il mixer dei canali e un po' di sperimentazione, sono possibili molti altri effetti d'immagine. Essendo il filtro infrarosso pi\u00f9 debole, pu\u00f2 essere combinato con molti altri filtri.<\/p>\n<p>Maggiori informazioni sul <a href=\"https:\/\/irrecams.de\/it\/filtro-effetto-infrarosso-a-confronto\/#550\" target=\"_blank\" rel=\"noopener\">Pagina di panoramica dei filtri a infrarossi<\/a>.<\/p>","protected":false},"excerpt":{"rendered":"<p>Filtro infrarosso a passaggio lungo da 550 nm in un attacco stretto - adatto anche per obiettivi grandangolari.<\/p>\n<p>Adatto solo per telecamere a spettro completo.<\/p>","protected":false},"featured_media":5569,"template":"","meta":[],"product_brand":[],"product_cat":[264],"product_tag":[],"class_list":{"0":"post-5563","1":"product","2":"type-product","3":"status-publish","4":"has-post-thumbnail","6":"product_cat-infrarot-schraub-filter","7":"product_shipping_class-filter","9":"first","10":"instock","11":"sale","12":"taxable","13":"shipping-taxable","14":"purchasable","15":"product-type-variable"},"_links":{"self":[{"href":"https:\/\/irrecams.de\/it\/wp-json\/wp\/v2\/product\/5563","targetHints":{"allow":["GET"]}}],"collection":[{"href":"https:\/\/irrecams.de\/it\/wp-json\/wp\/v2\/product"}],"about":[{"href":"https:\/\/irrecams.de\/it\/wp-json\/wp\/v2\/types\/product"}],"wp:featuredmedia":[{"embeddable":true,"href":"https:\/\/irrecams.de\/it\/wp-json\/wp\/v2\/media\/5569"}],"wp:attachment":[{"href":"https:\/\/irrecams.de\/it\/wp-json\/wp\/v2\/media?parent=5563"}],"wp:term":[{"taxonomy":"product_brand","embeddable":true,"href":"https:\/\/irrecams.de\/it\/wp-json\/wp\/v2\/product_brand?post=5563"},{"taxonomy":"product_cat","embeddable":true,"href":"https:\/\/irrecams.de\/it\/wp-json\/wp\/v2\/product_cat?post=5563"},{"taxonomy":"product_tag","embeddable":true,"href":"https:\/\/irrecams.de\/it\/wp-json\/wp\/v2\/product_tag?post=5563"}],"curies":[{"name":"wp","href":"https:\/\/api.w.org\/{rel}","templated":true}]}}