{"id":5590,"date":"2020-12-19T13:33:36","date_gmt":"2020-12-19T12:33:36","guid":{"rendered":"https:\/\/irrecams.de\/?post_type=product&#038;p=5590"},"modified":"2026-04-17T13:57:59","modified_gmt":"2026-04-17T11:57:59","slug":"filtro-a-infrarossi-da-630-nm","status":"publish","type":"product","link":"https:\/\/irrecams.de\/it\/negozio\/filtro-a-infrarossi-da-630-nm\/","title":{"rendered":"Filtro a infrarossi da 630 nm"},"content":{"rendered":"<p><strong>Nota:<\/strong><\/p>\n<p>Questo filtro \u00e8 adatto solo alle fotocamere modificate per gli infrarossi. Gli effetti mostrati non possono essere ottenuti con una normale fotocamera non modificata.<\/p>\n<p>La telecamera deve essere convertita con uno dei seguenti filtri: 280 nm (spettro completo) o 550 nm.<\/p>\n<p>&nbsp;<\/p>\n<p>Il filtro da 630 nm consente il passaggio della luce nella gamma da 630 nm a 1.200 nm. Viene utilizzato principalmente nella fotografia a colori a infrarossi. Il vetro rosso pu\u00f2 generare un cielo blu in combinazione con un fogliame dorato. La post-elaborazione \u00e8 un po' meno complessa rispetto al filtro da 550 nm, ma \u00e8 comunque necessario uno scambio di canali rosso-blu per ottenere un cielo blu. La saturazione del colore di base dell'immagine \u00e8 molto alta e non \u00e8 necessario muovere troppo i cursori per ottenere un buon risultato. Tuttavia, con questo filtro si possono ottenere anche immagini parzialmente desaturate (chiave di colore) e immagini in bianco e nero.<\/p>\n<p>Non fornisce l'immagine infrarossa in bianco e nero pi\u00f9 intensa, ma \u00e8 comunque ottimo per le immagini in bianco e nero. In particolare, chi cerca pi\u00f9 \"sfumature di grigio\" nelle cime degli alberi piuttosto che un bianco molto luminoso, apprezzer\u00e0 questo filtro per le immagini monocromatiche a infrarossi. Per un effetto di immagine infrarossa in bianco e nero pi\u00f9 forte, si consiglia il filtro da 700 nm. Un'immagine simile, ma senza la necessit\u00e0 di scambiare i canali, \u00e8 fornita dal filtro <a href=\"https:\/\/irrecams.de\/it\/filtro-effetto-infrarosso-a-confronto\/#infrablue\" target=\"_blank\" rel=\"noopener\">Filtro InfraBlue<\/a>.<\/p>\n<p>Maggiori informazioni sul <a href=\"https:\/\/irrecams.de\/it\/filtro-effetto-infrarosso-a-confronto\/#630\" target=\"_blank\" rel=\"noopener\">Pagina di panoramica dei filtri a infrarossi<\/a>.<\/p>","protected":false},"excerpt":{"rendered":"<p>Filtro infrarosso a passaggio lungo da 630 nm in un attacco stretto - adatto anche per obiettivi grandangolari.<\/p>\n<p>Adatto solo per telecamere modificate a infrarossi. Compatibile con i seguenti filtri: 280 nm e 550 nm.<\/p>","protected":false},"featured_media":5571,"template":"","meta":[],"product_brand":[],"product_cat":[264],"product_tag":[],"class_list":{"0":"post-5590","1":"product","2":"type-product","3":"status-publish","4":"has-post-thumbnail","6":"product_cat-infrarot-schraub-filter","7":"product_shipping_class-filter","9":"first","10":"instock","11":"sale","12":"taxable","13":"shipping-taxable","14":"purchasable","15":"product-type-variable"},"_links":{"self":[{"href":"https:\/\/irrecams.de\/it\/wp-json\/wp\/v2\/product\/5590","targetHints":{"allow":["GET"]}}],"collection":[{"href":"https:\/\/irrecams.de\/it\/wp-json\/wp\/v2\/product"}],"about":[{"href":"https:\/\/irrecams.de\/it\/wp-json\/wp\/v2\/types\/product"}],"wp:featuredmedia":[{"embeddable":true,"href":"https:\/\/irrecams.de\/it\/wp-json\/wp\/v2\/media\/5571"}],"wp:attachment":[{"href":"https:\/\/irrecams.de\/it\/wp-json\/wp\/v2\/media?parent=5590"}],"wp:term":[{"taxonomy":"product_brand","embeddable":true,"href":"https:\/\/irrecams.de\/it\/wp-json\/wp\/v2\/product_brand?post=5590"},{"taxonomy":"product_cat","embeddable":true,"href":"https:\/\/irrecams.de\/it\/wp-json\/wp\/v2\/product_cat?post=5590"},{"taxonomy":"product_tag","embeddable":true,"href":"https:\/\/irrecams.de\/it\/wp-json\/wp\/v2\/product_tag?post=5590"}],"curies":[{"name":"wp","href":"https:\/\/api.w.org\/{rel}","templated":true}]}}