{"id":5598,"date":"2020-12-19T13:49:07","date_gmt":"2020-12-19T12:49:07","guid":{"rendered":"https:\/\/irrecams.de\/?post_type=product&#038;p=5598"},"modified":"2026-04-17T13:58:05","modified_gmt":"2026-04-17T11:58:05","slug":"filtro-infrarosso-700-nm","status":"publish","type":"product","link":"https:\/\/irrecams.de\/it\/negozio\/filtro-infrarosso-700-nm\/","title":{"rendered":"Filtro infrarosso 700 nm"},"content":{"rendered":"<p><strong>Nota:<\/strong><\/p>\n<p>Questo filtro \u00e8 adatto solo alle fotocamere modificate per gli infrarossi. Gli effetti mostrati non possono essere ottenuti con una normale fotocamera non modificata.<\/p>\n<p>La telecamera deve essere convertita con uno dei seguenti filtri: 280 nm (spettro completo), 550 nm, 630 nm o InfraBlue.<\/p>\n<p>&nbsp;<\/p>\n<p>Un filtro da 700 nm lascia passare la luce nella gamma da 700 a 1.200 nm. Quando lo si tiene in mano, si ha praticamente un disco nero davanti agli occhi. Il filtro da 700 nm pu\u00f2 essere considerato un \"vero\" filtro infrarosso perch\u00e9 non lascia passare nessuna parte significativa della luce visibile. Pu\u00f2 essere utilizzato per produrre immagini IR a colori e in bianco e nero. \u00c8 il filtro pi\u00f9 utilizzato ed \u00e8 sempre consigliato ai \"principianti\" della fotografia a infrarossi.<\/p>\n<p class=\"translation-block\">Per la fotografia a infrarossi in bianco e nero, il filtro offre un'immagine ad alto contrasto con fogliame quasi bianco e cielo scuro. I filtri IR pi\u00f9 potenti offrono immagini leggermente pi\u00f9 intense, ma a scapito della sensibilit\u00e0. Se l'obiettivo \u00e8 la fotografia IR a colori, il filtro da 630 nm o <a href=\"#infrablue\" target=\"_self\">InfraBlue<\/a> \u00e8 una buona alternativa.<\/p>\n<p>&nbsp;<\/p>\n<p>Maggiori informazioni sul <a href=\"https:\/\/irrecams.de\/it\/filtro-effetto-infrarosso-a-confronto\/#700\" target=\"_blank\" rel=\"noopener\">Pagina di panoramica dei filtri a infrarossi<\/a>.<\/p>","protected":false},"excerpt":{"rendered":"<p>Filtro infrarosso a passaggio lungo da 700 nm con attacco stretto, adatto agli obiettivi grandangolari.<\/p>\n<p>Adatto solo per telecamere modificate a infrarossi. Compatibile con i seguenti filtri: 280 nm, 550 nm, 630 nm e InfraBlue.<\/p>","protected":false},"featured_media":5573,"template":"","meta":[],"product_brand":[],"product_cat":[264],"product_tag":[],"class_list":{"0":"post-5598","1":"product","2":"type-product","3":"status-publish","4":"has-post-thumbnail","6":"product_cat-infrarot-schraub-filter","7":"product_shipping_class-filter","9":"first","10":"instock","11":"sale","12":"taxable","13":"shipping-taxable","14":"purchasable","15":"product-type-variable"},"_links":{"self":[{"href":"https:\/\/irrecams.de\/it\/wp-json\/wp\/v2\/product\/5598","targetHints":{"allow":["GET"]}}],"collection":[{"href":"https:\/\/irrecams.de\/it\/wp-json\/wp\/v2\/product"}],"about":[{"href":"https:\/\/irrecams.de\/it\/wp-json\/wp\/v2\/types\/product"}],"wp:featuredmedia":[{"embeddable":true,"href":"https:\/\/irrecams.de\/it\/wp-json\/wp\/v2\/media\/5573"}],"wp:attachment":[{"href":"https:\/\/irrecams.de\/it\/wp-json\/wp\/v2\/media?parent=5598"}],"wp:term":[{"taxonomy":"product_brand","embeddable":true,"href":"https:\/\/irrecams.de\/it\/wp-json\/wp\/v2\/product_brand?post=5598"},{"taxonomy":"product_cat","embeddable":true,"href":"https:\/\/irrecams.de\/it\/wp-json\/wp\/v2\/product_cat?post=5598"},{"taxonomy":"product_tag","embeddable":true,"href":"https:\/\/irrecams.de\/it\/wp-json\/wp\/v2\/product_tag?post=5598"}],"curies":[{"name":"wp","href":"https:\/\/api.w.org\/{rel}","templated":true}]}}