{"id":5616,"date":"2020-12-19T15:38:11","date_gmt":"2020-12-19T14:38:11","guid":{"rendered":"https:\/\/irrecams.de\/?post_type=product&#038;p=5616"},"modified":"2026-04-11T19:50:41","modified_gmt":"2026-04-11T17:50:41","slug":"filtro-infrarosso-infrablu","status":"publish","type":"product","link":"https:\/\/irrecams.de\/it\/negozio\/filtro-infrarosso-infrablu\/","title":{"rendered":"Filtro infrarosso InfraBlue"},"content":{"rendered":"<p><strong>Nota:<\/strong><\/p>\n<p>Questo filtro \u00e8 adatto solo alle fotocamere modificate per gli infrarossi. Gli effetti mostrati non possono essere ottenuti con una normale fotocamera non modificata.<\/p>\n<p>La telecamera deve essere convertita con uno dei seguenti filtri: 280 nm (spettro completo).<\/p>\n<p>&nbsp;<\/p>\n<p>Il filtro InfraBlue \u00e8 un filtro multi-banda che semplifica notevolmente la post-elaborazione dell'immagine IR. Il risultato dell'immagine \u00e8 simile a quello del filtro da 630 nm, ovvero cielo blu e fogliame giallo. Tuttavia, il filtro InfraBlue non richiede alcuno scambio di canali: \u00c8 gi\u00e0 possibile vedere il risultato dell'immagine finita sul display della telecamera. Ci\u00f2 \u00e8 particolarmente utile se la telecamera deve essere utilizzata per riprese a infrarossi.<\/p>\n<p>Oltre alla semplice possibilit\u00e0 di creare immagini IR a colori, il filtro pu\u00f2 essere utilizzato molto bene anche per le immagini IR monocromatiche o per le immagini colourkey. Data l'elevata saturazione del colore di base del file, per la conversione in bianco e nero \u00e8 possibile utilizzare anche un mixer di canali, che offre un grande controllo sul risultato dell'immagine.<\/p>\n<p>&nbsp;<\/p>\n<p><strong>Vantaggi del filtro InfraBlue Plus:<\/strong><\/p>\n<ul>\n<li>Resa dei colori leggermente migliorata<\/li>\n<li>Rivestimento superficiale idrofobico per facilitare la pulizia<\/li>\n<li>Il sottile anello portafiltri riduce il rischio di vignettatura (per entrambe le versioni \u00e8 disponibile una filettatura anteriore)<\/li>\n<\/ul>\n<p>&nbsp;<\/p>\n<p>Maggiori informazioni sul <a href=\"https:\/\/irrecams.de\/it\/filtro-effetto-infrarosso-a-confronto\/#infrablue\" target=\"_blank\" rel=\"noopener\">Pagina di panoramica dei filtri a infrarossi<\/a>.<\/p>","protected":false},"excerpt":{"rendered":"<p>Filtro infrarosso multibanda InfraBlue con attacco stretto - adatto anche per obiettivi grandangolari.<\/p>\n<p>Adatto solo per telecamere a spettro completo.<\/p>","protected":false},"featured_media":5578,"template":"","meta":[],"product_brand":[],"product_cat":[264],"product_tag":[],"class_list":{"0":"post-5616","1":"product","2":"type-product","3":"status-publish","4":"has-post-thumbnail","6":"product_cat-infrarot-schraub-filter","7":"product_shipping_class-filter","9":"first","10":"instock","11":"sale","12":"taxable","13":"shipping-taxable","14":"purchasable","15":"product-type-variable"},"_links":{"self":[{"href":"https:\/\/irrecams.de\/it\/wp-json\/wp\/v2\/product\/5616","targetHints":{"allow":["GET"]}}],"collection":[{"href":"https:\/\/irrecams.de\/it\/wp-json\/wp\/v2\/product"}],"about":[{"href":"https:\/\/irrecams.de\/it\/wp-json\/wp\/v2\/types\/product"}],"wp:featuredmedia":[{"embeddable":true,"href":"https:\/\/irrecams.de\/it\/wp-json\/wp\/v2\/media\/5578"}],"wp:attachment":[{"href":"https:\/\/irrecams.de\/it\/wp-json\/wp\/v2\/media?parent=5616"}],"wp:term":[{"taxonomy":"product_brand","embeddable":true,"href":"https:\/\/irrecams.de\/it\/wp-json\/wp\/v2\/product_brand?post=5616"},{"taxonomy":"product_cat","embeddable":true,"href":"https:\/\/irrecams.de\/it\/wp-json\/wp\/v2\/product_cat?post=5616"},{"taxonomy":"product_tag","embeddable":true,"href":"https:\/\/irrecams.de\/it\/wp-json\/wp\/v2\/product_tag?post=5616"}],"curies":[{"name":"wp","href":"https:\/\/api.w.org\/{rel}","templated":true}]}}