{"id":6934,"date":"2021-05-01T14:42:32","date_gmt":"2021-05-01T12:42:32","guid":{"rendered":"https:\/\/irrecams.de\/?post_type=product&#038;p=6934"},"modified":"2025-11-08T12:56:25","modified_gmt":"2025-11-08T11:56:25","slug":"conversione-astro-nikon-formato-pieno","status":"publish","type":"product","link":"https:\/\/irrecams.de\/it\/negozio\/conversione-astro-nikon-formato-pieno\/","title":{"rendered":"Conversione astro Nikon full frame"},"content":{"rendered":"<p><strong>ATTENZIONE:<\/strong> Le fotocamere contrassegnate con due ** sono dotate di un LED a infrarossi interno. La luce diffusa di questo LED pu\u00f2 essere visibile nell'immagine come un riflesso di luce con tempi di esposizione lunghi e\/o condizioni di illuminazione scura. Le fotocamere devono sempre essere utilizzate di notte con l'otturatore elettronico in modo che il LED sia spento. Ci\u00f2 pu\u00f2 influire sul comportamento del rumore o sul tempo di esposizione massimo disponibile.<\/p>\n<p><strong>Nota D780:<\/strong> Questo modello \u00e8 dotato di un LED, ma \u00e8 estremamente debole e rilevante solo per la modalit\u00e0 astro. La luce parassita pu\u00f2 essere completamente esclusa attivando la fotocamera in modalit\u00e0 LiveView e attivando l'opzione \"attivazione silenziosa\" nel menu.<\/p>\n<p><strong>Nota:<\/strong> Per le fotocamere con un *, la funzione di pulizia automatica del sensore viene persa durante la conversione. Dopo la conversione, il sensore pu\u00f2 essere pulito a secco (ad esempio, con aria compressa) o a umido (ad esempio, con tamponi) come di consueto. \u00c8 possibile utilizzare tutti i preparati e i metodi disponibili sul mercato per la pulizia del sensore.<\/p>","protected":false},"excerpt":{"rendered":"<p>Servizio di conversione astro per la vostra fotocamera.<\/p>\n<p>Non siete sicuri dei dettagli o della scelta del filtro? Scrivetemi <a href=\"https:\/\/irrecams.de\/it\/umbauservice\/richiesta-di-informazioni\/\">un messaggio non vincolante<\/a> o leggere il <a href=\"http:\/\/irrecams.de\/it\/filtri-astro-per-fotografare-le-stelle-di-notte-con-fotocamere-modificate\/\" target=\"_blank\" rel=\"noopener\">Pagina Astro<\/a>.<\/p>","protected":false},"featured_media":12401,"template":"","meta":[],"product_brand":[],"product_cat":[502],"product_tag":[],"class_list":{"0":"post-6934","1":"product","2":"type-product","3":"status-publish","4":"has-post-thumbnail","6":"product_cat-astro-kamera-umbau-service","7":"product_shipping_class-umbau","9":"first","10":"instock","11":"taxable","12":"shipping-taxable","13":"purchasable","14":"product-type-variable"},"_links":{"self":[{"href":"https:\/\/irrecams.de\/it\/wp-json\/wp\/v2\/product\/6934","targetHints":{"allow":["GET"]}}],"collection":[{"href":"https:\/\/irrecams.de\/it\/wp-json\/wp\/v2\/product"}],"about":[{"href":"https:\/\/irrecams.de\/it\/wp-json\/wp\/v2\/types\/product"}],"wp:featuredmedia":[{"embeddable":true,"href":"https:\/\/irrecams.de\/it\/wp-json\/wp\/v2\/media\/12401"}],"wp:attachment":[{"href":"https:\/\/irrecams.de\/it\/wp-json\/wp\/v2\/media?parent=6934"}],"wp:term":[{"taxonomy":"product_brand","embeddable":true,"href":"https:\/\/irrecams.de\/it\/wp-json\/wp\/v2\/product_brand?post=6934"},{"taxonomy":"product_cat","embeddable":true,"href":"https:\/\/irrecams.de\/it\/wp-json\/wp\/v2\/product_cat?post=6934"},{"taxonomy":"product_tag","embeddable":true,"href":"https:\/\/irrecams.de\/it\/wp-json\/wp\/v2\/product_tag?post=6934"}],"curies":[{"name":"wp","href":"https:\/\/api.w.org\/{rel}","templated":true}]}}