{"id":6943,"date":"2021-05-01T14:55:42","date_gmt":"2021-05-01T12:55:42","guid":{"rendered":"https:\/\/irrecams.de\/?post_type=product&#038;p=6943"},"modified":"2025-09-07T13:58:55","modified_gmt":"2025-09-07T11:58:55","slug":"conversione-astro-sony-full-frame","status":"publish","type":"product","link":"https:\/\/irrecams.de\/it\/negozio\/conversione-astro-sony-full-frame\/","title":{"rendered":"Conversione astro Sony full frame"},"content":{"rendered":"<p><strong>Nota:<\/strong> Per le fotocamere con un *, la funzione di pulizia automatica del sensore viene persa durante la conversione. Dopo la conversione, il sensore pu\u00f2 essere pulito a secco (ad esempio, con aria compressa) o a umido (ad esempio, con tamponi) come di consueto. \u00c8 possibile utilizzare tutti i preparati e i metodi disponibili sul mercato per la pulizia del sensore.<\/p>\n<p><strong>Attenzione:<\/strong> La Sony <strong>FE 16-35 mm F2,8 GM II<\/strong> non \u00e8 adatto per le riprese notturne perch\u00e9 \u00e8 dotato di un LED interno a infrarossi. Con esposizioni lunghe e valori ISO elevati, la luce diffusa di questo LED pu\u00f2 diventare visibile nelle immagini. Secondo alcuni rapporti, la luce non \u00e8 visibile nella gamma 16-20 mm, ma in generale si consiglia di scegliere un obiettivo alternativo per l'astrofotografia.<strong><br \/>\n<\/strong><\/p>","protected":false},"excerpt":{"rendered":"<p>Servizio di conversione astro per la vostra fotocamera.<\/p>\n<p>Non siete sicuri dei dettagli o della scelta del filtro? Scrivetemi <a href=\"https:\/\/irrecams.de\/it\/umbauservice\/richiesta-di-informazioni\/\">un messaggio non vincolante<\/a> o leggere il <a href=\"http:\/\/irrecams.de\/it\/filtri-astro-per-fotografare-le-stelle-di-notte-con-fotocamere-modificate\/\" target=\"_blank\" rel=\"noopener\">Pagina Astro<\/a>.<\/p>","protected":false},"featured_media":12406,"template":"","meta":[],"product_brand":[],"product_cat":[502],"product_tag":[],"class_list":{"0":"post-6943","1":"product","2":"type-product","3":"status-publish","4":"has-post-thumbnail","6":"product_cat-astro-kamera-umbau-service","7":"product_shipping_class-umbau","9":"first","10":"instock","11":"taxable","12":"shipping-taxable","13":"purchasable","14":"product-type-variable"},"_links":{"self":[{"href":"https:\/\/irrecams.de\/it\/wp-json\/wp\/v2\/product\/6943","targetHints":{"allow":["GET"]}}],"collection":[{"href":"https:\/\/irrecams.de\/it\/wp-json\/wp\/v2\/product"}],"about":[{"href":"https:\/\/irrecams.de\/it\/wp-json\/wp\/v2\/types\/product"}],"wp:featuredmedia":[{"embeddable":true,"href":"https:\/\/irrecams.de\/it\/wp-json\/wp\/v2\/media\/12406"}],"wp:attachment":[{"href":"https:\/\/irrecams.de\/it\/wp-json\/wp\/v2\/media?parent=6943"}],"wp:term":[{"taxonomy":"product_brand","embeddable":true,"href":"https:\/\/irrecams.de\/it\/wp-json\/wp\/v2\/product_brand?post=6943"},{"taxonomy":"product_cat","embeddable":true,"href":"https:\/\/irrecams.de\/it\/wp-json\/wp\/v2\/product_cat?post=6943"},{"taxonomy":"product_tag","embeddable":true,"href":"https:\/\/irrecams.de\/it\/wp-json\/wp\/v2\/product_tag?post=6943"}],"curies":[{"name":"wp","href":"https:\/\/api.w.org\/{rel}","templated":true}]}}