{"id":8821,"date":"2022-10-02T17:51:51","date_gmt":"2022-10-02T15:51:51","guid":{"rendered":"https:\/\/irrecams.de\/?post_type=product&#038;p=8821"},"modified":"2026-02-01T00:36:11","modified_gmt":"2026-01-31T23:36:11","slug":"whitecard-per-il-bilanciamento-del-bianco-ir","status":"publish","type":"product","link":"https:\/\/irrecams.de\/it\/negozio\/whitecard-per-il-bilanciamento-del-bianco-ir\/","title":{"rendered":"WhiteCard per il bilanciamento del bianco IR"},"content":{"rendered":"<p>Un buon bilanciamento del bianco \u00e8 il primo passo verso una buona foto all'infrarosso, e non solo per le immagini all'infrarosso a colori, ma anche per quelle in bianco e nero. Un oggetto di riferimento neutro vale oro per poter regolare con precisione il bilanciamento del bianco. Purtroppo, non sempre si ha la fortuna di trovare un oggetto del genere nella foto. Portare con s\u00e9 una grande scheda grigia o una costosa scheda colore di riferimento \u00e8 generalmente poco pratico.<\/p>\n<p>La WhiteCard in formato carta assegni \u00e8 semplicemente sempre con voi (non ci sono pi\u00f9 scuse). \u00c8 piccola e trova posto in qualsiasi portafoglio, zaino fotografico o tasca dei pantaloni. Al foro integrato \u00e8 possibile agganciare un portachiavi o un cordino, in modo da non perderla.<\/p>\n<p>La piccola scheda in PVC ha un rivestimento opaco e aiuta quindi a trovare un buon bilanciamento del bianco in qualsiasi situazione di illuminazione. La WhiteCard \u00e8 impermeabile e lavabile. Il morbido materiale in PVC la rende molto flessibile e praticamente infrangibile.<\/p>","protected":false},"excerpt":{"rendered":"<p>Carta in PVC con rivestimento opaco: una carta per il bilanciamento del bianco flessibile e impermeabile in formato carta assegni<\/p>","protected":false},"featured_media":8825,"template":"","meta":[],"product_brand":[],"product_cat":[264,1234],"product_tag":[],"class_list":{"0":"post-8821","1":"product","2":"type-product","3":"status-publish","4":"has-post-thumbnail","6":"product_cat-infrarot-schraub-filter","7":"product_cat-zubehoer","8":"product_shipping_class-postkarten","10":"first","11":"instock","12":"taxable","13":"shipping-taxable","14":"purchasable","15":"product-type-simple"},"_links":{"self":[{"href":"https:\/\/irrecams.de\/it\/wp-json\/wp\/v2\/product\/8821","targetHints":{"allow":["GET"]}}],"collection":[{"href":"https:\/\/irrecams.de\/it\/wp-json\/wp\/v2\/product"}],"about":[{"href":"https:\/\/irrecams.de\/it\/wp-json\/wp\/v2\/types\/product"}],"wp:featuredmedia":[{"embeddable":true,"href":"https:\/\/irrecams.de\/it\/wp-json\/wp\/v2\/media\/8825"}],"wp:attachment":[{"href":"https:\/\/irrecams.de\/it\/wp-json\/wp\/v2\/media?parent=8821"}],"wp:term":[{"taxonomy":"product_brand","embeddable":true,"href":"https:\/\/irrecams.de\/it\/wp-json\/wp\/v2\/product_brand?post=8821"},{"taxonomy":"product_cat","embeddable":true,"href":"https:\/\/irrecams.de\/it\/wp-json\/wp\/v2\/product_cat?post=8821"},{"taxonomy":"product_tag","embeddable":true,"href":"https:\/\/irrecams.de\/it\/wp-json\/wp\/v2\/product_tag?post=8821"}],"curies":[{"name":"wp","href":"https:\/\/api.w.org\/{rel}","templated":true}]}}