{"id":14282,"date":"2025-03-02T13:31:51","date_gmt":"2025-03-02T12:31:51","guid":{"rendered":"https:\/\/irrecams.de\/?page_id=14282"},"modified":"2025-03-02T14:31:56","modified_gmt":"2025-03-02T13:31:56","slug":"hoe-een-astrocamera-kan-worden-gebruikt-voor-normale-fotografie-overdag","status":"publish","type":"page","link":"https:\/\/irrecams.de\/nl\/hoe-een-astrocamera-kan-worden-gebruikt-voor-normale-fotografie-overdag\/","title":{"rendered":"Hoe een astrocamera kan worden gebruikt voor normale fotografie overdag"},"content":{"rendered":"<details class=\"wp-block-details has-background has-medium-font-size is-layout-flow wp-block-details-is-layout-flow\" style=\"background-color:#dfdfdf\" open><summary>Inhoudsopgave<\/summary>\n<blockquote class=\"wp-block-quote is-layout-flow wp-block-quote-is-layout-flow\">\n<ul class=\"wp-block-list\">\n<li><a href=\"https:\/\/irrecams.de\/nl\/blog\/2021\/sterren-fotograferen-met-een-astromodificeerde-camera\/\" data-type=\"post\" data-id=\"7019\">Voordelen van Astro-conversie<\/a><\/li>\n\n\n\n<li><a href=\"https:\/\/irrecams.de\/nl\/welke-filters-zijn-geschikt-voor-een-h-alpha-astro-conversie\/\" data-type=\"page\" data-id=\"14276\">Welk astrofilter<\/a><\/li>\n\n\n\n<li><strong>Astrocamera overdag<\/strong><\/li>\n\n\n\n<li><a href=\"https:\/\/irrecams.de\/nl\/extra-filters-voor-astrofotografie\/\" data-type=\"page\" data-id=\"14298\">Extra filters<\/a><\/li>\n<\/ul>\n<\/blockquote>\n<\/details>\n\n\n\n<p>Je leest vaak dat een camera die is aangepast voor astrofotografie niet kan worden gebruikt voor normale dagfotografie. Zo'n algemene bewering is te ongedifferentieerd en bijna fout - de geschiktheid voor overdag hangt af van het type modificatie en kan drastisch worden verbeterd met een extra filter, afhankelijk van het type camera.<\/p>\n\n\n\n<figure class=\"wp-block-image size-large\"><a href=\"https:\/\/irrecams.de\/wp-content\/uploads\/2024\/11\/T3_Optolong_ashin_star_3.jpg\"><img loading=\"lazy\" decoding=\"async\" width=\"1024\" height=\"685\" src=\"https:\/\/irrecams.de\/wp-content\/uploads\/2024\/11\/T3_Optolong_ashin_star_3-1024x685.jpg\" alt=\"Barnard&#039;s Loop met astrocamera\" class=\"wp-image-13816\" srcset=\"https:\/\/irrecams.de\/wp-content\/uploads\/2024\/11\/T3_Optolong_ashin_star_3-1024x685.jpg 1024w, https:\/\/irrecams.de\/wp-content\/uploads\/2024\/11\/T3_Optolong_ashin_star_3-300x201.jpg 300w, https:\/\/irrecams.de\/wp-content\/uploads\/2024\/11\/T3_Optolong_ashin_star_3-768x514.jpg 768w, https:\/\/irrecams.de\/wp-content\/uploads\/2024\/11\/T3_Optolong_ashin_star_3-1536x1027.jpg 1536w, https:\/\/irrecams.de\/wp-content\/uploads\/2024\/11\/T3_Optolong_ashin_star_3-18x12.jpg 18w, https:\/\/irrecams.de\/wp-content\/uploads\/2024\/11\/T3_Optolong_ashin_star_3-600x401.jpg 600w, https:\/\/irrecams.de\/wp-content\/uploads\/2024\/11\/T3_Optolong_ashin_star_3.jpg 1920w\" sizes=\"auto, (max-width: 1024px) 100vw, 1024px\" \/><\/a><figcaption class=\"wp-element-caption\">Barnard's Loop met astrocamera<\/figcaption><\/figure>\n\n\n\n<p>In principe is de roodgevoeligheid of, afhankelijk van de modificatie, de infraroodgevoeligheid van de camera sterk verhoogd. Hierdoor produceert een gemodificeerde camera een duidelijk rood gekleurd beeld onder zonlicht, wat er in eerste instantie niet goed uitziet. Net als bij een infraroodcamera kan de automatische witbalans van de camera deze kleurzweem niet aan en zal deze altijd een rode zweem produceren. Met een handmatige witbalans op een grijze kaart of een wit vel papier kan de roodzweem echter effectief worden tegengegaan en kan een beeld met een gebalanceerde kleurstemming worden gecre\u00eberd. Het is echter belangrijk op te merken dat de witbalans vast is en afhankelijk van de lichtsituatie moet worden aangepast door een grijskaart of een wit vel papier opnieuw te meten. Als alternatief kan de witbalans natuurlijk ook achteraf worden verfijnd vanuit een RAW-bestand.<\/p>\n\n\n\n<figure class=\"wp-block-image size-large\"><a href=\"https:\/\/irrecams.de\/wp-content\/uploads\/2021\/04\/astro_transmission_de.png\"><img loading=\"lazy\" decoding=\"async\" width=\"1024\" height=\"580\" src=\"https:\/\/irrecams.de\/wp-content\/uploads\/2021\/04\/astro_transmission_de-1024x580.png\" alt=\"Doorlaatcurve van een astrofilter - H-alfa kan ongehinderd passeren\" class=\"wp-image-6829\" srcset=\"https:\/\/irrecams.de\/wp-content\/uploads\/2021\/04\/astro_transmission_de-1024x580.png 1024w, https:\/\/irrecams.de\/wp-content\/uploads\/2021\/04\/astro_transmission_de-600x340.png 600w, https:\/\/irrecams.de\/wp-content\/uploads\/2021\/04\/astro_transmission_de-300x170.png 300w, https:\/\/irrecams.de\/wp-content\/uploads\/2021\/04\/astro_transmission_de-768x435.png 768w, https:\/\/irrecams.de\/wp-content\/uploads\/2021\/04\/astro_transmission_de-1536x870.png 1536w, https:\/\/irrecams.de\/wp-content\/uploads\/2021\/04\/astro_transmission_de-16x9.png 16w, https:\/\/irrecams.de\/wp-content\/uploads\/2021\/04\/astro_transmission_de-350x198.png 350w, https:\/\/irrecams.de\/wp-content\/uploads\/2021\/04\/astro_transmission_de.png 2000w\" sizes=\"auto, (max-width: 1024px) 100vw, 1024px\" \/><\/a><figcaption class=\"wp-element-caption\">Doorlaatcurve van een astrofilter - H-alfa kan ongehinderd passeren<\/figcaption><\/figure>\n\n\n\n<h2 class=\"wp-block-heading\">Overdag een volspectrumcamera gebruiken<\/h2>\n\n\n\n<p>Bij een fullspectrumcamera valt er naast zichtbaar licht ook UV- en vooral infrarood licht op de sensor, wat leidt tot een zeer sterke roodzweem. Zoals eerder beschreven, kan een handmatige witbalans deze roodzweem elimineren en een neutraal beeldresultaat opleveren. Dit betekent echter niet dat de resulterende kleuren ook \"nauwkeurig\" en levensecht zijn. Een volspectrumcamera vertoont altijd een extreme kleurzweem onder zonlicht, die vooral van invloed is op gebladerte van planten en donkere synthetische materialen.<\/p>\n\n\n\n<figure class=\"wp-block-gallery has-nested-images columns-default is-cropped wp-block-gallery-1 is-layout-flex wp-block-gallery-is-layout-flex\">\n<figure class=\"wp-block-image size-full\"><a href=\"https:\/\/irrecams.de\/wp-content\/uploads\/2025\/03\/fs.jpg\"><img loading=\"lazy\" decoding=\"async\" width=\"999\" height=\"666\" data-id=\"14289\" src=\"https:\/\/irrecams.de\/wp-content\/uploads\/2025\/03\/fs.jpg\" alt=\"\" class=\"wp-image-14289\" srcset=\"https:\/\/irrecams.de\/wp-content\/uploads\/2025\/03\/fs.jpg 999w, https:\/\/irrecams.de\/wp-content\/uploads\/2025\/03\/fs-300x200.jpg 300w, https:\/\/irrecams.de\/wp-content\/uploads\/2025\/03\/fs-768x512.jpg 768w, https:\/\/irrecams.de\/wp-content\/uploads\/2025\/03\/fs-18x12.jpg 18w, https:\/\/irrecams.de\/wp-content\/uploads\/2025\/03\/fs-600x400.jpg 600w\" sizes=\"auto, (max-width: 999px) 100vw, 999px\" \/><\/a><figcaption class=\"wp-element-caption\">Volledig spectrum<\/figcaption><\/figure>\n\n\n\n<figure class=\"wp-block-image size-full\"><a href=\"https:\/\/irrecams.de\/wp-content\/uploads\/2025\/03\/stock.jpg\"><img loading=\"lazy\" decoding=\"async\" width=\"999\" height=\"666\" data-id=\"14290\" src=\"https:\/\/irrecams.de\/wp-content\/uploads\/2025\/03\/stock.jpg\" alt=\"\" class=\"wp-image-14290\" srcset=\"https:\/\/irrecams.de\/wp-content\/uploads\/2025\/03\/stock.jpg 999w, https:\/\/irrecams.de\/wp-content\/uploads\/2025\/03\/stock-300x200.jpg 300w, https:\/\/irrecams.de\/wp-content\/uploads\/2025\/03\/stock-768x512.jpg 768w, https:\/\/irrecams.de\/wp-content\/uploads\/2025\/03\/stock-18x12.jpg 18w, https:\/\/irrecams.de\/wp-content\/uploads\/2025\/03\/stock-600x400.jpg 600w\" sizes=\"auto, (max-width: 999px) 100vw, 999px\" \/><\/a><figcaption class=\"wp-element-caption\">Origineel<\/figcaption><\/figure>\n<\/figure>\n\n\n\n<p>De kleurkwaliteit kan drastisch worden verbeterd met een volspectrumcamera als er een extra filter wordt gebruikt. Onze <a href=\"https:\/\/irrecams.de\/nl\/winkelen\/normaal-filter-uv-ir-blokkerend-filter\/\" data-type=\"product\" data-id=\"5625\">Normaal Plus inschroeffilter<\/a> worden direct op de lens bevestigd en verbeteren de kleurweergave tot een niveau dat bijna niet te onderscheiden is van het origineel. Een groot bijkomend voordeel is dat de automatische witbalans van de camera weer gebruikt kan worden.<\/p>\n\n\n\n<figure class=\"wp-block-gallery has-nested-images columns-default is-cropped wp-block-gallery-2 is-layout-flex wp-block-gallery-is-layout-flex\">\n<figure class=\"wp-block-image size-full\"><a href=\"https:\/\/irrecams.de\/wp-content\/uploads\/2025\/03\/fs_normal.jpg\"><img loading=\"lazy\" decoding=\"async\" width=\"999\" height=\"666\" data-id=\"14291\" src=\"https:\/\/irrecams.de\/wp-content\/uploads\/2025\/03\/fs_normal.jpg\" alt=\"\" class=\"wp-image-14291\" srcset=\"https:\/\/irrecams.de\/wp-content\/uploads\/2025\/03\/fs_normal.jpg 999w, https:\/\/irrecams.de\/wp-content\/uploads\/2025\/03\/fs_normal-300x200.jpg 300w, https:\/\/irrecams.de\/wp-content\/uploads\/2025\/03\/fs_normal-768x512.jpg 768w, https:\/\/irrecams.de\/wp-content\/uploads\/2025\/03\/fs_normal-18x12.jpg 18w, https:\/\/irrecams.de\/wp-content\/uploads\/2025\/03\/fs_normal-600x400.jpg 600w\" sizes=\"auto, (max-width: 999px) 100vw, 999px\" \/><\/a><figcaption class=\"wp-element-caption\">Volledig spectrum + normaal<\/figcaption><\/figure>\n\n\n\n<figure class=\"wp-block-image size-full\"><a href=\"https:\/\/irrecams.de\/wp-content\/uploads\/2025\/03\/stock.jpg\"><img loading=\"lazy\" decoding=\"async\" width=\"999\" height=\"666\" data-id=\"14290\" src=\"https:\/\/irrecams.de\/wp-content\/uploads\/2025\/03\/stock.jpg\" alt=\"\" class=\"wp-image-14290\" srcset=\"https:\/\/irrecams.de\/wp-content\/uploads\/2025\/03\/stock.jpg 999w, https:\/\/irrecams.de\/wp-content\/uploads\/2025\/03\/stock-300x200.jpg 300w, https:\/\/irrecams.de\/wp-content\/uploads\/2025\/03\/stock-768x512.jpg 768w, https:\/\/irrecams.de\/wp-content\/uploads\/2025\/03\/stock-18x12.jpg 18w, https:\/\/irrecams.de\/wp-content\/uploads\/2025\/03\/stock-600x400.jpg 600w\" sizes=\"auto, (max-width: 999px) 100vw, 999px\" \/><\/a><figcaption class=\"wp-element-caption\">Origineel<\/figcaption><\/figure>\n<\/figure>\n\n\n\n<p>Kleine kleurverschillen in het uiteindelijke beeld tussen een ongemodificeerde camera en een full-spectrum camera met een Normal Plus filter kunnen echter niet volledig worden uitgesloten. De verschillen zijn meestal erg klein en subtiel, zonder een getraind oog zijn de verschillen nauwelijks waarneembaar. Er zijn echter drie situaties in het bijzonder waarin de verschillen meer opvallen:<\/p>\n\n\n\n<ol class=\"wp-block-list\">\n<li>Objecten met een hoge IR-reflectie kunnen een grotere kleurverschuiving vertonen dan normaal. Dit zijn bijvoorbeeld gebladerte en zwarte synthetische kleding.<\/li>\n\n\n\n<li>Als je in een bos bent, zie je een modderige kleur onder de bomen door het zeer hoge IR-gehalte.<\/li>\n\n\n\n<li>In situaties met tegenlicht zul je meer problemen en lichtreflecties zien.<\/li>\n<\/ol>\n\n\n\n<p><strong>Belangrijke opmerking voor DSLR's:<\/strong> Een Normal Plus filter wordt op de lens geschroefd, wat betekent dat je een cyaankleurig beeld ziet als je door de optische zoeker van een spiegelreflexcamera kijkt. De ervaring leert dat autofocus en belichtingsmeting heel goed werken, maar het oog kan ge\u00efrriteerd raken door de kleurzweem en het werken met een opschroeffilter is daarom wat lastiger.<\/p>\n\n\n\n<p><\/p>\n\n\n\n<h2 class=\"wp-block-heading\">Overdag een astrocamera gebruiken<\/h2>\n\n\n\n<p>In een camera met een \"echt\" astrofilter wordt de roodgevoeligheid sterk verhoogd, maar worden zowel UV- als infraroodlicht grotendeels geblokkeerd. Beelden van zo'n camera vertonen een lichte roodzweem onder zonlicht, maar dit is niet zo extreem als bij een volspectrumcamera. Ook hier is een handmatige witbalans zoals hierboven beschreven nodig om de roodzweem te compenseren. Op het eerste gezicht is het resultaat een natuurlijk beeld met relatief goede kleuren. Dit filter vertoont echter een paar kleine zwakke punten, vooral onder direct zonlicht: objecten met een hoge IR-reflectie (vooral gebladerte van planten en donkere kunststoffen) kunnen een lichte kleurafwijking vertonen.<\/p>\n\n\n\n<figure class=\"wp-block-gallery has-nested-images columns-default is-cropped wp-block-gallery-3 is-layout-flex wp-block-gallery-is-layout-flex\">\n<figure class=\"wp-block-image size-full is-style-default\"><a href=\"https:\/\/irrecams.de\/wp-content\/uploads\/2025\/03\/astro.jpg\"><img loading=\"lazy\" decoding=\"async\" width=\"999\" height=\"666\" data-id=\"14292\" src=\"https:\/\/irrecams.de\/wp-content\/uploads\/2025\/03\/astro.jpg\" alt=\"\" class=\"wp-image-14292\" srcset=\"https:\/\/irrecams.de\/wp-content\/uploads\/2025\/03\/astro.jpg 999w, https:\/\/irrecams.de\/wp-content\/uploads\/2025\/03\/astro-300x200.jpg 300w, https:\/\/irrecams.de\/wp-content\/uploads\/2025\/03\/astro-768x512.jpg 768w, https:\/\/irrecams.de\/wp-content\/uploads\/2025\/03\/astro-18x12.jpg 18w, https:\/\/irrecams.de\/wp-content\/uploads\/2025\/03\/astro-600x400.jpg 600w\" sizes=\"auto, (max-width: 999px) 100vw, 999px\" \/><\/a><figcaption class=\"wp-element-caption\">Astrofilter<\/figcaption><\/figure>\n\n\n\n<figure class=\"wp-block-image size-large\"><a href=\"https:\/\/irrecams.de\/wp-content\/uploads\/2025\/03\/stock.jpg\"><img decoding=\"async\" data-id=\"14285\" src=\"https:\/\/irrecams.de\/wp-content\/uploads\/2025\/03\/stock.jpg\" alt=\"\" class=\"wp-image-14285\"\/><\/a><figcaption class=\"wp-element-caption\">Origineel<\/figcaption><\/figure>\n<\/figure>\n\n\n\n<p>Net als bij het volspectrumfilter kan de kleurkwaliteit worden verbeterd door een extra filter te gebruiken. Onze <a href=\"https:\/\/irrecams.de\/nl\/winkelen\/normaal-filter-uv-ir-blokkerend-filter\/\">Normaal Plus inschroeffilter<\/a> worden direct op de lens bevestigd en verbeteren de kleurweergave tot een niveau dat de facto niet meer te onderscheiden is van het origineel. Hoewel het verschil niet meer zo extreem is als met een volspectrumcamera, is het resultaat zo goed als perfect - met groen gebladerte, synthetische materialen en in het bos is een kleurafwijking alleen meetbaar en heeft het geen relevante invloed op het beeld. En natuurlijk kan met het extra filter de automatische witbalans van de camera weer gemakkelijk worden gebruikt.<\/p>\n\n\n\n<figure class=\"wp-block-gallery has-nested-images columns-default is-cropped wp-block-gallery-4 is-layout-flex wp-block-gallery-is-layout-flex\">\n<figure class=\"wp-block-image size-full\"><a href=\"https:\/\/irrecams.de\/wp-content\/uploads\/2025\/03\/astro_normal.jpg\"><img loading=\"lazy\" decoding=\"async\" width=\"999\" height=\"666\" data-id=\"14294\" src=\"https:\/\/irrecams.de\/wp-content\/uploads\/2025\/03\/astro_normal.jpg\" alt=\"\" class=\"wp-image-14294\" srcset=\"https:\/\/irrecams.de\/wp-content\/uploads\/2025\/03\/astro_normal.jpg 999w, https:\/\/irrecams.de\/wp-content\/uploads\/2025\/03\/astro_normal-300x200.jpg 300w, https:\/\/irrecams.de\/wp-content\/uploads\/2025\/03\/astro_normal-768x512.jpg 768w, https:\/\/irrecams.de\/wp-content\/uploads\/2025\/03\/astro_normal-18x12.jpg 18w, https:\/\/irrecams.de\/wp-content\/uploads\/2025\/03\/astro_normal-600x400.jpg 600w\" sizes=\"auto, (max-width: 999px) 100vw, 999px\" \/><\/a><figcaption class=\"wp-element-caption\">Astrofilter + Normaal <\/figcaption><\/figure>\n\n\n\n<figure class=\"wp-block-image size-large\"><a href=\"https:\/\/irrecams.de\/wp-content\/uploads\/2025\/03\/stock.jpg\"><img decoding=\"async\" data-id=\"14285\" src=\"https:\/\/irrecams.de\/wp-content\/uploads\/2025\/03\/stock.jpg\" alt=\"\" class=\"wp-image-14285\"\/><\/a><figcaption class=\"wp-element-caption\">Origineel<\/figcaption><\/figure>\n<\/figure>\n\n\n\n<p><strong>Belangrijke opmerking voor DSLR's:<\/strong> Een Normal Plus filter wordt op de lens geschroefd, wat betekent dat je een cyaankleurig beeld ziet als je door de optische zoeker van een spiegelreflexcamera kijkt. De ervaring leert dat autofocus en belichtingsmeting heel goed werken, maar het oog kan ge\u00efrriteerd raken door de kleurzweem en het werken met een opschroeffilter is daarom wat lastiger.<\/p>\n\n\n\n<hr class=\"wp-block-separator has-alpha-channel-opacity\"\/>\n\n\n\n<div class=\"wp-block-buttons is-horizontal is-content-justification-center is-layout-flex wp-container-core-buttons-is-layout-03627597 wp-block-buttons-is-layout-flex\">\n<div class=\"wp-block-button\"><a class=\"wp-block-button__link wp-element-button\" href=\"https:\/\/irrecams.de\/nl\/astrofilters-s-nachts-sterren-fotograferen-met-aangepaste-cameras\/\" style=\"border-radius:5px\">Voordeel Astro conversie<\/a><\/div>\n\n\n\n<div class=\"wp-block-button\"><a class=\"wp-block-button__link wp-element-button\" href=\"https:\/\/irrecams.de\/nl\/welke-filters-zijn-geschikt-voor-een-h-alpha-astro-conversie\/\" style=\"border-radius:5px\">Welk astrofilter<\/a><\/div>\n\n\n\n<div class=\"wp-block-button\"><a class=\"wp-block-button__link wp-element-button\" href=\"https:\/\/irrecams.de\/nl\/extra-filters-voor-astrofotografie\/\" style=\"border-radius:5px\">Extra filters<\/a><\/div>\n\n\n\n<div class=\"wp-block-button\"><a class=\"wp-block-button__link wp-element-button\" href=\"https:\/\/irrecams.de\/nl\/product-categorie\/astro-camera-ombouwservice\/\" style=\"border-radius:5px\">Astro conversie bestellen<\/a><\/div>\n\n\n\n<div class=\"wp-block-button\"><a class=\"wp-block-button__link wp-element-button\" href=\"https:\/\/irrecams.de\/nl\/infrarood-galerij\/genomen-met-astrofilter\/\" style=\"border-radius:5px\">Meer astrofoto's<\/a><\/div>\n\n\n\n<div class=\"wp-block-button\"><a class=\"wp-block-button__link wp-element-button\" href=\"https:\/\/irrecams.de\/nl\/infraroodfotografie\/\" style=\"border-radius:5px\">Meer over infraroodfotografie<\/a><\/div>\n\n\n<\/div>","protected":false},"excerpt":{"rendered":"<p>Oft liest man, dass eine Kamera welche f\u00fcr Astrofotografie modifiziert wurde, nicht f\u00fcr die normale Fotografie am Tage zu gebrauchen ist. Solch eine pauschale Aussage ist zu undifferenziert und fast falsch &#8211; die Tagestauglichkeit ist von der Art des Umbaues abh\u00e4ngig und kann je nach Kameratyp mit einem zus\u00e4tzlichen Filter dramatisch verbessert werden. Grunds\u00e4tzlich wurde [&hellip;]<\/p>\n","protected":false},"author":1,"featured_media":0,"parent":0,"menu_order":22,"comment_status":"closed","ping_status":"closed","template":"","meta":{"footnotes":""},"class_list":["post-14282","page","type-page","status-publish","hentry"],"_links":{"self":[{"href":"https:\/\/irrecams.de\/nl\/wp-json\/wp\/v2\/pages\/14282","targetHints":{"allow":["GET"]}}],"collection":[{"href":"https:\/\/irrecams.de\/nl\/wp-json\/wp\/v2\/pages"}],"about":[{"href":"https:\/\/irrecams.de\/nl\/wp-json\/wp\/v2\/types\/page"}],"author":[{"embeddable":true,"href":"https:\/\/irrecams.de\/nl\/wp-json\/wp\/v2\/users\/1"}],"replies":[{"embeddable":true,"href":"https:\/\/irrecams.de\/nl\/wp-json\/wp\/v2\/comments?post=14282"}],"version-history":[{"count":10,"href":"https:\/\/irrecams.de\/nl\/wp-json\/wp\/v2\/pages\/14282\/revisions"}],"predecessor-version":[{"id":14352,"href":"https:\/\/irrecams.de\/nl\/wp-json\/wp\/v2\/pages\/14282\/revisions\/14352"}],"wp:attachment":[{"href":"https:\/\/irrecams.de\/nl\/wp-json\/wp\/v2\/media?parent=14282"}],"curies":[{"name":"wp","href":"https:\/\/api.w.org\/{rel}","templated":true}]}}