{"id":28,"date":"2015-01-06T11:46:45","date_gmt":"2015-01-06T10:46:45","guid":{"rendered":"http:\/\/wp10590344.server-he.de\/irrecams2\/?page_id=28"},"modified":"2024-09-16T13:39:10","modified_gmt":"2024-09-16T11:39:10","slug":"infraroodfotografie","status":"publish","type":"page","link":"https:\/\/irrecams.de\/nl\/infraroodfotografie\/","title":{"rendered":"Infraroodfotografie"},"content":{"rendered":"<p>\"Infrarood fotografie? Daar heb ik nog nooit van gehoord.\" Maar je hebt het bijna zeker al eens gezien zonder te beseffen dat het om infraroodfotografie gaat. Fotograferen in het infraroodbereik geeft een kenmerkende \"look\". Groen gebladerte wordt intens helder, een blauwe lucht wordt veel donkerder afgebeeld en de huidskleur van de geportretteerden verandert in blauwe pastelkleuren. Bij infraroodlandschapsfotografie winnen de motieven aan contrast en glans, niet in de laatste plaats omdat infraroodbeelden vaak een mystiek en mysterieus effect hebben. Maar wat houdt het fotograferen van het onzichtbare in?<\/p>\n\n\n\n<figure class=\"wp-block-image size-large\"><a href=\"https:\/\/irrecams.de\/wp-content\/uploads\/2021\/01\/SAM_6868.jpg\"><img loading=\"lazy\" decoding=\"async\" width=\"1024\" height=\"683\" src=\"https:\/\/irrecams.de\/wp-content\/uploads\/2021\/01\/SAM_6868-1024x683.jpg\" alt=\"630 nm\" class=\"wp-image-5877\" title=\"Infraroodfotografie\" srcset=\"https:\/\/irrecams.de\/wp-content\/uploads\/2021\/01\/SAM_6868-1024x683.jpg 1024w, https:\/\/irrecams.de\/wp-content\/uploads\/2021\/01\/SAM_6868-600x400.jpg 600w, https:\/\/irrecams.de\/wp-content\/uploads\/2021\/01\/SAM_6868-300x200.jpg 300w, https:\/\/irrecams.de\/wp-content\/uploads\/2021\/01\/SAM_6868-768x513.jpg 768w, https:\/\/irrecams.de\/wp-content\/uploads\/2021\/01\/SAM_6868-350x234.jpg 350w, https:\/\/irrecams.de\/wp-content\/uploads\/2021\/01\/SAM_6868.jpg 1500w\" sizes=\"auto, (max-width: 1024px) 100vw, 1024px\" \/><\/a><\/figure>\n\n\n\n<h2 class=\"wp-block-heading\">Het spectrum en onze ogen<\/h2>\n\n\n\n<p>Het deel van het elektromagnetische spectrum dat we met onze ogen kunnen zien, is zeer beperkt. Onze waarneming vindt plaats tussen ongeveer 400 nm (violet) en ongeveer 700 nm (rood) golflengte, de rest blijft helaas verborgen. Direct grenzend aan het zichtbare bereik (ook bekend als het VIS-bereik) ligt het nabije ultraviolette en infrarode bereik.<\/p>\n\n\n\n<figure class=\"wp-block-image size-large\"><a href=\"https:\/\/irrecams.de\/wp-content\/uploads\/2015\/01\/spektrum.jpg\"><img loading=\"lazy\" decoding=\"async\" width=\"1024\" height=\"301\" src=\"https:\/\/irrecams.de\/wp-content\/uploads\/2015\/01\/spektrum-1024x301.jpg\" alt=\"\" class=\"wp-image-199\" srcset=\"https:\/\/irrecams.de\/wp-content\/uploads\/2015\/01\/spektrum-1024x301.jpg 1024w, https:\/\/irrecams.de\/wp-content\/uploads\/2015\/01\/spektrum-600x176.jpg 600w, https:\/\/irrecams.de\/wp-content\/uploads\/2015\/01\/spektrum-300x88.jpg 300w, https:\/\/irrecams.de\/wp-content\/uploads\/2015\/01\/spektrum.jpg 1362w\" sizes=\"auto, (max-width: 1024px) 100vw, 1024px\" \/><\/a><\/figure>\n\n\n\n<p>Hoewel er eigenlijk nauwelijks verschillen te verwachten zijn door de nabijheid van het zichtbare (VIS) bereik, bewijzen de beeldresultaten het tegendeel. Planten reflecteren het licht bijna volledig in deze spectrale bereiken om oververhitting en weefselschade als gevolg van zonnestraling te voorkomen. Het resultaat is dat plantenvegetatie op IR-beelden zeer helder tot wit lijkt. Dit effect kan niet worden berekend met een filter in post-processing, omdat een groene jumper wit gewoon zou vervormen.<\/p>\n\n\n\n<p>Om deze spectrale bereiken zichtbaar te maken voor onze ogen, hebben we een hulpmiddel nodig. De beeldsensoren van alle commercieel verkrijgbare digitale camera's zijn over het algemeen goed geschikt om het nabij-infrarood of UV vast te leggen. Het is alleen de fabriekstoestand waarin een camera wordt gekocht die het extreem moeilijk of zelfs onmogelijk maakt om infrarood te fotograferen. Welke opties er zijn voor digitale infraroodfotografie kun je vinden in de <a class=\"rank-math-link\" href=\"https:\/\/irrecams.de\/nl\/uitleg-over-infrarood-conversietechnologie\/\">Technologie<\/a>.<\/p>\n\n\n\n<h2 class=\"wp-block-heading\">Beeldeffect van infraroodbeelden<\/h2>\n\n\n\n<p>Het vastleggen van het onzichtbare heeft zeker zijn eigen aantrekkingskracht. Objectief bekeken laten IR-beelden soms heel andere oppervlaktestructuren zien en de beelden worden vaak helderder en contrastrijker. Het meest opvallende kenmerk van infraroodfotografie is waarschijnlijk het lichtgekleurde gebladerte. Naast het zogenaamde houteffect valt op dat de lucht en het water veel donkerder zijn. Vaak kan, vooral in combinatie met wollige wolken, een heel mooi contrast worden bereikt in de lucht.<\/p>\n\n\n\n<figure class=\"wp-block-image size-large\"><a href=\"https:\/\/irrecams.de\/wp-content\/uploads\/2021\/01\/SAM_7784.jpg\"><img loading=\"lazy\" decoding=\"async\" width=\"1024\" height=\"684\" src=\"https:\/\/irrecams.de\/wp-content\/uploads\/2021\/01\/SAM_7784-1024x684.jpg\" alt=\"630 nm\" class=\"wp-image-5886\" srcset=\"https:\/\/irrecams.de\/wp-content\/uploads\/2021\/01\/SAM_7784-1024x684.jpg 1024w, https:\/\/irrecams.de\/wp-content\/uploads\/2021\/01\/SAM_7784-600x401.jpg 600w, https:\/\/irrecams.de\/wp-content\/uploads\/2021\/01\/SAM_7784-300x200.jpg 300w, https:\/\/irrecams.de\/wp-content\/uploads\/2021\/01\/SAM_7784-768x513.jpg 768w, https:\/\/irrecams.de\/wp-content\/uploads\/2021\/01\/SAM_7784-1536x1026.jpg 1536w, https:\/\/irrecams.de\/wp-content\/uploads\/2021\/01\/SAM_7784-350x234.jpg 350w, https:\/\/irrecams.de\/wp-content\/uploads\/2021\/01\/SAM_7784.jpg 2000w\" sizes=\"auto, (max-width: 1024px) 100vw, 1024px\" \/><\/a><\/figure>\n\n\n\n<p>IR-foto's lijken vaak contrastrijk, niet in de laatste plaats omdat veel foto's zijn genomen in fel middaglicht. Desondanks zijn schaduwen en hooglichten goed gedefinieerd. Het gebladerte in een landschap werkt als een grote reflector en zorgt ervoor dat er zelfs in de schaduw van bomen nog voldoende licht beschikbaar is. Onmiskenbare stemmingen kunnen gemakkelijk worden gecre\u00eberd met infraroodfotografie. Een bekend landschap komt in een heel nieuw licht te staan. <\/p>\n\n\n\n<p>De meeste infraroodfotografen houden zich bezig met landschapsfotografie, maar de toepassing beperkt zich hier natuurlijk niet toe. Iedereen die zich aan IR-portretfotografie waagt, merkt al snel dat de menselijke huid een lichte en zachte teint krijgt. Dit is een populair effect, niet alleen bij trouwfotografen.<\/p>\n\n\n\n<figure class=\"wp-block-image size-large\"><a href=\"https:\/\/irrecams.de\/wp-content\/uploads\/2021\/01\/IMGP9855.jpg\"><img loading=\"lazy\" decoding=\"async\" width=\"1024\" height=\"679\" src=\"https:\/\/irrecams.de\/wp-content\/uploads\/2021\/01\/IMGP9855-1024x679.jpg\" alt=\"\" class=\"wp-image-6015\" srcset=\"https:\/\/irrecams.de\/wp-content\/uploads\/2021\/01\/IMGP9855-1024x679.jpg 1024w, https:\/\/irrecams.de\/wp-content\/uploads\/2021\/01\/IMGP9855-600x398.jpg 600w, https:\/\/irrecams.de\/wp-content\/uploads\/2021\/01\/IMGP9855-300x199.jpg 300w, https:\/\/irrecams.de\/wp-content\/uploads\/2021\/01\/IMGP9855-768x509.jpg 768w, https:\/\/irrecams.de\/wp-content\/uploads\/2021\/01\/IMGP9855-350x232.jpg 350w, https:\/\/irrecams.de\/wp-content\/uploads\/2021\/01\/IMGP9855.jpg 1500w\" sizes=\"auto, (max-width: 1024px) 100vw, 1024px\" \/><\/a><\/figure>\n\n\n\n<h2 class=\"wp-block-heading\">Infraroodbeelden in kleur<\/h2>\n\n\n\n<p>Infrarood fotograferen betekent niet altijd zwart-wit fotograferen. Afhankelijk van het gebruikte filter kunnen kleurenfoto's van infrarood worden gemaakt met zeer gevarieerde en indrukwekkende (valse) kleuren. Zodra niet alleen zuiver infrarood licht boven 830 nm de camerasensor raakt, maar ook een mengsel van golflengtes uit het zichtbare spectrale bereik, wordt er kleurinformatie gecre\u00eberd in het digitale beeld. Dit is natuurlijk 100 % kunstmatig en heeft niets te maken met de werkelijke aard van infrarood licht. Toch kan dit soort \"artefacten\" worden gebruikt om adembenemende sferen vast te leggen.<\/p>\n\n\n\n<figure class=\"wp-block-image size-large\"><a href=\"https:\/\/irrecams.de\/wp-content\/uploads\/2021\/01\/DSCF9277.jpg\"><img loading=\"lazy\" decoding=\"async\" width=\"681\" height=\"1024\" src=\"https:\/\/irrecams.de\/wp-content\/uploads\/2021\/01\/DSCF9277-681x1024.jpg\" alt=\"630 nm\" class=\"wp-image-5932\" srcset=\"https:\/\/irrecams.de\/wp-content\/uploads\/2021\/01\/DSCF9277-681x1024.jpg 681w, https:\/\/irrecams.de\/wp-content\/uploads\/2021\/01\/DSCF9277-600x902.jpg 600w, https:\/\/irrecams.de\/wp-content\/uploads\/2021\/01\/DSCF9277-200x300.jpg 200w, https:\/\/irrecams.de\/wp-content\/uploads\/2021\/01\/DSCF9277-768x1154.jpg 768w, https:\/\/irrecams.de\/wp-content\/uploads\/2021\/01\/DSCF9277-350x526.jpg 350w, https:\/\/irrecams.de\/wp-content\/uploads\/2021\/01\/DSCF9277.jpg 998w\" sizes=\"auto, (max-width: 681px) 100vw, 681px\" \/><\/a><\/figure>\n\n\n\n<p>Dergelijke kleuren met gele of zelfs rode bladeren komen echter niet rechtstreeks uit de camera; er is meestal enige nabewerking nodig. Meer informatie over de verwerkingsstappen is te vinden op <a class=\"rank-math-link\" href=\"https:\/\/irrecams.de\/nl\/infrarood-nabewerking\/\">op de laatste pagina van deze gids<\/a> Samengevat. Met aanzienlijk minder nabewerking is de <a class=\"rank-math-link\" href=\"https:\/\/irrecams.de\/nl\/vergelijking-infrarood-effectfilter\/#infrablue\">Infrablauw<\/a> Filter naar het doel.<\/p>\n\n\n\n<div class=\"wp-block-buttons is-content-justification-center is-layout-flex wp-container-core-buttons-is-layout-a89b3969 wp-block-buttons-is-layout-flex\">\n<div class=\"wp-block-button\"><a class=\"wp-block-button__link wp-element-button\" href=\"https:\/\/irrecams.de\/nl\/infrarood-galerij\/\" style=\"border-radius:5px\">Meer afbeeldingsvoorstellen<\/a><\/div>\n\n\n\n<div class=\"wp-block-button\"><a class=\"wp-block-button__link wp-element-button\" href=\"https:\/\/irrecams.de\/nl\/vergelijking-infrarood-effectfilter\/\" style=\"border-radius:5px\">Meer over filters<\/a><\/div>\n\n\n\n<div class=\"wp-block-button\"><a class=\"wp-block-button__link wp-element-button\" href=\"https:\/\/irrecams.de\/nl\/uitleg-over-infrarood-conversietechnologie\/\" style=\"border-radius:5px\">Meer over camera-installatie<\/a><\/div>\n<\/div>\n\n\n\n<p><\/p>","protected":false},"excerpt":{"rendered":"<p>&#8220;Infrarot Fotografie? Das habe ich noch nie geh\u00f6rt.&#8221; Aber mit gro\u00dfer Sicherheit schon einmal gesehen, ohne zu wissen, dass es Infrarotfotografie ist. Das Fotografieren im Infrarotbereich produziert einen unverkennbaren &#8220;Look&#8221;. Gr\u00fcnes Laub wird intensiv hell, ein blauer Himmel wird viel dunkler abgebildet und der Hautton von portr\u00e4tierten Personen geht in bla\u00dfe Pastelfarben \u00fcber. In der [&hellip;]<\/p>\n","protected":false},"author":1,"featured_media":0,"parent":0,"menu_order":1,"comment_status":"closed","ping_status":"closed","template":"","meta":{"footnotes":""},"class_list":["post-28","page","type-page","status-publish","hentry"],"_links":{"self":[{"href":"https:\/\/irrecams.de\/nl\/wp-json\/wp\/v2\/pages\/28","targetHints":{"allow":["GET"]}}],"collection":[{"href":"https:\/\/irrecams.de\/nl\/wp-json\/wp\/v2\/pages"}],"about":[{"href":"https:\/\/irrecams.de\/nl\/wp-json\/wp\/v2\/types\/page"}],"author":[{"embeddable":true,"href":"https:\/\/irrecams.de\/nl\/wp-json\/wp\/v2\/users\/1"}],"replies":[{"embeddable":true,"href":"https:\/\/irrecams.de\/nl\/wp-json\/wp\/v2\/comments?post=28"}],"version-history":[{"count":3,"href":"https:\/\/irrecams.de\/nl\/wp-json\/wp\/v2\/pages\/28\/revisions"}],"predecessor-version":[{"id":13395,"href":"https:\/\/irrecams.de\/nl\/wp-json\/wp\/v2\/pages\/28\/revisions\/13395"}],"wp:attachment":[{"href":"https:\/\/irrecams.de\/nl\/wp-json\/wp\/v2\/media?parent=28"}],"curies":[{"name":"wp","href":"https:\/\/api.w.org\/{rel}","templated":true}]}}