{"id":32,"date":"2015-01-06T11:50:17","date_gmt":"2015-01-06T10:50:17","guid":{"rendered":"http:\/\/wp10590344.server-he.de\/irrecams2\/?page_id=32"},"modified":"2024-09-16T13:50:00","modified_gmt":"2024-09-16T11:50:00","slug":"uitleg-over-infrarood-conversietechnologie","status":"publish","type":"page","link":"https:\/\/irrecams.de\/nl\/uitleg-over-infrarood-conversietechnologie\/","title":{"rendered":"Infraroodomzetting - technologie uitgelegd"},"content":{"rendered":"<p>Een normale digitale camera gebruiken voor infraroodfotografie is theoretisch mogelijk, maar niet echt aan te raden. Alleen een infraroodconversie opent alle mogelijkheden en maakt beelden van hoge kwaliteit mogelijk. Maar waarom werkt infraroodfotografie niet met normale camera's en welke verschillende opties zijn er voor spiegelreflexcamera's en spiegelloze digitale camera's?<\/p>\n\n\n\n<h2 class=\"wp-block-heading\">Functie van digitale camera's<\/h2>\n\n\n\n<p>In tegenstelling tot onze ogen kan de sensor van een digitale camera \"zien\" in het infraroodgebied. Moderne digitale camera's met CMOS- of CCD-sensoren zijn over het algemeen gevoelig tussen 350 nm en 1200 nm. Voor infraroodstraling met een nog langere golflengte zijn er speciale warmtebeeldcamera's waarvan de sensoren niet op silicium zijn gebaseerd. Dus wat we vastleggen met IR-fotografie, de nabij-infrarode straling, heeft niets met warmte te maken.<\/p>\n\n\n\n<div class=\"wp-block-media-text alignwide has-media-on-the-right is-stacked-on-mobile\"><div class=\"wp-block-media-text__content\">\n<p>Camerafabrikanten plaatsen opzettelijk een filter voor de sensor dat alleen het VIS-bereik op de sensor toelaat en zowel UV als IR blokkeert. <\/p>\n<\/div><figure class=\"wp-block-media-text__media\"><a href=\"https:\/\/irrecams.de\/wp-content\/uploads\/2015\/01\/fnormal.jpg\"><img loading=\"lazy\" decoding=\"async\" width=\"250\" height=\"153\" src=\"https:\/\/irrecams.de\/wp-content\/uploads\/2015\/01\/fnormal.jpg\" alt=\"\" class=\"wp-image-205 size-full\"\/><\/a><\/figure><\/div>\n\n\n\n<p>Het zogenaamde hotmirror filter levert een belangrijke bijdrage aan de beeldscherpte en kleurweergave in klassieke digitale fotografie. Voor infraroodfotografen is dit filter echter een doorn in het oog.<\/p>\n\n\n\n<h2 class=\"wp-block-heading\">Infraroodfotografie met inschroeffilter<\/h2>\n\n\n\n<p>Bij veel oudere cameramodellen blokkeert het hotmirrorfilter gelukkig niet 100 % van het IR-spectrum. Om je eigen camera te testen kun je een afstandsbediening voor de lens houden en zoveel mogelijk knoppen indrukken. Licht de infrarooddiode zichtbaar op in het beeld? Zo ja, dan is het mogelijk om deze camera te gebruiken met een infraroodschroeffilter voor de lens.<\/p>\n\n\n\n<div class=\"wp-block-media-text alignwide has-media-on-the-right is-stacked-on-mobile\"><div class=\"wp-block-media-text__content\">\n<p>Het extra filter blokkeert zichtbaar licht en laat alleen licht door boven een bepaalde golflengte (meestal 720 nm).<\/p>\n<\/div><figure class=\"wp-block-media-text__media\"><a href=\"https:\/\/irrecams.de\/wp-content\/uploads\/2015\/01\/ffilter.jpg\"><img loading=\"lazy\" decoding=\"async\" width=\"250\" height=\"153\" src=\"https:\/\/irrecams.de\/wp-content\/uploads\/2015\/01\/ffilter.jpg\" alt=\"\" class=\"wp-image-204 size-full\"\/><\/a><\/figure><\/div>\n\n\n\n<p>Helaas is er nog steeds het hotmirror-filter, dat een groot deel van het IR-licht blokkeert. Hierdoor moeten we op een zonnige dag buiten zeer lang belichten (in het secondenbereik) en hebben we absoluut een statief nodig. Het is ook belangrijk om te weten dat er een focusverschuiving is in het infraroodbereik. Voor meer details zie hoofdstuk \"<a href=\"https:\/\/irrecams.de\/nl\/infrarood\/bildfehler\/\">Lenzen en beeldfouten<\/a>\". Aangezien de IR-filter zich voor de lens bevindt en we er niet doorheen kunnen kijken, is het onmogelijk om de beeldcompositie aan te passen of de scherpstelling correct in te stellen zonder verschillende testopnames te maken. Zelfs met LiveView is dit meestal een probleem omdat er maar heel weinig licht op de sensor valt.<\/p>\n\n\n\n<h2 class=\"wp-block-heading\">Volledig spectrum infrarood conversie<\/h2>\n\n\n\n<p>Waarom dan niet gewoon de hotmirrorfilter weggooien? Op moderne cameramodellen blokkeert dit bijna 100 % IR-licht, waardoor infraroodfotografie met een inschroeffilter niet echt een optie is. Hoewel het geen goed idee is om het filter gewoon te verwijderen omdat de scherpstelpositie dan volledig verschuift, kun je het filter wel vervangen.<\/p>\n\n\n\n<div class=\"wp-block-media-text alignwide has-media-on-the-right is-stacked-on-mobile is-vertically-aligned-top\"><div class=\"wp-block-media-text__content\">\n<p><\/p>\n\n\n\n<p>Met een \"helder glas\" dat UV, VIS en IR doorlaat, wordt dit een volledige spectrumconversie genoemd. Om in IR te fotograferen, heb je extra inschroeffilters nodig.<\/p>\n<\/div><figure class=\"wp-block-media-text__media\"><a href=\"https:\/\/irrecams.de\/wp-content\/uploads\/2015\/01\/fundefiniert.jpg\"><img loading=\"lazy\" decoding=\"async\" width=\"250\" height=\"153\" src=\"https:\/\/irrecams.de\/wp-content\/uploads\/2015\/01\/fundefiniert.jpg\" alt=\"\" class=\"wp-image-207 size-full\"\/><\/a><\/figure><\/div>\n\n\n\n<p>Een camera die is omgebouwd naar volspectrum heeft het voordeel dat hij heel flexibel kan worden gebruikt, omdat er een groot aantal verschillende lenzen voor de lens kan worden geplaatst. <a href=\"https:\/\/irrecams.de\/nl\/vergelijking-infrarood-effectfilter\/\">Infrarood filter<\/a> kan worden vastgeschroefd. Met zo'n infraroodconversie (ook wel een ongedefinieerde conversie genoemd) kun je kiezen om in het UV-, VIS- of IR-bereik te fotograferen. Met de <a href=\"https:\/\/irrecams.de\/nl\/winkelen\/normaal-filter-uv-ir-blokkerend-filter\/\">rechterfilter<\/a> Je kunt zelfs weer volledig normale opnamen maken in het zichtbare bereik, alsof er helemaal geen infraroodconversie heeft plaatsgevonden. De gebruikelijke korte belichtingstijden kunnen worden bereikt met zowel IR-filters als hotmirror inschroeffilters.<\/p>\n\n\n\n<p>Met een spiegelreflexcamera ben je helaas gedwongen om het beeld samen te stellen en de scherpstelling aan te passen met behulp van de LiveView-functie. Een full-spectrum conversie wordt vooral aanbevolen voor spiegelloze systeemcamera's. Anders dan bij een spiegelreflexcamera kun je de zoeker gewoon gebruiken en werken autofocus en lichtmeting ook zonder beperkingen.<\/p>\n\n\n\n<h2 class=\"wp-block-heading\">Speciale infraroodconversie<\/h2>\n\n\n\n<p>Voor ambitieuze infraroodfotografen die precies weten wat ze willen, is de eerste keuze een volledig omgebouwde infraroodcamera. Het IR-filter rechtstreeks in de camera installeren heeft voordelen, vooral bij digitale spiegelreflexcamera's. Beeldcompositie in de heldere zoeker is mogelijk, zelfs als niets op infrarood lijkt. De autofocus wordt gecorrigeerd met een professionele infraroodconversie en kan daarom \"normaal\" worden gebruikt. Belichtingsmeting werkt na de conversie op dezelfde manier als voorheen, behalve dat belichtingscorrectie nodig is afhankelijk van de opnamesituatie.<\/p>\n\n\n\n<div class=\"wp-block-media-text alignwide has-media-on-the-right is-stacked-on-mobile\"><div class=\"wp-block-media-text__content\">\n<p>Het hotmirrorfilter wordt vervangen door een overeenkomstig infraroodfilter zodat alleen infrarood licht de sensor bereikt. Er is geen extern inschroeffilter nodig.<\/p>\n<\/div><figure class=\"wp-block-media-text__media\"><a href=\"https:\/\/irrecams.de\/wp-content\/uploads\/2015\/01\/fumbau.jpg\"><img loading=\"lazy\" decoding=\"async\" width=\"250\" height=\"153\" src=\"https:\/\/irrecams.de\/wp-content\/uploads\/2015\/01\/fumbau.jpg\" alt=\"\" class=\"wp-image-206 size-full\"\/><\/a><\/figure><\/div>\n\n\n\n<p>Na een infraroodconversie fotografeert de camera uitsluitend in het IR-bereik. Dit betekent dat de gebruikelijke korte belichtingstijden mogelijk zijn, zelfs uit de hand natuurlijk. Het is echter niet mogelijk om met een dergelijke camera \"normale\" opnamen te maken in het zichtbare bereik. Niettemin kunnen, afhankelijk van het ingebouwde filter, indien nodig andere inschroeffilters worden gecombineerd. Een overzicht van de compatibele filters is voor elk inschroeffilter te vinden in de <a href=\"https:\/\/irrecams.de\/nl\/product-categorie\/filter\/\">Winkel op<\/a>.<\/p>\n\n\n\n<h2 class=\"wp-block-heading\">Het gebruik voor digitale infraroodfotografie<\/h2>\n\n\n\n<p>Het verwijderen en vervangen van het blokkeerfilter is technisch complex en als het professioneel wordt gedaan, is het een investering die niet over het hoofd kan worden gezien. Bovendien moet hiervoor een camera worden \"opgeofferd\" die niet meer voor iets anders dan infraroodfotografie kan worden gebruikt. Zonder dit te willen bagatelliseren, is het dat wel. Helaas zijn er geen praktische alternatieven voor het vervangen van het blokkeringsfilter als je echt hoogwaardige resultaten wilt behalen.<\/p>\n\n\n\n<p>Camerafabrikanten brengen steeds vaker nieuwe technologie op de markt. Velen van ons hebben nog een ouder model thuis liggen dat zelden wordt gebruikt, ook al maakt het nog steeds geweldige foto's. Maar het is nauwelijks de moeite waard om deze oude camera's te verkopen. Maar het is nauwelijks de moeite waard om deze oude camera's te verkopen. Met een IR-conversie krijgt deze camera een tweede leven. En hand op hart: hoeveel geld heb je ge\u00efnvesteerd in je lenzen? Een infraroodcamera biedt veel meer creatieve mogelijkheden dan \"slechts\" een enkele lens, en dat voor alle bestaande lenzen.<\/p>\n\n\n\n<figure class=\"wp-block-image size-large\"><a href=\"https:\/\/irrecams.de\/wp-content\/uploads\/2021\/01\/DSCF9078.jpg\"><img loading=\"lazy\" decoding=\"async\" width=\"1024\" height=\"683\" src=\"https:\/\/irrecams.de\/wp-content\/uploads\/2021\/01\/DSCF9078-1024x683.jpg\" alt=\"630 nm\" class=\"wp-image-5907\" srcset=\"https:\/\/irrecams.de\/wp-content\/uploads\/2021\/01\/DSCF9078-1024x683.jpg 1024w, https:\/\/irrecams.de\/wp-content\/uploads\/2021\/01\/DSCF9078-600x400.jpg 600w, https:\/\/irrecams.de\/wp-content\/uploads\/2021\/01\/DSCF9078-300x200.jpg 300w, https:\/\/irrecams.de\/wp-content\/uploads\/2021\/01\/DSCF9078-768x513.jpg 768w, https:\/\/irrecams.de\/wp-content\/uploads\/2021\/01\/DSCF9078-350x234.jpg 350w, https:\/\/irrecams.de\/wp-content\/uploads\/2021\/01\/DSCF9078.jpg 1500w\" sizes=\"auto, (max-width: 1024px) 100vw, 1024px\" \/><\/a><\/figure>","protected":false},"excerpt":{"rendered":"<p>Eine normale Digitalkamera f\u00fcr die Infrarot Fotografie zu benutzen ist zwar theoretisch m\u00f6glich, aber eigentlich nicht zu empfehlen. Erst ein Infrarot Umbau er\u00f6ffnet alle M\u00f6glichkeiten und l\u00e4sst hochqualitative Bilder m\u00f6glich werden. Doch warum funktioniert die Infrarot Fotografie nicht mit normalen Kameras und welche verschiedenen M\u00f6glichkeiten gibt es f\u00fcr Spiegelreflex- und Spiegellose Digitalkameras? Funktion digitaler Kameras [&hellip;]<\/p>\n","protected":false},"author":1,"featured_media":0,"parent":0,"menu_order":2,"comment_status":"closed","ping_status":"closed","template":"","meta":{"footnotes":""},"class_list":["post-32","page","type-page","status-publish","hentry"],"_links":{"self":[{"href":"https:\/\/irrecams.de\/nl\/wp-json\/wp\/v2\/pages\/32","targetHints":{"allow":["GET"]}}],"collection":[{"href":"https:\/\/irrecams.de\/nl\/wp-json\/wp\/v2\/pages"}],"about":[{"href":"https:\/\/irrecams.de\/nl\/wp-json\/wp\/v2\/types\/page"}],"author":[{"embeddable":true,"href":"https:\/\/irrecams.de\/nl\/wp-json\/wp\/v2\/users\/1"}],"replies":[{"embeddable":true,"href":"https:\/\/irrecams.de\/nl\/wp-json\/wp\/v2\/comments?post=32"}],"version-history":[{"count":3,"href":"https:\/\/irrecams.de\/nl\/wp-json\/wp\/v2\/pages\/32\/revisions"}],"predecessor-version":[{"id":13397,"href":"https:\/\/irrecams.de\/nl\/wp-json\/wp\/v2\/pages\/32\/revisions\/13397"}],"wp:attachment":[{"href":"https:\/\/irrecams.de\/nl\/wp-json\/wp\/v2\/media?parent=32"}],"curies":[{"name":"wp","href":"https:\/\/api.w.org\/{rel}","templated":true}]}}