{"id":44,"date":"2015-01-06T12:03:09","date_gmt":"2015-01-06T12:03:09","guid":{"rendered":"http:\/\/wp10590344.server-he.de\/irrecams2\/?page_id=44"},"modified":"2025-12-08T13:34:07","modified_gmt":"2025-12-08T12:34:07","slug":"proces","status":"publish","type":"page","link":"https:\/\/irrecams.de\/nl\/infrarood-conversie-service\/proces\/","title":{"rendered":"Procedure van de infraroodombouwservice"},"content":{"rendered":"<p>Wil je een specifiek cameramodel kopen? Of heb je al een eigen camera en wil je deze laten ombouwen voor infraroodfotografie? Wij voeren de ombouw graag voor u uit en zorgen eventueel ook voor het door u gewenste model. Neem snel een kijkje in de sectie <a class=\"rank-math-link\" href=\"https:\/\/irrecams.de\/nl\/infrarood-conversie-service\/camera-en-prijslijst\/\">Cameramodellen<\/a>. Als je camera er niet bij staat, betekent dat niet dat hij ongeschikt is voor conversie. In principe kan elke camera worden omgebouwd voor infraroodfotografie.<\/p>\n\n\n\n<h2 class=\"wp-block-heading\">Infrarood camera conversie<\/h2>\n\n\n\n<p>Het hotmirrorfilter voor de camerasensor wordt vervangen door een infraroodfilter. Daarnaast is de autofocus van de camera gekalibreerd voor het infraroodbereik. Hierdoor heb je een native infraroodcamera die je gewoon kunt gebruiken, zelfs zonder statief.<br>Lees voor meer informatie over infrarood het gedeelte <a class=\"rank-math-link\" href=\"https:\/\/irrecams.de\/nl\/uitleg-over-infrarood-conversietechnologie\/\">Technologie<\/a>.<\/p>\n\n\n\n<h2 class=\"wp-block-heading\">Keuze infraroodfilter<\/h2>\n\n\n\n<p>Je hebt de keuze uit veel verschillende filters. 280 nm (volledig spectrum), 630 nm en 700 nm zijn al inbegrepen in de basisprijs voor de conversie. Andere filteropties zijn verkrijgbaar tegen een meerprijs. Informatie over de filters vind je in de infraroodsectie onder <a class=\"rank-math-link\" href=\"https:\/\/irrecams.de\/nl\/vergelijking-infrarood-effectfilter\/\">Infrarood effectfilter in vergelijking<\/a>. Naast de vergelijking tussen de filters vind je ook originele RAW-bestanden om te downloaden. Als je vragen of onduidelijkheden hebt, kun je het beste een <a class=\"rank-math-link\" href=\"https:\/\/irrecams.de\/nl\/umbauservice\/navraag\/\">kort bericht<\/a>We helpen je graag verder als je vragen hebt.<\/p>\n\n\n\n<h2 class=\"wp-block-heading\">Tevredenheidsgarantie en risico<\/h2>\n\n\n\n<p>Mijn ervaring is dat de kans dat de camera beschadigd raakt tijdens het ombouwen erg klein is. Natuurlijk kan ik een defect nooit helemaal uitsluiten, daarom dragen wij ook het risico van de ombouw. Mochten we toch iets beschadigen aan je camera, dan vervangen we de huidige waarde van de camera of zorgen we voor een gelijkwaardig vervangend apparaat.<br><br>Als je camera is aangepast, kunnen we helaas geen klassiek retourrecht verlenen, wat zou betekenen dat het originele filter opnieuw moet worden ge\u00efnstalleerd. Als je echter binnen 14 dagen niet tevreden bent, kun je de camera naar ons terugsturen en zullen we het factuurbedrag plus de huidige waarde van de camera terugbetalen of een gelijkwaardig vervangend apparaat leveren.<\/p>\n\n\n\n<p>Houd er rekening mee dat eventuele bestaande fabrieksgarantie vervalt tijdens de conversie. Wij geven echter 1 jaar garantie op de goede werking van de camera (zowel voor de ombouwservice als voor de aanschaf van een infraroodcamera). Als je een aantoonbaar nieuwe camera laat ombouwen of een nieuwe camera koopt, is de garantieperiode zelfs 2 jaar. Dus als iets, tegen de verwachting in, na de eerste 14 dagen niet meer goed werkt, hoef je je geen zorgen te maken.<\/p>\n\n\n\n<p><a href=\"https:\/\/irrecams.de\/nl\/annuleringsbeleid\/\">Lees hier de annuleringsvoorwaarden<\/a><\/p>\n\n\n\n<h2 class=\"wp-block-heading\">Procedure voor infraroodomzetting<\/h2>\n\n\n\n<p>Wanneer de camera op de <a class=\"rank-math-link\" href=\"https:\/\/irrecams.de\/nl\/umbauservice\/camera-en-prijslijst\/\">Lijst van officieel ondersteunde camera's<\/a> kunt u direct <a href=\"https:\/\/irrecams.de\/nl\/winkelen\/\">in de online winkel<\/a> om een bestelling te plaatsen. Als je camera er niet bij staat, of als je vragen hebt, kun je me ook een e-mail sturen naar <a href=\"mailto:info@IRreCams.de\">info@IRreCams.de<\/a> onder vermelding van het cameramodel en het gewenste filter. U kunt ook de <a class=\"rank-math-link\" href=\"https:\/\/irrecams.de\/nl\/umbauservice\/navraag\/\">Aanvraagformulier<\/a> gebruiken.<\/p>\n\n\n\n<p>Stuur alleen de camerabehuizing zonder accessoires. Verwijder de batterij voor verzending. We hebben ook geen geheugenkaarten, lenzen of andere accessoires zoals riempjes en snelkoppelingsplaatjes nodig.<\/p>\n\n\n\n<p>Zodra de camera is ontvangen, wordt deze meestal binnen 14 dagen voor je geconverteerd. Op piekmomenten kan de verwerkingstijd in uitzonderlijke gevallen echter worden verlengd. Kortere, gegarandeerde verwerking binnen max. 7 of max. 3 dagen na aankomst van de camera is mogelijk tegen een meerprijs. Na succesvolle conversie ontvang je de factuur en wordt de camera tegelijkertijd naar je teruggestuurd.<\/p>\n\n\n\n<p>Na een succesvolle conversie ontvang je een factuur en wordt de camera tegelijkertijd geretourneerd. Je hebt een betalingstermijn van 14 dagen om het factuurbedrag over te maken op onze bankrekening. Er is geen vooruitbetaling nodig.<\/p>\n\n\n\n<h2 class=\"wp-block-heading\">Kosten van de infraroodconversie<\/h2>\n\n\n\n<p>Voor het ombouwen van een digitale spiegelreflexcamera rekenen we vanaf \u20ac260* inclusief 280, 630 of 700 nm filters, aanpassing van de autofocus en retourzending van de camera binnen Duitsland.<\/p>\n\n\n\n<p>We bieden de conversie van een digitale spiegelloze systeemcamera vanaf \u20ac250* tegen dezelfde voorwaarden.<\/p>\n\n\n\n<p class=\"translation-block\">Afhankelijk van het gewenste filter, cameramodel en verwerkingstijd kunnen extra kosten in rekening worden gebracht. Deze worden weergegeven tijdens het bestelproces in de winkel. Een prijsoverzicht voor de basisprijs vind je op de <a class=\"rank-math-link\" href=\"https:\/\/irrecams.de\/nl\/umbauservice\/camera-en-prijslijst\/\" target=\"_self\">overzichtspagina<\/a>.<\/p>\n\n\n\n<p class=\"has-small-font-size\">*De prijzen zijn inclusief wettelijke btw. We behouden ons het recht voor om een andere prijs te berekenen voor geselecteerde modellen die bijzonder complex zijn om om te bouwen (dit zullen we voor de ombouw met je bespreken). De installatie van andere filters is mogelijk tegen een meerprijs. Wijzigingen en fouten voorbehouden.<\/p>\n\n\n\n<h2 class=\"wp-block-heading\">Verzending<\/h2>\n\n\n\n<p>Verzending wordt uitsluitend uitgevoerd door DHL als verzekerde pakketverzending. Je kunt ervoor kiezen om de camera thuis te laten bezorgen of een Packstation op te geven als afleveradres. De verzending vindt meestal plaats van maandag tot en met zaterdag. Verzending binnen Duitsland is over het algemeen gratis voor de ombouwservice. Alle prijzen zijn inclusief verzendkosten (indien niet expliciet vermeld). Verzending naar andere EU-landen is ook mogelijk, in dat geval berekenen we een vast bedrag van \u20ac10 aan verzendkosten. Verzending buiten de EU is niet mogelijk.<\/p>\n\n\n\n<h2 class=\"wp-block-heading\">Betaalmogelijkheden<\/h2>\n\n\n\n<p>Als je via onze website bestelt, zijn er verschillende betaalopties beschikbaar om direct te betalen. Je kunt er ook voor kiezen om vooruit te betalen en het bedrag rechtstreeks naar onze bankrekening over te maken.<\/p>\n\n\n\n<p>Als je een ombouwservice bestelt, kun je ervoor kiezen om op rekening te betalen in plaats van vooraf. Je betaalt dan voor de conversie van je camera binnen 14 dagen nadat je hem hebt teruggekregen en getest.<\/p>\n\n\n\n<p><\/p>","protected":false},"excerpt":{"rendered":"<p>Sie m\u00f6chten einen konkretes Kameramodell kaufen? Oder Sie haben bereits eine eigene Kamera und m\u00f6chten diese f\u00fcr Infrarot Fotografie umbauen lassen? Sehr gerne nehmen wir den Umbau f\u00fcr Sie vor und k\u00fcmmern uns ggf. auch um Ihr Wunschmodell. Bitte schauen Sie zuvor kurz in den Bereich Kameramodelle. Sollte Ihre Kamera dort nicht aufgef\u00fchrt sein, hei\u00dft [&hellip;]<\/p>\n","protected":false},"author":1,"featured_media":0,"parent":40,"menu_order":0,"comment_status":"closed","ping_status":"open","template":"","meta":{"footnotes":""},"class_list":["post-44","page","type-page","status-publish","hentry"],"_links":{"self":[{"href":"https:\/\/irrecams.de\/nl\/wp-json\/wp\/v2\/pages\/44","targetHints":{"allow":["GET"]}}],"collection":[{"href":"https:\/\/irrecams.de\/nl\/wp-json\/wp\/v2\/pages"}],"about":[{"href":"https:\/\/irrecams.de\/nl\/wp-json\/wp\/v2\/types\/page"}],"author":[{"embeddable":true,"href":"https:\/\/irrecams.de\/nl\/wp-json\/wp\/v2\/users\/1"}],"replies":[{"embeddable":true,"href":"https:\/\/irrecams.de\/nl\/wp-json\/wp\/v2\/comments?post=44"}],"version-history":[{"count":9,"href":"https:\/\/irrecams.de\/nl\/wp-json\/wp\/v2\/pages\/44\/revisions"}],"predecessor-version":[{"id":16215,"href":"https:\/\/irrecams.de\/nl\/wp-json\/wp\/v2\/pages\/44\/revisions\/16215"}],"up":[{"embeddable":true,"href":"https:\/\/irrecams.de\/nl\/wp-json\/wp\/v2\/pages\/40"}],"wp:attachment":[{"href":"https:\/\/irrecams.de\/nl\/wp-json\/wp\/v2\/media?parent=44"}],"curies":[{"name":"wp","href":"https:\/\/api.w.org\/{rel}","templated":true}]}}