{"id":6729,"date":"2021-04-25T14:33:43","date_gmt":"2021-04-25T12:33:43","guid":{"rendered":"https:\/\/irrecams.de\/?page_id=6729"},"modified":"2025-03-02T14:27:24","modified_gmt":"2025-03-02T13:27:24","slug":"astrofilters-s-nachts-sterren-fotograferen-met-aangepaste-cameras","status":"publish","type":"page","link":"https:\/\/irrecams.de\/nl\/astrofilters-s-nachts-sterren-fotograferen-met-aangepaste-cameras\/","title":{"rendered":"Astrofilters: sterren 's nachts fotograferen met aangepaste camera's"},"content":{"rendered":"<details class=\"wp-block-details has-background has-medium-font-size is-layout-flow wp-block-details-is-layout-flow\" style=\"background-color:#dfdfdf\" open><summary>Inhoudsopgave<\/summary>\n<blockquote class=\"wp-block-quote is-layout-flow wp-block-quote-is-layout-flow\">\n<ul class=\"wp-block-list\">\n<li><strong>Voordelen van Astro-conversie<\/strong><\/li>\n\n\n\n<li><a href=\"https:\/\/irrecams.de\/nl\/welke-filters-zijn-geschikt-voor-een-h-alpha-astro-conversie\/\" data-type=\"page\" data-id=\"14276\">Welk astrofilter<\/a><\/li>\n\n\n\n<li><a href=\"https:\/\/irrecams.de\/nl\/hoe-een-astrocamera-kan-worden-gebruikt-voor-normale-fotografie-overdag\/\" data-type=\"page\" data-id=\"14282\">Astrocamera overdag<\/a><\/li>\n\n\n\n<li><a href=\"https:\/\/irrecams.de\/nl\/extra-filters-voor-astrofotografie\/\" data-type=\"page\" data-id=\"14298\">Extra filters<\/a><\/li>\n<\/ul>\n<\/blockquote>\n<\/details>\n\n\n\n<p>Infraroodfotografie staat erom bekend bekende landschappen in een abstract, artistiek en nieuw licht te tonen. Bij astrofotografie of sterrenfotografie gaat het er echter meer om de objecten zo \"natuurlijk\" mogelijk af te beelden, precies zoals we ze zien. Dit is vooral belangrijk voor nachtlandschappen, waar ook een spannende voorgrond moet worden gefotografeerd. <\/p>\n\n\n\n<figure class=\"wp-block-image size-large\"><a href=\"https:\/\/irrecams.de\/wp-content\/uploads\/2021\/04\/DSCF0210-DSCF0268-VG_shrink_wasser.jpg\"><img loading=\"lazy\" decoding=\"async\" width=\"1024\" height=\"683\" src=\"https:\/\/irrecams.de\/wp-content\/uploads\/2021\/04\/DSCF0210-DSCF0268-VG_shrink_wasser-1024x683.jpg\" alt=\"\" class=\"wp-image-6776\" srcset=\"https:\/\/irrecams.de\/wp-content\/uploads\/2021\/04\/DSCF0210-DSCF0268-VG_shrink_wasser-1024x683.jpg 1024w, https:\/\/irrecams.de\/wp-content\/uploads\/2021\/04\/DSCF0210-DSCF0268-VG_shrink_wasser-600x400.jpg 600w, https:\/\/irrecams.de\/wp-content\/uploads\/2021\/04\/DSCF0210-DSCF0268-VG_shrink_wasser-300x200.jpg 300w, https:\/\/irrecams.de\/wp-content\/uploads\/2021\/04\/DSCF0210-DSCF0268-VG_shrink_wasser-768x512.jpg 768w, https:\/\/irrecams.de\/wp-content\/uploads\/2021\/04\/DSCF0210-DSCF0268-VG_shrink_wasser-1536x1024.jpg 1536w, https:\/\/irrecams.de\/wp-content\/uploads\/2021\/04\/DSCF0210-DSCF0268-VG_shrink_wasser-16x12.jpg 16w, https:\/\/irrecams.de\/wp-content\/uploads\/2021\/04\/DSCF0210-DSCF0268-VG_shrink_wasser-350x233.jpg 350w, https:\/\/irrecams.de\/wp-content\/uploads\/2021\/04\/DSCF0210-DSCF0268-VG_shrink_wasser.jpg 1920w\" sizes=\"auto, (max-width: 1024px) 100vw, 1024px\" \/><\/a><figcaption class=\"wp-element-caption\">Nachtfotografie met een astromodificeerde camera<\/figcaption><\/figure>\n\n\n\n<h2 class=\"wp-block-heading\">Voordelen van een astromodificeerde camera<\/h2>\n\n\n\n<p>Moderne digitale camera's hebben een uitstekende gevoeligheid in combinatie met een goed ruisgedrag en een hoog dynamisch bereik. Je kunt zelfs de sterrenhemel in acceptabele kwaliteit vastleggen met een smartphone. Dus wat valt er in hemelsnaam te verbeteren aan dit type fotografie? Om deze vragen te beantwoorden, moeten we het hebben over de delen van het spectrum die we met een normale camera niet meer kunnen zien.<\/p>\n\n\n\n<h2 class=\"wp-block-heading\">Wat is H-alfastraling?<\/h2>\n\n\n\n<p>Een lichtgevend voorwerp straalt licht uit. Dit kan een kaars, een LED-lamp of een ster zijn. Het licht is echter niet hetzelfde: afhankelijk van de lichtbron verschilt het in zijn spectrum - eenvoudig gezegd, in de verdeling van kleuren. Wat wij waarnemen als wit licht is eigenlijk een mengsel van alle spectrale kleuren. Hoe een spectrum eruit ziet, dat wil zeggen welke kleuren het bevat, hangt onder andere af van de samenstelling van de lichtbron op deeltjesniveau. Verreweg het meest voorkomende atoom in het heelal is waterstof (symbool H) en nu wordt het weer interessant.<\/p>\n\n\n\n<p>Wanneer waterstof wordt ge\u00ebxciteerd (bijvoorbeeld door warmte of straling), zendt het licht uit. Maar geen wit licht, maar zeer discrete golflengten (d.w.z. kleuren). De sterkste golflengte is de zogenaamde H-alfastraling - deze heeft een golflengte van precies 656,28 nanometer (nm). Deze golflengte komt overeen met een dieprode kleur in het spectrum dat wij kunnen zien. Hoewel we deze golflengte nog net met onze ogen kunnen zien, hebben de meeste digitale camera's hier helaas moeite mee.<\/p>\n\n\n\n<figure class=\"wp-block-image size-large\"><a href=\"https:\/\/irrecams.de\/wp-content\/uploads\/2021\/04\/astro_transmission_de.png\"><img loading=\"lazy\" decoding=\"async\" width=\"1024\" height=\"580\" src=\"https:\/\/irrecams.de\/wp-content\/uploads\/2021\/04\/astro_transmission_de-1024x580.png\" alt=\"Doorlaatcurve van een astrofilter - H-alfa kan ongehinderd passeren\" class=\"wp-image-6829\" srcset=\"https:\/\/irrecams.de\/wp-content\/uploads\/2021\/04\/astro_transmission_de-1024x580.png 1024w, https:\/\/irrecams.de\/wp-content\/uploads\/2021\/04\/astro_transmission_de-600x340.png 600w, https:\/\/irrecams.de\/wp-content\/uploads\/2021\/04\/astro_transmission_de-300x170.png 300w, https:\/\/irrecams.de\/wp-content\/uploads\/2021\/04\/astro_transmission_de-768x435.png 768w, https:\/\/irrecams.de\/wp-content\/uploads\/2021\/04\/astro_transmission_de-1536x870.png 1536w, https:\/\/irrecams.de\/wp-content\/uploads\/2021\/04\/astro_transmission_de-16x9.png 16w, https:\/\/irrecams.de\/wp-content\/uploads\/2021\/04\/astro_transmission_de-350x198.png 350w, https:\/\/irrecams.de\/wp-content\/uploads\/2021\/04\/astro_transmission_de.png 2000w\" sizes=\"auto, (max-width: 1024px) 100vw, 1024px\" \/><\/a><figcaption class=\"wp-element-caption\">Doorlaatcurve van een astrofilter - H-alfa kan ongehinderd passeren<\/figcaption><\/figure>\n\n\n\n<h2 class=\"wp-block-heading\">Astrofotografie met een normale camera<\/h2>\n\n\n\n<p>Afhankelijk van de fabrikant en het model is de H-alfa-gevoeligheid van een digitale camera slechts tussen de 10 en 30 %, meestal rond de 15 %. Hierdoor zijn deze spectrale bereiken praktisch onzichtbaar in de toch al zeer donkere nacht. Dit komt door het UV\/IR-blokkeringsfilter (ook wel hotmirror genoemd) dat fabrikanten direct voor de sensor plaatsen. Dit is nodig voor een goede kleurweergave overdag, maar is voor astrofotografen net zo'n doorn in het oog als voor astrofotografen. <a class=\"rank-math-link\" href=\"https:\/\/irrecams.de\/nl\/infraroodfotografie\/\">Infraroodfotografen<\/a>. Daarom wordt het blokkeerfilter tijdens de astromodificatie verwijderd en vervangen door een filter dat de H-alfastraling doorlaat.<\/p>\n\n\n\n<h2 class=\"wp-block-heading\">Camera met astromodificatie vs. normale camera<\/h2>\n\n\n\n<p>Hoewel het aandeel waterstof in het heelal erg groot is, is de verdeling niet uniform. Er zijn objecten aan de nachtelijke hemel die een zeer laag aandeel H-alfastraling uitzenden en er zijn objecten die bijna uitsluitend in dit bereik uitzenden (bijvoorbeeld sommige nevels). Een verhoogde H-alfa-gevoeligheid maakt deze gebieden in de eerste plaats zichtbaar in de beelden, wat resulteert in een veel interessanter en \"kleurrijker\" beeld. Wat echter niet significant wordt verbeterd door een conversie, is de basisgevoeligheid van de camera. Hoewel er theoretisch meer licht de sensor bereikt, is de werkelijke winst in helderheid minder dan 1\/3 EV.<\/p>\n\n\n\n<figure class=\"wp-block-image aligncenter size-large\"><a href=\"https:\/\/irrecams.de\/wp-content\/uploads\/2021\/04\/Normal_Astro.jpg\"><img loading=\"lazy\" decoding=\"async\" width=\"1024\" height=\"607\" src=\"https:\/\/irrecams.de\/wp-content\/uploads\/2021\/04\/Normal_Astro-1024x607.jpg\" alt=\"Normale camera vs. astromodified camera\" class=\"wp-image-6759\" srcset=\"https:\/\/irrecams.de\/wp-content\/uploads\/2021\/04\/Normal_Astro-1024x607.jpg 1024w, https:\/\/irrecams.de\/wp-content\/uploads\/2021\/04\/Normal_Astro-600x356.jpg 600w, https:\/\/irrecams.de\/wp-content\/uploads\/2021\/04\/Normal_Astro-300x178.jpg 300w, https:\/\/irrecams.de\/wp-content\/uploads\/2021\/04\/Normal_Astro-768x455.jpg 768w, https:\/\/irrecams.de\/wp-content\/uploads\/2021\/04\/Normal_Astro-1536x910.jpg 1536w, https:\/\/irrecams.de\/wp-content\/uploads\/2021\/04\/Normal_Astro-16x9.jpg 16w, https:\/\/irrecams.de\/wp-content\/uploads\/2021\/04\/Normal_Astro-350x207.jpg 350w, https:\/\/irrecams.de\/wp-content\/uploads\/2021\/04\/Normal_Astro.jpg 1920w\" sizes=\"auto, (max-width: 1024px) 100vw, 1024px\" \/><\/a><figcaption class=\"wp-element-caption\">Links: Normale camera | Rechts: Astromodified camera<\/figcaption><\/figure>\n\n\n\n<figure class=\"wp-block-gallery has-nested-images columns-default is-cropped wp-block-gallery-1 is-layout-flex wp-block-gallery-is-layout-flex\">\n<figure class=\"wp-block-image size-large\"><a href=\"https:\/\/irrecams.de\/wp-content\/uploads\/2022\/02\/Orion_Stock_siril.jpg\"><img loading=\"lazy\" decoding=\"async\" width=\"1024\" height=\"1024\" data-id=\"7761\" src=\"https:\/\/irrecams.de\/wp-content\/uploads\/2022\/02\/Orion_Stock_siril-1024x1024.jpg\" alt=\"Orionnevel met ongewijzigde camera\" class=\"wp-image-7761\" srcset=\"https:\/\/irrecams.de\/wp-content\/uploads\/2022\/02\/Orion_Stock_siril-1024x1024.jpg 1024w, https:\/\/irrecams.de\/wp-content\/uploads\/2022\/02\/Orion_Stock_siril-450x450.jpg 450w, https:\/\/irrecams.de\/wp-content\/uploads\/2022\/02\/Orion_Stock_siril-100x100.jpg 100w, https:\/\/irrecams.de\/wp-content\/uploads\/2022\/02\/Orion_Stock_siril-600x600.jpg 600w, https:\/\/irrecams.de\/wp-content\/uploads\/2022\/02\/Orion_Stock_siril-300x300.jpg 300w, https:\/\/irrecams.de\/wp-content\/uploads\/2022\/02\/Orion_Stock_siril-150x150.jpg 150w, https:\/\/irrecams.de\/wp-content\/uploads\/2022\/02\/Orion_Stock_siril-768x768.jpg 768w, https:\/\/irrecams.de\/wp-content\/uploads\/2022\/02\/Orion_Stock_siril-1536x1536.jpg 1536w, https:\/\/irrecams.de\/wp-content\/uploads\/2022\/02\/Orion_Stock_siril-12x12.jpg 12w, https:\/\/irrecams.de\/wp-content\/uploads\/2022\/02\/Orion_Stock_siril-250x250.jpg 250w, https:\/\/irrecams.de\/wp-content\/uploads\/2022\/02\/Orion_Stock_siril-350x350.jpg 350w, https:\/\/irrecams.de\/wp-content\/uploads\/2022\/02\/Orion_Stock_siril.jpg 1920w\" sizes=\"auto, (max-width: 1024px) 100vw, 1024px\" \/><\/a><figcaption class=\"wp-element-caption\">Ongewijzigde camera<\/figcaption><\/figure>\n\n\n\n<figure class=\"wp-block-image size-large\"><a href=\"https:\/\/irrecams.de\/wp-content\/uploads\/2022\/02\/Orion_Astro_siril.jpg\"><img loading=\"lazy\" decoding=\"async\" width=\"1024\" height=\"1024\" data-id=\"7760\" src=\"https:\/\/irrecams.de\/wp-content\/uploads\/2022\/02\/Orion_Astro_siril-1024x1024.jpg\" alt=\"Orionnevel met aangepaste camera: Astronomik L2 filter\" class=\"wp-image-7760\" srcset=\"https:\/\/irrecams.de\/wp-content\/uploads\/2022\/02\/Orion_Astro_siril-1024x1024.jpg 1024w, https:\/\/irrecams.de\/wp-content\/uploads\/2022\/02\/Orion_Astro_siril-450x450.jpg 450w, https:\/\/irrecams.de\/wp-content\/uploads\/2022\/02\/Orion_Astro_siril-100x100.jpg 100w, https:\/\/irrecams.de\/wp-content\/uploads\/2022\/02\/Orion_Astro_siril-600x600.jpg 600w, https:\/\/irrecams.de\/wp-content\/uploads\/2022\/02\/Orion_Astro_siril-300x300.jpg 300w, https:\/\/irrecams.de\/wp-content\/uploads\/2022\/02\/Orion_Astro_siril-150x150.jpg 150w, https:\/\/irrecams.de\/wp-content\/uploads\/2022\/02\/Orion_Astro_siril-768x768.jpg 768w, https:\/\/irrecams.de\/wp-content\/uploads\/2022\/02\/Orion_Astro_siril-1536x1536.jpg 1536w, https:\/\/irrecams.de\/wp-content\/uploads\/2022\/02\/Orion_Astro_siril-12x12.jpg 12w, https:\/\/irrecams.de\/wp-content\/uploads\/2022\/02\/Orion_Astro_siril-250x250.jpg 250w, https:\/\/irrecams.de\/wp-content\/uploads\/2022\/02\/Orion_Astro_siril-350x350.jpg 350w, https:\/\/irrecams.de\/wp-content\/uploads\/2022\/02\/Orion_Astro_siril.jpg 1920w\" sizes=\"auto, (max-width: 1024px) 100vw, 1024px\" \/><\/a><figcaption class=\"wp-element-caption\">Cameraconversie met astrofilter<\/figcaption><\/figure>\n\n\n\n<figure class=\"wp-block-image size-large\"><a href=\"https:\/\/irrecams.de\/wp-content\/uploads\/2022\/02\/Orion_VS_siril.jpg\"><img loading=\"lazy\" decoding=\"async\" width=\"1024\" height=\"1024\" data-id=\"7762\" src=\"https:\/\/irrecams.de\/wp-content\/uploads\/2022\/02\/Orion_VS_siril-1024x1024.jpg\" alt=\"Orionnevel met aangepaste camera: volspectrumfilter\" class=\"wp-image-7762\" srcset=\"https:\/\/irrecams.de\/wp-content\/uploads\/2022\/02\/Orion_VS_siril-1024x1024.jpg 1024w, https:\/\/irrecams.de\/wp-content\/uploads\/2022\/02\/Orion_VS_siril-450x450.jpg 450w, https:\/\/irrecams.de\/wp-content\/uploads\/2022\/02\/Orion_VS_siril-100x100.jpg 100w, https:\/\/irrecams.de\/wp-content\/uploads\/2022\/02\/Orion_VS_siril-600x600.jpg 600w, https:\/\/irrecams.de\/wp-content\/uploads\/2022\/02\/Orion_VS_siril-300x300.jpg 300w, https:\/\/irrecams.de\/wp-content\/uploads\/2022\/02\/Orion_VS_siril-150x150.jpg 150w, https:\/\/irrecams.de\/wp-content\/uploads\/2022\/02\/Orion_VS_siril-768x768.jpg 768w, https:\/\/irrecams.de\/wp-content\/uploads\/2022\/02\/Orion_VS_siril-1536x1536.jpg 1536w, https:\/\/irrecams.de\/wp-content\/uploads\/2022\/02\/Orion_VS_siril-12x12.jpg 12w, https:\/\/irrecams.de\/wp-content\/uploads\/2022\/02\/Orion_VS_siril-250x250.jpg 250w, https:\/\/irrecams.de\/wp-content\/uploads\/2022\/02\/Orion_VS_siril-350x350.jpg 350w, https:\/\/irrecams.de\/wp-content\/uploads\/2022\/02\/Orion_VS_siril.jpg 1920w\" sizes=\"auto, (max-width: 1024px) 100vw, 1024px\" \/><\/a><figcaption class=\"wp-element-caption\">Camera-installatie met volspectrumfilter<\/figcaption><\/figure>\n<figcaption class=\"blocks-gallery-caption wp-element-caption\">De Orionnevel, gefotografeerd met verschillende camera's<\/figcaption><\/figure>\n\n\n\n<p><\/p>\n\n\n\n<h2 class=\"wp-block-heading\">Welke camera is het meest geschikt voor een astroconversie?<\/h2>\n\n\n\n<p>Net als bij een infraroodconversie geldt voor een astroconversie: de sensoren van alle fabrikanten zijn vrijwel identiek wat betreft hun gevoeligheid in het H-alfa-spectrumbereik. Veel interessanter en belangrijker is het ruisgedrag en het dynamisch bereik van de sensor - we fotograferen immers in zeer donkere lichtomstandigheden met hoge ISO-waarden. Dit is geen grote uitdaging voor alle camera's die sinds halverwege de jaren 2010 op de markt zijn gekomen. Helaas hebben zelfs oudere camera's moeite met deze discipline. Kortom: elke redelijk moderne camera is geschikt voor een astroconversie.<\/p>\n\n\n\n<p>Er is echter \u00e9\u00e9n technische beperking, waardoor niet alle camera's van de <a class=\"rank-math-link\" href=\"https:\/\/irrecams.de\/nl\/infrarood-conversie-service\/camera-en-prijslijst\/\">Prijslijst<\/a> ook in de <a class=\"rank-math-link\" href=\"https:\/\/irrecams.de\/nl\/product-categorie\/astro-camera-ombouwservice\/\">Winkelen voor de Astro-conversie<\/a> beschikbaar zijn. Sommige camera's hebben een interne infrarood-LED, die vaak deel uitmaakt van het sluitermechanisme. Het strooilicht van deze LED's verstoort het beeld tijdens een nachtopname en maakt het in het ergste geval onbruikbaar. Dit probleem doet zich bijvoorbeeld voor bij alle Sony Alpha 7 camera's van de 2e generatie en daarom kunnen deze niet worden geselecteerd voor een astroconversie.<\/p>\n\n\n\n<hr class=\"wp-block-separator has-alpha-channel-opacity is-style-default\"\/>\n\n\n\n<div class=\"wp-block-buttons is-horizontal is-content-justification-center is-layout-flex wp-container-core-buttons-is-layout-03627597 wp-block-buttons-is-layout-flex\">\n<div class=\"wp-block-button\"><a class=\"wp-block-button__link wp-element-button\" href=\"https:\/\/irrecams.de\/nl\/welke-filters-zijn-geschikt-voor-een-h-alpha-astro-conversie\/\" style=\"border-radius:5px\">Welk astrofilter<\/a><\/div>\n\n\n\n<div class=\"wp-block-button\"><a class=\"wp-block-button__link wp-element-button\" href=\"https:\/\/irrecams.de\/nl\/hoe-een-astrocamera-kan-worden-gebruikt-voor-normale-fotografie-overdag\/\" style=\"border-radius:5px\">Astrocamera overdag<\/a><\/div>\n\n\n\n<div class=\"wp-block-button\"><a class=\"wp-block-button__link wp-element-button\" href=\"https:\/\/irrecams.de\/nl\/extra-filters-voor-astrofotografie\/\" style=\"border-radius:5px\">Extra filters<\/a><\/div>\n\n\n\n<div class=\"wp-block-button\"><a class=\"wp-block-button__link wp-element-button\" href=\"https:\/\/irrecams.de\/nl\/product-categorie\/astro-camera-ombouwservice\/\" style=\"border-radius:5px\">Astro conversie bestellen<\/a><\/div>\n\n\n\n<div class=\"wp-block-button\"><a class=\"wp-block-button__link wp-element-button\" href=\"https:\/\/irrecams.de\/nl\/infrarood-galerij\/genomen-met-astrofilter\/\" style=\"border-radius:5px\">Meer astrofoto's<\/a><\/div>\n\n\n\n<div class=\"wp-block-button\"><a class=\"wp-block-button__link wp-element-button\" href=\"https:\/\/irrecams.de\/nl\/infraroodfotografie\/\" style=\"border-radius:5px\">Meer over infraroodfotografie<\/a><\/div>\n<\/div>\n\n\n\n<hr class=\"wp-block-separator has-alpha-channel-opacity\"\/>\n\n\n\n<figure class=\"wp-block-image aligncenter size-large\"><a href=\"https:\/\/irrecams.de\/wp-content\/uploads\/2021\/04\/IR205664_Pano.jpg\"><img loading=\"lazy\" decoding=\"async\" width=\"1024\" height=\"512\" src=\"https:\/\/irrecams.de\/wp-content\/uploads\/2021\/04\/IR205664_Pano-1024x512.jpg\" alt=\"Panorama van de Melkweg - genomen met astrofilter\" class=\"wp-image-6833\" srcset=\"https:\/\/irrecams.de\/wp-content\/uploads\/2021\/04\/IR205664_Pano-1024x512.jpg 1024w, https:\/\/irrecams.de\/wp-content\/uploads\/2021\/04\/IR205664_Pano-600x300.jpg 600w, https:\/\/irrecams.de\/wp-content\/uploads\/2021\/04\/IR205664_Pano-300x150.jpg 300w, https:\/\/irrecams.de\/wp-content\/uploads\/2021\/04\/IR205664_Pano-768x384.jpg 768w, https:\/\/irrecams.de\/wp-content\/uploads\/2021\/04\/IR205664_Pano-1536x768.jpg 1536w, https:\/\/irrecams.de\/wp-content\/uploads\/2021\/04\/IR205664_Pano-16x8.jpg 16w, https:\/\/irrecams.de\/wp-content\/uploads\/2021\/04\/IR205664_Pano-350x175.jpg 350w, https:\/\/irrecams.de\/wp-content\/uploads\/2021\/04\/IR205664_Pano.jpg 2000w\" sizes=\"auto, (max-width: 1024px) 100vw, 1024px\" \/><\/a><figcaption class=\"wp-element-caption\">Panorama van de Melkweg - genomen met astrofilter<\/figcaption><\/figure>\n\n\n\n<p><\/p>","protected":false},"excerpt":{"rendered":"<p>Die Infrarot Fotografie zeigt bekanntlich vertraute Landschaften in einem abstrakten, k\u00fcnstlerischen und neuen Licht. Bei der Astro- oder Sternfotografie geht es aber eher darum, die Objekte m\u00f6glichst &#8220;nat\u00fcrlich&#8221; abzubilden, so wie wir sie auch sehen. Das ist vor allem f\u00fcr Nachtlandschaften wichtig, bei denen auch noch ein spannender Vordergrund zu fotografieren ist. Vorteile einer Astromodifizierten [&hellip;]<\/p>\n","protected":false},"author":1,"featured_media":0,"parent":0,"menu_order":20,"comment_status":"closed","ping_status":"closed","template":"","meta":{"footnotes":""},"class_list":["post-6729","page","type-page","status-publish","hentry"],"_links":{"self":[{"href":"https:\/\/irrecams.de\/nl\/wp-json\/wp\/v2\/pages\/6729","targetHints":{"allow":["GET"]}}],"collection":[{"href":"https:\/\/irrecams.de\/nl\/wp-json\/wp\/v2\/pages"}],"about":[{"href":"https:\/\/irrecams.de\/nl\/wp-json\/wp\/v2\/types\/page"}],"author":[{"embeddable":true,"href":"https:\/\/irrecams.de\/nl\/wp-json\/wp\/v2\/users\/1"}],"replies":[{"embeddable":true,"href":"https:\/\/irrecams.de\/nl\/wp-json\/wp\/v2\/comments?post=6729"}],"version-history":[{"count":10,"href":"https:\/\/irrecams.de\/nl\/wp-json\/wp\/v2\/pages\/6729\/revisions"}],"predecessor-version":[{"id":14354,"href":"https:\/\/irrecams.de\/nl\/wp-json\/wp\/v2\/pages\/6729\/revisions\/14354"}],"wp:attachment":[{"href":"https:\/\/irrecams.de\/nl\/wp-json\/wp\/v2\/media?parent=6729"}],"curies":[{"name":"wp","href":"https:\/\/api.w.org\/{rel}","templated":true}]}}