{"id":6992,"date":"2021-05-01T16:38:31","date_gmt":"2021-05-01T14:38:31","guid":{"rendered":"https:\/\/irrecams.de\/?page_id=6992"},"modified":"2023-04-17T15:10:25","modified_gmt":"2023-04-17T13:10:25","slug":"genomen-met-astrofilter","status":"publish","type":"page","link":"https:\/\/irrecams.de\/nl\/infrarood-galerij\/genomen-met-astrofilter\/","title":{"rendered":"Genomen met astrofilter"},"content":{"rendered":"<div class='photonic-wp-stream photonic-stream ' id='photonic-wp-stream-1'>\n\n\t<div id='photonic-wp-stream-1-container' class='title-display-hover-slideup-show photonic-level-1-container sizes-present photonic-masonry-layout photonic-thumbnail-effect-none' data-photonic-platform=\"wp\" data-photonic-gallery-columns=\"auto\" data-photonic-query=\"order=ASC&amp;orderby=post__in&amp;id=6992&amp;itemtag=figure&amp;icontag=div&amp;captiontag=figcaption&amp;size=thumbnail&amp;include=16614,16202,15358,14305,14304,13816,12339,11606,11273,10888,9430,9210,8494,7969,7762,7760,7451,7016,7015,6833&amp;exclude=&amp;link=&amp;offset=0&amp;layout=masonry&amp;custom_classes=&amp;alignment=&amp;caption=desc&amp;page=1&amp;count=-1&amp;thumb_size=thumbnail&amp;slide_size=large&amp;type=default&amp;style=masonry&amp;display=local&amp;ids=16614,16202,15358,14305,14304,13816,12339,11606,11273,10888,9430,9210,8494,7969,7762,7760,7451,7016,7015,6833&amp;main_size=full&amp;tile_size=large&amp;columns=auto\">\n\t\t<figure class='photonic-level-1 photonic-thumb'>\n\t\t\t<a href='https:\/\/irrecams.de\/wp-content\/uploads\/2026\/02\/260111_Kreidebruch-Klein-Stubben_Orion.jpg' title='Orion auf Eis - Astrofilter' rel='lightbox-photonic-wp-stream-1' class='photonic-lb photonic-lightgallery lightgallery' data-photonic-media-type=\"image\" data-sub-html=\"Orion auf Eis - Astrofilter\" data-photonic-thumb=\"https:\/\/irrecams.de\/wp-content\/uploads\/2026\/02\/260111_Kreidebruch-Klein-Stubben_Orion-819x1024.jpg\" data-photonic-deep=\"gallery[photonic-wp-stream-1]\/16614\/\" data-title=\"Orion auf Eis - Astrofilter\">\n\t\t\t\t<img alt='Orion auf Eis - Astrofilter' class='masonry' data-src='https:\/\/irrecams.de\/wp-content\/uploads\/2026\/02\/260111_Kreidebruch-Klein-Stubben_Orion-819x1024.jpg' loading='lazy' width='819' height='1024' \/>\n\t\t\t\t<figcaption class=\"photonic-title-info\"><div class=\"photonic-photo-title photonic-title\">Orion auf Eis - Astrofilter<\/div><\/figcaption>\n\t\t\t<\/a>\n\t\t<\/figure>\n\t\t<figure class='photonic-level-1 photonic-thumb'>\n\t\t\t<a href='https:\/\/irrecams.de\/wp-content\/uploads\/2025\/12\/251019_C_2025_A6_Lemmon.jpg' title='Komet C\/2025 A6 (Lemmon)' rel='lightbox-photonic-wp-stream-1' class='photonic-lb photonic-lightgallery lightgallery' data-photonic-media-type=\"image\" data-sub-html=\"Komet C\/2025 A6 (Lemmon)\" data-photonic-thumb=\"https:\/\/irrecams.de\/wp-content\/uploads\/2025\/12\/251019_C_2025_A6_Lemmon-1024x1024.jpg\" data-photonic-deep=\"gallery[photonic-wp-stream-1]\/16202\/\" data-title=\"Komet C\/2025 A6 (Lemmon)\">\n\t\t\t\t<img alt='Komet C\/2025 A6 (Lemmon)' class='masonry' data-src='https:\/\/irrecams.de\/wp-content\/uploads\/2025\/12\/251019_C_2025_A6_Lemmon-1024x1024.jpg' loading='lazy' width='1024' height='1024' \/>\n\t\t\t\t<figcaption class=\"photonic-title-info\"><div class=\"photonic-photo-title photonic-title\">Komet C\/2025 A6 (Lemmon)<\/div><\/figcaption>\n\t\t\t<\/a>\n\t\t<\/figure>\n\t\t<figure class='photonic-level-1 photonic-thumb'>\n\t\t\t<a href='https:\/\/irrecams.de\/wp-content\/uploads\/2025\/08\/XT4A0810.jpg' title='Milchstra\u00dfe \u00fcber der D\u00fcne (Astrofilter)' rel='lightbox-photonic-wp-stream-1' class='photonic-lb photonic-lightgallery lightgallery' data-photonic-media-type=\"image\" data-sub-html=\"Milchstra\u00dfe \u00fcber der D\u00fcne (Astrofilter)\" data-photonic-thumb=\"https:\/\/irrecams.de\/wp-content\/uploads\/2025\/08\/XT4A0810-1024x819.jpg\" data-photonic-deep=\"gallery[photonic-wp-stream-1]\/15358\/\" data-title=\"Milchstra\u00dfe \u00fcber der D\u00fcne (Astrofilter)\">\n\t\t\t\t<img alt='Milchstra\u00dfe \u00fcber der D\u00fcne (Astrofilter)' class='masonry' data-src='https:\/\/irrecams.de\/wp-content\/uploads\/2025\/08\/XT4A0810-1024x819.jpg' loading='lazy' width='1024' height='819' \/>\n\t\t\t\t<figcaption class=\"photonic-title-info\"><div class=\"photonic-photo-title photonic-title\">Milchstra\u00dfe \u00fcber der D\u00fcne (Astrofilter)<\/div><\/figcaption>\n\t\t\t<\/a>\n\t\t<\/figure>\n\t\t<figure class='photonic-level-1 photonic-thumb'>\n\t\t\t<a href='https:\/\/irrecams.de\/wp-content\/uploads\/2025\/03\/XT4A8875_stack.jpg' title='Nachtlandschaft mit astromodifizierter Kamera' rel='lightbox-photonic-wp-stream-1' class='photonic-lb photonic-lightgallery lightgallery' data-photonic-media-type=\"image\" data-sub-html=\"Nachtlandschaft mit astromodifizierter Kamera\" data-photonic-thumb=\"https:\/\/irrecams.de\/wp-content\/uploads\/2025\/03\/XT4A8875_stack-683x1024.jpg\" data-photonic-deep=\"gallery[photonic-wp-stream-1]\/14305\/\" data-title=\"Nachtlandschaft mit astromodifizierter Kamera\">\n\t\t\t\t<img alt='Nachtlandschaft mit astromodifizierter Kamera' class='masonry' data-src='https:\/\/irrecams.de\/wp-content\/uploads\/2025\/03\/XT4A8875_stack-683x1024.jpg' loading='lazy' width='683' height='1024' \/>\n\t\t\t\t<figcaption class=\"photonic-title-info\"><div class=\"photonic-photo-title photonic-title\">Nachtlandschaft mit astromodifizierter Kamera<\/div><\/figcaption>\n\t\t\t<\/a>\n\t\t<\/figure>\n\t\t<figure class='photonic-level-1 photonic-thumb'>\n\t\t\t<a href='https:\/\/irrecams.de\/wp-content\/uploads\/2025\/03\/XT4A8867_stack.jpg' title='Milchstra\u00dfe \u00fcber der Wiese (Astrofilter)' rel='lightbox-photonic-wp-stream-1' class='photonic-lb photonic-lightgallery lightgallery' data-photonic-media-type=\"image\" data-sub-html=\"Milchstra\u00dfe \u00fcber der Wiese (Astrofilter)\" data-photonic-thumb=\"https:\/\/irrecams.de\/wp-content\/uploads\/2025\/03\/XT4A8867_stack-683x1024.jpg\" data-photonic-deep=\"gallery[photonic-wp-stream-1]\/14304\/\" data-title=\"Milchstra\u00dfe \u00fcber der Wiese (Astrofilter)\">\n\t\t\t\t<img alt='Milchstra\u00dfe \u00fcber der Wiese (Astrofilter)' class='masonry' data-src='https:\/\/irrecams.de\/wp-content\/uploads\/2025\/03\/XT4A8867_stack-683x1024.jpg' loading='lazy' width='683' height='1024' \/>\n\t\t\t\t<figcaption class=\"photonic-title-info\"><div class=\"photonic-photo-title photonic-title\">Milchstra\u00dfe \u00fcber der Wiese (Astrofilter)<\/div><\/figcaption>\n\t\t\t<\/a>\n\t\t<\/figure>\n\t\t<figure class='photonic-level-1 photonic-thumb'>\n\t\t\t<a href='https:\/\/irrecams.de\/wp-content\/uploads\/2024\/11\/T3_Optolong_ashin_star_3.jpg' title='Barnard&#039;s Loop mit Astrokamera' rel='lightbox-photonic-wp-stream-1' class='photonic-lb photonic-lightgallery lightgallery' data-photonic-media-type=\"image\" data-sub-html=\"Barnard&#039;s Loop mit Astrokamera\" data-photonic-thumb=\"https:\/\/irrecams.de\/wp-content\/uploads\/2024\/11\/T3_Optolong_ashin_star_3-1024x685.jpg\" data-photonic-deep=\"gallery[photonic-wp-stream-1]\/13816\/\" data-title=\"Barnard&#039;s Loop mit Astrokamera\">\n\t\t\t\t<img alt='Barnard&#039;s Loop mit Astrokamera' class='masonry' data-src='https:\/\/irrecams.de\/wp-content\/uploads\/2024\/11\/T3_Optolong_ashin_star_3-1024x685.jpg' loading='lazy' width='1024' height='685' \/>\n\t\t\t\t<figcaption class=\"photonic-title-info\"><div class=\"photonic-photo-title photonic-title\">Barnard's Loop mit Astrokamera<\/div><\/figcaption>\n\t\t\t<\/a>\n\t\t<\/figure>\n\t\t<figure class='photonic-level-1 photonic-thumb'>\n\t\t\t<a href='https:\/\/irrecams.de\/wp-content\/uploads\/2024\/08\/Feuerstein_Milchstrasse_Stack.jpg' title='Milchstra\u00dfe \u00fcber Heidelandschaft - Astrofilter' rel='lightbox-photonic-wp-stream-1' class='photonic-lb photonic-lightgallery lightgallery' data-photonic-media-type=\"image\" data-sub-html=\"Milchstra\u00dfe \u00fcber Heidelandschaft - Astrofilter\" data-photonic-thumb=\"https:\/\/irrecams.de\/wp-content\/uploads\/2024\/08\/Feuerstein_Milchstrasse_Stack-684x1024.jpg\" data-photonic-deep=\"gallery[photonic-wp-stream-1]\/12339\/\" data-title=\"Milchstra\u00dfe \u00fcber Heidelandschaft - Astrofilter\">\n\t\t\t\t<img alt='Milchstra\u00dfe \u00fcber Heidelandschaft - Astrofilter' class='masonry' data-src='https:\/\/irrecams.de\/wp-content\/uploads\/2024\/08\/Feuerstein_Milchstrasse_Stack-684x1024.jpg' loading='lazy' width='684' height='1024' \/>\n\t\t\t\t<figcaption class=\"photonic-title-info\"><div class=\"photonic-photo-title photonic-title\">Milchstra\u00dfe \u00fcber Heidelandschaft - Astrofilter<\/div><\/figcaption>\n\t\t\t<\/a>\n\t\t<\/figure>\n\t\t<figure class='photonic-level-1 photonic-thumb'>\n\t\t\t<a href='https:\/\/irrecams.de\/wp-content\/uploads\/2024\/03\/Vilm_MS_stacked.jpg' title='Milchstra\u00dfe \u00fcber der Insel Vilm (Optolong Astrofilter)' rel='lightbox-photonic-wp-stream-1' class='photonic-lb photonic-lightgallery lightgallery' data-photonic-media-type=\"image\" data-sub-html=\"Milchstra\u00dfe \u00fcber der Insel Vilm (Optolong Astrofilter)\" data-photonic-thumb=\"https:\/\/irrecams.de\/wp-content\/uploads\/2024\/03\/Vilm_MS_stacked-1024x683.jpg\" data-photonic-deep=\"gallery[photonic-wp-stream-1]\/11606\/\" data-title=\"Milchstra\u00dfe \u00fcber der Insel Vilm (Optolong Astrofilter)\">\n\t\t\t\t<img alt='Milchstra\u00dfe \u00fcber der Insel Vilm (Optolong Astrofilter)' class='masonry' data-src='https:\/\/irrecams.de\/wp-content\/uploads\/2024\/03\/Vilm_MS_stacked-1024x683.jpg' loading='lazy' width='1024' height='683' \/>\n\t\t\t\t<figcaption class=\"photonic-title-info\"><div class=\"photonic-photo-title photonic-title\">Milchstra\u00dfe \u00fcber der Insel Vilm (Optolong Astrofilter)<\/div><\/figcaption>\n\t\t\t<\/a>\n\t\t<\/figure>\n\t\t<figure class='photonic-level-1 photonic-thumb'>\n\t\t\t<a href='https:\/\/irrecams.de\/wp-content\/uploads\/2024\/01\/0228_Horsehead_X-T3_starnet.jpg' title='Pferdekopf Nebel im G\u00fcrtel des Orion - aufgenommen mit Astrofilter' rel='lightbox-photonic-wp-stream-1' class='photonic-lb photonic-lightgallery lightgallery' data-photonic-media-type=\"image\" data-sub-html=\"Pferdekopf Nebel im G\u00fcrtel des Orion - aufgenommen mit Astrofilter\" data-photonic-thumb=\"https:\/\/irrecams.de\/wp-content\/uploads\/2024\/01\/0228_Horsehead_X-T3_starnet-1024x694.jpg\" data-photonic-deep=\"gallery[photonic-wp-stream-1]\/11273\/\" data-title=\"Pferdekopf Nebel im G\u00fcrtel des Orion - aufgenommen mit Astrofilter\">\n\t\t\t\t<img alt='Pferdekopf Nebel im G\u00fcrtel des Orion - aufgenommen mit Astrofilter' class='masonry' data-src='https:\/\/irrecams.de\/wp-content\/uploads\/2024\/01\/0228_Horsehead_X-T3_starnet-1024x694.jpg' loading='lazy' width='1024' height='694' \/>\n\t\t\t\t<figcaption class=\"photonic-title-info\"><div class=\"photonic-photo-title photonic-title\">Pferdekopf Nebel im G\u00fcrtel des Orion - aufgenommen mit Astrofilter<\/div><\/figcaption>\n\t\t\t<\/a>\n\t\t<\/figure>\n\t\t<figure class='photonic-level-1 photonic-thumb'>\n\t\t\t<a href='https:\/\/irrecams.de\/wp-content\/uploads\/2023\/08\/Putbus_Milchstr.jpg' title='Reflektionen Milchstra\u00dfe' rel='lightbox-photonic-wp-stream-1' class='photonic-lb photonic-lightgallery lightgallery' data-photonic-media-type=\"image\" data-sub-html=\"Reflektionen Milchstra\u00dfe\" data-photonic-thumb=\"https:\/\/irrecams.de\/wp-content\/uploads\/2023\/08\/Putbus_Milchstr-640x1024.jpg\" data-photonic-deep=\"gallery[photonic-wp-stream-1]\/10888\/\" data-title=\"Reflektionen Milchstra\u00dfe\">\n\t\t\t\t<img alt='Reflektionen Milchstra\u00dfe' class='masonry' data-src='https:\/\/irrecams.de\/wp-content\/uploads\/2023\/08\/Putbus_Milchstr-640x1024.jpg' loading='lazy' width='640' height='1024' \/>\n\t\t\t\t<figcaption class=\"photonic-title-info\"><div class=\"photonic-photo-title photonic-title\">Reflektionen Milchstra\u00dfe<\/div><\/figcaption>\n\t\t\t<\/a>\n\t\t<\/figure>\n\t\t<figure class='photonic-level-1 photonic-thumb'>\n\t\t\t<a href='https:\/\/irrecams.de\/wp-content\/uploads\/2023\/03\/DSCF5616_stars.jpg' title='Milchstra\u00dfe Klein Zicker - Astro Kamera' rel='lightbox-photonic-wp-stream-1' class='photonic-lb photonic-lightgallery lightgallery' data-photonic-media-type=\"image\" data-sub-html=\"Milchstra\u00dfe Klein Zicker - Astro Kamera\" data-photonic-thumb=\"https:\/\/irrecams.de\/wp-content\/uploads\/2023\/03\/DSCF5616_stars-819x1024.jpg\" data-photonic-deep=\"gallery[photonic-wp-stream-1]\/9430\/\" data-title=\"Milchstra\u00dfe Klein Zicker - Astro Kamera\">\n\t\t\t\t<img alt='Milchstra\u00dfe Klein Zicker - Astro Kamera' class='masonry' data-src='https:\/\/irrecams.de\/wp-content\/uploads\/2023\/03\/DSCF5616_stars-819x1024.jpg' loading='lazy' width='819' height='1024' \/>\n\t\t\t\t<figcaption class=\"photonic-title-info\"><div class=\"photonic-photo-title photonic-title\">Milchstra\u00dfe Klein Zicker - Astro Kamera<\/div><\/figcaption>\n\t\t\t<\/a>\n\t\t<\/figure>\n\t\t<figure class='photonic-level-1 photonic-thumb'>\n\t\t\t<a href='https:\/\/irrecams.de\/wp-content\/uploads\/2023\/01\/Kaliforniennebel_Siril_20221214.jpg' title='Kaliforniennebel (Astroumbau)' rel='lightbox-photonic-wp-stream-1' class='photonic-lb photonic-lightgallery lightgallery' data-photonic-media-type=\"image\" data-sub-html=\"Kaliforniennebel (Astroumbau)\" data-photonic-thumb=\"https:\/\/irrecams.de\/wp-content\/uploads\/2023\/01\/Kaliforniennebel_Siril_20221214-1024x683.jpg\" data-photonic-deep=\"gallery[photonic-wp-stream-1]\/9210\/\" data-title=\"Kaliforniennebel (Astroumbau)\">\n\t\t\t\t<img alt='Kaliforniennebel (Astroumbau)' class='masonry' data-src='https:\/\/irrecams.de\/wp-content\/uploads\/2023\/01\/Kaliforniennebel_Siril_20221214-1024x683.jpg' loading='lazy' width='1024' height='683' \/>\n\t\t\t\t<figcaption class=\"photonic-title-info\"><div class=\"photonic-photo-title photonic-title\">Kaliforniennebel (Astroumbau)<\/div><\/figcaption>\n\t\t\t<\/a>\n\t\t<\/figure>\n\t\t<figure class='photonic-level-1 photonic-thumb'>\n\t\t\t<a href='https:\/\/irrecams.de\/wp-content\/uploads\/2022\/08\/DSCF4847-DSCF5006_shrink.jpg' title='Milchstra\u00dfe am Bodden - aufgenommen mit Astrofilter' rel='lightbox-photonic-wp-stream-1' class='photonic-lb photonic-lightgallery lightgallery' data-photonic-media-type=\"image\" data-sub-html=\"Milchstra\u00dfe am Bodden - aufgenommen mit Astrofilter\" data-photonic-thumb=\"https:\/\/irrecams.de\/wp-content\/uploads\/2022\/08\/DSCF4847-DSCF5006_shrink-1024x683.jpg\" data-photonic-deep=\"gallery[photonic-wp-stream-1]\/8494\/\" data-title=\"Milchstra\u00dfe am Bodden - aufgenommen mit Astrofilter\">\n\t\t\t\t<img alt='Milchstra\u00dfe am Bodden' class='masonry' data-src='https:\/\/irrecams.de\/wp-content\/uploads\/2022\/08\/DSCF4847-DSCF5006_shrink-1024x683.jpg' loading='lazy' width='1024' height='683' \/>\n\t\t\t\t<figcaption class=\"photonic-title-info\"><div class=\"photonic-photo-title photonic-title\">Milchstra\u00dfe am Bodden - aufgenommen mit Astrofilter<\/div><\/figcaption>\n\t\t\t<\/a>\n\t\t<\/figure>\n\t\t<figure class='photonic-level-1 photonic-thumb'>\n\t\t\t<a href='https:\/\/irrecams.de\/wp-content\/uploads\/2022\/04\/DSCF3515_Stacked.jpg' title='Milchstra\u00dfe mit Astro Kamera im Fr\u00fchjahr' rel='lightbox-photonic-wp-stream-1' class='photonic-lb photonic-lightgallery lightgallery' data-photonic-media-type=\"image\" data-sub-html=\"Milchstra\u00dfe mit Astro Kamera im Fr\u00fchjahr\" data-photonic-thumb=\"https:\/\/irrecams.de\/wp-content\/uploads\/2022\/04\/DSCF3515_Stacked-1024x432.jpg\" data-photonic-deep=\"gallery[photonic-wp-stream-1]\/7969\/\" data-title=\"Milchstra\u00dfe mit Astro Kamera im Fr\u00fchjahr\">\n\t\t\t\t<img alt='Milchstra\u00dfe mit Astro Kamera im Fr\u00fchjahr' class='masonry' data-src='https:\/\/irrecams.de\/wp-content\/uploads\/2022\/04\/DSCF3515_Stacked-1024x432.jpg' loading='lazy' width='1024' height='432' \/>\n\t\t\t\t<figcaption class=\"photonic-title-info\"><div class=\"photonic-photo-title photonic-title\">Milchstra\u00dfe mit Astro Kamera im Fr\u00fchjahr<\/div><\/figcaption>\n\t\t\t<\/a>\n\t\t<\/figure>\n\t\t<figure class='photonic-level-1 photonic-thumb'>\n\t\t\t<a href='https:\/\/irrecams.de\/wp-content\/uploads\/2022\/02\/Orion_VS_siril.jpg' title='Orion Nebel mit umgebauter Kamera: Vollspektrum Filter' rel='lightbox-photonic-wp-stream-1' class='photonic-lb photonic-lightgallery lightgallery' data-photonic-media-type=\"image\" data-sub-html=\"Orion Nebel mit umgebauter Kamera: Vollspektrum Filter\" data-photonic-thumb=\"https:\/\/irrecams.de\/wp-content\/uploads\/2022\/02\/Orion_VS_siril-1024x1024.jpg\" data-photonic-deep=\"gallery[photonic-wp-stream-1]\/7762\/\" data-title=\"Orion Nebel mit umgebauter Kamera: Vollspektrum Filter\">\n\t\t\t\t<img alt='Orion Nebel mit umgebauter Kamera: Vollspektrum Filter' class='masonry' data-src='https:\/\/irrecams.de\/wp-content\/uploads\/2022\/02\/Orion_VS_siril-1024x1024.jpg' loading='lazy' width='1024' height='1024' \/>\n\t\t\t\t<figcaption class=\"photonic-title-info\"><div class=\"photonic-photo-title photonic-title\">Orion Nebel mit umgebauter Kamera: Vollspektrum Filter<\/div><\/figcaption>\n\t\t\t<\/a>\n\t\t<\/figure>\n\t\t<figure class='photonic-level-1 photonic-thumb'>\n\t\t\t<a href='https:\/\/irrecams.de\/wp-content\/uploads\/2022\/02\/Orion_Astro_siril.jpg' title='Orion Nebel mit umgebauter Kamera: Astronomik L2 Filter' rel='lightbox-photonic-wp-stream-1' class='photonic-lb photonic-lightgallery lightgallery' data-photonic-media-type=\"image\" data-sub-html=\"Orion Nebel mit umgebauter Kamera: Astronomik L2 Filter\" data-photonic-thumb=\"https:\/\/irrecams.de\/wp-content\/uploads\/2022\/02\/Orion_Astro_siril-1024x1024.jpg\" data-photonic-deep=\"gallery[photonic-wp-stream-1]\/7760\/\" data-title=\"Orion Nebel mit umgebauter Kamera: Astronomik L2 Filter\">\n\t\t\t\t<img alt='Orion Nebel mit umgebauter Kamera: Astronomik L2 Filter' class='masonry' data-src='https:\/\/irrecams.de\/wp-content\/uploads\/2022\/02\/Orion_Astro_siril-1024x1024.jpg' loading='lazy' width='1024' height='1024' \/>\n\t\t\t\t<figcaption class=\"photonic-title-info\"><div class=\"photonic-photo-title photonic-title\">Orion Nebel mit umgebauter Kamera: Astronomik L2 Filter<\/div><\/figcaption>\n\t\t\t<\/a>\n\t\t<\/figure>\n\t\t<figure class='photonic-level-1 photonic-thumb'>\n\t\t\t<a href='https:\/\/irrecams.de\/wp-content\/uploads\/2021\/10\/Stack_Muehle_Shrink.jpg' title='Milchstra\u00dfe und M\u00fchle mit Astrokamera' rel='lightbox-photonic-wp-stream-1' class='photonic-lb photonic-lightgallery lightgallery' data-photonic-media-type=\"image\" data-sub-html=\"Milchstra\u00dfe und M\u00fchle mit Astrokamera\" data-photonic-thumb=\"https:\/\/irrecams.de\/wp-content\/uploads\/2021\/10\/Stack_Muehle_Shrink-644x1024.jpg\" data-photonic-deep=\"gallery[photonic-wp-stream-1]\/7451\/\" data-title=\"Milchstra\u00dfe und M\u00fchle mit Astrokamera\">\n\t\t\t\t<img alt='Milchstra\u00dfe und M\u00fchle mit Astrokamera' class='masonry' data-src='https:\/\/irrecams.de\/wp-content\/uploads\/2021\/10\/Stack_Muehle_Shrink-644x1024.jpg' loading='lazy' width='644' height='1024' \/>\n\t\t\t\t<figcaption class=\"photonic-title-info\"><div class=\"photonic-photo-title photonic-title\">Milchstra\u00dfe und M\u00fchle mit Astrokamera<\/div><\/figcaption>\n\t\t\t<\/a>\n\t\t<\/figure>\n\t\t<figure class='photonic-level-1 photonic-thumb'>\n\t\t\t<a href='https:\/\/irrecams.de\/wp-content\/uploads\/2021\/05\/IR204431_pano.jpg' title='Panorama der Milchstra\u00dfe - aufgenommen mit Astromodifizierter Kamera' rel='lightbox-photonic-wp-stream-1' class='photonic-lb photonic-lightgallery lightgallery' data-photonic-media-type=\"image\" data-sub-html=\"Panorama der Milchstra\u00dfe - aufgenommen mit Astromodifizierter Kamera\" data-photonic-thumb=\"https:\/\/irrecams.de\/wp-content\/uploads\/2021\/05\/IR204431_pano-1024x680.jpg\" data-photonic-deep=\"gallery[photonic-wp-stream-1]\/7016\/\" data-title=\"Panorama der Milchstra\u00dfe - aufgenommen mit Astromodifizierter Kamera\">\n\t\t\t\t<img alt='Panorama der Milchstra\u00dfe - aufgenommen mit Astromodifizierter Kamera' class='masonry' data-src='https:\/\/irrecams.de\/wp-content\/uploads\/2021\/05\/IR204431_pano-1024x680.jpg' loading='lazy' width='1024' height='680' \/>\n\t\t\t\t<figcaption class=\"photonic-title-info\"><div class=\"photonic-photo-title photonic-title\">Panorama der Milchstra\u00dfe - aufgenommen mit Astromodifizierter Kamera<\/div><\/figcaption>\n\t\t\t<\/a>\n\t\t<\/figure>\n\t\t<figure class='photonic-level-1 photonic-thumb'>\n\t\t\t<a href='https:\/\/irrecams.de\/wp-content\/uploads\/2021\/05\/Astronomik_09_02.jpg' title='Milchstra\u00dfe \u00fcber dem Jasmunder Bodden - aufgenommen mit Astromodifizierter Kamera' rel='lightbox-photonic-wp-stream-1' class='photonic-lb photonic-lightgallery lightgallery' data-photonic-media-type=\"image\" data-sub-html=\"Milchstra\u00dfe \u00fcber dem Jasmunder Bodden - aufgenommen mit Astromodifizierter Kamera\" data-photonic-thumb=\"https:\/\/irrecams.de\/wp-content\/uploads\/2021\/05\/Astronomik_09_02-683x1024.jpg\" data-photonic-deep=\"gallery[photonic-wp-stream-1]\/7015\/\" data-title=\"Milchstra\u00dfe \u00fcber dem Jasmunder Bodden - aufgenommen mit Astromodifizierter Kamera\">\n\t\t\t\t<img alt='Milchstra\u00dfe \u00fcber dem Jasmunder Bodden - aufgenommen mit Astromodifizierter Kamera' class='masonry' data-src='https:\/\/irrecams.de\/wp-content\/uploads\/2021\/05\/Astronomik_09_02-683x1024.jpg' loading='lazy' width='683' height='1024' \/>\n\t\t\t\t<figcaption class=\"photonic-title-info\"><div class=\"photonic-photo-title photonic-title\">Milchstra\u00dfe \u00fcber dem Jasmunder Bodden - aufgenommen mit Astromodifizierter Kamera<\/div><\/figcaption>\n\t\t\t<\/a>\n\t\t<\/figure>\n\t\t<figure class='photonic-level-1 photonic-thumb'>\n\t\t\t<a href='https:\/\/irrecams.de\/wp-content\/uploads\/2021\/04\/IR205664_Pano.jpg' title='Panorama der Milchstra\u00dfe - aufgenommen mit Astrofilter' rel='lightbox-photonic-wp-stream-1' class='photonic-lb photonic-lightgallery lightgallery' data-photonic-media-type=\"image\" data-sub-html=\"Panorama der Milchstra\u00dfe - aufgenommen mit Astrofilter\" data-photonic-thumb=\"https:\/\/irrecams.de\/wp-content\/uploads\/2021\/04\/IR205664_Pano-1024x512.jpg\" data-photonic-deep=\"gallery[photonic-wp-stream-1]\/6833\/\" data-title=\"Panorama der Milchstra\u00dfe - aufgenommen mit Astrofilter\">\n\t\t\t\t<img alt='Panorama der Milchstra\u00dfe - aufgenommen mit Astrofilter' class='masonry' data-src='https:\/\/irrecams.de\/wp-content\/uploads\/2021\/04\/IR205664_Pano-1024x512.jpg' loading='lazy' width='1024' height='512' \/>\n\t\t\t\t<figcaption class=\"photonic-title-info\"><div class=\"photonic-photo-title photonic-title\">Panorama der Milchstra\u00dfe - aufgenommen mit Astrofilter<\/div><\/figcaption>\n\t\t\t<\/a>\n\t\t<\/figure>\n\n\t<\/div> <!-- .\/photonic-level-1-container -->\n\t<span id='photonic-wp-stream-1-container-end'><\/span>\n<\/div><!-- .photonic-stream or .photonic-panel -->\n\n\n\n\n<hr class=\"wp-block-separator has-text-color has-secondary-color has-alpha-channel-opacity has-secondary-background-color has-background is-style-wide\"\/>\n\n\n\n<div class=\"wp-block-columns is-layout-flex wp-container-core-columns-is-layout-28f84493 wp-block-columns-is-layout-flex\">\n<div class=\"wp-block-column is-layout-flow wp-block-column-is-layout-flow\" style=\"flex-basis:33.34%\"><\/div>\n\n\n\n<div class=\"wp-block-column is-layout-flow wp-block-column-is-layout-flow\" style=\"flex-basis:33.34%\">\n<div class=\"wp-block-group has-global-padding is-layout-constrained wp-block-group-is-layout-constrained\"><span class=\"page-numbers current\">1<\/span>\n<a class=\"page-numbers\" href=\"https:\/\/irrecams.de\/nl\/wp-json\/wp\/v2\/pages\/6992?woocommerce-login-nonce=&_wpnonce=&woocommerce-reset-password-nonce=&mla_paginate_current=2\">2<\/a>\n<\/div>\n<\/div>\n\n\n\n<div class=\"wp-block-column is-layout-flow wp-block-column-is-layout-flow\" style=\"flex-basis:33.33%\"><\/div>\n<\/div>\n","protected":false},"excerpt":{"rendered":"","protected":false},"author":1,"featured_media":0,"parent":58,"menu_order":11,"comment_status":"closed","ping_status":"closed","template":"","meta":{"footnotes":""},"class_list":["post-6992","page","type-page","status-publish","hentry"],"_links":{"self":[{"href":"https:\/\/irrecams.de\/nl\/wp-json\/wp\/v2\/pages\/6992","targetHints":{"allow":["GET"]}}],"collection":[{"href":"https:\/\/irrecams.de\/nl\/wp-json\/wp\/v2\/pages"}],"about":[{"href":"https:\/\/irrecams.de\/nl\/wp-json\/wp\/v2\/types\/page"}],"author":[{"embeddable":true,"href":"https:\/\/irrecams.de\/nl\/wp-json\/wp\/v2\/users\/1"}],"replies":[{"embeddable":true,"href":"https:\/\/irrecams.de\/nl\/wp-json\/wp\/v2\/comments?post=6992"}],"version-history":[{"count":2,"href":"https:\/\/irrecams.de\/nl\/wp-json\/wp\/v2\/pages\/6992\/revisions"}],"predecessor-version":[{"id":10244,"href":"https:\/\/irrecams.de\/nl\/wp-json\/wp\/v2\/pages\/6992\/revisions\/10244"}],"up":[{"embeddable":true,"href":"https:\/\/irrecams.de\/nl\/wp-json\/wp\/v2\/pages\/58"}],"wp:attachment":[{"href":"https:\/\/irrecams.de\/nl\/wp-json\/wp\/v2\/media?parent=6992"}],"curies":[{"name":"wp","href":"https:\/\/api.w.org\/{rel}","templated":true}]}}