{"id":81,"date":"2015-01-07T16:00:36","date_gmt":"2015-01-07T15:00:36","guid":{"rendered":"http:\/\/wp10590344.server-he.de\/irrecams2\/?page_id=81"},"modified":"2026-01-13T23:33:30","modified_gmt":"2026-01-13T22:33:30","slug":"infrarood-workshops","status":"publish","type":"page","link":"https:\/\/irrecams.de\/nl\/infrarood-workshops\/","title":{"rendered":"Infrarood fotografie workshops"},"content":{"rendered":"<p>De workshops infraroodfotografie zijn bedoeld om theoretische en praktische kennis over te dragen en zijn gericht op zowel beginnende als gevorderde infraroodfotografen. In theoretische seminars wordt de basis onderwezen en wordt nabewerking gedemonstreerd. Op locatie ontdekken we vervolgens heel bijzondere motieven op de mooiste plekken in Duitsland. Overigens kun je tegen een kleine vergoeding je favoriete infraroodcamera lenen als je nog geen camera hebt of een andere camera wilt uitproberen.<\/p>\n\n\n\n<hr class=\"wp-block-separator has-css-opacity is-style-wide\"\/>\n\n\n\n<h2 class=\"wp-block-heading\">Infraroodworkshop Noord-Zwaben: 26-28 juni 2026<\/h2>\n\n\n\n<p>Zuid-Duitsland is een bijzonder lonende bestemming voor infraroodfotografie in de zomer. Het weelderige groen van de planten, oude kastelen en middeleeuwse architectuur vormen een gevarieerd aanbod van verschillende motieven in een klein gebied.<\/p>\n\n\n\n<p>De workshop is bedoeld om theoretische en praktische kennis over te dragen en is gericht op zowel beginnende als gevorderde infraroodfotografen. Theoretische seminars geven de basis en demonstreren nabewerking. Op locatie ontdekken we vervolgens interessante motieven op de mooiste plekken in Duitsland. <\/p>\n\n\n\n<div class=\"wp-block-buttons has-base-background-color has-background is-content-justification-center is-layout-flex wp-container-core-buttons-is-layout-a89b3969 wp-block-buttons-is-layout-flex\">\n<div class=\"wp-block-button\"><a class=\"wp-block-button__link has-custom-infra-rot-background-color has-background wp-element-button\" href=\"https:\/\/www.irrecams.de\/IR-Workshop_261.pdf\" target=\"_blank\" rel=\"noreferrer noopener\">PDF met alle details<\/a><\/div>\n\n\n\n<div class=\"wp-block-button\"><a class=\"wp-block-button__link has-custom-infra-rot-background-color has-background wp-element-button\" href=\"https:\/\/irrecams.de\/nl\/winkelen\/ir-workshop-noord-zwaben-26-28-juni-2026\/\">Naar de boeking<\/a><\/div>\n<\/div>\n\n\n\n<div style=\"height:30px\" aria-hidden=\"true\" class=\"wp-block-spacer\"><\/div>\n\n\n\n<figure class=\"wp-block-image aligncenter size-full\"><img loading=\"lazy\" decoding=\"async\" width=\"1500\" height=\"844\" src=\"https:\/\/irrecams.de\/wp-content\/uploads\/2026\/01\/IR-Workshop_261.jpg\" alt=\"Infrarood Werkplaats Noord Zwaben 2026\" class=\"wp-image-16367\" srcset=\"https:\/\/irrecams.de\/wp-content\/uploads\/2026\/01\/IR-Workshop_261.jpg 1500w, https:\/\/irrecams.de\/wp-content\/uploads\/2026\/01\/IR-Workshop_261-300x169.jpg 300w, https:\/\/irrecams.de\/wp-content\/uploads\/2026\/01\/IR-Workshop_261-1024x576.jpg 1024w, https:\/\/irrecams.de\/wp-content\/uploads\/2026\/01\/IR-Workshop_261-768x432.jpg 768w, https:\/\/irrecams.de\/wp-content\/uploads\/2026\/01\/IR-Workshop_261-18x10.jpg 18w, https:\/\/irrecams.de\/wp-content\/uploads\/2026\/01\/IR-Workshop_261-600x338.jpg 600w\" sizes=\"auto, (max-width: 1500px) 100vw, 1500px\" \/><figcaption class=\"wp-element-caption\">Infrarood Werkplaats Noord Zwaben 2026<\/figcaption><\/figure>\n\n\n\n<hr class=\"wp-block-separator has-css-opacity is-style-wide\"\/>\n\n\n\n<h2 class=\"wp-block-heading\"><s>Infraroodworkshop eiland R\u00fcgen: 23-25 mei 2025<\/s><\/h2>\n\n\n\n<p>De volgende workshop op het eiland R\u00fcgen wordt naar verwachting <strong>Eind mei 2027<\/strong> zal plaatsvinden. Zodra de datum is vastgesteld, wordt dit aangekondigd in onze nieuwsbrief, waarvoor je je onderaan deze pagina kunt inschrijven.<\/p>\n\n\n\n<div style=\"height:30px\" aria-hidden=\"true\" class=\"wp-block-spacer\"><\/div>\n\n\n\n<figure class=\"wp-block-image aligncenter size-full\"><img loading=\"lazy\" decoding=\"async\" width=\"1920\" height=\"1080\" src=\"https:\/\/irrecams.de\/wp-content\/uploads\/2024\/11\/IR-Workshop_251-1.jpg\" alt=\"\" class=\"wp-image-13753\" srcset=\"https:\/\/irrecams.de\/wp-content\/uploads\/2024\/11\/IR-Workshop_251-1.jpg 1920w, https:\/\/irrecams.de\/wp-content\/uploads\/2024\/11\/IR-Workshop_251-1-300x169.jpg 300w, https:\/\/irrecams.de\/wp-content\/uploads\/2024\/11\/IR-Workshop_251-1-1024x576.jpg 1024w, https:\/\/irrecams.de\/wp-content\/uploads\/2024\/11\/IR-Workshop_251-1-768x432.jpg 768w, https:\/\/irrecams.de\/wp-content\/uploads\/2024\/11\/IR-Workshop_251-1-1536x864.jpg 1536w, https:\/\/irrecams.de\/wp-content\/uploads\/2024\/11\/IR-Workshop_251-1-18x10.jpg 18w, https:\/\/irrecams.de\/wp-content\/uploads\/2024\/11\/IR-Workshop_251-1-600x338.jpg 600w\" sizes=\"auto, (max-width: 1920px) 100vw, 1920px\" \/><figcaption class=\"wp-element-caption\">Infrarood workshop eiland R\u00fcgen 2025<\/figcaption><\/figure>\n\n\n\n<hr class=\"wp-block-separator has-css-opacity is-style-wide\"\/>\n\n\n\n<h2 class=\"wp-block-heading\">Gratis infrarood-handleiding voor beginners<\/h2>\n\n\n\n<figure class=\"wp-block-image aligncenter size-large\"><a href=\"https:\/\/irrecams.de\/nl\/blog\/2021\/gratis-infrarood-handleiding-voor-beginners-2021\/\" target=\"_blank\" rel=\"noopener\"><img loading=\"lazy\" decoding=\"async\" width=\"1024\" height=\"576\" src=\"https:\/\/irrecams.de\/wp-content\/uploads\/2021\/07\/213de-1024x576.jpg\" alt=\"Webinar infraroodfotografie Fuji-Store.de\" class=\"wp-image-7247\" srcset=\"https:\/\/irrecams.de\/wp-content\/uploads\/2021\/07\/213de-1024x576.jpg 1024w, https:\/\/irrecams.de\/wp-content\/uploads\/2021\/07\/213de-600x338.jpg 600w, https:\/\/irrecams.de\/wp-content\/uploads\/2021\/07\/213de-300x169.jpg 300w, https:\/\/irrecams.de\/wp-content\/uploads\/2021\/07\/213de-768x432.jpg 768w, https:\/\/irrecams.de\/wp-content\/uploads\/2021\/07\/213de-1536x864.jpg 1536w, https:\/\/irrecams.de\/wp-content\/uploads\/2021\/07\/213de-16x9.jpg 16w, https:\/\/irrecams.de\/wp-content\/uploads\/2021\/07\/213de-350x197.jpg 350w, https:\/\/irrecams.de\/wp-content\/uploads\/2021\/07\/213de.jpg 2000w\" sizes=\"auto, (max-width: 1024px) 100vw, 1024px\" \/><\/a><\/figure>\n\n\n\n<p>Iedereen die overweegt <a href=\"https:\/\/irrecams.de\/nl\/infraroodfotografie\/\">IR-fotografie <\/a>Als je niet zeker weet hoe je moet beginnen met infraroodfotografie, of als bepaalde aspecten je niet helemaal duidelijk zijn, kun je hier deze gratis tutorial bekijken. Het 1,5 uur durende webinar neemt je van A tot Z mee door alle belangrijke aspecten van infraroodfotografie. Beginnend met de conversieopties van de camera, filterselectie, infrarood hotspots tot en met de basisverwerking van infrarood.<\/p>\n\n\n\n<p class=\"translation-block\">Het infrarood webinar georganiseerd door <a href=\"https:\/\/www.fuji-store.de\/\" target=\"_self\" rel=\"noreferrer noopener\">Fuji-Store<\/a> vond plaats op 27.07.2021. Nogmaals bedankt voor de geweldige avond en voor het beschikbaar stellen van de opname!<\/p>\n\n\n\n<div class=\"wp-block-buttons is-horizontal is-content-justification-center is-layout-flex wp-container-core-buttons-is-layout-03627597 wp-block-buttons-is-layout-flex\">\n<div class=\"wp-block-button has-custom-width wp-block-button__width-50\"><a class=\"wp-block-button__link wp-element-button\" href=\"https:\/\/irrecams.de\/nl\/blog\/2021\/gratis-infrarood-handleiding-voor-beginners-2021\/\" style=\"border-radius:5px\" target=\"_blank\" rel=\"noreferrer noopener\">Direct naar de zelfstudie<\/a><\/div>\n<\/div>","protected":false},"excerpt":{"rendered":"<p>Die Infrarot Fotografie Workshops sollen theoretisches und praktisches Wissen vermitteln und richten sich sowohl an Einsteiger als auch Fortgeschrittene in der Infrarotfotografie. In theoretischen Seminaren werden Grundlagen geschaffen und die Nachbearbeitung vorgef\u00fchrt. Vor Ort entdecken wir dann ganz besondere Motive an den sch\u00f6nsten Orten Deutschlands. Sie k\u00f6nnen \u00fcbrigens Ihre Wunsch-Infrarotkamera gegen eine kleine Geb\u00fchr ausleihen, [&hellip;]<\/p>\n","protected":false},"author":1,"featured_media":0,"parent":0,"menu_order":4,"comment_status":"closed","ping_status":"closed","template":"","meta":{"footnotes":""},"class_list":["post-81","page","type-page","status-publish","hentry"],"_links":{"self":[{"href":"https:\/\/irrecams.de\/nl\/wp-json\/wp\/v2\/pages\/81","targetHints":{"allow":["GET"]}}],"collection":[{"href":"https:\/\/irrecams.de\/nl\/wp-json\/wp\/v2\/pages"}],"about":[{"href":"https:\/\/irrecams.de\/nl\/wp-json\/wp\/v2\/types\/page"}],"author":[{"embeddable":true,"href":"https:\/\/irrecams.de\/nl\/wp-json\/wp\/v2\/users\/1"}],"replies":[{"embeddable":true,"href":"https:\/\/irrecams.de\/nl\/wp-json\/wp\/v2\/comments?post=81"}],"version-history":[{"count":16,"href":"https:\/\/irrecams.de\/nl\/wp-json\/wp\/v2\/pages\/81\/revisions"}],"predecessor-version":[{"id":16375,"href":"https:\/\/irrecams.de\/nl\/wp-json\/wp\/v2\/pages\/81\/revisions\/16375"}],"wp:attachment":[{"href":"https:\/\/irrecams.de\/nl\/wp-json\/wp\/v2\/media?parent=81"}],"curies":[{"name":"wp","href":"https:\/\/api.w.org\/{rel}","templated":true}]}}