{"id":16366,"date":"2026-01-13T23:20:56","date_gmt":"2026-01-13T22:20:56","guid":{"rendered":"https:\/\/irrecams.de\/?post_type=product&#038;p=16366"},"modified":"2026-03-26T13:51:22","modified_gmt":"2026-03-26T12:51:22","slug":"ir-workshop-noord-zwaben-26-28-juni-2026","status":"publish","type":"product","link":"https:\/\/irrecams.de\/nl\/winkelen\/ir-workshop-noord-zwaben-26-28-juni-2026\/","title":{"rendered":"IR Workshop Noord-Zwaben: 26-28 juni 2026"},"content":{"rendered":"<p>De workshop is bedoeld om theoretische en praktische kennis over te dragen en is gericht op zowel beginnende als gevorderde infraroodfotografen. Theoretische seminars geven de basis en demonstreren nabewerking. Op locatie ontdekken we vervolgens heel bijzondere motieven op de mooiste plekken in Duitsland. Overigens kun je tegen een kleine vergoeding je favoriete infraroodcamera lenen als je nog geen camera hebt of een andere camera wilt uitproberen.<\/p>\n<p>U vindt details <a href=\"https:\/\/www.irrecams.de\/IR-Workshop_261.pdf\" target=\"_blank\" rel=\"noopener\">in deze PDF<\/a>.<\/p>","protected":false},"excerpt":{"rendered":"<p>Der Workshop sollen theoretisches und praktisches Wissen vermitteln und richten sich sowohl an Einsteiger als auch Fortgeschrittene in der Infrarotfotografie. In theoretischen Seminaren werden Grundlagen geschaffen und die Nachbearbeitung vorgef\u00fchrt. Vor Ort entdecken wir dann ganz besondere Motive an den sch\u00f6nsten Orten Deutschlands. Sie k\u00f6nnen \u00fcbrigens Ihre Wunsch-Infrarotkamera gegen eine kleine Geb\u00fchr ausleihen, sollten Sie [&hellip;]<\/p>\n","protected":false},"featured_media":16367,"template":"","meta":[],"product_brand":[],"product_cat":[217],"product_tag":[],"class_list":{"0":"post-16366","1":"product","2":"type-product","3":"status-publish","4":"has-post-thumbnail","6":"product_cat-infrarot-fotografie-workshops","8":"first","9":"instock","10":"virtual","11":"taxable","12":"purchasable","13":"product-type-simple"},"_links":{"self":[{"href":"https:\/\/irrecams.de\/nl\/wp-json\/wp\/v2\/product\/16366","targetHints":{"allow":["GET"]}}],"collection":[{"href":"https:\/\/irrecams.de\/nl\/wp-json\/wp\/v2\/product"}],"about":[{"href":"https:\/\/irrecams.de\/nl\/wp-json\/wp\/v2\/types\/product"}],"wp:featuredmedia":[{"embeddable":true,"href":"https:\/\/irrecams.de\/nl\/wp-json\/wp\/v2\/media\/16367"}],"wp:attachment":[{"href":"https:\/\/irrecams.de\/nl\/wp-json\/wp\/v2\/media?parent=16366"}],"wp:term":[{"taxonomy":"product_brand","embeddable":true,"href":"https:\/\/irrecams.de\/nl\/wp-json\/wp\/v2\/product_brand?post=16366"},{"taxonomy":"product_cat","embeddable":true,"href":"https:\/\/irrecams.de\/nl\/wp-json\/wp\/v2\/product_cat?post=16366"},{"taxonomy":"product_tag","embeddable":true,"href":"https:\/\/irrecams.de\/nl\/wp-json\/wp\/v2\/product_tag?post=16366"}],"curies":[{"name":"wp","href":"https:\/\/api.w.org\/{rel}","templated":true}]}}