{"id":81,"date":"2015-01-07T16:00:36","date_gmt":"2015-01-07T15:00:36","guid":{"rendered":"http:\/\/wp10590344.server-he.de\/irrecams2\/?page_id=81"},"modified":"2022-12-04T13:15:50","modified_gmt":"2022-12-04T12:15:50","slug":"infrarot-workshops","status":"publish","type":"page","link":"https:\/\/irrecams.de\/staging\/en\/infrared-workshops\/","title":{"rendered":"Infrared Photography Workshops"},"content":{"rendered":"<p>The Infrared Photography Workshops are designed to provide theoretical and practical knowledge and are aimed at both beginners and advanced infrared photographers. In theoretical seminars, the basics are teached and post-processing is demonstrated. On location, we then discover unique subjects in the most beautiful places in Germany. By the way, you can borrow your desired infrared camera for a small fee, should you not yet own a camera or want to try out a different camera. <br \/>  <br \/> These Workshops are only available in Germany and are teached in german only.<\/p>\n\n\n\n<hr class=\"wp-block-separator has-css-opacity is-style-wide\"\/>\n\n\n\n<h2 class=\"wp-block-heading\">Infrared Workshop Island R\u00fcgen: 12.-14.05.2023<\/h2>\n\n\n\n<p>Germany's largest island is a particularly rewarding destination for infrared photography in summer. The young green of the plants, impressive stretches of coastline and beautiful seaside resort architecture form a rich array of different subjects in a small space. The Workshop is teached in German language only<\/p>\n\n\n\n<div class=\"wp-block-buttons is-horizontal is-content-justification-center is-layout-flex wp-container-1\">\n<div class=\"wp-block-button has-custom-width wp-block-button__width-50\"><a class=\"wp-block-button__link has-vivid-red-background-color has-background wp-element-button\" href=\"http:\/\/irrecams.de\/staging\/en\/IR-Workshop_23-1.pdf\/\" style=\"border-radius:5px\">Infoflyer<\/a><\/div>\n\n\n\n<div class=\"wp-block-button has-custom-width wp-block-button__width-50\"><a class=\"wp-block-button__link has-vivid-red-background-color has-background wp-element-button\" href=\"http:\/\/irrecams.de\/staging\/en\/shop\/ir-workshop-ruegen-2023\/\" style=\"border-radius:5px\">Book now<\/a><\/div>\n<\/div>\n\n\n\n<div style=\"height:30px\" aria-hidden=\"true\" class=\"wp-block-spacer\"><\/div>\n\n\n<div class=\"wp-block-image\">\n<figure class=\"aligncenter size-full\"><a href=\"http:\/\/irrecams.de\/staging\/en\/IR-Workshop_23-1.pdf\/\"><img decoding=\"async\" loading=\"lazy\" width=\"999\" height=\"562\" src=\"http:\/\/irrecams.de\/staging\/wp-content\/uploads\/2022\/11\/IR-Workshop_23-1.jpg\" alt=\"\" class=\"wp-image-9000\" srcset=\"https:\/\/irrecams.de\/staging\/wp-content\/uploads\/2022\/11\/IR-Workshop_23-1.jpg 999w, https:\/\/irrecams.de\/staging\/wp-content\/uploads\/2022\/11\/IR-Workshop_23-1-300x169.jpg 300w, https:\/\/irrecams.de\/staging\/wp-content\/uploads\/2022\/11\/IR-Workshop_23-1-768x432.jpg 768w, https:\/\/irrecams.de\/staging\/wp-content\/uploads\/2022\/11\/IR-Workshop_23-1-18x10.jpg 18w, https:\/\/irrecams.de\/staging\/wp-content\/uploads\/2022\/11\/IR-Workshop_23-1-350x197.jpg 350w\" sizes=\"(max-width: 767px) 89vw, (max-width: 1000px) 54vw, (max-width: 1071px) 543px, 580px\" \/><\/a><figcaption class=\"wp-element-caption\">Infrarot Workshop Insel R\u00fcgen 2023<\/figcaption><\/figure><\/div>\n\n\n<hr class=\"wp-block-separator has-css-opacity is-style-wide\"\/>\n\n\n\n<h2 class=\"wp-block-heading\">Infrared Workshop North Swabia: 02.-04.06.2023<\/h2>\n\n\n\n<p>Southern Germany is a worthwhile destination for infrared photography in summer.  The lush green of the plants, old castles and medieval architecture form a varied offer of different subjects in a small area. The Workshop is teached in German language only.<\/p>\n\n\n\n<div class=\"wp-block-buttons is-horizontal is-content-justification-center is-layout-flex wp-container-2\">\n<div class=\"wp-block-button has-custom-width wp-block-button__width-50\"><a class=\"wp-block-button__link has-vivid-red-background-color has-background wp-element-button\" href=\"http:\/\/irrecams.de\/staging\/en\/IR-Workshop_23-2.pdf\/\" style=\"border-radius:5px\">Infoflyer<\/a><\/div>\n\n\n\n<div class=\"wp-block-button has-custom-width wp-block-button__width-50\"><a class=\"wp-block-button__link has-vivid-red-background-color has-background wp-element-button\" href=\"http:\/\/irrecams.de\/staging\/en\/shop\/ir-workshop-nordschwaben-2023\/\" style=\"border-radius:5px\">Book now<\/a><\/div>\n<\/div>\n\n\n\n<div style=\"height:30px\" aria-hidden=\"true\" class=\"wp-block-spacer\"><\/div>\n\n\n<div class=\"wp-block-image\">\n<figure class=\"aligncenter size-full\"><a href=\"http:\/\/irrecams.de\/staging\/en\/IR-Workshop_23-2.pdf\/\"><img decoding=\"async\" loading=\"lazy\" width=\"999\" height=\"562\" src=\"http:\/\/irrecams.de\/staging\/wp-content\/uploads\/2022\/11\/IR-Workshop_23-2.jpg\" alt=\"\" class=\"wp-image-9001\" srcset=\"https:\/\/irrecams.de\/staging\/wp-content\/uploads\/2022\/11\/IR-Workshop_23-2.jpg 999w, https:\/\/irrecams.de\/staging\/wp-content\/uploads\/2022\/11\/IR-Workshop_23-2-300x169.jpg 300w, https:\/\/irrecams.de\/staging\/wp-content\/uploads\/2022\/11\/IR-Workshop_23-2-768x432.jpg 768w, https:\/\/irrecams.de\/staging\/wp-content\/uploads\/2022\/11\/IR-Workshop_23-2-18x10.jpg 18w, https:\/\/irrecams.de\/staging\/wp-content\/uploads\/2022\/11\/IR-Workshop_23-2-350x197.jpg 350w\" sizes=\"(max-width: 767px) 89vw, (max-width: 1000px) 54vw, (max-width: 1071px) 543px, 580px\" \/><\/a><figcaption class=\"wp-element-caption\">Infrarot Workshop Nordschwaben 2023<\/figcaption><\/figure><\/div>\n\n\n<hr class=\"wp-block-separator has-css-opacity is-style-wide\"\/>\n\n\n\n<h2 class=\"wp-block-heading\">Free Infrared Beginner Tutorial<\/h2>\n\n\n<div class=\"wp-block-image\">\n<figure class=\"aligncenter size-large\"><a href=\"https:\/\/irrecams.de\/staging\/en\/blog\/2021\/free-infrared-beginner-tutorial-2021\/\" target=\"_blank\" rel=\"noopener\"><img decoding=\"async\" loading=\"lazy\" width=\"1024\" height=\"576\" src=\"http:\/\/irrecams.de\/staging\/wp-content\/uploads\/2021\/07\/213en.jpg\" alt=\"Infrared Photography Webinar Fuji-Store.de\" class=\"wp-image-7247\" srcset=\"https:\/\/irrecams.de\/staging\/wp-content\/uploads\/2021\/07\/213en.jpg 2000w, https:\/\/irrecams.de\/staging\/wp-content\/uploads\/2021\/07\/213en-300x169.jpg 300w, https:\/\/irrecams.de\/staging\/wp-content\/uploads\/2021\/07\/213en-1024x576.jpg 1024w, https:\/\/irrecams.de\/staging\/wp-content\/uploads\/2021\/07\/213en-768x432.jpg 768w, https:\/\/irrecams.de\/staging\/wp-content\/uploads\/2021\/07\/213en-1536x864.jpg 1536w, https:\/\/irrecams.de\/staging\/wp-content\/uploads\/2021\/07\/213en-16x9.jpg 16w, https:\/\/irrecams.de\/staging\/wp-content\/uploads\/2021\/07\/213en-350x197.jpg 350w\" sizes=\"(max-width: 767px) 89vw, (max-width: 1000px) 54vw, (max-width: 1071px) 543px, 580px\" \/><\/a><\/figure><\/div>\n\n\n<p class=\" translation-block\">If you're thinking about getting into <a href=\"http:\/\/irrecams.de\/staging\/en\/infrared-photography\/\">Infrared Photography<\/a>, but are unsure or unclear about some aspects, you can watch this free tutorial here. The 1.5 hour webinar was recorded at the end of July and takes you from A to Z through all the important aspects of infrared photography. Starting with camera conversion options, filter selection, infrared hotspots and basic infrared editing. This Tutorial is only available in german language, though.<\/p>\n\n\n\n<p class=\" translation-block\">The Infrared Webinar organized by the <a href=\"https:\/\/www.fuji-store.de\/\" target=\"_self\" rel=\"noreferrer noopener\">Fuji Store<\/a> took place on 7\/27\/2021. Thanks again for a great evening and for providing the recording!<\/p>\n\n\n\n<div class=\"wp-block-buttons is-horizontal is-content-justification-center is-layout-flex wp-container-3\">\n<div class=\"wp-block-button has-custom-width wp-block-button__width-50\"><a class=\"wp-block-button__link has-vivid-red-background-color has-background wp-element-button\" href=\"https:\/\/irrecams.de\/staging\/en\/blog\/2021\/free-infrared-beginner-tutorial-2021\/\" style=\"border-radius:5px\" target=\"_blank\" rel=\"noreferrer noopener\">Go to the Tutorial<\/a><\/div>\n<\/div>","protected":false},"excerpt":{"rendered":"<p>Die Infrarot Fotografie Workshops sollen theoretisches und praktisches Wissen vermitteln und richten sich sowohl an Einsteiger als auch Fortgeschrittene in der Infrarotfotografie. In theoretischen Seminaren werden Grundlagen geschaffen und die Nachbearbeitung vorgef\u00fchrt. Vor Ort entdecken wir dann ganz besondere Motive an den sch\u00f6nsten Orten Deutschlands. Sie k\u00f6nnen \u00fcbrigens Ihre Wunsch-Infrarotkamera gegen eine kleine Geb\u00fchr ausleihen, &hellip; <\/p>\n<p class=\"link-more\"><a href=\"https:\/\/irrecams.de\/staging\/en\/infrared-workshops\/\" class=\"more-link\">Continue reading<span class=\"screen-reader-text\"> &#8222;Infrarot Fotografie Workshops&#8220;<\/span><\/a><\/p>","protected":false},"author":1,"featured_media":0,"parent":0,"menu_order":4,"comment_status":"closed","ping_status":"closed","template":"","meta":[],"_links":{"self":[{"href":"https:\/\/irrecams.de\/staging\/en\/wp-json\/wp\/v2\/pages\/81"}],"collection":[{"href":"https:\/\/irrecams.de\/staging\/en\/wp-json\/wp\/v2\/pages"}],"about":[{"href":"https:\/\/irrecams.de\/staging\/en\/wp-json\/wp\/v2\/types\/page"}],"author":[{"embeddable":true,"href":"https:\/\/irrecams.de\/staging\/en\/wp-json\/wp\/v2\/users\/1"}],"replies":[{"embeddable":true,"href":"https:\/\/irrecams.de\/staging\/en\/wp-json\/wp\/v2\/comments?post=81"}],"version-history":[{"count":26,"href":"https:\/\/irrecams.de\/staging\/en\/wp-json\/wp\/v2\/pages\/81\/revisions"}],"predecessor-version":[{"id":9090,"href":"https:\/\/irrecams.de\/staging\/en\/wp-json\/wp\/v2\/pages\/81\/revisions\/9090"}],"wp:attachment":[{"href":"https:\/\/irrecams.de\/staging\/en\/wp-json\/wp\/v2\/media?parent=81"}],"curies":[{"name":"wp","href":"https:\/\/api.w.org\/{rel}","templated":true}]}}